{"id":447,"date":"2025-06-13T07:40:56","date_gmt":"2025-06-13T07:40:56","guid":{"rendered":"https:\/\/betlabel.games\/?page_id=447"},"modified":"2025-11-11T11:33:17","modified_gmt":"2025-11-11T11:33:17","slug":"sports-cashback","status":"publish","type":"page","link":"https:\/\/betlabel.games\/pl\/bonuses\/sports-cashback\/","title":{"rendered":"Cashback za sport"},"content":{"rendered":"","protected":false},"excerpt":{"rendered":"","protected":false},"author":1,"featured_media":0,"parent":201,"menu_order":0,"comment_status":"closed","ping_status":"closed","template":"","meta":{"footnotes":""},"class_list":["post-447","page","type-page","status-publish","hentry"],"yoast_head":"<!-- This site is optimized with the Yoast SEO plugin v26.6 - https:\/\/yoast.com\/wordpress\/plugins\/seo\/ -->\n<title>Cashback sportowy BetLabel | Odzyskaj 3% swoich strat<\/title>\n<meta name=\"description\" content=\"Nie przegap okazji, aby odzyska\u0107 cz\u0119\u015b\u0107 swoich strat dzi\u0119ki cashbackowi od BetLabel! Co tydzie\u0144 odzyskuj 3% swoich zak\u0142ad\u00f3w bez konieczno\u015bci dokonywania dodatkowych wp\u0142at.\" \/>\n<meta name=\"robots\" content=\"index, follow, max-snippet:-1, max-image-preview:large, max-video-preview:-1\" \/>\n<meta property=\"og:locale\" content=\"pl_PL\" \/>\n<meta property=\"og:type\" content=\"article\" \/>\n<meta property=\"og:title\" content=\"Cashback sportowy BetLabel | Odzyskaj 3% swoich strat\" \/>\n<meta property=\"og:description\" content=\"Nie przegap okazji, aby odzyska\u0107 cz\u0119\u015b\u0107 swoich strat dzi\u0119ki cashbackowi od BetLabel! Co tydzie\u0144 odzyskuj 3% swoich zak\u0142ad\u00f3w bez konieczno\u015bci dokonywania dodatkowych wp\u0142at.\" \/>\n<meta property=\"og:url\" content=\"https:\/\/betlabel.games\/pl\/bonuses\/sports-cashback\/\" \/>\n<meta property=\"og:site_name\" content=\"Betlabel pl\" \/>\n<meta property=\"article:modified_time\" content=\"2025-11-11T11:33:17+00:00\" \/>\n<meta name=\"twitter:card\" content=\"summary_large_image\" \/>\n<script type=\"application\/ld+json\" class=\"yoast-schema-graph\">{\"@context\":\"https:\/\/schema.org\",\"@graph\":[{\"@type\":\"WebPage\",\"@id\":\"https:\/\/betlabel.games\/pl\/bonuses\/sports-cashback\/\",\"url\":\"https:\/\/betlabel.games\/pl\/bonuses\/sports-cashback\/\",\"name\":\"Cashback sportowy BetLabel | Odzyskaj 3% swoich strat\",\"isPartOf\":{\"@id\":\"https:\/\/betlabel.games\/pl\/#website\"},\"datePublished\":\"2025-06-13T07:40:56+00:00\",\"dateModified\":\"2025-11-11T11:33:17+00:00\",\"description\":\"Nie przegap okazji, aby odzyska\u0107 cz\u0119\u015b\u0107 swoich strat dzi\u0119ki cashbackowi od BetLabel! Co tydzie\u0144 odzyskuj 3% swoich zak\u0142ad\u00f3w bez konieczno\u015bci dokonywania dodatkowych wp\u0142at.\",\"breadcrumb\":{\"@id\":\"https:\/\/betlabel.games\/pl\/bonuses\/sports-cashback\/#breadcrumb\"},\"inLanguage\":\"pl-PL\",\"potentialAction\":[{\"@type\":\"ReadAction\",\"target\":[\"https:\/\/betlabel.games\/pl\/bonuses\/sports-cashback\/\"]}]},{\"@type\":\"BreadcrumbList\",\"@id\":\"https:\/\/betlabel.games\/pl\/bonuses\/sports-cashback\/#breadcrumb\",\"itemListElement\":[{\"@type\":\"ListItem\",\"position\":1,\"name\":\"Home\",\"item\":\"https:\/\/betlabel.games\/pl\/\"},{\"@type\":\"ListItem\",\"position\":2,\"name\":\"Premie\",\"item\":\"https:\/\/betlabel.games\/pl\/bonuses\/\"},{\"@type\":\"ListItem\",\"position\":3,\"name\":\"Cashback za sport\"}]},{\"@type\":\"WebSite\",\"@id\":\"https:\/\/betlabel.games\/pl\/#website\",\"url\":\"https:\/\/betlabel.games\/pl\/\",\"name\":\"Betlabel pl\",\"description\":\"My WordPress Blog\",\"potentialAction\":[{\"@type\":\"SearchAction\",\"target\":{\"@type\":\"EntryPoint\",\"urlTemplate\":\"https:\/\/betlabel.games\/pl\/?s={search_term_string}\"},\"query-input\":{\"@type\":\"PropertyValueSpecification\",\"valueRequired\":true,\"valueName\":\"search_term_string\"}}],\"inLanguage\":\"pl-PL\"}]}<\/script>\n<!-- \/ Yoast SEO plugin. -->","yoast_head_json":{"title":"Cashback sportowy BetLabel | Odzyskaj 3% swoich strat","description":"Nie przegap okazji, aby odzyska\u0107 cz\u0119\u015b\u0107 swoich strat dzi\u0119ki cashbackowi od BetLabel! Co tydzie\u0144 odzyskuj 3% swoich zak\u0142ad\u00f3w bez konieczno\u015bci dokonywania dodatkowych wp\u0142at.","robots":{"index":"index","follow":"follow","max-snippet":"max-snippet:-1","max-image-preview":"max-image-preview:large","max-video-preview":"max-video-preview:-1"},"og_locale":"pl_PL","og_type":"article","og_title":"Cashback sportowy BetLabel | Odzyskaj 3% swoich strat","og_description":"Nie przegap okazji, aby odzyska\u0107 cz\u0119\u015b\u0107 swoich strat dzi\u0119ki cashbackowi od BetLabel! Co tydzie\u0144 odzyskuj 3% swoich zak\u0142ad\u00f3w bez konieczno\u015bci dokonywania dodatkowych wp\u0142at.","og_url":"https:\/\/betlabel.games\/pl\/bonuses\/sports-cashback\/","og_site_name":"Betlabel pl","article_modified_time":"2025-11-11T11:33:17+00:00","twitter_card":"summary_large_image","schema":{"@context":"https:\/\/schema.org","@graph":[{"@type":"WebPage","@id":"https:\/\/betlabel.games\/pl\/bonuses\/sports-cashback\/","url":"https:\/\/betlabel.games\/pl\/bonuses\/sports-cashback\/","name":"Cashback sportowy BetLabel | Odzyskaj 3% swoich strat","isPartOf":{"@id":"https:\/\/betlabel.games\/pl\/#website"},"datePublished":"2025-06-13T07:40:56+00:00","dateModified":"2025-11-11T11:33:17+00:00","description":"Nie przegap okazji, aby odzyska\u0107 cz\u0119\u015b\u0107 swoich strat dzi\u0119ki cashbackowi od BetLabel! Co tydzie\u0144 odzyskuj 3% swoich zak\u0142ad\u00f3w bez konieczno\u015bci dokonywania dodatkowych wp\u0142at.","breadcrumb":{"@id":"https:\/\/betlabel.games\/pl\/bonuses\/sports-cashback\/#breadcrumb"},"inLanguage":"pl-PL","potentialAction":[{"@type":"ReadAction","target":["https:\/\/betlabel.games\/pl\/bonuses\/sports-cashback\/"]}]},{"@type":"BreadcrumbList","@id":"https:\/\/betlabel.games\/pl\/bonuses\/sports-cashback\/#breadcrumb","itemListElement":[{"@type":"ListItem","position":1,"name":"Home","item":"https:\/\/betlabel.games\/pl\/"},{"@type":"ListItem","position":2,"name":"Premie","item":"https:\/\/betlabel.games\/pl\/bonuses\/"},{"@type":"ListItem","position":3,"name":"Cashback za sport"}]},{"@type":"WebSite","@id":"https:\/\/betlabel.games\/pl\/#website","url":"https:\/\/betlabel.games\/pl\/","name":"Betlabel pl","description":"My WordPress Blog","potentialAction":[{"@type":"SearchAction","target":{"@type":"EntryPoint","urlTemplate":"https:\/\/betlabel.games\/pl\/?s={search_term_string}"},"query-input":{"@type":"PropertyValueSpecification","valueRequired":true,"valueName":"search_term_string"}}],"inLanguage":"pl-PL"}]}},"_links":{"self":[{"href":"https:\/\/betlabel.games\/pl\/wp-json\/wp\/v2\/pages\/447","targetHints":{"allow":["GET"]}}],"collection":[{"href":"https:\/\/betlabel.games\/pl\/wp-json\/wp\/v2\/pages"}],"about":[{"href":"https:\/\/betlabel.games\/pl\/wp-json\/wp\/v2\/types\/page"}],"author":[{"embeddable":true,"href":"https:\/\/betlabel.games\/pl\/wp-json\/wp\/v2\/users\/1"}],"replies":[{"embeddable":true,"href":"https:\/\/betlabel.games\/pl\/wp-json\/wp\/v2\/comments?post=447"}],"version-history":[{"count":2,"href":"https:\/\/betlabel.games\/pl\/wp-json\/wp\/v2\/pages\/447\/revisions"}],"predecessor-version":[{"id":458,"href":"https:\/\/betlabel.games\/pl\/wp-json\/wp\/v2\/pages\/447\/revisions\/458"}],"up":[{"embeddable":true,"href":"https:\/\/betlabel.games\/pl\/wp-json\/wp\/v2\/pages\/201"}],"wp:attachment":[{"href":"https:\/\/betlabel.games\/pl\/wp-json\/wp\/v2\/media?parent=447"}],"curies":[{"name":"wp","href":"https:\/\/api.w.org\/{rel}","templated":true}]}}