{"id":1082,"date":"2026-02-17T13:59:05","date_gmt":"2026-02-17T13:59:05","guid":{"rendered":"https:\/\/betlabel.games\/pt\/?page_id=1082"},"modified":"2026-02-17T14:10:50","modified_gmt":"2026-02-17T14:10:50","slug":"telegram","status":"publish","type":"page","link":"https:\/\/betlabel.games\/pt\/telegram\/","title":{"rendered":"Telegram"},"content":{"rendered":"","protected":false},"excerpt":{"rendered":"","protected":false},"author":1,"featured_media":0,"parent":0,"menu_order":0,"comment_status":"closed","ping_status":"closed","template":"","meta":{"footnotes":""},"class_list":["post-1082","page","type-page","status-publish","hentry"],"yoast_head":"<!-- This site is optimized with the Yoast SEO plugin v27.4 - https:\/\/yoast.com\/product\/yoast-seo-wordpress\/ -->\n<title>BetLabel Canal de Telegram \u2014 B\u00f3nus e C\u00f3digos Promocionais<\/title>\n<meta name=\"description\" content=\"Canal oficial da BetLabel no Telegram: as \u00faltimas promo\u00e7\u00f5es, c\u00f3digos promocionais v\u00e1lidos, b\u00f3nus exclusivos e palpites desportivos. Inscreva-se para n\u00e3o perder nenhuma oferta imperd\u00edvel.\" \/>\n<meta name=\"robots\" content=\"index, follow, max-snippet:-1, max-image-preview:large, max-video-preview:-1\" \/>\n<meta property=\"og:locale\" content=\"pt_PT\" \/>\n<meta property=\"og:type\" content=\"article\" \/>\n<meta property=\"og:title\" content=\"BetLabel Canal de Telegram \u2014 B\u00f3nus e C\u00f3digos Promocionais\" \/>\n<meta property=\"og:description\" content=\"Canal oficial da BetLabel no Telegram: as \u00faltimas promo\u00e7\u00f5es, c\u00f3digos promocionais v\u00e1lidos, b\u00f3nus exclusivos e palpites desportivos. Inscreva-se para n\u00e3o perder nenhuma oferta imperd\u00edvel.\" \/>\n<meta property=\"og:url\" content=\"https:\/\/betlabel.games\/pt\/telegram\/\" \/>\n<meta property=\"og:site_name\" content=\"Betlabel pt\" \/>\n<meta property=\"article:modified_time\" content=\"2026-02-17T14:10:50+00:00\" \/>\n<meta name=\"twitter:card\" content=\"summary_large_image\" \/>\n<script type=\"application\/ld+json\" class=\"yoast-schema-graph\">{\"@context\":\"https:\\\/\\\/schema.org\",\"@graph\":[{\"@type\":\"WebPage\",\"@id\":\"https:\\\/\\\/betlabel.games\\\/pt\\\/telegram\\\/\",\"url\":\"https:\\\/\\\/betlabel.games\\\/pt\\\/telegram\\\/\",\"name\":\"BetLabel Canal de Telegram \u2014 B\u00f3nus e C\u00f3digos Promocionais\",\"isPartOf\":{\"@id\":\"https:\\\/\\\/betlabel.games\\\/pt\\\/#website\"},\"datePublished\":\"2026-02-17T13:59:05+00:00\",\"dateModified\":\"2026-02-17T14:10:50+00:00\",\"description\":\"Canal oficial da BetLabel no Telegram: as \u00faltimas promo\u00e7\u00f5es, c\u00f3digos promocionais v\u00e1lidos, b\u00f3nus exclusivos e palpites desportivos. Inscreva-se para n\u00e3o perder nenhuma oferta imperd\u00edvel.\",\"breadcrumb\":{\"@id\":\"https:\\\/\\\/betlabel.games\\\/pt\\\/telegram\\\/#breadcrumb\"},\"inLanguage\":\"pt-PT\",\"potentialAction\":[{\"@type\":\"ReadAction\",\"target\":[\"https:\\\/\\\/betlabel.games\\\/pt\\\/telegram\\\/\"]}]},{\"@type\":\"BreadcrumbList\",\"@id\":\"https:\\\/\\\/betlabel.games\\\/pt\\\/telegram\\\/#breadcrumb\",\"itemListElement\":[{\"@type\":\"ListItem\",\"position\":1,\"name\":\"Home\",\"item\":\"https:\\\/\\\/betlabel.games\\\/pt\\\/\"},{\"@type\":\"ListItem\",\"position\":2,\"name\":\"Telegram\"}]},{\"@type\":\"WebSite\",\"@id\":\"https:\\\/\\\/betlabel.games\\\/pt\\\/#website\",\"url\":\"https:\\\/\\\/betlabel.games\\\/pt\\\/\",\"name\":\"Betlabel pt\",\"description\":\"My WordPress Blog\",\"potentialAction\":[{\"@type\":\"SearchAction\",\"target\":{\"@type\":\"EntryPoint\",\"urlTemplate\":\"https:\\\/\\\/betlabel.games\\\/pt\\\/?s={search_term_string}\"},\"query-input\":{\"@type\":\"PropertyValueSpecification\",\"valueRequired\":true,\"valueName\":\"search_term_string\"}}],\"inLanguage\":\"pt-PT\"}]}<\/script>\n<!-- \/ Yoast SEO plugin. -->","yoast_head_json":{"title":"BetLabel Canal de Telegram \u2014 B\u00f3nus e C\u00f3digos Promocionais","description":"Canal oficial da BetLabel no Telegram: as \u00faltimas promo\u00e7\u00f5es, c\u00f3digos promocionais v\u00e1lidos, b\u00f3nus exclusivos e palpites desportivos. Inscreva-se para n\u00e3o perder nenhuma oferta imperd\u00edvel.","robots":{"index":"index","follow":"follow","max-snippet":"max-snippet:-1","max-image-preview":"max-image-preview:large","max-video-preview":"max-video-preview:-1"},"og_locale":"pt_PT","og_type":"article","og_title":"BetLabel Canal de Telegram \u2014 B\u00f3nus e C\u00f3digos Promocionais","og_description":"Canal oficial da BetLabel no Telegram: as \u00faltimas promo\u00e7\u00f5es, c\u00f3digos promocionais v\u00e1lidos, b\u00f3nus exclusivos e palpites desportivos. Inscreva-se para n\u00e3o perder nenhuma oferta imperd\u00edvel.","og_url":"https:\/\/betlabel.games\/pt\/telegram\/","og_site_name":"Betlabel pt","article_modified_time":"2026-02-17T14:10:50+00:00","twitter_card":"summary_large_image","schema":{"@context":"https:\/\/schema.org","@graph":[{"@type":"WebPage","@id":"https:\/\/betlabel.games\/pt\/telegram\/","url":"https:\/\/betlabel.games\/pt\/telegram\/","name":"BetLabel Canal de Telegram \u2014 B\u00f3nus e C\u00f3digos Promocionais","isPartOf":{"@id":"https:\/\/betlabel.games\/pt\/#website"},"datePublished":"2026-02-17T13:59:05+00:00","dateModified":"2026-02-17T14:10:50+00:00","description":"Canal oficial da BetLabel no Telegram: as \u00faltimas promo\u00e7\u00f5es, c\u00f3digos promocionais v\u00e1lidos, b\u00f3nus exclusivos e palpites desportivos. Inscreva-se para n\u00e3o perder nenhuma oferta imperd\u00edvel.","breadcrumb":{"@id":"https:\/\/betlabel.games\/pt\/telegram\/#breadcrumb"},"inLanguage":"pt-PT","potentialAction":[{"@type":"ReadAction","target":["https:\/\/betlabel.games\/pt\/telegram\/"]}]},{"@type":"BreadcrumbList","@id":"https:\/\/betlabel.games\/pt\/telegram\/#breadcrumb","itemListElement":[{"@type":"ListItem","position":1,"name":"Home","item":"https:\/\/betlabel.games\/pt\/"},{"@type":"ListItem","position":2,"name":"Telegram"}]},{"@type":"WebSite","@id":"https:\/\/betlabel.games\/pt\/#website","url":"https:\/\/betlabel.games\/pt\/","name":"Betlabel pt","description":"My WordPress Blog","potentialAction":[{"@type":"SearchAction","target":{"@type":"EntryPoint","urlTemplate":"https:\/\/betlabel.games\/pt\/?s={search_term_string}"},"query-input":{"@type":"PropertyValueSpecification","valueRequired":true,"valueName":"search_term_string"}}],"inLanguage":"pt-PT"}]}},"_links":{"self":[{"href":"https:\/\/betlabel.games\/pt\/wp-json\/wp\/v2\/pages\/1082","targetHints":{"allow":["GET"]}}],"collection":[{"href":"https:\/\/betlabel.games\/pt\/wp-json\/wp\/v2\/pages"}],"about":[{"href":"https:\/\/betlabel.games\/pt\/wp-json\/wp\/v2\/types\/page"}],"author":[{"embeddable":true,"href":"https:\/\/betlabel.games\/pt\/wp-json\/wp\/v2\/users\/1"}],"replies":[{"embeddable":true,"href":"https:\/\/betlabel.games\/pt\/wp-json\/wp\/v2\/comments?post=1082"}],"version-history":[{"count":2,"href":"https:\/\/betlabel.games\/pt\/wp-json\/wp\/v2\/pages\/1082\/revisions"}],"predecessor-version":[{"id":1085,"href":"https:\/\/betlabel.games\/pt\/wp-json\/wp\/v2\/pages\/1082\/revisions\/1085"}],"wp:attachment":[{"href":"https:\/\/betlabel.games\/pt\/wp-json\/wp\/v2\/media?parent=1082"}],"curies":[{"name":"wp","href":"https:\/\/api.w.org\/{rel}","templated":true}]}}