{"id":1102,"date":"2026-03-19T07:07:26","date_gmt":"2026-03-19T07:07:26","guid":{"rendered":"https:\/\/betlabel.games\/?page_id=1100"},"modified":"2026-04-04T04:58:42","modified_gmt":"2026-04-04T04:58:42","slug":"free-bet","status":"publish","type":"page","link":"https:\/\/betlabel.games\/pt\/free-bet\/","title":{"rendered":"Aposta gr\u00e1tis"},"content":{"rendered":"","protected":false},"excerpt":{"rendered":"","protected":false},"author":1,"featured_media":0,"parent":0,"menu_order":0,"comment_status":"closed","ping_status":"closed","template":"","meta":{"footnotes":""},"class_list":["post-1102","page","type-page","status-publish","hentry"],"yoast_head":"<!-- This site is optimized with the Yoast SEO plugin v26.6 - https:\/\/yoast.com\/wordpress\/plugins\/seo\/ -->\n<title>Aposta Gr\u00e1tis BetLabel de 15% at\u00e9 100 \u20ac \u2013 B\u00f3nus de Dep\u00f3sito<\/title>\n<meta name=\"description\" content=\"Receba uma aposta gr\u00e1tis de 15% em dep\u00f3sitos at\u00e9 100 \u20ac na BetLabel. Registe-se, recarregue a sua conta e receba o b\u00f3nus automaticamente sob a forma de um c\u00f3digo promocional.\" \/>\n<meta name=\"robots\" content=\"index, follow, max-snippet:-1, max-image-preview:large, max-video-preview:-1\" \/>\n<meta property=\"og:locale\" content=\"pt_PT\" \/>\n<meta property=\"og:type\" content=\"article\" \/>\n<meta property=\"og:title\" content=\"Aposta Gr\u00e1tis BetLabel de 15% at\u00e9 100 \u20ac \u2013 B\u00f3nus de Dep\u00f3sito\" \/>\n<meta property=\"og:description\" content=\"Receba uma aposta gr\u00e1tis de 15% em dep\u00f3sitos at\u00e9 100 \u20ac na BetLabel. Registe-se, recarregue a sua conta e receba o b\u00f3nus automaticamente sob a forma de um c\u00f3digo promocional.\" \/>\n<meta property=\"og:url\" content=\"https:\/\/betlabel.games\/pt\/free-bet\/\" \/>\n<meta property=\"og:site_name\" content=\"Betlabel pt\" \/>\n<meta property=\"article:modified_time\" content=\"2026-04-04T04:58:42+00:00\" \/>\n<meta name=\"twitter:card\" content=\"summary_large_image\" \/>\n<script type=\"application\/ld+json\" class=\"yoast-schema-graph\">{\"@context\":\"https:\/\/schema.org\",\"@graph\":[{\"@type\":\"WebPage\",\"@id\":\"https:\/\/betlabel.games\/pt\/free-bet\/\",\"url\":\"https:\/\/betlabel.games\/pt\/free-bet\/\",\"name\":\"Aposta Gr\u00e1tis BetLabel de 15% at\u00e9 100 \u20ac \u2013 B\u00f3nus de Dep\u00f3sito\",\"isPartOf\":{\"@id\":\"https:\/\/betlabel.games\/pt\/#website\"},\"datePublished\":\"2026-03-19T07:07:26+00:00\",\"dateModified\":\"2026-04-04T04:58:42+00:00\",\"description\":\"Receba uma aposta gr\u00e1tis de 15% em dep\u00f3sitos at\u00e9 100 \u20ac na BetLabel. Registe-se, recarregue a sua conta e receba o b\u00f3nus automaticamente sob a forma de um c\u00f3digo promocional.\",\"breadcrumb\":{\"@id\":\"https:\/\/betlabel.games\/pt\/free-bet\/#breadcrumb\"},\"inLanguage\":\"pt-PT\",\"potentialAction\":[{\"@type\":\"ReadAction\",\"target\":[\"https:\/\/betlabel.games\/pt\/free-bet\/\"]}]},{\"@type\":\"BreadcrumbList\",\"@id\":\"https:\/\/betlabel.games\/pt\/free-bet\/#breadcrumb\",\"itemListElement\":[{\"@type\":\"ListItem\",\"position\":1,\"name\":\"Home\",\"item\":\"https:\/\/betlabel.games\/pt\/\"},{\"@type\":\"ListItem\",\"position\":2,\"name\":\"Aposta gr\u00e1tis\"}]},{\"@type\":\"WebSite\",\"@id\":\"https:\/\/betlabel.games\/pt\/#website\",\"url\":\"https:\/\/betlabel.games\/pt\/\",\"name\":\"Betlabel pt\",\"description\":\"My WordPress Blog\",\"potentialAction\":[{\"@type\":\"SearchAction\",\"target\":{\"@type\":\"EntryPoint\",\"urlTemplate\":\"https:\/\/betlabel.games\/pt\/?s={search_term_string}\"},\"query-input\":{\"@type\":\"PropertyValueSpecification\",\"valueRequired\":true,\"valueName\":\"search_term_string\"}}],\"inLanguage\":\"pt-PT\"}]}<\/script>\n<!-- \/ Yoast SEO plugin. -->","yoast_head_json":{"title":"Aposta Gr\u00e1tis BetLabel de 15% at\u00e9 100 \u20ac \u2013 B\u00f3nus de Dep\u00f3sito","description":"Receba uma aposta gr\u00e1tis de 15% em dep\u00f3sitos at\u00e9 100 \u20ac na BetLabel. Registe-se, recarregue a sua conta e receba o b\u00f3nus automaticamente sob a forma de um c\u00f3digo promocional.","robots":{"index":"index","follow":"follow","max-snippet":"max-snippet:-1","max-image-preview":"max-image-preview:large","max-video-preview":"max-video-preview:-1"},"og_locale":"pt_PT","og_type":"article","og_title":"Aposta Gr\u00e1tis BetLabel de 15% at\u00e9 100 \u20ac \u2013 B\u00f3nus de Dep\u00f3sito","og_description":"Receba uma aposta gr\u00e1tis de 15% em dep\u00f3sitos at\u00e9 100 \u20ac na BetLabel. Registe-se, recarregue a sua conta e receba o b\u00f3nus automaticamente sob a forma de um c\u00f3digo promocional.","og_url":"https:\/\/betlabel.games\/pt\/free-bet\/","og_site_name":"Betlabel pt","article_modified_time":"2026-04-04T04:58:42+00:00","twitter_card":"summary_large_image","schema":{"@context":"https:\/\/schema.org","@graph":[{"@type":"WebPage","@id":"https:\/\/betlabel.games\/pt\/free-bet\/","url":"https:\/\/betlabel.games\/pt\/free-bet\/","name":"Aposta Gr\u00e1tis BetLabel de 15% at\u00e9 100 \u20ac \u2013 B\u00f3nus de Dep\u00f3sito","isPartOf":{"@id":"https:\/\/betlabel.games\/pt\/#website"},"datePublished":"2026-03-19T07:07:26+00:00","dateModified":"2026-04-04T04:58:42+00:00","description":"Receba uma aposta gr\u00e1tis de 15% em dep\u00f3sitos at\u00e9 100 \u20ac na BetLabel. Registe-se, recarregue a sua conta e receba o b\u00f3nus automaticamente sob a forma de um c\u00f3digo promocional.","breadcrumb":{"@id":"https:\/\/betlabel.games\/pt\/free-bet\/#breadcrumb"},"inLanguage":"pt-PT","potentialAction":[{"@type":"ReadAction","target":["https:\/\/betlabel.games\/pt\/free-bet\/"]}]},{"@type":"BreadcrumbList","@id":"https:\/\/betlabel.games\/pt\/free-bet\/#breadcrumb","itemListElement":[{"@type":"ListItem","position":1,"name":"Home","item":"https:\/\/betlabel.games\/pt\/"},{"@type":"ListItem","position":2,"name":"Aposta gr\u00e1tis"}]},{"@type":"WebSite","@id":"https:\/\/betlabel.games\/pt\/#website","url":"https:\/\/betlabel.games\/pt\/","name":"Betlabel pt","description":"My WordPress Blog","potentialAction":[{"@type":"SearchAction","target":{"@type":"EntryPoint","urlTemplate":"https:\/\/betlabel.games\/pt\/?s={search_term_string}"},"query-input":{"@type":"PropertyValueSpecification","valueRequired":true,"valueName":"search_term_string"}}],"inLanguage":"pt-PT"}]}},"_links":{"self":[{"href":"https:\/\/betlabel.games\/pt\/wp-json\/wp\/v2\/pages\/1102","targetHints":{"allow":["GET"]}}],"collection":[{"href":"https:\/\/betlabel.games\/pt\/wp-json\/wp\/v2\/pages"}],"about":[{"href":"https:\/\/betlabel.games\/pt\/wp-json\/wp\/v2\/types\/page"}],"author":[{"embeddable":true,"href":"https:\/\/betlabel.games\/pt\/wp-json\/wp\/v2\/users\/1"}],"replies":[{"embeddable":true,"href":"https:\/\/betlabel.games\/pt\/wp-json\/wp\/v2\/comments?post=1102"}],"version-history":[{"count":2,"href":"https:\/\/betlabel.games\/pt\/wp-json\/wp\/v2\/pages\/1102\/revisions"}],"predecessor-version":[{"id":1148,"href":"https:\/\/betlabel.games\/pt\/wp-json\/wp\/v2\/pages\/1102\/revisions\/1148"}],"wp:attachment":[{"href":"https:\/\/betlabel.games\/pt\/wp-json\/wp\/v2\/media?parent=1102"}],"curies":[{"name":"wp","href":"https:\/\/api.w.org\/{rel}","templated":true}]}}