{"id":1119,"date":"2026-03-19T08:36:40","date_gmt":"2026-03-19T08:36:40","guid":{"rendered":"https:\/\/betlabel.games\/?page_id=1119"},"modified":"2026-04-04T04:28:44","modified_gmt":"2026-04-04T04:28:44","slug":"accumulator-insurance","status":"publish","type":"page","link":"https:\/\/betlabel.games\/pt\/accumulator-insurance\/","title":{"rendered":"Seguro de acumulador"},"content":{"rendered":"","protected":false},"excerpt":{"rendered":"","protected":false},"author":1,"featured_media":0,"parent":0,"menu_order":0,"comment_status":"closed","ping_status":"closed","template":"","meta":{"footnotes":""},"class_list":["post-1119","page","type-page","status-publish","hentry"],"yoast_head":"<!-- This site is optimized with the Yoast SEO plugin v26.6 - https:\/\/yoast.com\/wordpress\/plugins\/seo\/ -->\n<title>BetLabel Seguro de Acumulador \u2013 100% Express Seguro<\/title>\n<meta name=\"description\" content=\"Seguro de Apostas Combinadas na BetLabel \u2013 receba um reembolso de 100% do seu valor apostado se apenas uma das sele\u00e7\u00f5es perder. Conhe\u00e7a os termos e condi\u00e7\u00f5es do Seguro de Apostas Combinadas e saiba como participar.\" \/>\n<meta name=\"robots\" content=\"index, follow, max-snippet:-1, max-image-preview:large, max-video-preview:-1\" \/>\n<meta property=\"og:locale\" content=\"pt_PT\" \/>\n<meta property=\"og:type\" content=\"article\" \/>\n<meta property=\"og:title\" content=\"BetLabel Seguro de Acumulador \u2013 100% Express Seguro\" \/>\n<meta property=\"og:description\" content=\"Seguro de Apostas Combinadas na BetLabel \u2013 receba um reembolso de 100% do seu valor apostado se apenas uma das sele\u00e7\u00f5es perder. Conhe\u00e7a os termos e condi\u00e7\u00f5es do Seguro de Apostas Combinadas e saiba como participar.\" \/>\n<meta property=\"og:url\" content=\"https:\/\/betlabel.games\/pt\/accumulator-insurance\/\" \/>\n<meta property=\"og:site_name\" content=\"Betlabel pt\" \/>\n<meta property=\"article:modified_time\" content=\"2026-04-04T04:28:44+00:00\" \/>\n<meta name=\"twitter:card\" content=\"summary_large_image\" \/>\n<script type=\"application\/ld+json\" class=\"yoast-schema-graph\">{\"@context\":\"https:\/\/schema.org\",\"@graph\":[{\"@type\":\"WebPage\",\"@id\":\"https:\/\/betlabel.games\/pt\/accumulator-insurance\/\",\"url\":\"https:\/\/betlabel.games\/pt\/accumulator-insurance\/\",\"name\":\"BetLabel Seguro de Acumulador \u2013 100% Express Seguro\",\"isPartOf\":{\"@id\":\"https:\/\/betlabel.games\/pt\/#website\"},\"datePublished\":\"2026-03-19T08:36:40+00:00\",\"dateModified\":\"2026-04-04T04:28:44+00:00\",\"description\":\"Seguro de Apostas Combinadas na BetLabel \u2013 receba um reembolso de 100% do seu valor apostado se apenas uma das sele\u00e7\u00f5es perder. Conhe\u00e7a os termos e condi\u00e7\u00f5es do Seguro de Apostas Combinadas e saiba como participar.\",\"breadcrumb\":{\"@id\":\"https:\/\/betlabel.games\/pt\/accumulator-insurance\/#breadcrumb\"},\"inLanguage\":\"pt-PT\",\"potentialAction\":[{\"@type\":\"ReadAction\",\"target\":[\"https:\/\/betlabel.games\/pt\/accumulator-insurance\/\"]}]},{\"@type\":\"BreadcrumbList\",\"@id\":\"https:\/\/betlabel.games\/pt\/accumulator-insurance\/#breadcrumb\",\"itemListElement\":[{\"@type\":\"ListItem\",\"position\":1,\"name\":\"Home\",\"item\":\"https:\/\/betlabel.games\/pt\/\"},{\"@type\":\"ListItem\",\"position\":2,\"name\":\"Seguro de acumulador\"}]},{\"@type\":\"WebSite\",\"@id\":\"https:\/\/betlabel.games\/pt\/#website\",\"url\":\"https:\/\/betlabel.games\/pt\/\",\"name\":\"Betlabel pt\",\"description\":\"My WordPress Blog\",\"potentialAction\":[{\"@type\":\"SearchAction\",\"target\":{\"@type\":\"EntryPoint\",\"urlTemplate\":\"https:\/\/betlabel.games\/pt\/?s={search_term_string}\"},\"query-input\":{\"@type\":\"PropertyValueSpecification\",\"valueRequired\":true,\"valueName\":\"search_term_string\"}}],\"inLanguage\":\"pt-PT\"}]}<\/script>\n<!-- \/ Yoast SEO plugin. -->","yoast_head_json":{"title":"BetLabel Seguro de Acumulador \u2013 100% Express Seguro","description":"Seguro de Apostas Combinadas na BetLabel \u2013 receba um reembolso de 100% do seu valor apostado se apenas uma das sele\u00e7\u00f5es perder. Conhe\u00e7a os termos e condi\u00e7\u00f5es do Seguro de Apostas Combinadas e saiba como participar.","robots":{"index":"index","follow":"follow","max-snippet":"max-snippet:-1","max-image-preview":"max-image-preview:large","max-video-preview":"max-video-preview:-1"},"og_locale":"pt_PT","og_type":"article","og_title":"BetLabel Seguro de Acumulador \u2013 100% Express Seguro","og_description":"Seguro de Apostas Combinadas na BetLabel \u2013 receba um reembolso de 100% do seu valor apostado se apenas uma das sele\u00e7\u00f5es perder. Conhe\u00e7a os termos e condi\u00e7\u00f5es do Seguro de Apostas Combinadas e saiba como participar.","og_url":"https:\/\/betlabel.games\/pt\/accumulator-insurance\/","og_site_name":"Betlabel pt","article_modified_time":"2026-04-04T04:28:44+00:00","twitter_card":"summary_large_image","schema":{"@context":"https:\/\/schema.org","@graph":[{"@type":"WebPage","@id":"https:\/\/betlabel.games\/pt\/accumulator-insurance\/","url":"https:\/\/betlabel.games\/pt\/accumulator-insurance\/","name":"BetLabel Seguro de Acumulador \u2013 100% Express Seguro","isPartOf":{"@id":"https:\/\/betlabel.games\/pt\/#website"},"datePublished":"2026-03-19T08:36:40+00:00","dateModified":"2026-04-04T04:28:44+00:00","description":"Seguro de Apostas Combinadas na BetLabel \u2013 receba um reembolso de 100% do seu valor apostado se apenas uma das sele\u00e7\u00f5es perder. Conhe\u00e7a os termos e condi\u00e7\u00f5es do Seguro de Apostas Combinadas e saiba como participar.","breadcrumb":{"@id":"https:\/\/betlabel.games\/pt\/accumulator-insurance\/#breadcrumb"},"inLanguage":"pt-PT","potentialAction":[{"@type":"ReadAction","target":["https:\/\/betlabel.games\/pt\/accumulator-insurance\/"]}]},{"@type":"BreadcrumbList","@id":"https:\/\/betlabel.games\/pt\/accumulator-insurance\/#breadcrumb","itemListElement":[{"@type":"ListItem","position":1,"name":"Home","item":"https:\/\/betlabel.games\/pt\/"},{"@type":"ListItem","position":2,"name":"Seguro de acumulador"}]},{"@type":"WebSite","@id":"https:\/\/betlabel.games\/pt\/#website","url":"https:\/\/betlabel.games\/pt\/","name":"Betlabel pt","description":"My WordPress Blog","potentialAction":[{"@type":"SearchAction","target":{"@type":"EntryPoint","urlTemplate":"https:\/\/betlabel.games\/pt\/?s={search_term_string}"},"query-input":{"@type":"PropertyValueSpecification","valueRequired":true,"valueName":"search_term_string"}}],"inLanguage":"pt-PT"}]}},"_links":{"self":[{"href":"https:\/\/betlabel.games\/pt\/wp-json\/wp\/v2\/pages\/1119","targetHints":{"allow":["GET"]}}],"collection":[{"href":"https:\/\/betlabel.games\/pt\/wp-json\/wp\/v2\/pages"}],"about":[{"href":"https:\/\/betlabel.games\/pt\/wp-json\/wp\/v2\/types\/page"}],"author":[{"embeddable":true,"href":"https:\/\/betlabel.games\/pt\/wp-json\/wp\/v2\/users\/1"}],"replies":[{"embeddable":true,"href":"https:\/\/betlabel.games\/pt\/wp-json\/wp\/v2\/comments?post=1119"}],"version-history":[{"count":2,"href":"https:\/\/betlabel.games\/pt\/wp-json\/wp\/v2\/pages\/1119\/revisions"}],"predecessor-version":[{"id":1136,"href":"https:\/\/betlabel.games\/pt\/wp-json\/wp\/v2\/pages\/1119\/revisions\/1136"}],"wp:attachment":[{"href":"https:\/\/betlabel.games\/pt\/wp-json\/wp\/v2\/media?parent=1119"}],"curies":[{"name":"wp","href":"https:\/\/api.w.org\/{rel}","templated":true}]}}