{"id":1126,"date":"2026-03-19T10:23:17","date_gmt":"2026-03-19T10:23:17","guid":{"rendered":"https:\/\/betlabel.games\/?page_id=1126"},"modified":"2026-04-04T05:18:17","modified_gmt":"2026-04-04T05:18:17","slug":"losing-bets","status":"publish","type":"page","link":"https:\/\/betlabel.games\/pt\/losing-bets\/","title":{"rendered":"Apostas perdidas"},"content":{"rendered":"","protected":false},"excerpt":{"rendered":"","protected":false},"author":1,"featured_media":0,"parent":0,"menu_order":0,"comment_status":"closed","ping_status":"closed","template":"","meta":{"footnotes":""},"class_list":["post-1126","page","type-page","status-publish","hentry"],"yoast_head":"<!-- This site is optimized with the Yoast SEO plugin v26.6 - https:\/\/yoast.com\/wordpress\/plugins\/seo\/ -->\n<title>B\u00f3nus BetLabel para apostas perdidas \u2013 at\u00e9 450 \u20ac<\/title>\n<meta name=\"description\" content=\"Receba um b\u00f3nus na BetLabel por uma s\u00e9rie de derrotas. At\u00e9 450 \u20ac por 20 apostas perdidas, com apostas de 2 \u20ac, 5 \u20ac ou 10 \u20ac. Apoio ao cliente e cr\u00e9dito imediato.\" \/>\n<meta name=\"robots\" content=\"index, follow, max-snippet:-1, max-image-preview:large, max-video-preview:-1\" \/>\n<meta property=\"og:locale\" content=\"pt_PT\" \/>\n<meta property=\"og:type\" content=\"article\" \/>\n<meta property=\"og:title\" content=\"B\u00f3nus BetLabel para apostas perdidas \u2013 at\u00e9 450 \u20ac\" \/>\n<meta property=\"og:description\" content=\"Receba um b\u00f3nus na BetLabel por uma s\u00e9rie de derrotas. At\u00e9 450 \u20ac por 20 apostas perdidas, com apostas de 2 \u20ac, 5 \u20ac ou 10 \u20ac. Apoio ao cliente e cr\u00e9dito imediato.\" \/>\n<meta property=\"og:url\" content=\"https:\/\/betlabel.games\/pt\/losing-bets\/\" \/>\n<meta property=\"og:site_name\" content=\"Betlabel pt\" \/>\n<meta property=\"article:modified_time\" content=\"2026-04-04T05:18:17+00:00\" \/>\n<meta name=\"twitter:card\" content=\"summary_large_image\" \/>\n<script type=\"application\/ld+json\" class=\"yoast-schema-graph\">{\"@context\":\"https:\/\/schema.org\",\"@graph\":[{\"@type\":\"WebPage\",\"@id\":\"https:\/\/betlabel.games\/pt\/losing-bets\/\",\"url\":\"https:\/\/betlabel.games\/pt\/losing-bets\/\",\"name\":\"B\u00f3nus BetLabel para apostas perdidas \u2013 at\u00e9 450 \u20ac\",\"isPartOf\":{\"@id\":\"https:\/\/betlabel.games\/pt\/#website\"},\"datePublished\":\"2026-03-19T10:23:17+00:00\",\"dateModified\":\"2026-04-04T05:18:17+00:00\",\"description\":\"Receba um b\u00f3nus na BetLabel por uma s\u00e9rie de derrotas. At\u00e9 450 \u20ac por 20 apostas perdidas, com apostas de 2 \u20ac, 5 \u20ac ou 10 \u20ac. Apoio ao cliente e cr\u00e9dito imediato.\",\"breadcrumb\":{\"@id\":\"https:\/\/betlabel.games\/pt\/losing-bets\/#breadcrumb\"},\"inLanguage\":\"pt-PT\",\"potentialAction\":[{\"@type\":\"ReadAction\",\"target\":[\"https:\/\/betlabel.games\/pt\/losing-bets\/\"]}]},{\"@type\":\"BreadcrumbList\",\"@id\":\"https:\/\/betlabel.games\/pt\/losing-bets\/#breadcrumb\",\"itemListElement\":[{\"@type\":\"ListItem\",\"position\":1,\"name\":\"Home\",\"item\":\"https:\/\/betlabel.games\/pt\/\"},{\"@type\":\"ListItem\",\"position\":2,\"name\":\"Apostas perdidas\"}]},{\"@type\":\"WebSite\",\"@id\":\"https:\/\/betlabel.games\/pt\/#website\",\"url\":\"https:\/\/betlabel.games\/pt\/\",\"name\":\"Betlabel pt\",\"description\":\"My WordPress Blog\",\"potentialAction\":[{\"@type\":\"SearchAction\",\"target\":{\"@type\":\"EntryPoint\",\"urlTemplate\":\"https:\/\/betlabel.games\/pt\/?s={search_term_string}\"},\"query-input\":{\"@type\":\"PropertyValueSpecification\",\"valueRequired\":true,\"valueName\":\"search_term_string\"}}],\"inLanguage\":\"pt-PT\"}]}<\/script>\n<!-- \/ Yoast SEO plugin. -->","yoast_head_json":{"title":"B\u00f3nus BetLabel para apostas perdidas \u2013 at\u00e9 450 \u20ac","description":"Receba um b\u00f3nus na BetLabel por uma s\u00e9rie de derrotas. At\u00e9 450 \u20ac por 20 apostas perdidas, com apostas de 2 \u20ac, 5 \u20ac ou 10 \u20ac. Apoio ao cliente e cr\u00e9dito imediato.","robots":{"index":"index","follow":"follow","max-snippet":"max-snippet:-1","max-image-preview":"max-image-preview:large","max-video-preview":"max-video-preview:-1"},"og_locale":"pt_PT","og_type":"article","og_title":"B\u00f3nus BetLabel para apostas perdidas \u2013 at\u00e9 450 \u20ac","og_description":"Receba um b\u00f3nus na BetLabel por uma s\u00e9rie de derrotas. At\u00e9 450 \u20ac por 20 apostas perdidas, com apostas de 2 \u20ac, 5 \u20ac ou 10 \u20ac. Apoio ao cliente e cr\u00e9dito imediato.","og_url":"https:\/\/betlabel.games\/pt\/losing-bets\/","og_site_name":"Betlabel pt","article_modified_time":"2026-04-04T05:18:17+00:00","twitter_card":"summary_large_image","schema":{"@context":"https:\/\/schema.org","@graph":[{"@type":"WebPage","@id":"https:\/\/betlabel.games\/pt\/losing-bets\/","url":"https:\/\/betlabel.games\/pt\/losing-bets\/","name":"B\u00f3nus BetLabel para apostas perdidas \u2013 at\u00e9 450 \u20ac","isPartOf":{"@id":"https:\/\/betlabel.games\/pt\/#website"},"datePublished":"2026-03-19T10:23:17+00:00","dateModified":"2026-04-04T05:18:17+00:00","description":"Receba um b\u00f3nus na BetLabel por uma s\u00e9rie de derrotas. At\u00e9 450 \u20ac por 20 apostas perdidas, com apostas de 2 \u20ac, 5 \u20ac ou 10 \u20ac. Apoio ao cliente e cr\u00e9dito imediato.","breadcrumb":{"@id":"https:\/\/betlabel.games\/pt\/losing-bets\/#breadcrumb"},"inLanguage":"pt-PT","potentialAction":[{"@type":"ReadAction","target":["https:\/\/betlabel.games\/pt\/losing-bets\/"]}]},{"@type":"BreadcrumbList","@id":"https:\/\/betlabel.games\/pt\/losing-bets\/#breadcrumb","itemListElement":[{"@type":"ListItem","position":1,"name":"Home","item":"https:\/\/betlabel.games\/pt\/"},{"@type":"ListItem","position":2,"name":"Apostas perdidas"}]},{"@type":"WebSite","@id":"https:\/\/betlabel.games\/pt\/#website","url":"https:\/\/betlabel.games\/pt\/","name":"Betlabel pt","description":"My WordPress Blog","potentialAction":[{"@type":"SearchAction","target":{"@type":"EntryPoint","urlTemplate":"https:\/\/betlabel.games\/pt\/?s={search_term_string}"},"query-input":{"@type":"PropertyValueSpecification","valueRequired":true,"valueName":"search_term_string"}}],"inLanguage":"pt-PT"}]}},"_links":{"self":[{"href":"https:\/\/betlabel.games\/pt\/wp-json\/wp\/v2\/pages\/1126","targetHints":{"allow":["GET"]}}],"collection":[{"href":"https:\/\/betlabel.games\/pt\/wp-json\/wp\/v2\/pages"}],"about":[{"href":"https:\/\/betlabel.games\/pt\/wp-json\/wp\/v2\/types\/page"}],"author":[{"embeddable":true,"href":"https:\/\/betlabel.games\/pt\/wp-json\/wp\/v2\/users\/1"}],"replies":[{"embeddable":true,"href":"https:\/\/betlabel.games\/pt\/wp-json\/wp\/v2\/comments?post=1126"}],"version-history":[{"count":2,"href":"https:\/\/betlabel.games\/pt\/wp-json\/wp\/v2\/pages\/1126\/revisions"}],"predecessor-version":[{"id":1150,"href":"https:\/\/betlabel.games\/pt\/wp-json\/wp\/v2\/pages\/1126\/revisions\/1150"}],"wp:attachment":[{"href":"https:\/\/betlabel.games\/pt\/wp-json\/wp\/v2\/media?parent=1126"}],"curies":[{"name":"wp","href":"https:\/\/api.w.org\/{rel}","templated":true}]}}