{"id":1129,"date":"2026-03-19T10:38:31","date_gmt":"2026-03-19T10:38:31","guid":{"rendered":"https:\/\/betlabel.games\/?page_id=1129"},"modified":"2026-04-04T04:32:45","modified_gmt":"2026-04-04T04:32:45","slug":"accumulator-of-the-day","status":"publish","type":"page","link":"https:\/\/betlabel.games\/pt\/accumulator-of-the-day\/","title":{"rendered":"Apostas Cumulativas do Dia"},"content":{"rendered":"","protected":false},"excerpt":{"rendered":"","protected":false},"author":1,"featured_media":0,"parent":0,"menu_order":0,"comment_status":"closed","ping_status":"closed","template":"","meta":{"footnotes":""},"class_list":["post-1129","page","type-page","status-publish","hentry"],"yoast_head":"<!-- This site is optimized with the Yoast SEO plugin v26.6 - https:\/\/yoast.com\/wordpress\/plugins\/seo\/ -->\n<title>BetLabel Aposta acumulada do dia \u2013 +10% nas cota\u00e7\u00f5es<\/title>\n<meta name=\"description\" content=\"Escolha a Aposta Combinada do Dia na BetLabel e receba +10% nas odds. Aposte em eventos pr\u00e9-jogo e ao vivo, com sele\u00e7\u00e3o r\u00e1pida e a oportunidade de aumentar os seus ganhos.\" \/>\n<meta name=\"robots\" content=\"index, follow, max-snippet:-1, max-image-preview:large, max-video-preview:-1\" \/>\n<meta property=\"og:locale\" content=\"pt_PT\" \/>\n<meta property=\"og:type\" content=\"article\" \/>\n<meta property=\"og:title\" content=\"BetLabel Aposta acumulada do dia \u2013 +10% nas cota\u00e7\u00f5es\" \/>\n<meta property=\"og:description\" content=\"Escolha a Aposta Combinada do Dia na BetLabel e receba +10% nas odds. Aposte em eventos pr\u00e9-jogo e ao vivo, com sele\u00e7\u00e3o r\u00e1pida e a oportunidade de aumentar os seus ganhos.\" \/>\n<meta property=\"og:url\" content=\"https:\/\/betlabel.games\/pt\/accumulator-of-the-day\/\" \/>\n<meta property=\"og:site_name\" content=\"Betlabel pt\" \/>\n<meta property=\"article:modified_time\" content=\"2026-04-04T04:32:45+00:00\" \/>\n<meta name=\"twitter:card\" content=\"summary_large_image\" \/>\n<script type=\"application\/ld+json\" class=\"yoast-schema-graph\">{\"@context\":\"https:\/\/schema.org\",\"@graph\":[{\"@type\":\"WebPage\",\"@id\":\"https:\/\/betlabel.games\/pt\/accumulator-of-the-day\/\",\"url\":\"https:\/\/betlabel.games\/pt\/accumulator-of-the-day\/\",\"name\":\"BetLabel Aposta acumulada do dia \u2013 +10% nas cota\u00e7\u00f5es\",\"isPartOf\":{\"@id\":\"https:\/\/betlabel.games\/pt\/#website\"},\"datePublished\":\"2026-03-19T10:38:31+00:00\",\"dateModified\":\"2026-04-04T04:32:45+00:00\",\"description\":\"Escolha a Aposta Combinada do Dia na BetLabel e receba +10% nas odds. Aposte em eventos pr\u00e9-jogo e ao vivo, com sele\u00e7\u00e3o r\u00e1pida e a oportunidade de aumentar os seus ganhos.\",\"breadcrumb\":{\"@id\":\"https:\/\/betlabel.games\/pt\/accumulator-of-the-day\/#breadcrumb\"},\"inLanguage\":\"pt-PT\",\"potentialAction\":[{\"@type\":\"ReadAction\",\"target\":[\"https:\/\/betlabel.games\/pt\/accumulator-of-the-day\/\"]}]},{\"@type\":\"BreadcrumbList\",\"@id\":\"https:\/\/betlabel.games\/pt\/accumulator-of-the-day\/#breadcrumb\",\"itemListElement\":[{\"@type\":\"ListItem\",\"position\":1,\"name\":\"Home\",\"item\":\"https:\/\/betlabel.games\/pt\/\"},{\"@type\":\"ListItem\",\"position\":2,\"name\":\"Apostas Cumulativas do Dia\"}]},{\"@type\":\"WebSite\",\"@id\":\"https:\/\/betlabel.games\/pt\/#website\",\"url\":\"https:\/\/betlabel.games\/pt\/\",\"name\":\"Betlabel pt\",\"description\":\"My WordPress Blog\",\"potentialAction\":[{\"@type\":\"SearchAction\",\"target\":{\"@type\":\"EntryPoint\",\"urlTemplate\":\"https:\/\/betlabel.games\/pt\/?s={search_term_string}\"},\"query-input\":{\"@type\":\"PropertyValueSpecification\",\"valueRequired\":true,\"valueName\":\"search_term_string\"}}],\"inLanguage\":\"pt-PT\"}]}<\/script>\n<!-- \/ Yoast SEO plugin. -->","yoast_head_json":{"title":"BetLabel Aposta acumulada do dia \u2013 +10% nas cota\u00e7\u00f5es","description":"Escolha a Aposta Combinada do Dia na BetLabel e receba +10% nas odds. Aposte em eventos pr\u00e9-jogo e ao vivo, com sele\u00e7\u00e3o r\u00e1pida e a oportunidade de aumentar os seus ganhos.","robots":{"index":"index","follow":"follow","max-snippet":"max-snippet:-1","max-image-preview":"max-image-preview:large","max-video-preview":"max-video-preview:-1"},"og_locale":"pt_PT","og_type":"article","og_title":"BetLabel Aposta acumulada do dia \u2013 +10% nas cota\u00e7\u00f5es","og_description":"Escolha a Aposta Combinada do Dia na BetLabel e receba +10% nas odds. Aposte em eventos pr\u00e9-jogo e ao vivo, com sele\u00e7\u00e3o r\u00e1pida e a oportunidade de aumentar os seus ganhos.","og_url":"https:\/\/betlabel.games\/pt\/accumulator-of-the-day\/","og_site_name":"Betlabel pt","article_modified_time":"2026-04-04T04:32:45+00:00","twitter_card":"summary_large_image","schema":{"@context":"https:\/\/schema.org","@graph":[{"@type":"WebPage","@id":"https:\/\/betlabel.games\/pt\/accumulator-of-the-day\/","url":"https:\/\/betlabel.games\/pt\/accumulator-of-the-day\/","name":"BetLabel Aposta acumulada do dia \u2013 +10% nas cota\u00e7\u00f5es","isPartOf":{"@id":"https:\/\/betlabel.games\/pt\/#website"},"datePublished":"2026-03-19T10:38:31+00:00","dateModified":"2026-04-04T04:32:45+00:00","description":"Escolha a Aposta Combinada do Dia na BetLabel e receba +10% nas odds. Aposte em eventos pr\u00e9-jogo e ao vivo, com sele\u00e7\u00e3o r\u00e1pida e a oportunidade de aumentar os seus ganhos.","breadcrumb":{"@id":"https:\/\/betlabel.games\/pt\/accumulator-of-the-day\/#breadcrumb"},"inLanguage":"pt-PT","potentialAction":[{"@type":"ReadAction","target":["https:\/\/betlabel.games\/pt\/accumulator-of-the-day\/"]}]},{"@type":"BreadcrumbList","@id":"https:\/\/betlabel.games\/pt\/accumulator-of-the-day\/#breadcrumb","itemListElement":[{"@type":"ListItem","position":1,"name":"Home","item":"https:\/\/betlabel.games\/pt\/"},{"@type":"ListItem","position":2,"name":"Apostas Cumulativas do Dia"}]},{"@type":"WebSite","@id":"https:\/\/betlabel.games\/pt\/#website","url":"https:\/\/betlabel.games\/pt\/","name":"Betlabel pt","description":"My WordPress Blog","potentialAction":[{"@type":"SearchAction","target":{"@type":"EntryPoint","urlTemplate":"https:\/\/betlabel.games\/pt\/?s={search_term_string}"},"query-input":{"@type":"PropertyValueSpecification","valueRequired":true,"valueName":"search_term_string"}}],"inLanguage":"pt-PT"}]}},"_links":{"self":[{"href":"https:\/\/betlabel.games\/pt\/wp-json\/wp\/v2\/pages\/1129","targetHints":{"allow":["GET"]}}],"collection":[{"href":"https:\/\/betlabel.games\/pt\/wp-json\/wp\/v2\/pages"}],"about":[{"href":"https:\/\/betlabel.games\/pt\/wp-json\/wp\/v2\/types\/page"}],"author":[{"embeddable":true,"href":"https:\/\/betlabel.games\/pt\/wp-json\/wp\/v2\/users\/1"}],"replies":[{"embeddable":true,"href":"https:\/\/betlabel.games\/pt\/wp-json\/wp\/v2\/comments?post=1129"}],"version-history":[{"count":2,"href":"https:\/\/betlabel.games\/pt\/wp-json\/wp\/v2\/pages\/1129\/revisions"}],"predecessor-version":[{"id":1138,"href":"https:\/\/betlabel.games\/pt\/wp-json\/wp\/v2\/pages\/1129\/revisions\/1138"}],"wp:attachment":[{"href":"https:\/\/betlabel.games\/pt\/wp-json\/wp\/v2\/media?parent=1129"}],"curies":[{"name":"wp","href":"https:\/\/api.w.org\/{rel}","templated":true}]}}