{"id":258,"date":"2024-10-09T14:42:29","date_gmt":"2024-10-09T14:42:29","guid":{"rendered":"https:\/\/betlabel.games\/pt\/?page_id=258"},"modified":"2026-01-23T16:41:54","modified_gmt":"2026-01-23T16:41:54","slug":"promo-code","status":"publish","type":"page","link":"https:\/\/betlabel.games\/pt\/promo-code\/","title":{"rendered":"C\u00f3digo promocional"},"content":{"rendered":"","protected":false},"excerpt":{"rendered":"","protected":false},"author":1,"featured_media":0,"parent":0,"menu_order":0,"comment_status":"closed","ping_status":"closed","template":"","meta":{"footnotes":""},"class_list":["post-258","page","type-page","status-publish","hentry"],"yoast_head":"<!-- This site is optimized with the Yoast SEO plugin v26.6 - https:\/\/yoast.com\/wordpress\/plugins\/seo\/ -->\n<title>\ud83c\udf81 C\u00f3digo promocional BetLabel 2026 \ud83c\udfc6 B\u00f3nus de 100%<\/title>\n<meta name=\"description\" content=\"Receba o b\u00f3nus de boas-vindas com o c\u00f3digo promocional BetLabel durante o seu registo. Saiba como resgatar c\u00f3digos promocionais BetLabel reais para apostar nos seus desportos e jogos favoritos. Como ativar o c\u00f3digo de b\u00f3nus BetLabel\" \/>\n<meta name=\"robots\" content=\"index, follow, max-snippet:-1, max-image-preview:large, max-video-preview:-1\" \/>\n<meta property=\"og:locale\" content=\"pt_PT\" \/>\n<meta property=\"og:type\" content=\"article\" \/>\n<meta property=\"og:title\" content=\"\ud83c\udf81 C\u00f3digo promocional BetLabel 2026 \ud83c\udfc6 B\u00f3nus de 100%\" \/>\n<meta property=\"og:description\" content=\"Receba o b\u00f3nus de boas-vindas com o c\u00f3digo promocional BetLabel durante o seu registo. Saiba como resgatar c\u00f3digos promocionais BetLabel reais para apostar nos seus desportos e jogos favoritos. Como ativar o c\u00f3digo de b\u00f3nus BetLabel\" \/>\n<meta property=\"og:url\" content=\"https:\/\/betlabel.games\/pt\/promo-code\/\" \/>\n<meta property=\"og:site_name\" content=\"Betlabel pt\" \/>\n<meta property=\"article:modified_time\" content=\"2026-01-23T16:41:54+00:00\" \/>\n<meta name=\"twitter:card\" content=\"summary_large_image\" \/>\n<script type=\"application\/ld+json\" class=\"yoast-schema-graph\">{\"@context\":\"https:\/\/schema.org\",\"@graph\":[{\"@type\":\"WebPage\",\"@id\":\"https:\/\/betlabel.games\/pt\/promo-code\/\",\"url\":\"https:\/\/betlabel.games\/pt\/promo-code\/\",\"name\":\"\ud83c\udf81 C\u00f3digo promocional BetLabel 2026 \ud83c\udfc6 B\u00f3nus de 100%\",\"isPartOf\":{\"@id\":\"https:\/\/betlabel.games\/pt\/#website\"},\"datePublished\":\"2024-10-09T14:42:29+00:00\",\"dateModified\":\"2026-01-23T16:41:54+00:00\",\"description\":\"Receba o b\u00f3nus de boas-vindas com o c\u00f3digo promocional BetLabel durante o seu registo. Saiba como resgatar c\u00f3digos promocionais BetLabel reais para apostar nos seus desportos e jogos favoritos. Como ativar o c\u00f3digo de b\u00f3nus BetLabel\",\"breadcrumb\":{\"@id\":\"https:\/\/betlabel.games\/pt\/promo-code\/#breadcrumb\"},\"inLanguage\":\"pt-PT\",\"potentialAction\":[{\"@type\":\"ReadAction\",\"target\":[\"https:\/\/betlabel.games\/pt\/promo-code\/\"]}]},{\"@type\":\"BreadcrumbList\",\"@id\":\"https:\/\/betlabel.games\/pt\/promo-code\/#breadcrumb\",\"itemListElement\":[{\"@type\":\"ListItem\",\"position\":1,\"name\":\"Home\",\"item\":\"https:\/\/betlabel.games\/pt\/\"},{\"@type\":\"ListItem\",\"position\":2,\"name\":\"C\u00f3digo promocional\"}]},{\"@type\":\"WebSite\",\"@id\":\"https:\/\/betlabel.games\/pt\/#website\",\"url\":\"https:\/\/betlabel.games\/pt\/\",\"name\":\"Betlabel pt\",\"description\":\"My WordPress Blog\",\"potentialAction\":[{\"@type\":\"SearchAction\",\"target\":{\"@type\":\"EntryPoint\",\"urlTemplate\":\"https:\/\/betlabel.games\/pt\/?s={search_term_string}\"},\"query-input\":{\"@type\":\"PropertyValueSpecification\",\"valueRequired\":true,\"valueName\":\"search_term_string\"}}],\"inLanguage\":\"pt-PT\"}]}<\/script>\n<!-- \/ Yoast SEO plugin. -->","yoast_head_json":{"title":"\ud83c\udf81 C\u00f3digo promocional BetLabel 2026 \ud83c\udfc6 B\u00f3nus de 100%","description":"Receba o b\u00f3nus de boas-vindas com o c\u00f3digo promocional BetLabel durante o seu registo. Saiba como resgatar c\u00f3digos promocionais BetLabel reais para apostar nos seus desportos e jogos favoritos. Como ativar o c\u00f3digo de b\u00f3nus BetLabel","robots":{"index":"index","follow":"follow","max-snippet":"max-snippet:-1","max-image-preview":"max-image-preview:large","max-video-preview":"max-video-preview:-1"},"og_locale":"pt_PT","og_type":"article","og_title":"\ud83c\udf81 C\u00f3digo promocional BetLabel 2026 \ud83c\udfc6 B\u00f3nus de 100%","og_description":"Receba o b\u00f3nus de boas-vindas com o c\u00f3digo promocional BetLabel durante o seu registo. Saiba como resgatar c\u00f3digos promocionais BetLabel reais para apostar nos seus desportos e jogos favoritos. Como ativar o c\u00f3digo de b\u00f3nus BetLabel","og_url":"https:\/\/betlabel.games\/pt\/promo-code\/","og_site_name":"Betlabel pt","article_modified_time":"2026-01-23T16:41:54+00:00","twitter_card":"summary_large_image","schema":{"@context":"https:\/\/schema.org","@graph":[{"@type":"WebPage","@id":"https:\/\/betlabel.games\/pt\/promo-code\/","url":"https:\/\/betlabel.games\/pt\/promo-code\/","name":"\ud83c\udf81 C\u00f3digo promocional BetLabel 2026 \ud83c\udfc6 B\u00f3nus de 100%","isPartOf":{"@id":"https:\/\/betlabel.games\/pt\/#website"},"datePublished":"2024-10-09T14:42:29+00:00","dateModified":"2026-01-23T16:41:54+00:00","description":"Receba o b\u00f3nus de boas-vindas com o c\u00f3digo promocional BetLabel durante o seu registo. Saiba como resgatar c\u00f3digos promocionais BetLabel reais para apostar nos seus desportos e jogos favoritos. Como ativar o c\u00f3digo de b\u00f3nus BetLabel","breadcrumb":{"@id":"https:\/\/betlabel.games\/pt\/promo-code\/#breadcrumb"},"inLanguage":"pt-PT","potentialAction":[{"@type":"ReadAction","target":["https:\/\/betlabel.games\/pt\/promo-code\/"]}]},{"@type":"BreadcrumbList","@id":"https:\/\/betlabel.games\/pt\/promo-code\/#breadcrumb","itemListElement":[{"@type":"ListItem","position":1,"name":"Home","item":"https:\/\/betlabel.games\/pt\/"},{"@type":"ListItem","position":2,"name":"C\u00f3digo promocional"}]},{"@type":"WebSite","@id":"https:\/\/betlabel.games\/pt\/#website","url":"https:\/\/betlabel.games\/pt\/","name":"Betlabel pt","description":"My WordPress Blog","potentialAction":[{"@type":"SearchAction","target":{"@type":"EntryPoint","urlTemplate":"https:\/\/betlabel.games\/pt\/?s={search_term_string}"},"query-input":{"@type":"PropertyValueSpecification","valueRequired":true,"valueName":"search_term_string"}}],"inLanguage":"pt-PT"}]}},"_links":{"self":[{"href":"https:\/\/betlabel.games\/pt\/wp-json\/wp\/v2\/pages\/258","targetHints":{"allow":["GET"]}}],"collection":[{"href":"https:\/\/betlabel.games\/pt\/wp-json\/wp\/v2\/pages"}],"about":[{"href":"https:\/\/betlabel.games\/pt\/wp-json\/wp\/v2\/types\/page"}],"author":[{"embeddable":true,"href":"https:\/\/betlabel.games\/pt\/wp-json\/wp\/v2\/users\/1"}],"replies":[{"embeddable":true,"href":"https:\/\/betlabel.games\/pt\/wp-json\/wp\/v2\/comments?post=258"}],"version-history":[{"count":6,"href":"https:\/\/betlabel.games\/pt\/wp-json\/wp\/v2\/pages\/258\/revisions"}],"predecessor-version":[{"id":1037,"href":"https:\/\/betlabel.games\/pt\/wp-json\/wp\/v2\/pages\/258\/revisions\/1037"}],"wp:attachment":[{"href":"https:\/\/betlabel.games\/pt\/wp-json\/wp\/v2\/media?parent=258"}],"curies":[{"name":"wp","href":"https:\/\/api.w.org\/{rel}","templated":true}]}}