{"id":716,"date":"2025-12-24T12:19:05","date_gmt":"2025-12-24T12:19:05","guid":{"rendered":"https:\/\/betlabel.games\/pt\/?page_id=716"},"modified":"2026-01-26T04:07:17","modified_gmt":"2026-01-26T04:07:17","slug":"ice-hockey-betting","status":"publish","type":"page","link":"https:\/\/betlabel.games\/pt\/ice-hockey-betting\/","title":{"rendered":"H\u00f3quei no gelo"},"content":{"rendered":"","protected":false},"excerpt":{"rendered":"","protected":false},"author":1,"featured_media":0,"parent":0,"menu_order":0,"comment_status":"closed","ping_status":"closed","template":"","meta":{"footnotes":""},"class_list":["post-716","page","type-page","status-publish","hentry"],"yoast_head":"<!-- This site is optimized with the Yoast SEO plugin v27.4 - https:\/\/yoast.com\/product\/yoast-seo-wordpress\/ -->\n<title>\ud83c\udfd2 Apostas em H\u00f3quei BetLabel 2026 \u2744\ufe0f NHL e KHL ao Vivo<\/title>\n<meta name=\"description\" content=\"Apostas em h\u00f3quei na BetLabel \ud83c\udfd2\ud83e\udd45 NHL, KHL, campeonatos mundiais com mais de 1000 mercados. Odds elevadas em handicaps, totais, per\u00edodos. Transmiss\u00f5es ao vivo, estat\u00edsticas e um b\u00f3nus de 100% no seu primeiro dep\u00f3sito!\" \/>\n<meta name=\"robots\" content=\"index, follow, max-snippet:-1, max-image-preview:large, max-video-preview:-1\" \/>\n<meta property=\"og:locale\" content=\"pt_PT\" \/>\n<meta property=\"og:type\" content=\"article\" \/>\n<meta property=\"og:title\" content=\"\ud83c\udfd2 Apostas em H\u00f3quei BetLabel 2026 \u2744\ufe0f NHL e KHL ao Vivo\" \/>\n<meta property=\"og:description\" content=\"Apostas em h\u00f3quei na BetLabel \ud83c\udfd2\ud83e\udd45 NHL, KHL, campeonatos mundiais com mais de 1000 mercados. Odds elevadas em handicaps, totais, per\u00edodos. Transmiss\u00f5es ao vivo, estat\u00edsticas e um b\u00f3nus de 100% no seu primeiro dep\u00f3sito!\" \/>\n<meta property=\"og:url\" content=\"https:\/\/betlabel.games\/pt\/ice-hockey-betting\/\" \/>\n<meta property=\"og:site_name\" content=\"Betlabel pt\" \/>\n<meta property=\"article:modified_time\" content=\"2026-01-26T04:07:17+00:00\" \/>\n<meta name=\"twitter:card\" content=\"summary_large_image\" \/>\n<script type=\"application\/ld+json\" class=\"yoast-schema-graph\">{\"@context\":\"https:\\\/\\\/schema.org\",\"@graph\":[{\"@type\":\"WebPage\",\"@id\":\"https:\\\/\\\/betlabel.games\\\/pt\\\/ice-hockey-betting\\\/\",\"url\":\"https:\\\/\\\/betlabel.games\\\/pt\\\/ice-hockey-betting\\\/\",\"name\":\"\ud83c\udfd2 Apostas em H\u00f3quei BetLabel 2026 \u2744\ufe0f NHL e KHL ao Vivo\",\"isPartOf\":{\"@id\":\"https:\\\/\\\/betlabel.games\\\/pt\\\/#website\"},\"datePublished\":\"2025-12-24T12:19:05+00:00\",\"dateModified\":\"2026-01-26T04:07:17+00:00\",\"description\":\"Apostas em h\u00f3quei na BetLabel \ud83c\udfd2\ud83e\udd45 NHL, KHL, campeonatos mundiais com mais de 1000 mercados. Odds elevadas em handicaps, totais, per\u00edodos. Transmiss\u00f5es ao vivo, estat\u00edsticas e um b\u00f3nus de 100% no seu primeiro dep\u00f3sito!\",\"breadcrumb\":{\"@id\":\"https:\\\/\\\/betlabel.games\\\/pt\\\/ice-hockey-betting\\\/#breadcrumb\"},\"inLanguage\":\"pt-PT\",\"potentialAction\":[{\"@type\":\"ReadAction\",\"target\":[\"https:\\\/\\\/betlabel.games\\\/pt\\\/ice-hockey-betting\\\/\"]}]},{\"@type\":\"BreadcrumbList\",\"@id\":\"https:\\\/\\\/betlabel.games\\\/pt\\\/ice-hockey-betting\\\/#breadcrumb\",\"itemListElement\":[{\"@type\":\"ListItem\",\"position\":1,\"name\":\"Home\",\"item\":\"https:\\\/\\\/betlabel.games\\\/pt\\\/\"},{\"@type\":\"ListItem\",\"position\":2,\"name\":\"H\u00f3quei no gelo\"}]},{\"@type\":\"WebSite\",\"@id\":\"https:\\\/\\\/betlabel.games\\\/pt\\\/#website\",\"url\":\"https:\\\/\\\/betlabel.games\\\/pt\\\/\",\"name\":\"Betlabel pt\",\"description\":\"My WordPress Blog\",\"potentialAction\":[{\"@type\":\"SearchAction\",\"target\":{\"@type\":\"EntryPoint\",\"urlTemplate\":\"https:\\\/\\\/betlabel.games\\\/pt\\\/?s={search_term_string}\"},\"query-input\":{\"@type\":\"PropertyValueSpecification\",\"valueRequired\":true,\"valueName\":\"search_term_string\"}}],\"inLanguage\":\"pt-PT\"}]}<\/script>\n<!-- \/ Yoast SEO plugin. -->","yoast_head_json":{"title":"\ud83c\udfd2 Apostas em H\u00f3quei BetLabel 2026 \u2744\ufe0f NHL e KHL ao Vivo","description":"Apostas em h\u00f3quei na BetLabel \ud83c\udfd2\ud83e\udd45 NHL, KHL, campeonatos mundiais com mais de 1000 mercados. Odds elevadas em handicaps, totais, per\u00edodos. Transmiss\u00f5es ao vivo, estat\u00edsticas e um b\u00f3nus de 100% no seu primeiro dep\u00f3sito!","robots":{"index":"index","follow":"follow","max-snippet":"max-snippet:-1","max-image-preview":"max-image-preview:large","max-video-preview":"max-video-preview:-1"},"og_locale":"pt_PT","og_type":"article","og_title":"\ud83c\udfd2 Apostas em H\u00f3quei BetLabel 2026 \u2744\ufe0f NHL e KHL ao Vivo","og_description":"Apostas em h\u00f3quei na BetLabel \ud83c\udfd2\ud83e\udd45 NHL, KHL, campeonatos mundiais com mais de 1000 mercados. Odds elevadas em handicaps, totais, per\u00edodos. Transmiss\u00f5es ao vivo, estat\u00edsticas e um b\u00f3nus de 100% no seu primeiro dep\u00f3sito!","og_url":"https:\/\/betlabel.games\/pt\/ice-hockey-betting\/","og_site_name":"Betlabel pt","article_modified_time":"2026-01-26T04:07:17+00:00","twitter_card":"summary_large_image","schema":{"@context":"https:\/\/schema.org","@graph":[{"@type":"WebPage","@id":"https:\/\/betlabel.games\/pt\/ice-hockey-betting\/","url":"https:\/\/betlabel.games\/pt\/ice-hockey-betting\/","name":"\ud83c\udfd2 Apostas em H\u00f3quei BetLabel 2026 \u2744\ufe0f NHL e KHL ao Vivo","isPartOf":{"@id":"https:\/\/betlabel.games\/pt\/#website"},"datePublished":"2025-12-24T12:19:05+00:00","dateModified":"2026-01-26T04:07:17+00:00","description":"Apostas em h\u00f3quei na BetLabel \ud83c\udfd2\ud83e\udd45 NHL, KHL, campeonatos mundiais com mais de 1000 mercados. Odds elevadas em handicaps, totais, per\u00edodos. Transmiss\u00f5es ao vivo, estat\u00edsticas e um b\u00f3nus de 100% no seu primeiro dep\u00f3sito!","breadcrumb":{"@id":"https:\/\/betlabel.games\/pt\/ice-hockey-betting\/#breadcrumb"},"inLanguage":"pt-PT","potentialAction":[{"@type":"ReadAction","target":["https:\/\/betlabel.games\/pt\/ice-hockey-betting\/"]}]},{"@type":"BreadcrumbList","@id":"https:\/\/betlabel.games\/pt\/ice-hockey-betting\/#breadcrumb","itemListElement":[{"@type":"ListItem","position":1,"name":"Home","item":"https:\/\/betlabel.games\/pt\/"},{"@type":"ListItem","position":2,"name":"H\u00f3quei no gelo"}]},{"@type":"WebSite","@id":"https:\/\/betlabel.games\/pt\/#website","url":"https:\/\/betlabel.games\/pt\/","name":"Betlabel pt","description":"My WordPress Blog","potentialAction":[{"@type":"SearchAction","target":{"@type":"EntryPoint","urlTemplate":"https:\/\/betlabel.games\/pt\/?s={search_term_string}"},"query-input":{"@type":"PropertyValueSpecification","valueRequired":true,"valueName":"search_term_string"}}],"inLanguage":"pt-PT"}]}},"_links":{"self":[{"href":"https:\/\/betlabel.games\/pt\/wp-json\/wp\/v2\/pages\/716","targetHints":{"allow":["GET"]}}],"collection":[{"href":"https:\/\/betlabel.games\/pt\/wp-json\/wp\/v2\/pages"}],"about":[{"href":"https:\/\/betlabel.games\/pt\/wp-json\/wp\/v2\/types\/page"}],"author":[{"embeddable":true,"href":"https:\/\/betlabel.games\/pt\/wp-json\/wp\/v2\/users\/1"}],"replies":[{"embeddable":true,"href":"https:\/\/betlabel.games\/pt\/wp-json\/wp\/v2\/comments?post=716"}],"version-history":[{"count":4,"href":"https:\/\/betlabel.games\/pt\/wp-json\/wp\/v2\/pages\/716\/revisions"}],"predecessor-version":[{"id":1032,"href":"https:\/\/betlabel.games\/pt\/wp-json\/wp\/v2\/pages\/716\/revisions\/1032"}],"wp:attachment":[{"href":"https:\/\/betlabel.games\/pt\/wp-json\/wp\/v2\/media?parent=716"}],"curies":[{"name":"wp","href":"https:\/\/api.w.org\/{rel}","templated":true}]}}