{"id":777,"date":"2026-01-02T07:26:08","date_gmt":"2026-01-02T07:26:08","guid":{"rendered":"https:\/\/betlabel.games\/pt\/?page_id=777"},"modified":"2026-01-26T04:11:45","modified_gmt":"2026-01-26T04:11:45","slug":"plinko","status":"publish","type":"page","link":"https:\/\/betlabel.games\/pt\/plinko\/","title":{"rendered":"Plinko"},"content":{"rendered":"","protected":false},"excerpt":{"rendered":"","protected":false},"author":1,"featured_media":0,"parent":0,"menu_order":0,"comment_status":"closed","ping_status":"closed","template":"","meta":{"footnotes":""},"class_list":["post-777","page","type-page","status-publish","hentry"],"yoast_head":"<!-- This site is optimized with the Yoast SEO plugin v27.4 - https:\/\/yoast.com\/product\/yoast-seo-wordpress\/ -->\n<title>Jogar Plinko no BetLabel Casino \u26aa\ufe0f Ganhos com Multiplicadores<\/title>\n<meta name=\"description\" content=\"O Plinko na BetLabel \u2714\ufe0f \u00e9 um jogo r\u00e1pido e f\u00e1cil de entender, com bolas que caem e multiplicadores. Apostas m\u00ednimas, controlo de risco, rodadas curtas e jogo conveniente a partir do seu PC ou telem\u00f3vel.\" \/>\n<meta name=\"robots\" content=\"index, follow, max-snippet:-1, max-image-preview:large, max-video-preview:-1\" \/>\n<meta property=\"og:locale\" content=\"pt_PT\" \/>\n<meta property=\"og:type\" content=\"article\" \/>\n<meta property=\"og:title\" content=\"Jogar Plinko no BetLabel Casino \u26aa\ufe0f Ganhos com Multiplicadores\" \/>\n<meta property=\"og:description\" content=\"O Plinko na BetLabel \u2714\ufe0f \u00e9 um jogo r\u00e1pido e f\u00e1cil de entender, com bolas que caem e multiplicadores. Apostas m\u00ednimas, controlo de risco, rodadas curtas e jogo conveniente a partir do seu PC ou telem\u00f3vel.\" \/>\n<meta property=\"og:url\" content=\"https:\/\/betlabel.games\/pt\/plinko\/\" \/>\n<meta property=\"og:site_name\" content=\"Betlabel pt\" \/>\n<meta property=\"article:modified_time\" content=\"2026-01-26T04:11:45+00:00\" \/>\n<meta name=\"twitter:card\" content=\"summary_large_image\" \/>\n<script type=\"application\/ld+json\" class=\"yoast-schema-graph\">{\"@context\":\"https:\\\/\\\/schema.org\",\"@graph\":[{\"@type\":\"WebPage\",\"@id\":\"https:\\\/\\\/betlabel.games\\\/pt\\\/plinko\\\/\",\"url\":\"https:\\\/\\\/betlabel.games\\\/pt\\\/plinko\\\/\",\"name\":\"Jogar Plinko no BetLabel Casino \u26aa\ufe0f Ganhos com Multiplicadores\",\"isPartOf\":{\"@id\":\"https:\\\/\\\/betlabel.games\\\/pt\\\/#website\"},\"datePublished\":\"2026-01-02T07:26:08+00:00\",\"dateModified\":\"2026-01-26T04:11:45+00:00\",\"description\":\"O Plinko na BetLabel \u2714\ufe0f \u00e9 um jogo r\u00e1pido e f\u00e1cil de entender, com bolas que caem e multiplicadores. Apostas m\u00ednimas, controlo de risco, rodadas curtas e jogo conveniente a partir do seu PC ou telem\u00f3vel.\",\"breadcrumb\":{\"@id\":\"https:\\\/\\\/betlabel.games\\\/pt\\\/plinko\\\/#breadcrumb\"},\"inLanguage\":\"pt-PT\",\"potentialAction\":[{\"@type\":\"ReadAction\",\"target\":[\"https:\\\/\\\/betlabel.games\\\/pt\\\/plinko\\\/\"]}]},{\"@type\":\"BreadcrumbList\",\"@id\":\"https:\\\/\\\/betlabel.games\\\/pt\\\/plinko\\\/#breadcrumb\",\"itemListElement\":[{\"@type\":\"ListItem\",\"position\":1,\"name\":\"Home\",\"item\":\"https:\\\/\\\/betlabel.games\\\/pt\\\/\"},{\"@type\":\"ListItem\",\"position\":2,\"name\":\"Plinko\"}]},{\"@type\":\"WebSite\",\"@id\":\"https:\\\/\\\/betlabel.games\\\/pt\\\/#website\",\"url\":\"https:\\\/\\\/betlabel.games\\\/pt\\\/\",\"name\":\"Betlabel pt\",\"description\":\"My WordPress Blog\",\"potentialAction\":[{\"@type\":\"SearchAction\",\"target\":{\"@type\":\"EntryPoint\",\"urlTemplate\":\"https:\\\/\\\/betlabel.games\\\/pt\\\/?s={search_term_string}\"},\"query-input\":{\"@type\":\"PropertyValueSpecification\",\"valueRequired\":true,\"valueName\":\"search_term_string\"}}],\"inLanguage\":\"pt-PT\"}]}<\/script>\n<!-- \/ Yoast SEO plugin. -->","yoast_head_json":{"title":"Jogar Plinko no BetLabel Casino \u26aa\ufe0f Ganhos com Multiplicadores","description":"O Plinko na BetLabel \u2714\ufe0f \u00e9 um jogo r\u00e1pido e f\u00e1cil de entender, com bolas que caem e multiplicadores. Apostas m\u00ednimas, controlo de risco, rodadas curtas e jogo conveniente a partir do seu PC ou telem\u00f3vel.","robots":{"index":"index","follow":"follow","max-snippet":"max-snippet:-1","max-image-preview":"max-image-preview:large","max-video-preview":"max-video-preview:-1"},"og_locale":"pt_PT","og_type":"article","og_title":"Jogar Plinko no BetLabel Casino \u26aa\ufe0f Ganhos com Multiplicadores","og_description":"O Plinko na BetLabel \u2714\ufe0f \u00e9 um jogo r\u00e1pido e f\u00e1cil de entender, com bolas que caem e multiplicadores. Apostas m\u00ednimas, controlo de risco, rodadas curtas e jogo conveniente a partir do seu PC ou telem\u00f3vel.","og_url":"https:\/\/betlabel.games\/pt\/plinko\/","og_site_name":"Betlabel pt","article_modified_time":"2026-01-26T04:11:45+00:00","twitter_card":"summary_large_image","schema":{"@context":"https:\/\/schema.org","@graph":[{"@type":"WebPage","@id":"https:\/\/betlabel.games\/pt\/plinko\/","url":"https:\/\/betlabel.games\/pt\/plinko\/","name":"Jogar Plinko no BetLabel Casino \u26aa\ufe0f Ganhos com Multiplicadores","isPartOf":{"@id":"https:\/\/betlabel.games\/pt\/#website"},"datePublished":"2026-01-02T07:26:08+00:00","dateModified":"2026-01-26T04:11:45+00:00","description":"O Plinko na BetLabel \u2714\ufe0f \u00e9 um jogo r\u00e1pido e f\u00e1cil de entender, com bolas que caem e multiplicadores. Apostas m\u00ednimas, controlo de risco, rodadas curtas e jogo conveniente a partir do seu PC ou telem\u00f3vel.","breadcrumb":{"@id":"https:\/\/betlabel.games\/pt\/plinko\/#breadcrumb"},"inLanguage":"pt-PT","potentialAction":[{"@type":"ReadAction","target":["https:\/\/betlabel.games\/pt\/plinko\/"]}]},{"@type":"BreadcrumbList","@id":"https:\/\/betlabel.games\/pt\/plinko\/#breadcrumb","itemListElement":[{"@type":"ListItem","position":1,"name":"Home","item":"https:\/\/betlabel.games\/pt\/"},{"@type":"ListItem","position":2,"name":"Plinko"}]},{"@type":"WebSite","@id":"https:\/\/betlabel.games\/pt\/#website","url":"https:\/\/betlabel.games\/pt\/","name":"Betlabel pt","description":"My WordPress Blog","potentialAction":[{"@type":"SearchAction","target":{"@type":"EntryPoint","urlTemplate":"https:\/\/betlabel.games\/pt\/?s={search_term_string}"},"query-input":{"@type":"PropertyValueSpecification","valueRequired":true,"valueName":"search_term_string"}}],"inLanguage":"pt-PT"}]}},"_links":{"self":[{"href":"https:\/\/betlabel.games\/pt\/wp-json\/wp\/v2\/pages\/777","targetHints":{"allow":["GET"]}}],"collection":[{"href":"https:\/\/betlabel.games\/pt\/wp-json\/wp\/v2\/pages"}],"about":[{"href":"https:\/\/betlabel.games\/pt\/wp-json\/wp\/v2\/types\/page"}],"author":[{"embeddable":true,"href":"https:\/\/betlabel.games\/pt\/wp-json\/wp\/v2\/users\/1"}],"replies":[{"embeddable":true,"href":"https:\/\/betlabel.games\/pt\/wp-json\/wp\/v2\/comments?post=777"}],"version-history":[{"count":4,"href":"https:\/\/betlabel.games\/pt\/wp-json\/wp\/v2\/pages\/777\/revisions"}],"predecessor-version":[{"id":1035,"href":"https:\/\/betlabel.games\/pt\/wp-json\/wp\/v2\/pages\/777\/revisions\/1035"}],"wp:attachment":[{"href":"https:\/\/betlabel.games\/pt\/wp-json\/wp\/v2\/media?parent=777"}],"curies":[{"name":"wp","href":"https:\/\/api.w.org\/{rel}","templated":true}]}}