{"id":777,"date":"2026-01-02T07:26:08","date_gmt":"2026-01-02T07:26:08","guid":{"rendered":"https:\/\/betlabel.games\/py\/?page_id=777"},"modified":"2026-03-29T17:40:56","modified_gmt":"2026-03-29T17:40:56","slug":"plinko","status":"publish","type":"page","link":"https:\/\/betlabel.games\/py\/plinko\/","title":{"rendered":"Plinko"},"content":{"rendered":"","protected":false},"excerpt":{"rendered":"","protected":false},"author":1,"featured_media":0,"parent":0,"menu_order":0,"comment_status":"closed","ping_status":"closed","template":"","meta":{"footnotes":""},"class_list":["post-777","page","type-page","status-publish","hentry"],"yoast_head":"<!-- This site is optimized with the Yoast SEO plugin v27.4 - https:\/\/yoast.com\/product\/yoast-seo-wordpress\/ -->\n<title>Juega al Plinko en BetLabel Casino \u27a4 un juego sencillo con multiplicadores<\/title>\n<meta name=\"description\" content=\"Plinko en BetLabel Paraguay \u2714\ufe0f es un juego r\u00e1pido y f\u00e1cil de entender con bolas que caen y multiplicadores. Apuestas m\u00ednimas, control del riesgo, rondas cortas y la comodidad de jugar desde tu computadora o tel\u00e9fono.\" \/>\n<meta name=\"robots\" content=\"index, follow, max-snippet:-1, max-image-preview:large, max-video-preview:-1\" \/>\n<meta property=\"og:locale\" content=\"es_ES\" \/>\n<meta property=\"og:type\" content=\"article\" \/>\n<meta property=\"og:title\" content=\"Juega al Plinko en BetLabel Casino \u27a4 un juego sencillo con multiplicadores\" \/>\n<meta property=\"og:description\" content=\"Plinko en BetLabel Paraguay \u2714\ufe0f es un juego r\u00e1pido y f\u00e1cil de entender con bolas que caen y multiplicadores. Apuestas m\u00ednimas, control del riesgo, rondas cortas y la comodidad de jugar desde tu computadora o tel\u00e9fono.\" \/>\n<meta property=\"og:url\" content=\"https:\/\/betlabel.games\/py\/plinko\/\" \/>\n<meta property=\"og:site_name\" content=\"Betlabel py\" \/>\n<meta property=\"article:modified_time\" content=\"2026-03-29T17:40:56+00:00\" \/>\n<meta name=\"twitter:card\" content=\"summary_large_image\" \/>\n<script type=\"application\/ld+json\" class=\"yoast-schema-graph\">{\"@context\":\"https:\\\/\\\/schema.org\",\"@graph\":[{\"@type\":\"WebPage\",\"@id\":\"https:\\\/\\\/betlabel.games\\\/py\\\/plinko\\\/\",\"url\":\"https:\\\/\\\/betlabel.games\\\/py\\\/plinko\\\/\",\"name\":\"Juega al Plinko en BetLabel Casino \u27a4 un juego sencillo con multiplicadores\",\"isPartOf\":{\"@id\":\"https:\\\/\\\/betlabel.games\\\/py\\\/#website\"},\"datePublished\":\"2026-01-02T07:26:08+00:00\",\"dateModified\":\"2026-03-29T17:40:56+00:00\",\"description\":\"Plinko en BetLabel Paraguay \u2714\ufe0f es un juego r\u00e1pido y f\u00e1cil de entender con bolas que caen y multiplicadores. Apuestas m\u00ednimas, control del riesgo, rondas cortas y la comodidad de jugar desde tu computadora o tel\u00e9fono.\",\"breadcrumb\":{\"@id\":\"https:\\\/\\\/betlabel.games\\\/py\\\/plinko\\\/#breadcrumb\"},\"inLanguage\":\"es-PY\",\"potentialAction\":[{\"@type\":\"ReadAction\",\"target\":[\"https:\\\/\\\/betlabel.games\\\/py\\\/plinko\\\/\"]}]},{\"@type\":\"BreadcrumbList\",\"@id\":\"https:\\\/\\\/betlabel.games\\\/py\\\/plinko\\\/#breadcrumb\",\"itemListElement\":[{\"@type\":\"ListItem\",\"position\":1,\"name\":\"Home\",\"item\":\"https:\\\/\\\/betlabel.games\\\/py\\\/\"},{\"@type\":\"ListItem\",\"position\":2,\"name\":\"Plinko\"}]},{\"@type\":\"WebSite\",\"@id\":\"https:\\\/\\\/betlabel.games\\\/py\\\/#website\",\"url\":\"https:\\\/\\\/betlabel.games\\\/py\\\/\",\"name\":\"Betlabel py\",\"description\":\"My WordPress Blog\",\"potentialAction\":[{\"@type\":\"SearchAction\",\"target\":{\"@type\":\"EntryPoint\",\"urlTemplate\":\"https:\\\/\\\/betlabel.games\\\/py\\\/?s={search_term_string}\"},\"query-input\":{\"@type\":\"PropertyValueSpecification\",\"valueRequired\":true,\"valueName\":\"search_term_string\"}}],\"inLanguage\":\"es-PY\"}]}<\/script>\n<!-- \/ Yoast SEO plugin. -->","yoast_head_json":{"title":"Juega al Plinko en BetLabel Casino \u27a4 un juego sencillo con multiplicadores","description":"Plinko en BetLabel Paraguay \u2714\ufe0f es un juego r\u00e1pido y f\u00e1cil de entender con bolas que caen y multiplicadores. Apuestas m\u00ednimas, control del riesgo, rondas cortas y la comodidad de jugar desde tu computadora o tel\u00e9fono.","robots":{"index":"index","follow":"follow","max-snippet":"max-snippet:-1","max-image-preview":"max-image-preview:large","max-video-preview":"max-video-preview:-1"},"og_locale":"es_ES","og_type":"article","og_title":"Juega al Plinko en BetLabel Casino \u27a4 un juego sencillo con multiplicadores","og_description":"Plinko en BetLabel Paraguay \u2714\ufe0f es un juego r\u00e1pido y f\u00e1cil de entender con bolas que caen y multiplicadores. Apuestas m\u00ednimas, control del riesgo, rondas cortas y la comodidad de jugar desde tu computadora o tel\u00e9fono.","og_url":"https:\/\/betlabel.games\/py\/plinko\/","og_site_name":"Betlabel py","article_modified_time":"2026-03-29T17:40:56+00:00","twitter_card":"summary_large_image","schema":{"@context":"https:\/\/schema.org","@graph":[{"@type":"WebPage","@id":"https:\/\/betlabel.games\/py\/plinko\/","url":"https:\/\/betlabel.games\/py\/plinko\/","name":"Juega al Plinko en BetLabel Casino \u27a4 un juego sencillo con multiplicadores","isPartOf":{"@id":"https:\/\/betlabel.games\/py\/#website"},"datePublished":"2026-01-02T07:26:08+00:00","dateModified":"2026-03-29T17:40:56+00:00","description":"Plinko en BetLabel Paraguay \u2714\ufe0f es un juego r\u00e1pido y f\u00e1cil de entender con bolas que caen y multiplicadores. Apuestas m\u00ednimas, control del riesgo, rondas cortas y la comodidad de jugar desde tu computadora o tel\u00e9fono.","breadcrumb":{"@id":"https:\/\/betlabel.games\/py\/plinko\/#breadcrumb"},"inLanguage":"es-PY","potentialAction":[{"@type":"ReadAction","target":["https:\/\/betlabel.games\/py\/plinko\/"]}]},{"@type":"BreadcrumbList","@id":"https:\/\/betlabel.games\/py\/plinko\/#breadcrumb","itemListElement":[{"@type":"ListItem","position":1,"name":"Home","item":"https:\/\/betlabel.games\/py\/"},{"@type":"ListItem","position":2,"name":"Plinko"}]},{"@type":"WebSite","@id":"https:\/\/betlabel.games\/py\/#website","url":"https:\/\/betlabel.games\/py\/","name":"Betlabel py","description":"My WordPress Blog","potentialAction":[{"@type":"SearchAction","target":{"@type":"EntryPoint","urlTemplate":"https:\/\/betlabel.games\/py\/?s={search_term_string}"},"query-input":{"@type":"PropertyValueSpecification","valueRequired":true,"valueName":"search_term_string"}}],"inLanguage":"es-PY"}]}},"_links":{"self":[{"href":"https:\/\/betlabel.games\/py\/wp-json\/wp\/v2\/pages\/777","targetHints":{"allow":["GET"]}}],"collection":[{"href":"https:\/\/betlabel.games\/py\/wp-json\/wp\/v2\/pages"}],"about":[{"href":"https:\/\/betlabel.games\/py\/wp-json\/wp\/v2\/types\/page"}],"author":[{"embeddable":true,"href":"https:\/\/betlabel.games\/py\/wp-json\/wp\/v2\/users\/1"}],"replies":[{"embeddable":true,"href":"https:\/\/betlabel.games\/py\/wp-json\/wp\/v2\/comments?post=777"}],"version-history":[{"count":4,"href":"https:\/\/betlabel.games\/py\/wp-json\/wp\/v2\/pages\/777\/revisions"}],"predecessor-version":[{"id":1200,"href":"https:\/\/betlabel.games\/py\/wp-json\/wp\/v2\/pages\/777\/revisions\/1200"}],"wp:attachment":[{"href":"https:\/\/betlabel.games\/py\/wp-json\/wp\/v2\/media?parent=777"}],"curies":[{"name":"wp","href":"https:\/\/api.w.org\/{rel}","templated":true}]}}