{"id":834,"date":"2026-01-03T13:29:26","date_gmt":"2026-01-03T13:29:26","guid":{"rendered":"https:\/\/betlabel.games\/py\/?page_id=834"},"modified":"2026-03-29T15:01:45","modified_gmt":"2026-03-29T15:01:45","slug":"casino-games","status":"publish","type":"page","link":"https:\/\/betlabel.games\/py\/casino-games\/","title":{"rendered":"Juegos de casino"},"content":{"rendered":"","protected":false},"excerpt":{"rendered":"","protected":false},"author":1,"featured_media":0,"parent":0,"menu_order":0,"comment_status":"closed","ping_status":"closed","template":"","meta":{"footnotes":""},"class_list":["post-834","page","type-page","status-publish","hentry"],"yoast_head":"<!-- This site is optimized with the Yoast SEO plugin v27.4 - https:\/\/yoast.com\/product\/yoast-seo-wordpress\/ -->\n<title>Juegos de BetLabel \u2714\ufe0f tragamonedas, juegos y formatos instant\u00e1neos<\/title>\n<meta name=\"description\" content=\"Descubre los juegos de casino de BetLabel Paraguay \u2b50: tragamonedas modernas, populares juegos de crash y formatos instant\u00e1neos. Interfaz intuitiva, inicio r\u00e1pido de los juegos y una experiencia de juego c\u00f3moda en tu PC o smartphone.\" \/>\n<meta name=\"robots\" content=\"index, follow, max-snippet:-1, max-image-preview:large, max-video-preview:-1\" \/>\n<meta property=\"og:locale\" content=\"es_ES\" \/>\n<meta property=\"og:type\" content=\"article\" \/>\n<meta property=\"og:title\" content=\"Juegos de BetLabel \u2714\ufe0f tragamonedas, juegos y formatos instant\u00e1neos\" \/>\n<meta property=\"og:description\" content=\"Descubre los juegos de casino de BetLabel Paraguay \u2b50: tragamonedas modernas, populares juegos de crash y formatos instant\u00e1neos. Interfaz intuitiva, inicio r\u00e1pido de los juegos y una experiencia de juego c\u00f3moda en tu PC o smartphone.\" \/>\n<meta property=\"og:url\" content=\"https:\/\/betlabel.games\/py\/casino-games\/\" \/>\n<meta property=\"og:site_name\" content=\"Betlabel py\" \/>\n<meta property=\"article:modified_time\" content=\"2026-03-29T15:01:45+00:00\" \/>\n<meta name=\"twitter:card\" content=\"summary_large_image\" \/>\n<script type=\"application\/ld+json\" class=\"yoast-schema-graph\">{\"@context\":\"https:\\\/\\\/schema.org\",\"@graph\":[{\"@type\":\"WebPage\",\"@id\":\"https:\\\/\\\/betlabel.games\\\/py\\\/casino-games\\\/\",\"url\":\"https:\\\/\\\/betlabel.games\\\/py\\\/casino-games\\\/\",\"name\":\"Juegos de BetLabel \u2714\ufe0f tragamonedas, juegos y formatos instant\u00e1neos\",\"isPartOf\":{\"@id\":\"https:\\\/\\\/betlabel.games\\\/py\\\/#website\"},\"datePublished\":\"2026-01-03T13:29:26+00:00\",\"dateModified\":\"2026-03-29T15:01:45+00:00\",\"description\":\"Descubre los juegos de casino de BetLabel Paraguay \u2b50: tragamonedas modernas, populares juegos de crash y formatos instant\u00e1neos. Interfaz intuitiva, inicio r\u00e1pido de los juegos y una experiencia de juego c\u00f3moda en tu PC o smartphone.\",\"breadcrumb\":{\"@id\":\"https:\\\/\\\/betlabel.games\\\/py\\\/casino-games\\\/#breadcrumb\"},\"inLanguage\":\"es-PY\",\"potentialAction\":[{\"@type\":\"ReadAction\",\"target\":[\"https:\\\/\\\/betlabel.games\\\/py\\\/casino-games\\\/\"]}]},{\"@type\":\"BreadcrumbList\",\"@id\":\"https:\\\/\\\/betlabel.games\\\/py\\\/casino-games\\\/#breadcrumb\",\"itemListElement\":[{\"@type\":\"ListItem\",\"position\":1,\"name\":\"Home\",\"item\":\"https:\\\/\\\/betlabel.games\\\/py\\\/\"},{\"@type\":\"ListItem\",\"position\":2,\"name\":\"Juegos de casino\"}]},{\"@type\":\"WebSite\",\"@id\":\"https:\\\/\\\/betlabel.games\\\/py\\\/#website\",\"url\":\"https:\\\/\\\/betlabel.games\\\/py\\\/\",\"name\":\"Betlabel py\",\"description\":\"My WordPress Blog\",\"potentialAction\":[{\"@type\":\"SearchAction\",\"target\":{\"@type\":\"EntryPoint\",\"urlTemplate\":\"https:\\\/\\\/betlabel.games\\\/py\\\/?s={search_term_string}\"},\"query-input\":{\"@type\":\"PropertyValueSpecification\",\"valueRequired\":true,\"valueName\":\"search_term_string\"}}],\"inLanguage\":\"es-PY\"}]}<\/script>\n<!-- \/ Yoast SEO plugin. -->","yoast_head_json":{"title":"Juegos de BetLabel \u2714\ufe0f tragamonedas, juegos y formatos instant\u00e1neos","description":"Descubre los juegos de casino de BetLabel Paraguay \u2b50: tragamonedas modernas, populares juegos de crash y formatos instant\u00e1neos. Interfaz intuitiva, inicio r\u00e1pido de los juegos y una experiencia de juego c\u00f3moda en tu PC o smartphone.","robots":{"index":"index","follow":"follow","max-snippet":"max-snippet:-1","max-image-preview":"max-image-preview:large","max-video-preview":"max-video-preview:-1"},"og_locale":"es_ES","og_type":"article","og_title":"Juegos de BetLabel \u2714\ufe0f tragamonedas, juegos y formatos instant\u00e1neos","og_description":"Descubre los juegos de casino de BetLabel Paraguay \u2b50: tragamonedas modernas, populares juegos de crash y formatos instant\u00e1neos. Interfaz intuitiva, inicio r\u00e1pido de los juegos y una experiencia de juego c\u00f3moda en tu PC o smartphone.","og_url":"https:\/\/betlabel.games\/py\/casino-games\/","og_site_name":"Betlabel py","article_modified_time":"2026-03-29T15:01:45+00:00","twitter_card":"summary_large_image","schema":{"@context":"https:\/\/schema.org","@graph":[{"@type":"WebPage","@id":"https:\/\/betlabel.games\/py\/casino-games\/","url":"https:\/\/betlabel.games\/py\/casino-games\/","name":"Juegos de BetLabel \u2714\ufe0f tragamonedas, juegos y formatos instant\u00e1neos","isPartOf":{"@id":"https:\/\/betlabel.games\/py\/#website"},"datePublished":"2026-01-03T13:29:26+00:00","dateModified":"2026-03-29T15:01:45+00:00","description":"Descubre los juegos de casino de BetLabel Paraguay \u2b50: tragamonedas modernas, populares juegos de crash y formatos instant\u00e1neos. Interfaz intuitiva, inicio r\u00e1pido de los juegos y una experiencia de juego c\u00f3moda en tu PC o smartphone.","breadcrumb":{"@id":"https:\/\/betlabel.games\/py\/casino-games\/#breadcrumb"},"inLanguage":"es-PY","potentialAction":[{"@type":"ReadAction","target":["https:\/\/betlabel.games\/py\/casino-games\/"]}]},{"@type":"BreadcrumbList","@id":"https:\/\/betlabel.games\/py\/casino-games\/#breadcrumb","itemListElement":[{"@type":"ListItem","position":1,"name":"Home","item":"https:\/\/betlabel.games\/py\/"},{"@type":"ListItem","position":2,"name":"Juegos de casino"}]},{"@type":"WebSite","@id":"https:\/\/betlabel.games\/py\/#website","url":"https:\/\/betlabel.games\/py\/","name":"Betlabel py","description":"My WordPress Blog","potentialAction":[{"@type":"SearchAction","target":{"@type":"EntryPoint","urlTemplate":"https:\/\/betlabel.games\/py\/?s={search_term_string}"},"query-input":{"@type":"PropertyValueSpecification","valueRequired":true,"valueName":"search_term_string"}}],"inLanguage":"es-PY"}]}},"_links":{"self":[{"href":"https:\/\/betlabel.games\/py\/wp-json\/wp\/v2\/pages\/834","targetHints":{"allow":["GET"]}}],"collection":[{"href":"https:\/\/betlabel.games\/py\/wp-json\/wp\/v2\/pages"}],"about":[{"href":"https:\/\/betlabel.games\/py\/wp-json\/wp\/v2\/types\/page"}],"author":[{"embeddable":true,"href":"https:\/\/betlabel.games\/py\/wp-json\/wp\/v2\/users\/1"}],"replies":[{"embeddable":true,"href":"https:\/\/betlabel.games\/py\/wp-json\/wp\/v2\/comments?post=834"}],"version-history":[{"count":5,"href":"https:\/\/betlabel.games\/py\/wp-json\/wp\/v2\/pages\/834\/revisions"}],"predecessor-version":[{"id":1171,"href":"https:\/\/betlabel.games\/py\/wp-json\/wp\/v2\/pages\/834\/revisions\/1171"}],"wp:attachment":[{"href":"https:\/\/betlabel.games\/py\/wp-json\/wp\/v2\/media?parent=834"}],"curies":[{"name":"wp","href":"https:\/\/api.w.org\/{rel}","templated":true}]}}