{"id":1069,"date":"2026-03-17T12:33:28","date_gmt":"2026-03-17T12:33:28","guid":{"rendered":"https:\/\/betlabel.games\/ro\/?page_id=1069"},"modified":"2026-04-29T13:02:00","modified_gmt":"2026-04-29T13:02:00","slug":"withdrawal","status":"publish","type":"page","link":"https:\/\/betlabel.games\/ro\/withdrawal\/","title":{"rendered":"Retragere"},"content":{"rendered":"","protected":false},"excerpt":{"rendered":"","protected":false},"author":1,"featured_media":0,"parent":0,"menu_order":0,"comment_status":"closed","ping_status":"closed","template":"","meta":{"footnotes":""},"class_list":["post-1069","page","type-page","status-publish","hentry"],"yoast_head":"<!-- This site is optimized with the Yoast SEO plugin v27.4 - https:\/\/yoast.com\/product\/yoast-seo-wordpress\/ -->\n<title>Ghidul de retragere BetLabel \u2014 S\u0103 retragi bani rapid \u0219i \u00een siguran\u021b\u0103<\/title>\n<meta name=\"description\" content=\"Retragerea fondurilor de la BetLabel este mai u\u0219oar\u0103 dec\u00e2t crezi. Urmeaz\u0103 acest ghid simplu pentru a-\u021bi retrage banii rapid, \u00een siguran\u021b\u0103 \u0219i f\u0103r\u0103 gre\u0219eli frecvente.\" \/>\n<meta name=\"robots\" content=\"index, follow, max-snippet:-1, max-image-preview:large, max-video-preview:-1\" \/>\n<meta property=\"og:locale\" content=\"ro_RO\" \/>\n<meta property=\"og:type\" content=\"article\" \/>\n<meta property=\"og:title\" content=\"Ghidul de retragere BetLabel \u2014 S\u0103 retragi bani rapid \u0219i \u00een siguran\u021b\u0103\" \/>\n<meta property=\"og:description\" content=\"Retragerea fondurilor de la BetLabel este mai u\u0219oar\u0103 dec\u00e2t crezi. Urmeaz\u0103 acest ghid simplu pentru a-\u021bi retrage banii rapid, \u00een siguran\u021b\u0103 \u0219i f\u0103r\u0103 gre\u0219eli frecvente.\" \/>\n<meta property=\"og:url\" content=\"https:\/\/betlabel.games\/ro\/withdrawal\/\" \/>\n<meta property=\"og:site_name\" content=\"Betlabel ro\" \/>\n<meta property=\"article:modified_time\" content=\"2026-04-29T13:02:00+00:00\" \/>\n<meta name=\"twitter:card\" content=\"summary_large_image\" \/>\n<script type=\"application\/ld+json\" class=\"yoast-schema-graph\">{\"@context\":\"https:\\\/\\\/schema.org\",\"@graph\":[{\"@type\":\"WebPage\",\"@id\":\"https:\\\/\\\/betlabel.games\\\/ro\\\/withdrawal\\\/\",\"url\":\"https:\\\/\\\/betlabel.games\\\/ro\\\/withdrawal\\\/\",\"name\":\"Ghidul de retragere BetLabel \u2014 S\u0103 retragi bani rapid \u0219i \u00een siguran\u021b\u0103\",\"isPartOf\":{\"@id\":\"https:\\\/\\\/betlabel.games\\\/ro\\\/#website\"},\"datePublished\":\"2026-03-17T12:33:28+00:00\",\"dateModified\":\"2026-04-29T13:02:00+00:00\",\"description\":\"Retragerea fondurilor de la BetLabel este mai u\u0219oar\u0103 dec\u00e2t crezi. Urmeaz\u0103 acest ghid simplu pentru a-\u021bi retrage banii rapid, \u00een siguran\u021b\u0103 \u0219i f\u0103r\u0103 gre\u0219eli frecvente.\",\"breadcrumb\":{\"@id\":\"https:\\\/\\\/betlabel.games\\\/ro\\\/withdrawal\\\/#breadcrumb\"},\"inLanguage\":\"ro-RO\",\"potentialAction\":[{\"@type\":\"ReadAction\",\"target\":[\"https:\\\/\\\/betlabel.games\\\/ro\\\/withdrawal\\\/\"]}]},{\"@type\":\"BreadcrumbList\",\"@id\":\"https:\\\/\\\/betlabel.games\\\/ro\\\/withdrawal\\\/#breadcrumb\",\"itemListElement\":[{\"@type\":\"ListItem\",\"position\":1,\"name\":\"Home\",\"item\":\"https:\\\/\\\/betlabel.games\\\/ro\\\/\"},{\"@type\":\"ListItem\",\"position\":2,\"name\":\"Retragere\"}]},{\"@type\":\"WebSite\",\"@id\":\"https:\\\/\\\/betlabel.games\\\/ro\\\/#website\",\"url\":\"https:\\\/\\\/betlabel.games\\\/ro\\\/\",\"name\":\"Betlabel ro\",\"description\":\"My WordPress Blog\",\"potentialAction\":[{\"@type\":\"SearchAction\",\"target\":{\"@type\":\"EntryPoint\",\"urlTemplate\":\"https:\\\/\\\/betlabel.games\\\/ro\\\/?s={search_term_string}\"},\"query-input\":{\"@type\":\"PropertyValueSpecification\",\"valueRequired\":true,\"valueName\":\"search_term_string\"}}],\"inLanguage\":\"ro-RO\"}]}<\/script>\n<!-- \/ Yoast SEO plugin. -->","yoast_head_json":{"title":"Ghidul de retragere BetLabel \u2014 S\u0103 retragi bani rapid \u0219i \u00een siguran\u021b\u0103","description":"Retragerea fondurilor de la BetLabel este mai u\u0219oar\u0103 dec\u00e2t crezi. Urmeaz\u0103 acest ghid simplu pentru a-\u021bi retrage banii rapid, \u00een siguran\u021b\u0103 \u0219i f\u0103r\u0103 gre\u0219eli frecvente.","robots":{"index":"index","follow":"follow","max-snippet":"max-snippet:-1","max-image-preview":"max-image-preview:large","max-video-preview":"max-video-preview:-1"},"og_locale":"ro_RO","og_type":"article","og_title":"Ghidul de retragere BetLabel \u2014 S\u0103 retragi bani rapid \u0219i \u00een siguran\u021b\u0103","og_description":"Retragerea fondurilor de la BetLabel este mai u\u0219oar\u0103 dec\u00e2t crezi. Urmeaz\u0103 acest ghid simplu pentru a-\u021bi retrage banii rapid, \u00een siguran\u021b\u0103 \u0219i f\u0103r\u0103 gre\u0219eli frecvente.","og_url":"https:\/\/betlabel.games\/ro\/withdrawal\/","og_site_name":"Betlabel ro","article_modified_time":"2026-04-29T13:02:00+00:00","twitter_card":"summary_large_image","schema":{"@context":"https:\/\/schema.org","@graph":[{"@type":"WebPage","@id":"https:\/\/betlabel.games\/ro\/withdrawal\/","url":"https:\/\/betlabel.games\/ro\/withdrawal\/","name":"Ghidul de retragere BetLabel \u2014 S\u0103 retragi bani rapid \u0219i \u00een siguran\u021b\u0103","isPartOf":{"@id":"https:\/\/betlabel.games\/ro\/#website"},"datePublished":"2026-03-17T12:33:28+00:00","dateModified":"2026-04-29T13:02:00+00:00","description":"Retragerea fondurilor de la BetLabel este mai u\u0219oar\u0103 dec\u00e2t crezi. Urmeaz\u0103 acest ghid simplu pentru a-\u021bi retrage banii rapid, \u00een siguran\u021b\u0103 \u0219i f\u0103r\u0103 gre\u0219eli frecvente.","breadcrumb":{"@id":"https:\/\/betlabel.games\/ro\/withdrawal\/#breadcrumb"},"inLanguage":"ro-RO","potentialAction":[{"@type":"ReadAction","target":["https:\/\/betlabel.games\/ro\/withdrawal\/"]}]},{"@type":"BreadcrumbList","@id":"https:\/\/betlabel.games\/ro\/withdrawal\/#breadcrumb","itemListElement":[{"@type":"ListItem","position":1,"name":"Home","item":"https:\/\/betlabel.games\/ro\/"},{"@type":"ListItem","position":2,"name":"Retragere"}]},{"@type":"WebSite","@id":"https:\/\/betlabel.games\/ro\/#website","url":"https:\/\/betlabel.games\/ro\/","name":"Betlabel ro","description":"My WordPress Blog","potentialAction":[{"@type":"SearchAction","target":{"@type":"EntryPoint","urlTemplate":"https:\/\/betlabel.games\/ro\/?s={search_term_string}"},"query-input":{"@type":"PropertyValueSpecification","valueRequired":true,"valueName":"search_term_string"}}],"inLanguage":"ro-RO"}]}},"_links":{"self":[{"href":"https:\/\/betlabel.games\/ro\/wp-json\/wp\/v2\/pages\/1069","targetHints":{"allow":["GET"]}}],"collection":[{"href":"https:\/\/betlabel.games\/ro\/wp-json\/wp\/v2\/pages"}],"about":[{"href":"https:\/\/betlabel.games\/ro\/wp-json\/wp\/v2\/types\/page"}],"author":[{"embeddable":true,"href":"https:\/\/betlabel.games\/ro\/wp-json\/wp\/v2\/users\/1"}],"replies":[{"embeddable":true,"href":"https:\/\/betlabel.games\/ro\/wp-json\/wp\/v2\/comments?post=1069"}],"version-history":[{"count":5,"href":"https:\/\/betlabel.games\/ro\/wp-json\/wp\/v2\/pages\/1069\/revisions"}],"predecessor-version":[{"id":1259,"href":"https:\/\/betlabel.games\/ro\/wp-json\/wp\/v2\/pages\/1069\/revisions\/1259"}],"wp:attachment":[{"href":"https:\/\/betlabel.games\/ro\/wp-json\/wp\/v2\/media?parent=1069"}],"curies":[{"name":"wp","href":"https:\/\/api.w.org\/{rel}","templated":true}]}}