{"id":1095,"date":"2026-03-19T06:54:43","date_gmt":"2026-03-19T06:54:43","guid":{"rendered":"https:\/\/betlabel.games\/ro\/?page_id=1095"},"modified":"2026-04-29T12:57:32","modified_gmt":"2026-04-29T12:57:32","slug":"welcome-bonus","status":"publish","type":"page","link":"https:\/\/betlabel.games\/ro\/welcome-bonus\/","title":{"rendered":"Bonus de bun venit"},"content":{"rendered":"","protected":false},"excerpt":{"rendered":"","protected":false},"author":1,"featured_media":0,"parent":0,"menu_order":0,"comment_status":"closed","ping_status":"closed","template":"","meta":{"footnotes":""},"class_list":["post-1095","page","type-page","status-publish","hentry"],"yoast_head":"<!-- This site is optimized with the Yoast SEO plugin v27.4 - https:\/\/yoast.com\/product\/yoast-seo-wordpress\/ -->\n<title>Bonus de bun venit BetLabel de p\u00e2n\u0103 la 7000 RON + 150 FS<\/title>\n<meta name=\"description\" content=\"\u00censcrie-te \u0219i prime\u0219ti p\u00e2n\u0103 la 7000 RON + 150 de rotiri gratuite. Depozit minim de 40 RON, retragere rapid\u0103 \u0219i condi\u021bii simple de activare a bonusului.\" \/>\n<meta name=\"robots\" content=\"index, follow, max-snippet:-1, max-image-preview:large, max-video-preview:-1\" \/>\n<meta property=\"og:locale\" content=\"ro_RO\" \/>\n<meta property=\"og:type\" content=\"article\" \/>\n<meta property=\"og:title\" content=\"Bonus de bun venit BetLabel de p\u00e2n\u0103 la 7000 RON + 150 FS\" \/>\n<meta property=\"og:description\" content=\"\u00censcrie-te \u0219i prime\u0219ti p\u00e2n\u0103 la 7000 RON + 150 de rotiri gratuite. Depozit minim de 40 RON, retragere rapid\u0103 \u0219i condi\u021bii simple de activare a bonusului.\" \/>\n<meta property=\"og:url\" content=\"https:\/\/betlabel.games\/ro\/welcome-bonus\/\" \/>\n<meta property=\"og:site_name\" content=\"Betlabel ro\" \/>\n<meta property=\"article:modified_time\" content=\"2026-04-29T12:57:32+00:00\" \/>\n<meta name=\"twitter:card\" content=\"summary_large_image\" \/>\n<script type=\"application\/ld+json\" class=\"yoast-schema-graph\">{\"@context\":\"https:\\\/\\\/schema.org\",\"@graph\":[{\"@type\":\"WebPage\",\"@id\":\"https:\\\/\\\/betlabel.games\\\/ro\\\/welcome-bonus\\\/\",\"url\":\"https:\\\/\\\/betlabel.games\\\/ro\\\/welcome-bonus\\\/\",\"name\":\"Bonus de bun venit BetLabel de p\u00e2n\u0103 la 7000 RON + 150 FS\",\"isPartOf\":{\"@id\":\"https:\\\/\\\/betlabel.games\\\/ro\\\/#website\"},\"datePublished\":\"2026-03-19T06:54:43+00:00\",\"dateModified\":\"2026-04-29T12:57:32+00:00\",\"description\":\"\u00censcrie-te \u0219i prime\u0219ti p\u00e2n\u0103 la 7000 RON + 150 de rotiri gratuite. Depozit minim de 40 RON, retragere rapid\u0103 \u0219i condi\u021bii simple de activare a bonusului.\",\"breadcrumb\":{\"@id\":\"https:\\\/\\\/betlabel.games\\\/ro\\\/welcome-bonus\\\/#breadcrumb\"},\"inLanguage\":\"ro-RO\",\"potentialAction\":[{\"@type\":\"ReadAction\",\"target\":[\"https:\\\/\\\/betlabel.games\\\/ro\\\/welcome-bonus\\\/\"]}]},{\"@type\":\"BreadcrumbList\",\"@id\":\"https:\\\/\\\/betlabel.games\\\/ro\\\/welcome-bonus\\\/#breadcrumb\",\"itemListElement\":[{\"@type\":\"ListItem\",\"position\":1,\"name\":\"Home\",\"item\":\"https:\\\/\\\/betlabel.games\\\/ro\\\/\"},{\"@type\":\"ListItem\",\"position\":2,\"name\":\"Bonus de bun venit\"}]},{\"@type\":\"WebSite\",\"@id\":\"https:\\\/\\\/betlabel.games\\\/ro\\\/#website\",\"url\":\"https:\\\/\\\/betlabel.games\\\/ro\\\/\",\"name\":\"Betlabel ro\",\"description\":\"My WordPress Blog\",\"potentialAction\":[{\"@type\":\"SearchAction\",\"target\":{\"@type\":\"EntryPoint\",\"urlTemplate\":\"https:\\\/\\\/betlabel.games\\\/ro\\\/?s={search_term_string}\"},\"query-input\":{\"@type\":\"PropertyValueSpecification\",\"valueRequired\":true,\"valueName\":\"search_term_string\"}}],\"inLanguage\":\"ro-RO\"}]}<\/script>\n<!-- \/ Yoast SEO plugin. -->","yoast_head_json":{"title":"Bonus de bun venit BetLabel de p\u00e2n\u0103 la 7000 RON + 150 FS","description":"\u00censcrie-te \u0219i prime\u0219ti p\u00e2n\u0103 la 7000 RON + 150 de rotiri gratuite. Depozit minim de 40 RON, retragere rapid\u0103 \u0219i condi\u021bii simple de activare a bonusului.","robots":{"index":"index","follow":"follow","max-snippet":"max-snippet:-1","max-image-preview":"max-image-preview:large","max-video-preview":"max-video-preview:-1"},"og_locale":"ro_RO","og_type":"article","og_title":"Bonus de bun venit BetLabel de p\u00e2n\u0103 la 7000 RON + 150 FS","og_description":"\u00censcrie-te \u0219i prime\u0219ti p\u00e2n\u0103 la 7000 RON + 150 de rotiri gratuite. Depozit minim de 40 RON, retragere rapid\u0103 \u0219i condi\u021bii simple de activare a bonusului.","og_url":"https:\/\/betlabel.games\/ro\/welcome-bonus\/","og_site_name":"Betlabel ro","article_modified_time":"2026-04-29T12:57:32+00:00","twitter_card":"summary_large_image","schema":{"@context":"https:\/\/schema.org","@graph":[{"@type":"WebPage","@id":"https:\/\/betlabel.games\/ro\/welcome-bonus\/","url":"https:\/\/betlabel.games\/ro\/welcome-bonus\/","name":"Bonus de bun venit BetLabel de p\u00e2n\u0103 la 7000 RON + 150 FS","isPartOf":{"@id":"https:\/\/betlabel.games\/ro\/#website"},"datePublished":"2026-03-19T06:54:43+00:00","dateModified":"2026-04-29T12:57:32+00:00","description":"\u00censcrie-te \u0219i prime\u0219ti p\u00e2n\u0103 la 7000 RON + 150 de rotiri gratuite. Depozit minim de 40 RON, retragere rapid\u0103 \u0219i condi\u021bii simple de activare a bonusului.","breadcrumb":{"@id":"https:\/\/betlabel.games\/ro\/welcome-bonus\/#breadcrumb"},"inLanguage":"ro-RO","potentialAction":[{"@type":"ReadAction","target":["https:\/\/betlabel.games\/ro\/welcome-bonus\/"]}]},{"@type":"BreadcrumbList","@id":"https:\/\/betlabel.games\/ro\/welcome-bonus\/#breadcrumb","itemListElement":[{"@type":"ListItem","position":1,"name":"Home","item":"https:\/\/betlabel.games\/ro\/"},{"@type":"ListItem","position":2,"name":"Bonus de bun venit"}]},{"@type":"WebSite","@id":"https:\/\/betlabel.games\/ro\/#website","url":"https:\/\/betlabel.games\/ro\/","name":"Betlabel ro","description":"My WordPress Blog","potentialAction":[{"@type":"SearchAction","target":{"@type":"EntryPoint","urlTemplate":"https:\/\/betlabel.games\/ro\/?s={search_term_string}"},"query-input":{"@type":"PropertyValueSpecification","valueRequired":true,"valueName":"search_term_string"}}],"inLanguage":"ro-RO"}]}},"_links":{"self":[{"href":"https:\/\/betlabel.games\/ro\/wp-json\/wp\/v2\/pages\/1095","targetHints":{"allow":["GET"]}}],"collection":[{"href":"https:\/\/betlabel.games\/ro\/wp-json\/wp\/v2\/pages"}],"about":[{"href":"https:\/\/betlabel.games\/ro\/wp-json\/wp\/v2\/types\/page"}],"author":[{"embeddable":true,"href":"https:\/\/betlabel.games\/ro\/wp-json\/wp\/v2\/users\/1"}],"replies":[{"embeddable":true,"href":"https:\/\/betlabel.games\/ro\/wp-json\/wp\/v2\/comments?post=1095"}],"version-history":[{"count":4,"href":"https:\/\/betlabel.games\/ro\/wp-json\/wp\/v2\/pages\/1095\/revisions"}],"predecessor-version":[{"id":1257,"href":"https:\/\/betlabel.games\/ro\/wp-json\/wp\/v2\/pages\/1095\/revisions\/1257"}],"wp:attachment":[{"href":"https:\/\/betlabel.games\/ro\/wp-json\/wp\/v2\/media?parent=1095"}],"curies":[{"name":"wp","href":"https:\/\/api.w.org\/{rel}","templated":true}]}}