{"id":201,"date":"2024-10-03T12:45:57","date_gmt":"2024-10-03T12:45:57","guid":{"rendered":"https:\/\/betlabel.games\/ro\/?page_id=201"},"modified":"2025-01-14T10:54:01","modified_gmt":"2025-01-14T10:54:01","slug":"bonuses","status":"publish","type":"page","link":"https:\/\/betlabel.games\/ro\/bonuses\/","title":{"rendered":"Bonusuri"},"content":{"rendered":"","protected":false},"excerpt":{"rendered":"","protected":false},"author":1,"featured_media":0,"parent":0,"menu_order":0,"comment_status":"closed","ping_status":"closed","template":"","meta":{"footnotes":""},"class_list":["post-201","page","type-page","status-publish","hentry"],"yoast_head":"<!-- This site is optimized with the Yoast SEO plugin v26.6 - https:\/\/yoast.com\/wordpress\/plugins\/seo\/ -->\n<title>BetLabel Bonus \u1409 Oferte pentru Sport \u0219i CasinoBetLabel Bonus<\/title>\n<meta name=\"description\" content=\"Ob\u021bine\u021bi un pachet de bun venit de 7300 RON plus 150 de rotiri gratuite la BetLabel - Descoperi\u021bi toate Bonusurile Casino &amp; Promo\u021biile Pariurilor - Cashback VIP - Pariuri Gratuite - Oferte S\u0103pt\u0103m\u00e2nale - Al\u0103tura\u021bi-v\u0103 BetLabel Rom\u00e2nia \u0219i primi\u021bi bonusuri exclusive \u00een fiecare zi\" \/>\n<meta name=\"robots\" content=\"index, follow, max-snippet:-1, max-image-preview:large, max-video-preview:-1\" \/>\n<meta property=\"og:locale\" content=\"ro_RO\" \/>\n<meta property=\"og:type\" content=\"article\" \/>\n<meta property=\"og:title\" content=\"BetLabel Bonus \u1409 Oferte pentru Sport \u0219i CasinoBetLabel Bonus\" \/>\n<meta property=\"og:description\" content=\"Ob\u021bine\u021bi un pachet de bun venit de 7300 RON plus 150 de rotiri gratuite la BetLabel - Descoperi\u021bi toate Bonusurile Casino &amp; Promo\u021biile Pariurilor - Cashback VIP - Pariuri Gratuite - Oferte S\u0103pt\u0103m\u00e2nale - Al\u0103tura\u021bi-v\u0103 BetLabel Rom\u00e2nia \u0219i primi\u021bi bonusuri exclusive \u00een fiecare zi\" \/>\n<meta property=\"og:url\" content=\"https:\/\/betlabel.games\/ro\/bonuses\/\" \/>\n<meta property=\"og:site_name\" content=\"Betlabel ro\" \/>\n<meta property=\"article:modified_time\" content=\"2025-01-14T10:54:01+00:00\" \/>\n<meta name=\"twitter:card\" content=\"summary_large_image\" \/>\n<script type=\"application\/ld+json\" class=\"yoast-schema-graph\">{\"@context\":\"https:\/\/schema.org\",\"@graph\":[{\"@type\":\"WebPage\",\"@id\":\"https:\/\/betlabel.games\/ro\/bonuses\/\",\"url\":\"https:\/\/betlabel.games\/ro\/bonuses\/\",\"name\":\"BetLabel Bonus \u1409 Oferte pentru Sport \u0219i CasinoBetLabel Bonus\",\"isPartOf\":{\"@id\":\"https:\/\/betlabel.games\/ro\/#website\"},\"datePublished\":\"2024-10-03T12:45:57+00:00\",\"dateModified\":\"2025-01-14T10:54:01+00:00\",\"description\":\"Ob\u021bine\u021bi un pachet de bun venit de 7300 RON plus 150 de rotiri gratuite la BetLabel - Descoperi\u021bi toate Bonusurile Casino & Promo\u021biile Pariurilor - Cashback VIP - Pariuri Gratuite - Oferte S\u0103pt\u0103m\u00e2nale - Al\u0103tura\u021bi-v\u0103 BetLabel Rom\u00e2nia \u0219i primi\u021bi bonusuri exclusive \u00een fiecare zi\",\"breadcrumb\":{\"@id\":\"https:\/\/betlabel.games\/ro\/bonuses\/#breadcrumb\"},\"inLanguage\":\"ro-RO\",\"potentialAction\":[{\"@type\":\"ReadAction\",\"target\":[\"https:\/\/betlabel.games\/ro\/bonuses\/\"]}]},{\"@type\":\"BreadcrumbList\",\"@id\":\"https:\/\/betlabel.games\/ro\/bonuses\/#breadcrumb\",\"itemListElement\":[{\"@type\":\"ListItem\",\"position\":1,\"name\":\"Home\",\"item\":\"https:\/\/betlabel.games\/ro\/\"},{\"@type\":\"ListItem\",\"position\":2,\"name\":\"Bonusuri\"}]},{\"@type\":\"WebSite\",\"@id\":\"https:\/\/betlabel.games\/ro\/#website\",\"url\":\"https:\/\/betlabel.games\/ro\/\",\"name\":\"Betlabel ro\",\"description\":\"My WordPress Blog\",\"potentialAction\":[{\"@type\":\"SearchAction\",\"target\":{\"@type\":\"EntryPoint\",\"urlTemplate\":\"https:\/\/betlabel.games\/ro\/?s={search_term_string}\"},\"query-input\":{\"@type\":\"PropertyValueSpecification\",\"valueRequired\":true,\"valueName\":\"search_term_string\"}}],\"inLanguage\":\"ro-RO\"}]}<\/script>\n<!-- \/ Yoast SEO plugin. -->","yoast_head_json":{"title":"BetLabel Bonus \u1409 Oferte pentru Sport \u0219i CasinoBetLabel Bonus","description":"Ob\u021bine\u021bi un pachet de bun venit de 7300 RON plus 150 de rotiri gratuite la BetLabel - Descoperi\u021bi toate Bonusurile Casino & Promo\u021biile Pariurilor - Cashback VIP - Pariuri Gratuite - Oferte S\u0103pt\u0103m\u00e2nale - Al\u0103tura\u021bi-v\u0103 BetLabel Rom\u00e2nia \u0219i primi\u021bi bonusuri exclusive \u00een fiecare zi","robots":{"index":"index","follow":"follow","max-snippet":"max-snippet:-1","max-image-preview":"max-image-preview:large","max-video-preview":"max-video-preview:-1"},"og_locale":"ro_RO","og_type":"article","og_title":"BetLabel Bonus \u1409 Oferte pentru Sport \u0219i CasinoBetLabel Bonus","og_description":"Ob\u021bine\u021bi un pachet de bun venit de 7300 RON plus 150 de rotiri gratuite la BetLabel - Descoperi\u021bi toate Bonusurile Casino & Promo\u021biile Pariurilor - Cashback VIP - Pariuri Gratuite - Oferte S\u0103pt\u0103m\u00e2nale - Al\u0103tura\u021bi-v\u0103 BetLabel Rom\u00e2nia \u0219i primi\u021bi bonusuri exclusive \u00een fiecare zi","og_url":"https:\/\/betlabel.games\/ro\/bonuses\/","og_site_name":"Betlabel ro","article_modified_time":"2025-01-14T10:54:01+00:00","twitter_card":"summary_large_image","schema":{"@context":"https:\/\/schema.org","@graph":[{"@type":"WebPage","@id":"https:\/\/betlabel.games\/ro\/bonuses\/","url":"https:\/\/betlabel.games\/ro\/bonuses\/","name":"BetLabel Bonus \u1409 Oferte pentru Sport \u0219i CasinoBetLabel Bonus","isPartOf":{"@id":"https:\/\/betlabel.games\/ro\/#website"},"datePublished":"2024-10-03T12:45:57+00:00","dateModified":"2025-01-14T10:54:01+00:00","description":"Ob\u021bine\u021bi un pachet de bun venit de 7300 RON plus 150 de rotiri gratuite la BetLabel - Descoperi\u021bi toate Bonusurile Casino & Promo\u021biile Pariurilor - Cashback VIP - Pariuri Gratuite - Oferte S\u0103pt\u0103m\u00e2nale - Al\u0103tura\u021bi-v\u0103 BetLabel Rom\u00e2nia \u0219i primi\u021bi bonusuri exclusive \u00een fiecare zi","breadcrumb":{"@id":"https:\/\/betlabel.games\/ro\/bonuses\/#breadcrumb"},"inLanguage":"ro-RO","potentialAction":[{"@type":"ReadAction","target":["https:\/\/betlabel.games\/ro\/bonuses\/"]}]},{"@type":"BreadcrumbList","@id":"https:\/\/betlabel.games\/ro\/bonuses\/#breadcrumb","itemListElement":[{"@type":"ListItem","position":1,"name":"Home","item":"https:\/\/betlabel.games\/ro\/"},{"@type":"ListItem","position":2,"name":"Bonusuri"}]},{"@type":"WebSite","@id":"https:\/\/betlabel.games\/ro\/#website","url":"https:\/\/betlabel.games\/ro\/","name":"Betlabel ro","description":"My WordPress Blog","potentialAction":[{"@type":"SearchAction","target":{"@type":"EntryPoint","urlTemplate":"https:\/\/betlabel.games\/ro\/?s={search_term_string}"},"query-input":{"@type":"PropertyValueSpecification","valueRequired":true,"valueName":"search_term_string"}}],"inLanguage":"ro-RO"}]}},"_links":{"self":[{"href":"https:\/\/betlabel.games\/ro\/wp-json\/wp\/v2\/pages\/201","targetHints":{"allow":["GET"]}}],"collection":[{"href":"https:\/\/betlabel.games\/ro\/wp-json\/wp\/v2\/pages"}],"about":[{"href":"https:\/\/betlabel.games\/ro\/wp-json\/wp\/v2\/types\/page"}],"author":[{"embeddable":true,"href":"https:\/\/betlabel.games\/ro\/wp-json\/wp\/v2\/users\/1"}],"replies":[{"embeddable":true,"href":"https:\/\/betlabel.games\/ro\/wp-json\/wp\/v2\/comments?post=201"}],"version-history":[{"count":1,"href":"https:\/\/betlabel.games\/ro\/wp-json\/wp\/v2\/pages\/201\/revisions"}],"predecessor-version":[{"id":417,"href":"https:\/\/betlabel.games\/ro\/wp-json\/wp\/v2\/pages\/201\/revisions\/417"}],"wp:attachment":[{"href":"https:\/\/betlabel.games\/ro\/wp-json\/wp\/v2\/media?parent=201"}],"curies":[{"name":"wp","href":"https:\/\/api.w.org\/{rel}","templated":true}]}}