{"id":453,"date":"2025-06-13T07:40:56","date_gmt":"2025-06-13T07:40:56","guid":{"rendered":"https:\/\/betlabel.games\/?page_id=447"},"modified":"2025-11-13T12:11:52","modified_gmt":"2025-11-13T12:11:52","slug":"sports-cashback","status":"publish","type":"page","link":"https:\/\/betlabel.games\/ro\/bonuses\/sports-cashback\/","title":{"rendered":"Cashback pentru sport"},"content":{"rendered":"","protected":false},"excerpt":{"rendered":"","protected":false},"author":1,"featured_media":0,"parent":201,"menu_order":0,"comment_status":"closed","ping_status":"closed","template":"","meta":{"footnotes":""},"class_list":["post-453","page","type-page","status-publish","hentry"],"yoast_head":"<!-- This site is optimized with the Yoast SEO plugin v26.6 - https:\/\/yoast.com\/wordpress\/plugins\/seo\/ -->\n<title>Cashback pentru pariuri sportive BetLabel | 3% din pierderi \u00eenapoi<\/title>\n<meta name=\"description\" content=\"Nu rata\u021bi \u0219ansa de a recupera o parte din pierderile dvs. cu cashback de la BetLabel! Recupera\u021bi 3% din pariurile dvs. \u00een fiecare s\u0103pt\u0103m\u00e2n\u0103, f\u0103r\u0103 a fi necesare depuneri suplimentare.\" \/>\n<meta name=\"robots\" content=\"index, follow, max-snippet:-1, max-image-preview:large, max-video-preview:-1\" \/>\n<meta property=\"og:locale\" content=\"ro_RO\" \/>\n<meta property=\"og:type\" content=\"article\" \/>\n<meta property=\"og:title\" content=\"Cashback pentru pariuri sportive BetLabel | 3% din pierderi \u00eenapoi\" \/>\n<meta property=\"og:description\" content=\"Nu rata\u021bi \u0219ansa de a recupera o parte din pierderile dvs. cu cashback de la BetLabel! Recupera\u021bi 3% din pariurile dvs. \u00een fiecare s\u0103pt\u0103m\u00e2n\u0103, f\u0103r\u0103 a fi necesare depuneri suplimentare.\" \/>\n<meta property=\"og:url\" content=\"https:\/\/betlabel.games\/ro\/bonuses\/sports-cashback\/\" \/>\n<meta property=\"og:site_name\" content=\"Betlabel ro\" \/>\n<meta property=\"article:modified_time\" content=\"2025-11-13T12:11:52+00:00\" \/>\n<meta name=\"twitter:card\" content=\"summary_large_image\" \/>\n<script type=\"application\/ld+json\" class=\"yoast-schema-graph\">{\"@context\":\"https:\/\/schema.org\",\"@graph\":[{\"@type\":\"WebPage\",\"@id\":\"https:\/\/betlabel.games\/ro\/bonuses\/sports-cashback\/\",\"url\":\"https:\/\/betlabel.games\/ro\/bonuses\/sports-cashback\/\",\"name\":\"Cashback pentru pariuri sportive BetLabel | 3% din pierderi \u00eenapoi\",\"isPartOf\":{\"@id\":\"https:\/\/betlabel.games\/ro\/#website\"},\"datePublished\":\"2025-06-13T07:40:56+00:00\",\"dateModified\":\"2025-11-13T12:11:52+00:00\",\"description\":\"Nu rata\u021bi \u0219ansa de a recupera o parte din pierderile dvs. cu cashback de la BetLabel! Recupera\u021bi 3% din pariurile dvs. \u00een fiecare s\u0103pt\u0103m\u00e2n\u0103, f\u0103r\u0103 a fi necesare depuneri suplimentare.\",\"breadcrumb\":{\"@id\":\"https:\/\/betlabel.games\/ro\/bonuses\/sports-cashback\/#breadcrumb\"},\"inLanguage\":\"ro-RO\",\"potentialAction\":[{\"@type\":\"ReadAction\",\"target\":[\"https:\/\/betlabel.games\/ro\/bonuses\/sports-cashback\/\"]}]},{\"@type\":\"BreadcrumbList\",\"@id\":\"https:\/\/betlabel.games\/ro\/bonuses\/sports-cashback\/#breadcrumb\",\"itemListElement\":[{\"@type\":\"ListItem\",\"position\":1,\"name\":\"Home\",\"item\":\"https:\/\/betlabel.games\/ro\/\"},{\"@type\":\"ListItem\",\"position\":2,\"name\":\"Bonusuri\",\"item\":\"https:\/\/betlabel.games\/ro\/bonuses\/\"},{\"@type\":\"ListItem\",\"position\":3,\"name\":\"Cashback pentru sport\"}]},{\"@type\":\"WebSite\",\"@id\":\"https:\/\/betlabel.games\/ro\/#website\",\"url\":\"https:\/\/betlabel.games\/ro\/\",\"name\":\"Betlabel ro\",\"description\":\"My WordPress Blog\",\"potentialAction\":[{\"@type\":\"SearchAction\",\"target\":{\"@type\":\"EntryPoint\",\"urlTemplate\":\"https:\/\/betlabel.games\/ro\/?s={search_term_string}\"},\"query-input\":{\"@type\":\"PropertyValueSpecification\",\"valueRequired\":true,\"valueName\":\"search_term_string\"}}],\"inLanguage\":\"ro-RO\"}]}<\/script>\n<!-- \/ Yoast SEO plugin. -->","yoast_head_json":{"title":"Cashback pentru pariuri sportive BetLabel | 3% din pierderi \u00eenapoi","description":"Nu rata\u021bi \u0219ansa de a recupera o parte din pierderile dvs. cu cashback de la BetLabel! Recupera\u021bi 3% din pariurile dvs. \u00een fiecare s\u0103pt\u0103m\u00e2n\u0103, f\u0103r\u0103 a fi necesare depuneri suplimentare.","robots":{"index":"index","follow":"follow","max-snippet":"max-snippet:-1","max-image-preview":"max-image-preview:large","max-video-preview":"max-video-preview:-1"},"og_locale":"ro_RO","og_type":"article","og_title":"Cashback pentru pariuri sportive BetLabel | 3% din pierderi \u00eenapoi","og_description":"Nu rata\u021bi \u0219ansa de a recupera o parte din pierderile dvs. cu cashback de la BetLabel! Recupera\u021bi 3% din pariurile dvs. \u00een fiecare s\u0103pt\u0103m\u00e2n\u0103, f\u0103r\u0103 a fi necesare depuneri suplimentare.","og_url":"https:\/\/betlabel.games\/ro\/bonuses\/sports-cashback\/","og_site_name":"Betlabel ro","article_modified_time":"2025-11-13T12:11:52+00:00","twitter_card":"summary_large_image","schema":{"@context":"https:\/\/schema.org","@graph":[{"@type":"WebPage","@id":"https:\/\/betlabel.games\/ro\/bonuses\/sports-cashback\/","url":"https:\/\/betlabel.games\/ro\/bonuses\/sports-cashback\/","name":"Cashback pentru pariuri sportive BetLabel | 3% din pierderi \u00eenapoi","isPartOf":{"@id":"https:\/\/betlabel.games\/ro\/#website"},"datePublished":"2025-06-13T07:40:56+00:00","dateModified":"2025-11-13T12:11:52+00:00","description":"Nu rata\u021bi \u0219ansa de a recupera o parte din pierderile dvs. cu cashback de la BetLabel! Recupera\u021bi 3% din pariurile dvs. \u00een fiecare s\u0103pt\u0103m\u00e2n\u0103, f\u0103r\u0103 a fi necesare depuneri suplimentare.","breadcrumb":{"@id":"https:\/\/betlabel.games\/ro\/bonuses\/sports-cashback\/#breadcrumb"},"inLanguage":"ro-RO","potentialAction":[{"@type":"ReadAction","target":["https:\/\/betlabel.games\/ro\/bonuses\/sports-cashback\/"]}]},{"@type":"BreadcrumbList","@id":"https:\/\/betlabel.games\/ro\/bonuses\/sports-cashback\/#breadcrumb","itemListElement":[{"@type":"ListItem","position":1,"name":"Home","item":"https:\/\/betlabel.games\/ro\/"},{"@type":"ListItem","position":2,"name":"Bonusuri","item":"https:\/\/betlabel.games\/ro\/bonuses\/"},{"@type":"ListItem","position":3,"name":"Cashback pentru sport"}]},{"@type":"WebSite","@id":"https:\/\/betlabel.games\/ro\/#website","url":"https:\/\/betlabel.games\/ro\/","name":"Betlabel ro","description":"My WordPress Blog","potentialAction":[{"@type":"SearchAction","target":{"@type":"EntryPoint","urlTemplate":"https:\/\/betlabel.games\/ro\/?s={search_term_string}"},"query-input":{"@type":"PropertyValueSpecification","valueRequired":true,"valueName":"search_term_string"}}],"inLanguage":"ro-RO"}]}},"_links":{"self":[{"href":"https:\/\/betlabel.games\/ro\/wp-json\/wp\/v2\/pages\/453","targetHints":{"allow":["GET"]}}],"collection":[{"href":"https:\/\/betlabel.games\/ro\/wp-json\/wp\/v2\/pages"}],"about":[{"href":"https:\/\/betlabel.games\/ro\/wp-json\/wp\/v2\/types\/page"}],"author":[{"embeddable":true,"href":"https:\/\/betlabel.games\/ro\/wp-json\/wp\/v2\/users\/1"}],"replies":[{"embeddable":true,"href":"https:\/\/betlabel.games\/ro\/wp-json\/wp\/v2\/comments?post=453"}],"version-history":[{"count":2,"href":"https:\/\/betlabel.games\/ro\/wp-json\/wp\/v2\/pages\/453\/revisions"}],"predecessor-version":[{"id":462,"href":"https:\/\/betlabel.games\/ro\/wp-json\/wp\/v2\/pages\/453\/revisions\/462"}],"up":[{"embeddable":true,"href":"https:\/\/betlabel.games\/ro\/wp-json\/wp\/v2\/pages\/201"}],"wp:attachment":[{"href":"https:\/\/betlabel.games\/ro\/wp-json\/wp\/v2\/media?parent=453"}],"curies":[{"name":"wp","href":"https:\/\/api.w.org\/{rel}","templated":true}]}}