{"id":766,"date":"2026-01-02T06:25:53","date_gmt":"2026-01-02T06:25:53","guid":{"rendered":"https:\/\/betlabel.games\/ro\/?page_id=766"},"modified":"2026-04-29T05:07:48","modified_gmt":"2026-04-29T05:07:48","slug":"aviator-game","status":"publish","type":"page","link":"https:\/\/betlabel.games\/ro\/aviator-game\/","title":{"rendered":"Aviator"},"content":{"rendered":"","protected":false},"excerpt":{"rendered":"","protected":false},"author":1,"featured_media":0,"parent":0,"menu_order":0,"comment_status":"closed","ping_status":"closed","template":"","meta":{"footnotes":""},"class_list":["post-766","page","type-page","status-publish","hentry"],"yoast_head":"<!-- This site is optimized with the Yoast SEO plugin v27.4 - https:\/\/yoast.com\/product\/yoast-seo-wordpress\/ -->\n<title>Aviator la BetLabel \u2014 un joc de tip \u201ecrash\u201d cu cote \u00een cre\u0219tere<\/title>\n<meta name=\"description\" content=\"Joac\u0103 Aviator la BetLabel Casino \u2014 Un joc de tip \u201ecrash\u201d popular, cu un multiplicator \u00een cre\u0219tere, func\u021bia \u201eCash Out\u201d \u0219i mize mari. Afl\u0103 regulile, strategiile \u0219i cum s\u0103 \u00eencepi s\u0103 joci.\" \/>\n<meta name=\"robots\" content=\"index, follow, max-snippet:-1, max-image-preview:large, max-video-preview:-1\" \/>\n<meta property=\"og:locale\" content=\"ro_RO\" \/>\n<meta property=\"og:type\" content=\"article\" \/>\n<meta property=\"og:title\" content=\"Aviator la BetLabel \u2014 un joc de tip \u201ecrash\u201d cu cote \u00een cre\u0219tere\" \/>\n<meta property=\"og:description\" content=\"Joac\u0103 Aviator la BetLabel Casino \u2014 Un joc de tip \u201ecrash\u201d popular, cu un multiplicator \u00een cre\u0219tere, func\u021bia \u201eCash Out\u201d \u0219i mize mari. Afl\u0103 regulile, strategiile \u0219i cum s\u0103 \u00eencepi s\u0103 joci.\" \/>\n<meta property=\"og:url\" content=\"https:\/\/betlabel.games\/ro\/aviator-game\/\" \/>\n<meta property=\"og:site_name\" content=\"Betlabel ro\" \/>\n<meta property=\"article:modified_time\" content=\"2026-04-29T05:07:48+00:00\" \/>\n<meta name=\"twitter:card\" content=\"summary_large_image\" \/>\n<script type=\"application\/ld+json\" class=\"yoast-schema-graph\">{\"@context\":\"https:\\\/\\\/schema.org\",\"@graph\":[{\"@type\":\"WebPage\",\"@id\":\"https:\\\/\\\/betlabel.games\\\/ro\\\/aviator-game\\\/\",\"url\":\"https:\\\/\\\/betlabel.games\\\/ro\\\/aviator-game\\\/\",\"name\":\"Aviator la BetLabel \u2014 un joc de tip \u201ecrash\u201d cu cote \u00een cre\u0219tere\",\"isPartOf\":{\"@id\":\"https:\\\/\\\/betlabel.games\\\/ro\\\/#website\"},\"datePublished\":\"2026-01-02T06:25:53+00:00\",\"dateModified\":\"2026-04-29T05:07:48+00:00\",\"description\":\"Joac\u0103 Aviator la BetLabel Casino \u2014 Un joc de tip \u201ecrash\u201d popular, cu un multiplicator \u00een cre\u0219tere, func\u021bia \u201eCash Out\u201d \u0219i mize mari. Afl\u0103 regulile, strategiile \u0219i cum s\u0103 \u00eencepi s\u0103 joci.\",\"breadcrumb\":{\"@id\":\"https:\\\/\\\/betlabel.games\\\/ro\\\/aviator-game\\\/#breadcrumb\"},\"inLanguage\":\"ro-RO\",\"potentialAction\":[{\"@type\":\"ReadAction\",\"target\":[\"https:\\\/\\\/betlabel.games\\\/ro\\\/aviator-game\\\/\"]}]},{\"@type\":\"BreadcrumbList\",\"@id\":\"https:\\\/\\\/betlabel.games\\\/ro\\\/aviator-game\\\/#breadcrumb\",\"itemListElement\":[{\"@type\":\"ListItem\",\"position\":1,\"name\":\"Home\",\"item\":\"https:\\\/\\\/betlabel.games\\\/ro\\\/\"},{\"@type\":\"ListItem\",\"position\":2,\"name\":\"Aviator\"}]},{\"@type\":\"WebSite\",\"@id\":\"https:\\\/\\\/betlabel.games\\\/ro\\\/#website\",\"url\":\"https:\\\/\\\/betlabel.games\\\/ro\\\/\",\"name\":\"Betlabel ro\",\"description\":\"My WordPress Blog\",\"potentialAction\":[{\"@type\":\"SearchAction\",\"target\":{\"@type\":\"EntryPoint\",\"urlTemplate\":\"https:\\\/\\\/betlabel.games\\\/ro\\\/?s={search_term_string}\"},\"query-input\":{\"@type\":\"PropertyValueSpecification\",\"valueRequired\":true,\"valueName\":\"search_term_string\"}}],\"inLanguage\":\"ro-RO\"}]}<\/script>\n<!-- \/ Yoast SEO plugin. -->","yoast_head_json":{"title":"Aviator la BetLabel \u2014 un joc de tip \u201ecrash\u201d cu cote \u00een cre\u0219tere","description":"Joac\u0103 Aviator la BetLabel Casino \u2014 Un joc de tip \u201ecrash\u201d popular, cu un multiplicator \u00een cre\u0219tere, func\u021bia \u201eCash Out\u201d \u0219i mize mari. Afl\u0103 regulile, strategiile \u0219i cum s\u0103 \u00eencepi s\u0103 joci.","robots":{"index":"index","follow":"follow","max-snippet":"max-snippet:-1","max-image-preview":"max-image-preview:large","max-video-preview":"max-video-preview:-1"},"og_locale":"ro_RO","og_type":"article","og_title":"Aviator la BetLabel \u2014 un joc de tip \u201ecrash\u201d cu cote \u00een cre\u0219tere","og_description":"Joac\u0103 Aviator la BetLabel Casino \u2014 Un joc de tip \u201ecrash\u201d popular, cu un multiplicator \u00een cre\u0219tere, func\u021bia \u201eCash Out\u201d \u0219i mize mari. Afl\u0103 regulile, strategiile \u0219i cum s\u0103 \u00eencepi s\u0103 joci.","og_url":"https:\/\/betlabel.games\/ro\/aviator-game\/","og_site_name":"Betlabel ro","article_modified_time":"2026-04-29T05:07:48+00:00","twitter_card":"summary_large_image","schema":{"@context":"https:\/\/schema.org","@graph":[{"@type":"WebPage","@id":"https:\/\/betlabel.games\/ro\/aviator-game\/","url":"https:\/\/betlabel.games\/ro\/aviator-game\/","name":"Aviator la BetLabel \u2014 un joc de tip \u201ecrash\u201d cu cote \u00een cre\u0219tere","isPartOf":{"@id":"https:\/\/betlabel.games\/ro\/#website"},"datePublished":"2026-01-02T06:25:53+00:00","dateModified":"2026-04-29T05:07:48+00:00","description":"Joac\u0103 Aviator la BetLabel Casino \u2014 Un joc de tip \u201ecrash\u201d popular, cu un multiplicator \u00een cre\u0219tere, func\u021bia \u201eCash Out\u201d \u0219i mize mari. Afl\u0103 regulile, strategiile \u0219i cum s\u0103 \u00eencepi s\u0103 joci.","breadcrumb":{"@id":"https:\/\/betlabel.games\/ro\/aviator-game\/#breadcrumb"},"inLanguage":"ro-RO","potentialAction":[{"@type":"ReadAction","target":["https:\/\/betlabel.games\/ro\/aviator-game\/"]}]},{"@type":"BreadcrumbList","@id":"https:\/\/betlabel.games\/ro\/aviator-game\/#breadcrumb","itemListElement":[{"@type":"ListItem","position":1,"name":"Home","item":"https:\/\/betlabel.games\/ro\/"},{"@type":"ListItem","position":2,"name":"Aviator"}]},{"@type":"WebSite","@id":"https:\/\/betlabel.games\/ro\/#website","url":"https:\/\/betlabel.games\/ro\/","name":"Betlabel ro","description":"My WordPress Blog","potentialAction":[{"@type":"SearchAction","target":{"@type":"EntryPoint","urlTemplate":"https:\/\/betlabel.games\/ro\/?s={search_term_string}"},"query-input":{"@type":"PropertyValueSpecification","valueRequired":true,"valueName":"search_term_string"}}],"inLanguage":"ro-RO"}]}},"_links":{"self":[{"href":"https:\/\/betlabel.games\/ro\/wp-json\/wp\/v2\/pages\/766","targetHints":{"allow":["GET"]}}],"collection":[{"href":"https:\/\/betlabel.games\/ro\/wp-json\/wp\/v2\/pages"}],"about":[{"href":"https:\/\/betlabel.games\/ro\/wp-json\/wp\/v2\/types\/page"}],"author":[{"embeddable":true,"href":"https:\/\/betlabel.games\/ro\/wp-json\/wp\/v2\/users\/1"}],"replies":[{"embeddable":true,"href":"https:\/\/betlabel.games\/ro\/wp-json\/wp\/v2\/comments?post=766"}],"version-history":[{"count":5,"href":"https:\/\/betlabel.games\/ro\/wp-json\/wp\/v2\/pages\/766\/revisions"}],"predecessor-version":[{"id":1191,"href":"https:\/\/betlabel.games\/ro\/wp-json\/wp\/v2\/pages\/766\/revisions\/1191"}],"wp:attachment":[{"href":"https:\/\/betlabel.games\/ro\/wp-json\/wp\/v2\/media?parent=766"}],"curies":[{"name":"wp","href":"https:\/\/api.w.org\/{rel}","templated":true}]}}