{"id":812,"date":"2026-01-02T17:05:33","date_gmt":"2026-01-02T17:05:33","guid":{"rendered":"https:\/\/betlabel.games\/ro\/?page_id=812"},"modified":"2026-04-29T11:15:59","modified_gmt":"2026-04-29T11:15:59","slug":"jetx","status":"publish","type":"page","link":"https:\/\/betlabel.games\/ro\/jetx\/","title":{"rendered":"JetX"},"content":{"rendered":"","protected":false},"excerpt":{"rendered":"","protected":false},"author":1,"featured_media":0,"parent":0,"menu_order":0,"comment_status":"closed","ping_status":"closed","template":"","meta":{"footnotes":""},"class_list":["post-812","page","type-page","status-publish","hentry"],"yoast_head":"<!-- This site is optimized with the Yoast SEO plugin v27.4 - https:\/\/yoast.com\/product\/yoast-seo-wordpress\/ -->\n<title>JetX la BetLabel Cazino \u2014 un joc de tip \u201ecrash\u201d cu cote \u00een cre\u0219tere<\/title>\n<meta name=\"description\" content=\"JetX de la BetLabel este un joc de tip \u201ecrash\u201d foarte popular, \u00een care cotele cresc \u00een timp real. Afl\u0103 cum se joac\u0103, c\u00e2nd s\u0103 retragi c\u00e2\u0219tigurile, ce strategii func\u021bioneaz\u0103 cel mai bine \u0219i de ce JetX este ideal pentru sesiuni rapide.\" \/>\n<meta name=\"robots\" content=\"index, follow, max-snippet:-1, max-image-preview:large, max-video-preview:-1\" \/>\n<meta property=\"og:locale\" content=\"ro_RO\" \/>\n<meta property=\"og:type\" content=\"article\" \/>\n<meta property=\"og:title\" content=\"JetX la BetLabel Cazino \u2014 un joc de tip \u201ecrash\u201d cu cote \u00een cre\u0219tere\" \/>\n<meta property=\"og:description\" content=\"JetX de la BetLabel este un joc de tip \u201ecrash\u201d foarte popular, \u00een care cotele cresc \u00een timp real. Afl\u0103 cum se joac\u0103, c\u00e2nd s\u0103 retragi c\u00e2\u0219tigurile, ce strategii func\u021bioneaz\u0103 cel mai bine \u0219i de ce JetX este ideal pentru sesiuni rapide.\" \/>\n<meta property=\"og:url\" content=\"https:\/\/betlabel.games\/ro\/jetx\/\" \/>\n<meta property=\"og:site_name\" content=\"Betlabel ro\" \/>\n<meta property=\"article:modified_time\" content=\"2026-04-29T11:15:59+00:00\" \/>\n<meta name=\"twitter:card\" content=\"summary_large_image\" \/>\n<script type=\"application\/ld+json\" class=\"yoast-schema-graph\">{\"@context\":\"https:\\\/\\\/schema.org\",\"@graph\":[{\"@type\":\"WebPage\",\"@id\":\"https:\\\/\\\/betlabel.games\\\/ro\\\/jetx\\\/\",\"url\":\"https:\\\/\\\/betlabel.games\\\/ro\\\/jetx\\\/\",\"name\":\"JetX la BetLabel Cazino \u2014 un joc de tip \u201ecrash\u201d cu cote \u00een cre\u0219tere\",\"isPartOf\":{\"@id\":\"https:\\\/\\\/betlabel.games\\\/ro\\\/#website\"},\"datePublished\":\"2026-01-02T17:05:33+00:00\",\"dateModified\":\"2026-04-29T11:15:59+00:00\",\"description\":\"JetX de la BetLabel este un joc de tip \u201ecrash\u201d foarte popular, \u00een care cotele cresc \u00een timp real. Afl\u0103 cum se joac\u0103, c\u00e2nd s\u0103 retragi c\u00e2\u0219tigurile, ce strategii func\u021bioneaz\u0103 cel mai bine \u0219i de ce JetX este ideal pentru sesiuni rapide.\",\"breadcrumb\":{\"@id\":\"https:\\\/\\\/betlabel.games\\\/ro\\\/jetx\\\/#breadcrumb\"},\"inLanguage\":\"ro-RO\",\"potentialAction\":[{\"@type\":\"ReadAction\",\"target\":[\"https:\\\/\\\/betlabel.games\\\/ro\\\/jetx\\\/\"]}]},{\"@type\":\"BreadcrumbList\",\"@id\":\"https:\\\/\\\/betlabel.games\\\/ro\\\/jetx\\\/#breadcrumb\",\"itemListElement\":[{\"@type\":\"ListItem\",\"position\":1,\"name\":\"Home\",\"item\":\"https:\\\/\\\/betlabel.games\\\/ro\\\/\"},{\"@type\":\"ListItem\",\"position\":2,\"name\":\"JetX\"}]},{\"@type\":\"WebSite\",\"@id\":\"https:\\\/\\\/betlabel.games\\\/ro\\\/#website\",\"url\":\"https:\\\/\\\/betlabel.games\\\/ro\\\/\",\"name\":\"Betlabel ro\",\"description\":\"My WordPress Blog\",\"potentialAction\":[{\"@type\":\"SearchAction\",\"target\":{\"@type\":\"EntryPoint\",\"urlTemplate\":\"https:\\\/\\\/betlabel.games\\\/ro\\\/?s={search_term_string}\"},\"query-input\":{\"@type\":\"PropertyValueSpecification\",\"valueRequired\":true,\"valueName\":\"search_term_string\"}}],\"inLanguage\":\"ro-RO\"}]}<\/script>\n<!-- \/ Yoast SEO plugin. -->","yoast_head_json":{"title":"JetX la BetLabel Cazino \u2014 un joc de tip \u201ecrash\u201d cu cote \u00een cre\u0219tere","description":"JetX de la BetLabel este un joc de tip \u201ecrash\u201d foarte popular, \u00een care cotele cresc \u00een timp real. Afl\u0103 cum se joac\u0103, c\u00e2nd s\u0103 retragi c\u00e2\u0219tigurile, ce strategii func\u021bioneaz\u0103 cel mai bine \u0219i de ce JetX este ideal pentru sesiuni rapide.","robots":{"index":"index","follow":"follow","max-snippet":"max-snippet:-1","max-image-preview":"max-image-preview:large","max-video-preview":"max-video-preview:-1"},"og_locale":"ro_RO","og_type":"article","og_title":"JetX la BetLabel Cazino \u2014 un joc de tip \u201ecrash\u201d cu cote \u00een cre\u0219tere","og_description":"JetX de la BetLabel este un joc de tip \u201ecrash\u201d foarte popular, \u00een care cotele cresc \u00een timp real. Afl\u0103 cum se joac\u0103, c\u00e2nd s\u0103 retragi c\u00e2\u0219tigurile, ce strategii func\u021bioneaz\u0103 cel mai bine \u0219i de ce JetX este ideal pentru sesiuni rapide.","og_url":"https:\/\/betlabel.games\/ro\/jetx\/","og_site_name":"Betlabel ro","article_modified_time":"2026-04-29T11:15:59+00:00","twitter_card":"summary_large_image","schema":{"@context":"https:\/\/schema.org","@graph":[{"@type":"WebPage","@id":"https:\/\/betlabel.games\/ro\/jetx\/","url":"https:\/\/betlabel.games\/ro\/jetx\/","name":"JetX la BetLabel Cazino \u2014 un joc de tip \u201ecrash\u201d cu cote \u00een cre\u0219tere","isPartOf":{"@id":"https:\/\/betlabel.games\/ro\/#website"},"datePublished":"2026-01-02T17:05:33+00:00","dateModified":"2026-04-29T11:15:59+00:00","description":"JetX de la BetLabel este un joc de tip \u201ecrash\u201d foarte popular, \u00een care cotele cresc \u00een timp real. Afl\u0103 cum se joac\u0103, c\u00e2nd s\u0103 retragi c\u00e2\u0219tigurile, ce strategii func\u021bioneaz\u0103 cel mai bine \u0219i de ce JetX este ideal pentru sesiuni rapide.","breadcrumb":{"@id":"https:\/\/betlabel.games\/ro\/jetx\/#breadcrumb"},"inLanguage":"ro-RO","potentialAction":[{"@type":"ReadAction","target":["https:\/\/betlabel.games\/ro\/jetx\/"]}]},{"@type":"BreadcrumbList","@id":"https:\/\/betlabel.games\/ro\/jetx\/#breadcrumb","itemListElement":[{"@type":"ListItem","position":1,"name":"Home","item":"https:\/\/betlabel.games\/ro\/"},{"@type":"ListItem","position":2,"name":"JetX"}]},{"@type":"WebSite","@id":"https:\/\/betlabel.games\/ro\/#website","url":"https:\/\/betlabel.games\/ro\/","name":"Betlabel ro","description":"My WordPress Blog","potentialAction":[{"@type":"SearchAction","target":{"@type":"EntryPoint","urlTemplate":"https:\/\/betlabel.games\/ro\/?s={search_term_string}"},"query-input":{"@type":"PropertyValueSpecification","valueRequired":true,"valueName":"search_term_string"}}],"inLanguage":"ro-RO"}]}},"_links":{"self":[{"href":"https:\/\/betlabel.games\/ro\/wp-json\/wp\/v2\/pages\/812","targetHints":{"allow":["GET"]}}],"collection":[{"href":"https:\/\/betlabel.games\/ro\/wp-json\/wp\/v2\/pages"}],"about":[{"href":"https:\/\/betlabel.games\/ro\/wp-json\/wp\/v2\/types\/page"}],"author":[{"embeddable":true,"href":"https:\/\/betlabel.games\/ro\/wp-json\/wp\/v2\/users\/1"}],"replies":[{"embeddable":true,"href":"https:\/\/betlabel.games\/ro\/wp-json\/wp\/v2\/comments?post=812"}],"version-history":[{"count":5,"href":"https:\/\/betlabel.games\/ro\/wp-json\/wp\/v2\/pages\/812\/revisions"}],"predecessor-version":[{"id":1233,"href":"https:\/\/betlabel.games\/ro\/wp-json\/wp\/v2\/pages\/812\/revisions\/1233"}],"wp:attachment":[{"href":"https:\/\/betlabel.games\/ro\/wp-json\/wp\/v2\/media?parent=812"}],"curies":[{"name":"wp","href":"https:\/\/api.w.org\/{rel}","templated":true}]}}