{"id":267,"date":"2024-10-10T12:44:36","date_gmt":"2024-10-10T12:44:36","guid":{"rendered":"https:\/\/betlabel.games\/se\/?page_id=267"},"modified":"2025-01-23T10:07:21","modified_gmt":"2025-01-23T10:07:21","slug":"registration","status":"publish","type":"page","link":"https:\/\/betlabel.games\/se\/registration\/","title":{"rendered":"Registrering"},"content":{"rendered":"","protected":false},"excerpt":{"rendered":"","protected":false},"author":1,"featured_media":0,"parent":0,"menu_order":0,"comment_status":"closed","ping_status":"closed","template":"","meta":{"footnotes":""},"class_list":["post-267","page","type-page","status-publish","hentry"],"yoast_head":"<!-- This site is optimized with the Yoast SEO plugin v27.4 - https:\/\/yoast.com\/product\/yoast-seo-wordpress\/ -->\n<title>BetLabel Sverige Registrering | Enkel registreringsguide f\u00f6r 2024<\/title>\n<meta name=\"description\" content=\"S\u00e5 h\u00e4r \u00f6ppnar du ett BetLabel-konto och drar nytta av bonusarna. Registrera dig och f\u00e5 BetLabels v\u00e4lkomstbonus \u2713 Registrera dig och b\u00f6rja din bettingresa nu\" \/>\n<meta name=\"robots\" content=\"index, follow, max-snippet:-1, max-image-preview:large, max-video-preview:-1\" \/>\n<meta property=\"og:locale\" content=\"sv_SE\" \/>\n<meta property=\"og:type\" content=\"article\" \/>\n<meta property=\"og:title\" content=\"BetLabel Sverige Registrering | Enkel registreringsguide f\u00f6r 2024\" \/>\n<meta property=\"og:description\" content=\"S\u00e5 h\u00e4r \u00f6ppnar du ett BetLabel-konto och drar nytta av bonusarna. Registrera dig och f\u00e5 BetLabels v\u00e4lkomstbonus \u2713 Registrera dig och b\u00f6rja din bettingresa nu\" \/>\n<meta property=\"og:url\" content=\"https:\/\/betlabel.games\/se\/registration\/\" \/>\n<meta property=\"og:site_name\" content=\"Betlabel se\" \/>\n<meta property=\"article:modified_time\" content=\"2025-01-23T10:07:21+00:00\" \/>\n<meta name=\"twitter:card\" content=\"summary_large_image\" \/>\n<script type=\"application\/ld+json\" class=\"yoast-schema-graph\">{\"@context\":\"https:\\\/\\\/schema.org\",\"@graph\":[{\"@type\":\"WebPage\",\"@id\":\"https:\\\/\\\/betlabel.games\\\/se\\\/registration\\\/\",\"url\":\"https:\\\/\\\/betlabel.games\\\/se\\\/registration\\\/\",\"name\":\"BetLabel Sverige Registrering | Enkel registreringsguide f\u00f6r 2024\",\"isPartOf\":{\"@id\":\"https:\\\/\\\/betlabel.games\\\/se\\\/#website\"},\"datePublished\":\"2024-10-10T12:44:36+00:00\",\"dateModified\":\"2025-01-23T10:07:21+00:00\",\"description\":\"S\u00e5 h\u00e4r \u00f6ppnar du ett BetLabel-konto och drar nytta av bonusarna. Registrera dig och f\u00e5 BetLabels v\u00e4lkomstbonus \u2713 Registrera dig och b\u00f6rja din bettingresa nu\",\"breadcrumb\":{\"@id\":\"https:\\\/\\\/betlabel.games\\\/se\\\/registration\\\/#breadcrumb\"},\"inLanguage\":\"sv-SE\",\"potentialAction\":[{\"@type\":\"ReadAction\",\"target\":[\"https:\\\/\\\/betlabel.games\\\/se\\\/registration\\\/\"]}]},{\"@type\":\"BreadcrumbList\",\"@id\":\"https:\\\/\\\/betlabel.games\\\/se\\\/registration\\\/#breadcrumb\",\"itemListElement\":[{\"@type\":\"ListItem\",\"position\":1,\"name\":\"Home\",\"item\":\"https:\\\/\\\/betlabel.games\\\/se\\\/\"},{\"@type\":\"ListItem\",\"position\":2,\"name\":\"Registrering\"}]},{\"@type\":\"WebSite\",\"@id\":\"https:\\\/\\\/betlabel.games\\\/se\\\/#website\",\"url\":\"https:\\\/\\\/betlabel.games\\\/se\\\/\",\"name\":\"Betlabel se\",\"description\":\"My WordPress Blog\",\"potentialAction\":[{\"@type\":\"SearchAction\",\"target\":{\"@type\":\"EntryPoint\",\"urlTemplate\":\"https:\\\/\\\/betlabel.games\\\/se\\\/?s={search_term_string}\"},\"query-input\":{\"@type\":\"PropertyValueSpecification\",\"valueRequired\":true,\"valueName\":\"search_term_string\"}}],\"inLanguage\":\"sv-SE\"}]}<\/script>\n<!-- \/ Yoast SEO plugin. -->","yoast_head_json":{"title":"BetLabel Sverige Registrering | Enkel registreringsguide f\u00f6r 2024","description":"S\u00e5 h\u00e4r \u00f6ppnar du ett BetLabel-konto och drar nytta av bonusarna. Registrera dig och f\u00e5 BetLabels v\u00e4lkomstbonus \u2713 Registrera dig och b\u00f6rja din bettingresa nu","robots":{"index":"index","follow":"follow","max-snippet":"max-snippet:-1","max-image-preview":"max-image-preview:large","max-video-preview":"max-video-preview:-1"},"og_locale":"sv_SE","og_type":"article","og_title":"BetLabel Sverige Registrering | Enkel registreringsguide f\u00f6r 2024","og_description":"S\u00e5 h\u00e4r \u00f6ppnar du ett BetLabel-konto och drar nytta av bonusarna. Registrera dig och f\u00e5 BetLabels v\u00e4lkomstbonus \u2713 Registrera dig och b\u00f6rja din bettingresa nu","og_url":"https:\/\/betlabel.games\/se\/registration\/","og_site_name":"Betlabel se","article_modified_time":"2025-01-23T10:07:21+00:00","twitter_card":"summary_large_image","schema":{"@context":"https:\/\/schema.org","@graph":[{"@type":"WebPage","@id":"https:\/\/betlabel.games\/se\/registration\/","url":"https:\/\/betlabel.games\/se\/registration\/","name":"BetLabel Sverige Registrering | Enkel registreringsguide f\u00f6r 2024","isPartOf":{"@id":"https:\/\/betlabel.games\/se\/#website"},"datePublished":"2024-10-10T12:44:36+00:00","dateModified":"2025-01-23T10:07:21+00:00","description":"S\u00e5 h\u00e4r \u00f6ppnar du ett BetLabel-konto och drar nytta av bonusarna. Registrera dig och f\u00e5 BetLabels v\u00e4lkomstbonus \u2713 Registrera dig och b\u00f6rja din bettingresa nu","breadcrumb":{"@id":"https:\/\/betlabel.games\/se\/registration\/#breadcrumb"},"inLanguage":"sv-SE","potentialAction":[{"@type":"ReadAction","target":["https:\/\/betlabel.games\/se\/registration\/"]}]},{"@type":"BreadcrumbList","@id":"https:\/\/betlabel.games\/se\/registration\/#breadcrumb","itemListElement":[{"@type":"ListItem","position":1,"name":"Home","item":"https:\/\/betlabel.games\/se\/"},{"@type":"ListItem","position":2,"name":"Registrering"}]},{"@type":"WebSite","@id":"https:\/\/betlabel.games\/se\/#website","url":"https:\/\/betlabel.games\/se\/","name":"Betlabel se","description":"My WordPress Blog","potentialAction":[{"@type":"SearchAction","target":{"@type":"EntryPoint","urlTemplate":"https:\/\/betlabel.games\/se\/?s={search_term_string}"},"query-input":{"@type":"PropertyValueSpecification","valueRequired":true,"valueName":"search_term_string"}}],"inLanguage":"sv-SE"}]}},"_links":{"self":[{"href":"https:\/\/betlabel.games\/se\/wp-json\/wp\/v2\/pages\/267","targetHints":{"allow":["GET"]}}],"collection":[{"href":"https:\/\/betlabel.games\/se\/wp-json\/wp\/v2\/pages"}],"about":[{"href":"https:\/\/betlabel.games\/se\/wp-json\/wp\/v2\/types\/page"}],"author":[{"embeddable":true,"href":"https:\/\/betlabel.games\/se\/wp-json\/wp\/v2\/users\/1"}],"replies":[{"embeddable":true,"href":"https:\/\/betlabel.games\/se\/wp-json\/wp\/v2\/comments?post=267"}],"version-history":[{"count":1,"href":"https:\/\/betlabel.games\/se\/wp-json\/wp\/v2\/pages\/267\/revisions"}],"predecessor-version":[{"id":424,"href":"https:\/\/betlabel.games\/se\/wp-json\/wp\/v2\/pages\/267\/revisions\/424"}],"wp:attachment":[{"href":"https:\/\/betlabel.games\/se\/wp-json\/wp\/v2\/media?parent=267"}],"curies":[{"name":"wp","href":"https:\/\/api.w.org\/{rel}","templated":true}]}}