{"id":275,"date":"2024-10-10T12:58:51","date_gmt":"2024-10-10T12:58:51","guid":{"rendered":"https:\/\/betlabel.games\/se\/?page_id=275"},"modified":"2025-03-26T19:19:24","modified_gmt":"2025-03-26T19:19:24","slug":"affiliate","status":"publish","type":"page","link":"https:\/\/betlabel.games\/se\/affiliate\/","title":{"rendered":"Affiliate"},"content":{"rendered":"","protected":false},"excerpt":{"rendered":"","protected":false},"author":1,"featured_media":0,"parent":0,"menu_order":0,"comment_status":"closed","ping_status":"closed","template":"","meta":{"footnotes":""},"class_list":["post-275","page","type-page","status-publish","hentry"],"yoast_head":"<!-- This site is optimized with the Yoast SEO plugin v27.4 - https:\/\/yoast.com\/product\/yoast-seo-wordpress\/ -->\n<title>BetLabel Partners | Affiliateprogram f\u00f6r vadslagning och kasino<\/title>\n<meta name=\"description\" content=\"BetLabels Sverige affiliateprogram erbjuder int\u00e4ktsdelningsprovisioner p\u00e5 30% med praktiska rapporterings- och marknadsf\u00f6ringsverktyg. Dela din personliga BetLabel-l\u00e4nk och tj\u00e4na en provision f\u00f6r varje anv\u00e4ndare som registrerar sig och satsar pengar\" \/>\n<meta name=\"robots\" content=\"index, follow, max-snippet:-1, max-image-preview:large, max-video-preview:-1\" \/>\n<meta property=\"og:locale\" content=\"sv_SE\" \/>\n<meta property=\"og:type\" content=\"article\" \/>\n<meta property=\"og:title\" content=\"BetLabel Partners | Affiliateprogram f\u00f6r vadslagning och kasino\" \/>\n<meta property=\"og:description\" content=\"BetLabels Sverige affiliateprogram erbjuder int\u00e4ktsdelningsprovisioner p\u00e5 30% med praktiska rapporterings- och marknadsf\u00f6ringsverktyg. Dela din personliga BetLabel-l\u00e4nk och tj\u00e4na en provision f\u00f6r varje anv\u00e4ndare som registrerar sig och satsar pengar\" \/>\n<meta property=\"og:url\" content=\"https:\/\/betlabel.games\/se\/affiliate\/\" \/>\n<meta property=\"og:site_name\" content=\"Betlabel se\" \/>\n<meta property=\"article:modified_time\" content=\"2025-03-26T19:19:24+00:00\" \/>\n<meta name=\"twitter:card\" content=\"summary_large_image\" \/>\n<script type=\"application\/ld+json\" class=\"yoast-schema-graph\">{\"@context\":\"https:\\\/\\\/schema.org\",\"@graph\":[{\"@type\":\"WebPage\",\"@id\":\"https:\\\/\\\/betlabel.games\\\/se\\\/affiliate\\\/\",\"url\":\"https:\\\/\\\/betlabel.games\\\/se\\\/affiliate\\\/\",\"name\":\"BetLabel Partners | Affiliateprogram f\u00f6r vadslagning och kasino\",\"isPartOf\":{\"@id\":\"https:\\\/\\\/betlabel.games\\\/se\\\/#website\"},\"datePublished\":\"2024-10-10T12:58:51+00:00\",\"dateModified\":\"2025-03-26T19:19:24+00:00\",\"description\":\"BetLabels Sverige affiliateprogram erbjuder int\u00e4ktsdelningsprovisioner p\u00e5 30% med praktiska rapporterings- och marknadsf\u00f6ringsverktyg. Dela din personliga BetLabel-l\u00e4nk och tj\u00e4na en provision f\u00f6r varje anv\u00e4ndare som registrerar sig och satsar pengar\",\"breadcrumb\":{\"@id\":\"https:\\\/\\\/betlabel.games\\\/se\\\/affiliate\\\/#breadcrumb\"},\"inLanguage\":\"sv-SE\",\"potentialAction\":[{\"@type\":\"ReadAction\",\"target\":[\"https:\\\/\\\/betlabel.games\\\/se\\\/affiliate\\\/\"]}]},{\"@type\":\"BreadcrumbList\",\"@id\":\"https:\\\/\\\/betlabel.games\\\/se\\\/affiliate\\\/#breadcrumb\",\"itemListElement\":[{\"@type\":\"ListItem\",\"position\":1,\"name\":\"Home\",\"item\":\"https:\\\/\\\/betlabel.games\\\/se\\\/\"},{\"@type\":\"ListItem\",\"position\":2,\"name\":\"Affiliate\"}]},{\"@type\":\"WebSite\",\"@id\":\"https:\\\/\\\/betlabel.games\\\/se\\\/#website\",\"url\":\"https:\\\/\\\/betlabel.games\\\/se\\\/\",\"name\":\"Betlabel se\",\"description\":\"My WordPress Blog\",\"potentialAction\":[{\"@type\":\"SearchAction\",\"target\":{\"@type\":\"EntryPoint\",\"urlTemplate\":\"https:\\\/\\\/betlabel.games\\\/se\\\/?s={search_term_string}\"},\"query-input\":{\"@type\":\"PropertyValueSpecification\",\"valueRequired\":true,\"valueName\":\"search_term_string\"}}],\"inLanguage\":\"sv-SE\"}]}<\/script>\n<!-- \/ Yoast SEO plugin. -->","yoast_head_json":{"title":"BetLabel Partners | Affiliateprogram f\u00f6r vadslagning och kasino","description":"BetLabels Sverige affiliateprogram erbjuder int\u00e4ktsdelningsprovisioner p\u00e5 30% med praktiska rapporterings- och marknadsf\u00f6ringsverktyg. Dela din personliga BetLabel-l\u00e4nk och tj\u00e4na en provision f\u00f6r varje anv\u00e4ndare som registrerar sig och satsar pengar","robots":{"index":"index","follow":"follow","max-snippet":"max-snippet:-1","max-image-preview":"max-image-preview:large","max-video-preview":"max-video-preview:-1"},"og_locale":"sv_SE","og_type":"article","og_title":"BetLabel Partners | Affiliateprogram f\u00f6r vadslagning och kasino","og_description":"BetLabels Sverige affiliateprogram erbjuder int\u00e4ktsdelningsprovisioner p\u00e5 30% med praktiska rapporterings- och marknadsf\u00f6ringsverktyg. Dela din personliga BetLabel-l\u00e4nk och tj\u00e4na en provision f\u00f6r varje anv\u00e4ndare som registrerar sig och satsar pengar","og_url":"https:\/\/betlabel.games\/se\/affiliate\/","og_site_name":"Betlabel se","article_modified_time":"2025-03-26T19:19:24+00:00","twitter_card":"summary_large_image","schema":{"@context":"https:\/\/schema.org","@graph":[{"@type":"WebPage","@id":"https:\/\/betlabel.games\/se\/affiliate\/","url":"https:\/\/betlabel.games\/se\/affiliate\/","name":"BetLabel Partners | Affiliateprogram f\u00f6r vadslagning och kasino","isPartOf":{"@id":"https:\/\/betlabel.games\/se\/#website"},"datePublished":"2024-10-10T12:58:51+00:00","dateModified":"2025-03-26T19:19:24+00:00","description":"BetLabels Sverige affiliateprogram erbjuder int\u00e4ktsdelningsprovisioner p\u00e5 30% med praktiska rapporterings- och marknadsf\u00f6ringsverktyg. Dela din personliga BetLabel-l\u00e4nk och tj\u00e4na en provision f\u00f6r varje anv\u00e4ndare som registrerar sig och satsar pengar","breadcrumb":{"@id":"https:\/\/betlabel.games\/se\/affiliate\/#breadcrumb"},"inLanguage":"sv-SE","potentialAction":[{"@type":"ReadAction","target":["https:\/\/betlabel.games\/se\/affiliate\/"]}]},{"@type":"BreadcrumbList","@id":"https:\/\/betlabel.games\/se\/affiliate\/#breadcrumb","itemListElement":[{"@type":"ListItem","position":1,"name":"Home","item":"https:\/\/betlabel.games\/se\/"},{"@type":"ListItem","position":2,"name":"Affiliate"}]},{"@type":"WebSite","@id":"https:\/\/betlabel.games\/se\/#website","url":"https:\/\/betlabel.games\/se\/","name":"Betlabel se","description":"My WordPress Blog","potentialAction":[{"@type":"SearchAction","target":{"@type":"EntryPoint","urlTemplate":"https:\/\/betlabel.games\/se\/?s={search_term_string}"},"query-input":{"@type":"PropertyValueSpecification","valueRequired":true,"valueName":"search_term_string"}}],"inLanguage":"sv-SE"}]}},"_links":{"self":[{"href":"https:\/\/betlabel.games\/se\/wp-json\/wp\/v2\/pages\/275","targetHints":{"allow":["GET"]}}],"collection":[{"href":"https:\/\/betlabel.games\/se\/wp-json\/wp\/v2\/pages"}],"about":[{"href":"https:\/\/betlabel.games\/se\/wp-json\/wp\/v2\/types\/page"}],"author":[{"embeddable":true,"href":"https:\/\/betlabel.games\/se\/wp-json\/wp\/v2\/users\/1"}],"replies":[{"embeddable":true,"href":"https:\/\/betlabel.games\/se\/wp-json\/wp\/v2\/comments?post=275"}],"version-history":[{"count":1,"href":"https:\/\/betlabel.games\/se\/wp-json\/wp\/v2\/pages\/275\/revisions"}],"predecessor-version":[{"id":436,"href":"https:\/\/betlabel.games\/se\/wp-json\/wp\/v2\/pages\/275\/revisions\/436"}],"wp:attachment":[{"href":"https:\/\/betlabel.games\/se\/wp-json\/wp\/v2\/media?parent=275"}],"curies":[{"name":"wp","href":"https:\/\/api.w.org\/{rel}","templated":true}]}}