{"id":451,"date":"2025-06-13T07:40:56","date_gmt":"2025-06-13T07:40:56","guid":{"rendered":"https:\/\/betlabel.games\/?page_id=447"},"modified":"2025-11-08T16:13:47","modified_gmt":"2025-11-08T16:13:47","slug":"sports-cashback","status":"publish","type":"page","link":"https:\/\/betlabel.games\/se\/bonuses\/sports-cashback\/","title":{"rendered":"Sport Cashback"},"content":{"rendered":"","protected":false},"excerpt":{"rendered":"","protected":false},"author":1,"featured_media":0,"parent":201,"menu_order":0,"comment_status":"closed","ping_status":"closed","template":"","meta":{"footnotes":""},"class_list":["post-451","page","type-page","status-publish","hentry"],"yoast_head":"<!-- This site is optimized with the Yoast SEO plugin v26.6 - https:\/\/yoast.com\/wordpress\/plugins\/seo\/ -->\n<title>Sportcashback fr\u00e5n BetLabel | F\u00e5 tillbaka 3 % av dina f\u00f6rluster<\/title>\n<meta name=\"description\" content=\"Missa inte chansen att f\u00e5 tillbaka en del av dina f\u00f6rluster med cashback fr\u00e5n BetLabel! F\u00e5 tillbaka 3 % av dina insatser varje vecka utan att beh\u00f6va g\u00f6ra n\u00e5gra extra ins\u00e4ttningar.\" \/>\n<meta name=\"robots\" content=\"index, follow, max-snippet:-1, max-image-preview:large, max-video-preview:-1\" \/>\n<meta property=\"og:locale\" content=\"sv_SE\" \/>\n<meta property=\"og:type\" content=\"article\" \/>\n<meta property=\"og:title\" content=\"Sportcashback fr\u00e5n BetLabel | F\u00e5 tillbaka 3 % av dina f\u00f6rluster\" \/>\n<meta property=\"og:description\" content=\"Missa inte chansen att f\u00e5 tillbaka en del av dina f\u00f6rluster med cashback fr\u00e5n BetLabel! F\u00e5 tillbaka 3 % av dina insatser varje vecka utan att beh\u00f6va g\u00f6ra n\u00e5gra extra ins\u00e4ttningar.\" \/>\n<meta property=\"og:url\" content=\"https:\/\/betlabel.games\/se\/bonuses\/sports-cashback\/\" \/>\n<meta property=\"og:site_name\" content=\"Betlabel se\" \/>\n<meta property=\"article:modified_time\" content=\"2025-11-08T16:13:47+00:00\" \/>\n<meta name=\"twitter:card\" content=\"summary_large_image\" \/>\n<script type=\"application\/ld+json\" class=\"yoast-schema-graph\">{\"@context\":\"https:\/\/schema.org\",\"@graph\":[{\"@type\":\"WebPage\",\"@id\":\"https:\/\/betlabel.games\/se\/bonuses\/sports-cashback\/\",\"url\":\"https:\/\/betlabel.games\/se\/bonuses\/sports-cashback\/\",\"name\":\"Sportcashback fr\u00e5n BetLabel | F\u00e5 tillbaka 3 % av dina f\u00f6rluster\",\"isPartOf\":{\"@id\":\"https:\/\/betlabel.games\/se\/#website\"},\"datePublished\":\"2025-06-13T07:40:56+00:00\",\"dateModified\":\"2025-11-08T16:13:47+00:00\",\"description\":\"Missa inte chansen att f\u00e5 tillbaka en del av dina f\u00f6rluster med cashback fr\u00e5n BetLabel! F\u00e5 tillbaka 3 % av dina insatser varje vecka utan att beh\u00f6va g\u00f6ra n\u00e5gra extra ins\u00e4ttningar.\",\"breadcrumb\":{\"@id\":\"https:\/\/betlabel.games\/se\/bonuses\/sports-cashback\/#breadcrumb\"},\"inLanguage\":\"sv-SE\",\"potentialAction\":[{\"@type\":\"ReadAction\",\"target\":[\"https:\/\/betlabel.games\/se\/bonuses\/sports-cashback\/\"]}]},{\"@type\":\"BreadcrumbList\",\"@id\":\"https:\/\/betlabel.games\/se\/bonuses\/sports-cashback\/#breadcrumb\",\"itemListElement\":[{\"@type\":\"ListItem\",\"position\":1,\"name\":\"Home\",\"item\":\"https:\/\/betlabel.games\/se\/\"},{\"@type\":\"ListItem\",\"position\":2,\"name\":\"Bonusar\",\"item\":\"https:\/\/betlabel.games\/se\/bonuses\/\"},{\"@type\":\"ListItem\",\"position\":3,\"name\":\"Sport Cashback\"}]},{\"@type\":\"WebSite\",\"@id\":\"https:\/\/betlabel.games\/se\/#website\",\"url\":\"https:\/\/betlabel.games\/se\/\",\"name\":\"Betlabel se\",\"description\":\"My WordPress Blog\",\"potentialAction\":[{\"@type\":\"SearchAction\",\"target\":{\"@type\":\"EntryPoint\",\"urlTemplate\":\"https:\/\/betlabel.games\/se\/?s={search_term_string}\"},\"query-input\":{\"@type\":\"PropertyValueSpecification\",\"valueRequired\":true,\"valueName\":\"search_term_string\"}}],\"inLanguage\":\"sv-SE\"}]}<\/script>\n<!-- \/ Yoast SEO plugin. -->","yoast_head_json":{"title":"Sportcashback fr\u00e5n BetLabel | F\u00e5 tillbaka 3 % av dina f\u00f6rluster","description":"Missa inte chansen att f\u00e5 tillbaka en del av dina f\u00f6rluster med cashback fr\u00e5n BetLabel! F\u00e5 tillbaka 3 % av dina insatser varje vecka utan att beh\u00f6va g\u00f6ra n\u00e5gra extra ins\u00e4ttningar.","robots":{"index":"index","follow":"follow","max-snippet":"max-snippet:-1","max-image-preview":"max-image-preview:large","max-video-preview":"max-video-preview:-1"},"og_locale":"sv_SE","og_type":"article","og_title":"Sportcashback fr\u00e5n BetLabel | F\u00e5 tillbaka 3 % av dina f\u00f6rluster","og_description":"Missa inte chansen att f\u00e5 tillbaka en del av dina f\u00f6rluster med cashback fr\u00e5n BetLabel! F\u00e5 tillbaka 3 % av dina insatser varje vecka utan att beh\u00f6va g\u00f6ra n\u00e5gra extra ins\u00e4ttningar.","og_url":"https:\/\/betlabel.games\/se\/bonuses\/sports-cashback\/","og_site_name":"Betlabel se","article_modified_time":"2025-11-08T16:13:47+00:00","twitter_card":"summary_large_image","schema":{"@context":"https:\/\/schema.org","@graph":[{"@type":"WebPage","@id":"https:\/\/betlabel.games\/se\/bonuses\/sports-cashback\/","url":"https:\/\/betlabel.games\/se\/bonuses\/sports-cashback\/","name":"Sportcashback fr\u00e5n BetLabel | F\u00e5 tillbaka 3 % av dina f\u00f6rluster","isPartOf":{"@id":"https:\/\/betlabel.games\/se\/#website"},"datePublished":"2025-06-13T07:40:56+00:00","dateModified":"2025-11-08T16:13:47+00:00","description":"Missa inte chansen att f\u00e5 tillbaka en del av dina f\u00f6rluster med cashback fr\u00e5n BetLabel! F\u00e5 tillbaka 3 % av dina insatser varje vecka utan att beh\u00f6va g\u00f6ra n\u00e5gra extra ins\u00e4ttningar.","breadcrumb":{"@id":"https:\/\/betlabel.games\/se\/bonuses\/sports-cashback\/#breadcrumb"},"inLanguage":"sv-SE","potentialAction":[{"@type":"ReadAction","target":["https:\/\/betlabel.games\/se\/bonuses\/sports-cashback\/"]}]},{"@type":"BreadcrumbList","@id":"https:\/\/betlabel.games\/se\/bonuses\/sports-cashback\/#breadcrumb","itemListElement":[{"@type":"ListItem","position":1,"name":"Home","item":"https:\/\/betlabel.games\/se\/"},{"@type":"ListItem","position":2,"name":"Bonusar","item":"https:\/\/betlabel.games\/se\/bonuses\/"},{"@type":"ListItem","position":3,"name":"Sport Cashback"}]},{"@type":"WebSite","@id":"https:\/\/betlabel.games\/se\/#website","url":"https:\/\/betlabel.games\/se\/","name":"Betlabel se","description":"My WordPress Blog","potentialAction":[{"@type":"SearchAction","target":{"@type":"EntryPoint","urlTemplate":"https:\/\/betlabel.games\/se\/?s={search_term_string}"},"query-input":{"@type":"PropertyValueSpecification","valueRequired":true,"valueName":"search_term_string"}}],"inLanguage":"sv-SE"}]}},"_links":{"self":[{"href":"https:\/\/betlabel.games\/se\/wp-json\/wp\/v2\/pages\/451","targetHints":{"allow":["GET"]}}],"collection":[{"href":"https:\/\/betlabel.games\/se\/wp-json\/wp\/v2\/pages"}],"about":[{"href":"https:\/\/betlabel.games\/se\/wp-json\/wp\/v2\/types\/page"}],"author":[{"embeddable":true,"href":"https:\/\/betlabel.games\/se\/wp-json\/wp\/v2\/users\/1"}],"replies":[{"embeddable":true,"href":"https:\/\/betlabel.games\/se\/wp-json\/wp\/v2\/comments?post=451"}],"version-history":[{"count":2,"href":"https:\/\/betlabel.games\/se\/wp-json\/wp\/v2\/pages\/451\/revisions"}],"predecessor-version":[{"id":461,"href":"https:\/\/betlabel.games\/se\/wp-json\/wp\/v2\/pages\/451\/revisions\/461"}],"up":[{"embeddable":true,"href":"https:\/\/betlabel.games\/se\/wp-json\/wp\/v2\/pages\/201"}],"wp:attachment":[{"href":"https:\/\/betlabel.games\/se\/wp-json\/wp\/v2\/media?parent=451"}],"curies":[{"name":"wp","href":"https:\/\/api.w.org\/{rel}","templated":true}]}}