{"id":1069,"date":"2026-03-17T12:33:28","date_gmt":"2026-03-17T12:33:28","guid":{"rendered":"https:\/\/betlabel.games\/sk\/?page_id=1069"},"modified":"2026-04-20T20:10:07","modified_gmt":"2026-04-20T20:10:07","slug":"withdrawal","status":"publish","type":"page","link":"https:\/\/betlabel.games\/sk\/withdrawal\/","title":{"rendered":"V\u00fdber"},"content":{"rendered":"","protected":false},"excerpt":{"rendered":"","protected":false},"author":1,"featured_media":0,"parent":0,"menu_order":0,"comment_status":"closed","ping_status":"closed","template":"","meta":{"footnotes":""},"class_list":["post-1069","page","type-page","status-publish","hentry"],"yoast_head":"<!-- This site is optimized with the Yoast SEO plugin v27.4 - https:\/\/yoast.com\/product\/yoast-seo-wordpress\/ -->\n<title>V\u00fdbery z BetLabel \u2014 Ako vybra\u0165 peniaze r\u00fdchlo a bezpe\u010dne<\/title>\n<meta name=\"description\" content=\"V\u00fdber pe\u0148az\u00ed z BetLabel je jednoduch\u0161\u00ed, ne\u017e si mysl\u00edte. Postupujte pod\u013ea tohto jednoduch\u00e9ho n\u00e1vodu a vyberte si svoje prostriedky r\u00fdchlo, bezpe\u010dne a bez be\u017en\u00fdch ch\u00fdb.\" \/>\n<meta name=\"robots\" content=\"index, follow, max-snippet:-1, max-image-preview:large, max-video-preview:-1\" \/>\n<meta property=\"og:locale\" content=\"sl_SI\" \/>\n<meta property=\"og:type\" content=\"article\" \/>\n<meta property=\"og:title\" content=\"V\u00fdbery z BetLabel \u2014 Ako vybra\u0165 peniaze r\u00fdchlo a bezpe\u010dne\" \/>\n<meta property=\"og:description\" content=\"V\u00fdber pe\u0148az\u00ed z BetLabel je jednoduch\u0161\u00ed, ne\u017e si mysl\u00edte. Postupujte pod\u013ea tohto jednoduch\u00e9ho n\u00e1vodu a vyberte si svoje prostriedky r\u00fdchlo, bezpe\u010dne a bez be\u017en\u00fdch ch\u00fdb.\" \/>\n<meta property=\"og:url\" content=\"https:\/\/betlabel.games\/sk\/withdrawal\/\" \/>\n<meta property=\"og:site_name\" content=\"Betlabel sk\" \/>\n<meta property=\"article:modified_time\" content=\"2026-04-20T20:10:07+00:00\" \/>\n<meta name=\"twitter:card\" content=\"summary_large_image\" \/>\n<script type=\"application\/ld+json\" class=\"yoast-schema-graph\">{\"@context\":\"https:\\\/\\\/schema.org\",\"@graph\":[{\"@type\":\"WebPage\",\"@id\":\"https:\\\/\\\/betlabel.games\\\/sk\\\/withdrawal\\\/\",\"url\":\"https:\\\/\\\/betlabel.games\\\/sk\\\/withdrawal\\\/\",\"name\":\"V\u00fdbery z BetLabel \u2014 Ako vybra\u0165 peniaze r\u00fdchlo a bezpe\u010dne\",\"isPartOf\":{\"@id\":\"https:\\\/\\\/betlabel.games\\\/sk\\\/#website\"},\"datePublished\":\"2026-03-17T12:33:28+00:00\",\"dateModified\":\"2026-04-20T20:10:07+00:00\",\"description\":\"V\u00fdber pe\u0148az\u00ed z BetLabel je jednoduch\u0161\u00ed, ne\u017e si mysl\u00edte. Postupujte pod\u013ea tohto jednoduch\u00e9ho n\u00e1vodu a vyberte si svoje prostriedky r\u00fdchlo, bezpe\u010dne a bez be\u017en\u00fdch ch\u00fdb.\",\"breadcrumb\":{\"@id\":\"https:\\\/\\\/betlabel.games\\\/sk\\\/withdrawal\\\/#breadcrumb\"},\"inLanguage\":\"sl-SI\",\"potentialAction\":[{\"@type\":\"ReadAction\",\"target\":[\"https:\\\/\\\/betlabel.games\\\/sk\\\/withdrawal\\\/\"]}]},{\"@type\":\"BreadcrumbList\",\"@id\":\"https:\\\/\\\/betlabel.games\\\/sk\\\/withdrawal\\\/#breadcrumb\",\"itemListElement\":[{\"@type\":\"ListItem\",\"position\":1,\"name\":\"Home\",\"item\":\"https:\\\/\\\/betlabel.games\\\/sk\\\/\"},{\"@type\":\"ListItem\",\"position\":2,\"name\":\"V\u00fdber\"}]},{\"@type\":\"WebSite\",\"@id\":\"https:\\\/\\\/betlabel.games\\\/sk\\\/#website\",\"url\":\"https:\\\/\\\/betlabel.games\\\/sk\\\/\",\"name\":\"Betlabel sk\",\"description\":\"My WordPress Blog\",\"potentialAction\":[{\"@type\":\"SearchAction\",\"target\":{\"@type\":\"EntryPoint\",\"urlTemplate\":\"https:\\\/\\\/betlabel.games\\\/sk\\\/?s={search_term_string}\"},\"query-input\":{\"@type\":\"PropertyValueSpecification\",\"valueRequired\":true,\"valueName\":\"search_term_string\"}}],\"inLanguage\":\"sl-SI\"}]}<\/script>\n<!-- \/ Yoast SEO plugin. -->","yoast_head_json":{"title":"V\u00fdbery z BetLabel \u2014 Ako vybra\u0165 peniaze r\u00fdchlo a bezpe\u010dne","description":"V\u00fdber pe\u0148az\u00ed z BetLabel je jednoduch\u0161\u00ed, ne\u017e si mysl\u00edte. Postupujte pod\u013ea tohto jednoduch\u00e9ho n\u00e1vodu a vyberte si svoje prostriedky r\u00fdchlo, bezpe\u010dne a bez be\u017en\u00fdch ch\u00fdb.","robots":{"index":"index","follow":"follow","max-snippet":"max-snippet:-1","max-image-preview":"max-image-preview:large","max-video-preview":"max-video-preview:-1"},"og_locale":"sl_SI","og_type":"article","og_title":"V\u00fdbery z BetLabel \u2014 Ako vybra\u0165 peniaze r\u00fdchlo a bezpe\u010dne","og_description":"V\u00fdber pe\u0148az\u00ed z BetLabel je jednoduch\u0161\u00ed, ne\u017e si mysl\u00edte. Postupujte pod\u013ea tohto jednoduch\u00e9ho n\u00e1vodu a vyberte si svoje prostriedky r\u00fdchlo, bezpe\u010dne a bez be\u017en\u00fdch ch\u00fdb.","og_url":"https:\/\/betlabel.games\/sk\/withdrawal\/","og_site_name":"Betlabel sk","article_modified_time":"2026-04-20T20:10:07+00:00","twitter_card":"summary_large_image","schema":{"@context":"https:\/\/schema.org","@graph":[{"@type":"WebPage","@id":"https:\/\/betlabel.games\/sk\/withdrawal\/","url":"https:\/\/betlabel.games\/sk\/withdrawal\/","name":"V\u00fdbery z BetLabel \u2014 Ako vybra\u0165 peniaze r\u00fdchlo a bezpe\u010dne","isPartOf":{"@id":"https:\/\/betlabel.games\/sk\/#website"},"datePublished":"2026-03-17T12:33:28+00:00","dateModified":"2026-04-20T20:10:07+00:00","description":"V\u00fdber pe\u0148az\u00ed z BetLabel je jednoduch\u0161\u00ed, ne\u017e si mysl\u00edte. Postupujte pod\u013ea tohto jednoduch\u00e9ho n\u00e1vodu a vyberte si svoje prostriedky r\u00fdchlo, bezpe\u010dne a bez be\u017en\u00fdch ch\u00fdb.","breadcrumb":{"@id":"https:\/\/betlabel.games\/sk\/withdrawal\/#breadcrumb"},"inLanguage":"sl-SI","potentialAction":[{"@type":"ReadAction","target":["https:\/\/betlabel.games\/sk\/withdrawal\/"]}]},{"@type":"BreadcrumbList","@id":"https:\/\/betlabel.games\/sk\/withdrawal\/#breadcrumb","itemListElement":[{"@type":"ListItem","position":1,"name":"Home","item":"https:\/\/betlabel.games\/sk\/"},{"@type":"ListItem","position":2,"name":"V\u00fdber"}]},{"@type":"WebSite","@id":"https:\/\/betlabel.games\/sk\/#website","url":"https:\/\/betlabel.games\/sk\/","name":"Betlabel sk","description":"My WordPress Blog","potentialAction":[{"@type":"SearchAction","target":{"@type":"EntryPoint","urlTemplate":"https:\/\/betlabel.games\/sk\/?s={search_term_string}"},"query-input":{"@type":"PropertyValueSpecification","valueRequired":true,"valueName":"search_term_string"}}],"inLanguage":"sl-SI"}]}},"_links":{"self":[{"href":"https:\/\/betlabel.games\/sk\/wp-json\/wp\/v2\/pages\/1069","targetHints":{"allow":["GET"]}}],"collection":[{"href":"https:\/\/betlabel.games\/sk\/wp-json\/wp\/v2\/pages"}],"about":[{"href":"https:\/\/betlabel.games\/sk\/wp-json\/wp\/v2\/types\/page"}],"author":[{"embeddable":true,"href":"https:\/\/betlabel.games\/sk\/wp-json\/wp\/v2\/users\/1"}],"replies":[{"embeddable":true,"href":"https:\/\/betlabel.games\/sk\/wp-json\/wp\/v2\/comments?post=1069"}],"version-history":[{"count":4,"href":"https:\/\/betlabel.games\/sk\/wp-json\/wp\/v2\/pages\/1069\/revisions"}],"predecessor-version":[{"id":1248,"href":"https:\/\/betlabel.games\/sk\/wp-json\/wp\/v2\/pages\/1069\/revisions\/1248"}],"wp:attachment":[{"href":"https:\/\/betlabel.games\/sk\/wp-json\/wp\/v2\/media?parent=1069"}],"curies":[{"name":"wp","href":"https:\/\/api.w.org\/{rel}","templated":true}]}}