{"id":1103,"date":"2026-03-19T07:24:38","date_gmt":"2026-03-19T07:24:38","guid":{"rendered":"https:\/\/betlabel.games\/sk\/?page_id=1103"},"modified":"2026-04-20T19:50:28","modified_gmt":"2026-04-20T19:50:28","slug":"cashback","status":"publish","type":"page","link":"https:\/\/betlabel.games\/sk\/cashback\/","title":{"rendered":"VIP vr\u00e1tenie pe\u0148az\u00ed"},"content":{"rendered":"","protected":false},"excerpt":{"rendered":"","protected":false},"author":1,"featured_media":0,"parent":0,"menu_order":0,"comment_status":"closed","ping_status":"closed","template":"","meta":{"footnotes":""},"class_list":["post-1103","page","type-page","status-publish","hentry"],"yoast_head":"<!-- This site is optimized with the Yoast SEO plugin v27.4 - https:\/\/yoast.com\/product\/yoast-seo-wordpress\/ -->\n<title>BetLabel VIP Vr\u00e1tenie pe\u0148az\u00ed \u2013 vernostn\u00fd program s a\u017e 8 \u00farov\u0148ami<\/title>\n<meta name=\"description\" content=\"Prihl\u00e1ste sa do VIP programu BetLabel s vr\u00e1ten\u00edm \u010dasti st\u00e1vky. 8 vernostn\u00fdch \u00farovn\u00ed, vr\u00e1tenie \u010dasti st\u00e1vky, exkluz\u00edvne bonusy a VIP podpora pre akt\u00edvnych hr\u00e1\u010dov.\" \/>\n<meta name=\"robots\" content=\"index, follow, max-snippet:-1, max-image-preview:large, max-video-preview:-1\" \/>\n<meta property=\"og:locale\" content=\"sl_SI\" \/>\n<meta property=\"og:type\" content=\"article\" \/>\n<meta property=\"og:title\" content=\"BetLabel VIP Vr\u00e1tenie pe\u0148az\u00ed \u2013 vernostn\u00fd program s a\u017e 8 \u00farov\u0148ami\" \/>\n<meta property=\"og:description\" content=\"Prihl\u00e1ste sa do VIP programu BetLabel s vr\u00e1ten\u00edm \u010dasti st\u00e1vky. 8 vernostn\u00fdch \u00farovn\u00ed, vr\u00e1tenie \u010dasti st\u00e1vky, exkluz\u00edvne bonusy a VIP podpora pre akt\u00edvnych hr\u00e1\u010dov.\" \/>\n<meta property=\"og:url\" content=\"https:\/\/betlabel.games\/sk\/cashback\/\" \/>\n<meta property=\"og:site_name\" content=\"Betlabel sk\" \/>\n<meta property=\"article:modified_time\" content=\"2026-04-20T19:50:28+00:00\" \/>\n<meta name=\"twitter:card\" content=\"summary_large_image\" \/>\n<script type=\"application\/ld+json\" class=\"yoast-schema-graph\">{\"@context\":\"https:\\\/\\\/schema.org\",\"@graph\":[{\"@type\":\"WebPage\",\"@id\":\"https:\\\/\\\/betlabel.games\\\/sk\\\/cashback\\\/\",\"url\":\"https:\\\/\\\/betlabel.games\\\/sk\\\/cashback\\\/\",\"name\":\"BetLabel VIP Vr\u00e1tenie pe\u0148az\u00ed \u2013 vernostn\u00fd program s a\u017e 8 \u00farov\u0148ami\",\"isPartOf\":{\"@id\":\"https:\\\/\\\/betlabel.games\\\/sk\\\/#website\"},\"datePublished\":\"2026-03-19T07:24:38+00:00\",\"dateModified\":\"2026-04-20T19:50:28+00:00\",\"description\":\"Prihl\u00e1ste sa do VIP programu BetLabel s vr\u00e1ten\u00edm \u010dasti st\u00e1vky. 8 vernostn\u00fdch \u00farovn\u00ed, vr\u00e1tenie \u010dasti st\u00e1vky, exkluz\u00edvne bonusy a VIP podpora pre akt\u00edvnych hr\u00e1\u010dov.\",\"breadcrumb\":{\"@id\":\"https:\\\/\\\/betlabel.games\\\/sk\\\/cashback\\\/#breadcrumb\"},\"inLanguage\":\"sl-SI\",\"potentialAction\":[{\"@type\":\"ReadAction\",\"target\":[\"https:\\\/\\\/betlabel.games\\\/sk\\\/cashback\\\/\"]}]},{\"@type\":\"BreadcrumbList\",\"@id\":\"https:\\\/\\\/betlabel.games\\\/sk\\\/cashback\\\/#breadcrumb\",\"itemListElement\":[{\"@type\":\"ListItem\",\"position\":1,\"name\":\"Home\",\"item\":\"https:\\\/\\\/betlabel.games\\\/sk\\\/\"},{\"@type\":\"ListItem\",\"position\":2,\"name\":\"VIP vr\u00e1tenie pe\u0148az\u00ed\"}]},{\"@type\":\"WebSite\",\"@id\":\"https:\\\/\\\/betlabel.games\\\/sk\\\/#website\",\"url\":\"https:\\\/\\\/betlabel.games\\\/sk\\\/\",\"name\":\"Betlabel sk\",\"description\":\"My WordPress Blog\",\"potentialAction\":[{\"@type\":\"SearchAction\",\"target\":{\"@type\":\"EntryPoint\",\"urlTemplate\":\"https:\\\/\\\/betlabel.games\\\/sk\\\/?s={search_term_string}\"},\"query-input\":{\"@type\":\"PropertyValueSpecification\",\"valueRequired\":true,\"valueName\":\"search_term_string\"}}],\"inLanguage\":\"sl-SI\"}]}<\/script>\n<!-- \/ Yoast SEO plugin. -->","yoast_head_json":{"title":"BetLabel VIP Vr\u00e1tenie pe\u0148az\u00ed \u2013 vernostn\u00fd program s a\u017e 8 \u00farov\u0148ami","description":"Prihl\u00e1ste sa do VIP programu BetLabel s vr\u00e1ten\u00edm \u010dasti st\u00e1vky. 8 vernostn\u00fdch \u00farovn\u00ed, vr\u00e1tenie \u010dasti st\u00e1vky, exkluz\u00edvne bonusy a VIP podpora pre akt\u00edvnych hr\u00e1\u010dov.","robots":{"index":"index","follow":"follow","max-snippet":"max-snippet:-1","max-image-preview":"max-image-preview:large","max-video-preview":"max-video-preview:-1"},"og_locale":"sl_SI","og_type":"article","og_title":"BetLabel VIP Vr\u00e1tenie pe\u0148az\u00ed \u2013 vernostn\u00fd program s a\u017e 8 \u00farov\u0148ami","og_description":"Prihl\u00e1ste sa do VIP programu BetLabel s vr\u00e1ten\u00edm \u010dasti st\u00e1vky. 8 vernostn\u00fdch \u00farovn\u00ed, vr\u00e1tenie \u010dasti st\u00e1vky, exkluz\u00edvne bonusy a VIP podpora pre akt\u00edvnych hr\u00e1\u010dov.","og_url":"https:\/\/betlabel.games\/sk\/cashback\/","og_site_name":"Betlabel sk","article_modified_time":"2026-04-20T19:50:28+00:00","twitter_card":"summary_large_image","schema":{"@context":"https:\/\/schema.org","@graph":[{"@type":"WebPage","@id":"https:\/\/betlabel.games\/sk\/cashback\/","url":"https:\/\/betlabel.games\/sk\/cashback\/","name":"BetLabel VIP Vr\u00e1tenie pe\u0148az\u00ed \u2013 vernostn\u00fd program s a\u017e 8 \u00farov\u0148ami","isPartOf":{"@id":"https:\/\/betlabel.games\/sk\/#website"},"datePublished":"2026-03-19T07:24:38+00:00","dateModified":"2026-04-20T19:50:28+00:00","description":"Prihl\u00e1ste sa do VIP programu BetLabel s vr\u00e1ten\u00edm \u010dasti st\u00e1vky. 8 vernostn\u00fdch \u00farovn\u00ed, vr\u00e1tenie \u010dasti st\u00e1vky, exkluz\u00edvne bonusy a VIP podpora pre akt\u00edvnych hr\u00e1\u010dov.","breadcrumb":{"@id":"https:\/\/betlabel.games\/sk\/cashback\/#breadcrumb"},"inLanguage":"sl-SI","potentialAction":[{"@type":"ReadAction","target":["https:\/\/betlabel.games\/sk\/cashback\/"]}]},{"@type":"BreadcrumbList","@id":"https:\/\/betlabel.games\/sk\/cashback\/#breadcrumb","itemListElement":[{"@type":"ListItem","position":1,"name":"Home","item":"https:\/\/betlabel.games\/sk\/"},{"@type":"ListItem","position":2,"name":"VIP vr\u00e1tenie pe\u0148az\u00ed"}]},{"@type":"WebSite","@id":"https:\/\/betlabel.games\/sk\/#website","url":"https:\/\/betlabel.games\/sk\/","name":"Betlabel sk","description":"My WordPress Blog","potentialAction":[{"@type":"SearchAction","target":{"@type":"EntryPoint","urlTemplate":"https:\/\/betlabel.games\/sk\/?s={search_term_string}"},"query-input":{"@type":"PropertyValueSpecification","valueRequired":true,"valueName":"search_term_string"}}],"inLanguage":"sl-SI"}]}},"_links":{"self":[{"href":"https:\/\/betlabel.games\/sk\/wp-json\/wp\/v2\/pages\/1103","targetHints":{"allow":["GET"]}}],"collection":[{"href":"https:\/\/betlabel.games\/sk\/wp-json\/wp\/v2\/pages"}],"about":[{"href":"https:\/\/betlabel.games\/sk\/wp-json\/wp\/v2\/types\/page"}],"author":[{"embeddable":true,"href":"https:\/\/betlabel.games\/sk\/wp-json\/wp\/v2\/users\/1"}],"replies":[{"embeddable":true,"href":"https:\/\/betlabel.games\/sk\/wp-json\/wp\/v2\/comments?post=1103"}],"version-history":[{"count":5,"href":"https:\/\/betlabel.games\/sk\/wp-json\/wp\/v2\/pages\/1103\/revisions"}],"predecessor-version":[{"id":1239,"href":"https:\/\/betlabel.games\/sk\/wp-json\/wp\/v2\/pages\/1103\/revisions\/1239"}],"wp:attachment":[{"href":"https:\/\/betlabel.games\/sk\/wp-json\/wp\/v2\/media?parent=1103"}],"curies":[{"name":"wp","href":"https:\/\/api.w.org\/{rel}","templated":true}]}}