{"id":201,"date":"2024-10-03T12:45:57","date_gmt":"2024-10-03T12:45:57","guid":{"rendered":"https:\/\/betlabel.games\/sk\/?page_id=201"},"modified":"2026-04-20T17:12:05","modified_gmt":"2026-04-20T17:12:05","slug":"bonuses","status":"publish","type":"page","link":"https:\/\/betlabel.games\/sk\/bonuses\/","title":{"rendered":"Bonusy"},"content":{"rendered":"","protected":false},"excerpt":{"rendered":"","protected":false},"author":1,"featured_media":0,"parent":0,"menu_order":0,"comment_status":"closed","ping_status":"closed","template":"","meta":{"footnotes":""},"class_list":["post-201","page","type-page","status-publish","hentry"],"yoast_head":"<!-- This site is optimized with the Yoast SEO plugin v27.4 - https:\/\/yoast.com\/product\/yoast-seo-wordpress\/ -->\n<title>Bonusy BetLabel\u2122 \u2014 Ponuky pre st\u00e1vkovanie a kas\u00edno maj 2026<\/title>\n<meta name=\"description\" content=\"Vyu\u017eite bonusy od Bet Label na \u0161portov\u00e9 st\u00e1vky a kas\u00edno, vr\u00e1tane uv\u00edtac\u00edch pon\u00fak, bonusov za dobitie, bezplatn\u00fdch oto\u010den\u00ed, cashbacku a exkluz\u00edvnych akci\u00ed pre nov\u00fdch aj akt\u00edvnych hr\u00e1\u010dov.\" \/>\n<meta name=\"robots\" content=\"index, follow, max-snippet:-1, max-image-preview:large, max-video-preview:-1\" \/>\n<meta property=\"og:locale\" content=\"sl_SI\" \/>\n<meta property=\"og:type\" content=\"article\" \/>\n<meta property=\"og:title\" content=\"Bonusy BetLabel\u2122 \u2014 Ponuky pre st\u00e1vkovanie a kas\u00edno maj 2026\" \/>\n<meta property=\"og:description\" content=\"Vyu\u017eite bonusy od Bet Label na \u0161portov\u00e9 st\u00e1vky a kas\u00edno, vr\u00e1tane uv\u00edtac\u00edch pon\u00fak, bonusov za dobitie, bezplatn\u00fdch oto\u010den\u00ed, cashbacku a exkluz\u00edvnych akci\u00ed pre nov\u00fdch aj akt\u00edvnych hr\u00e1\u010dov.\" \/>\n<meta property=\"og:url\" content=\"https:\/\/betlabel.games\/sk\/bonuses\/\" \/>\n<meta property=\"og:site_name\" content=\"Betlabel sk\" \/>\n<meta property=\"article:modified_time\" content=\"2026-04-20T17:12:05+00:00\" \/>\n<meta name=\"twitter:card\" content=\"summary_large_image\" \/>\n<script type=\"application\/ld+json\" class=\"yoast-schema-graph\">{\"@context\":\"https:\\\/\\\/schema.org\",\"@graph\":[{\"@type\":\"WebPage\",\"@id\":\"https:\\\/\\\/betlabel.games\\\/sk\\\/bonuses\\\/\",\"url\":\"https:\\\/\\\/betlabel.games\\\/sk\\\/bonuses\\\/\",\"name\":\"Bonusy BetLabel\u2122 \u2014 Ponuky pre st\u00e1vkovanie a kas\u00edno maj 2026\",\"isPartOf\":{\"@id\":\"https:\\\/\\\/betlabel.games\\\/sk\\\/#website\"},\"datePublished\":\"2024-10-03T12:45:57+00:00\",\"dateModified\":\"2026-04-20T17:12:05+00:00\",\"description\":\"Vyu\u017eite bonusy od Bet Label na \u0161portov\u00e9 st\u00e1vky a kas\u00edno, vr\u00e1tane uv\u00edtac\u00edch pon\u00fak, bonusov za dobitie, bezplatn\u00fdch oto\u010den\u00ed, cashbacku a exkluz\u00edvnych akci\u00ed pre nov\u00fdch aj akt\u00edvnych hr\u00e1\u010dov.\",\"breadcrumb\":{\"@id\":\"https:\\\/\\\/betlabel.games\\\/sk\\\/bonuses\\\/#breadcrumb\"},\"inLanguage\":\"sl-SI\",\"potentialAction\":[{\"@type\":\"ReadAction\",\"target\":[\"https:\\\/\\\/betlabel.games\\\/sk\\\/bonuses\\\/\"]}]},{\"@type\":\"BreadcrumbList\",\"@id\":\"https:\\\/\\\/betlabel.games\\\/sk\\\/bonuses\\\/#breadcrumb\",\"itemListElement\":[{\"@type\":\"ListItem\",\"position\":1,\"name\":\"Home\",\"item\":\"https:\\\/\\\/betlabel.games\\\/sk\\\/\"},{\"@type\":\"ListItem\",\"position\":2,\"name\":\"Bonusy\"}]},{\"@type\":\"WebSite\",\"@id\":\"https:\\\/\\\/betlabel.games\\\/sk\\\/#website\",\"url\":\"https:\\\/\\\/betlabel.games\\\/sk\\\/\",\"name\":\"Betlabel sk\",\"description\":\"My WordPress Blog\",\"potentialAction\":[{\"@type\":\"SearchAction\",\"target\":{\"@type\":\"EntryPoint\",\"urlTemplate\":\"https:\\\/\\\/betlabel.games\\\/sk\\\/?s={search_term_string}\"},\"query-input\":{\"@type\":\"PropertyValueSpecification\",\"valueRequired\":true,\"valueName\":\"search_term_string\"}}],\"inLanguage\":\"sl-SI\"}]}<\/script>\n<!-- \/ Yoast SEO plugin. -->","yoast_head_json":{"title":"Bonusy BetLabel\u2122 \u2014 Ponuky pre st\u00e1vkovanie a kas\u00edno maj 2026","description":"Vyu\u017eite bonusy od Bet Label na \u0161portov\u00e9 st\u00e1vky a kas\u00edno, vr\u00e1tane uv\u00edtac\u00edch pon\u00fak, bonusov za dobitie, bezplatn\u00fdch oto\u010den\u00ed, cashbacku a exkluz\u00edvnych akci\u00ed pre nov\u00fdch aj akt\u00edvnych hr\u00e1\u010dov.","robots":{"index":"index","follow":"follow","max-snippet":"max-snippet:-1","max-image-preview":"max-image-preview:large","max-video-preview":"max-video-preview:-1"},"og_locale":"sl_SI","og_type":"article","og_title":"Bonusy BetLabel\u2122 \u2014 Ponuky pre st\u00e1vkovanie a kas\u00edno maj 2026","og_description":"Vyu\u017eite bonusy od Bet Label na \u0161portov\u00e9 st\u00e1vky a kas\u00edno, vr\u00e1tane uv\u00edtac\u00edch pon\u00fak, bonusov za dobitie, bezplatn\u00fdch oto\u010den\u00ed, cashbacku a exkluz\u00edvnych akci\u00ed pre nov\u00fdch aj akt\u00edvnych hr\u00e1\u010dov.","og_url":"https:\/\/betlabel.games\/sk\/bonuses\/","og_site_name":"Betlabel sk","article_modified_time":"2026-04-20T17:12:05+00:00","twitter_card":"summary_large_image","schema":{"@context":"https:\/\/schema.org","@graph":[{"@type":"WebPage","@id":"https:\/\/betlabel.games\/sk\/bonuses\/","url":"https:\/\/betlabel.games\/sk\/bonuses\/","name":"Bonusy BetLabel\u2122 \u2014 Ponuky pre st\u00e1vkovanie a kas\u00edno maj 2026","isPartOf":{"@id":"https:\/\/betlabel.games\/sk\/#website"},"datePublished":"2024-10-03T12:45:57+00:00","dateModified":"2026-04-20T17:12:05+00:00","description":"Vyu\u017eite bonusy od Bet Label na \u0161portov\u00e9 st\u00e1vky a kas\u00edno, vr\u00e1tane uv\u00edtac\u00edch pon\u00fak, bonusov za dobitie, bezplatn\u00fdch oto\u010den\u00ed, cashbacku a exkluz\u00edvnych akci\u00ed pre nov\u00fdch aj akt\u00edvnych hr\u00e1\u010dov.","breadcrumb":{"@id":"https:\/\/betlabel.games\/sk\/bonuses\/#breadcrumb"},"inLanguage":"sl-SI","potentialAction":[{"@type":"ReadAction","target":["https:\/\/betlabel.games\/sk\/bonuses\/"]}]},{"@type":"BreadcrumbList","@id":"https:\/\/betlabel.games\/sk\/bonuses\/#breadcrumb","itemListElement":[{"@type":"ListItem","position":1,"name":"Home","item":"https:\/\/betlabel.games\/sk\/"},{"@type":"ListItem","position":2,"name":"Bonusy"}]},{"@type":"WebSite","@id":"https:\/\/betlabel.games\/sk\/#website","url":"https:\/\/betlabel.games\/sk\/","name":"Betlabel sk","description":"My WordPress Blog","potentialAction":[{"@type":"SearchAction","target":{"@type":"EntryPoint","urlTemplate":"https:\/\/betlabel.games\/sk\/?s={search_term_string}"},"query-input":{"@type":"PropertyValueSpecification","valueRequired":true,"valueName":"search_term_string"}}],"inLanguage":"sl-SI"}]}},"_links":{"self":[{"href":"https:\/\/betlabel.games\/sk\/wp-json\/wp\/v2\/pages\/201","targetHints":{"allow":["GET"]}}],"collection":[{"href":"https:\/\/betlabel.games\/sk\/wp-json\/wp\/v2\/pages"}],"about":[{"href":"https:\/\/betlabel.games\/sk\/wp-json\/wp\/v2\/types\/page"}],"author":[{"embeddable":true,"href":"https:\/\/betlabel.games\/sk\/wp-json\/wp\/v2\/users\/1"}],"replies":[{"embeddable":true,"href":"https:\/\/betlabel.games\/sk\/wp-json\/wp\/v2\/comments?post=201"}],"version-history":[{"count":5,"href":"https:\/\/betlabel.games\/sk\/wp-json\/wp\/v2\/pages\/201\/revisions"}],"predecessor-version":[{"id":1186,"href":"https:\/\/betlabel.games\/sk\/wp-json\/wp\/v2\/pages\/201\/revisions\/1186"}],"wp:attachment":[{"href":"https:\/\/betlabel.games\/sk\/wp-json\/wp\/v2\/media?parent=201"}],"curies":[{"name":"wp","href":"https:\/\/api.w.org\/{rel}","templated":true}]}}