{"id":270,"date":"2024-10-10T12:51:51","date_gmt":"2024-10-10T12:51:51","guid":{"rendered":"https:\/\/betlabel.games\/sk\/?page_id=270"},"modified":"2026-04-20T19:08:39","modified_gmt":"2026-04-20T19:08:39","slug":"login","status":"publish","type":"page","link":"https:\/\/betlabel.games\/sk\/login\/","title":{"rendered":"Prihl\u00e1senie"},"content":{"rendered":"","protected":false},"excerpt":{"rendered":"","protected":false},"author":1,"featured_media":0,"parent":0,"menu_order":0,"comment_status":"closed","ping_status":"closed","template":"","meta":{"footnotes":""},"class_list":["post-270","page","type-page","status-publish","hentry"],"yoast_head":"<!-- This site is optimized with the Yoast SEO plugin v27.4 - https:\/\/yoast.com\/product\/yoast-seo-wordpress\/ -->\n<title>Prihl\u00e1senie do BetLabel\u2122 \u2014 Bezpe\u010dn\u00fd pr\u00edstup k \u00fa\u010dtu \u2014 2026<\/title>\n<meta name=\"description\" content=\"Prihl\u00e1ste sa do Bet Label, aby ste mali pr\u00edstup k svojmu \u00fa\u010dtu, mohli spravova\u0165 st\u00e1vky, prezera\u0165 si bonusy, sledova\u0165 aktivitu a vyu\u017e\u00edva\u0165 r\u00fdchly, bezpe\u010dn\u00fd a plynul\u00fd chod platformy.\" \/>\n<meta name=\"robots\" content=\"index, follow, max-snippet:-1, max-image-preview:large, max-video-preview:-1\" \/>\n<meta property=\"og:locale\" content=\"sl_SI\" \/>\n<meta property=\"og:type\" content=\"article\" \/>\n<meta property=\"og:title\" content=\"Prihl\u00e1senie do BetLabel\u2122 \u2014 Bezpe\u010dn\u00fd pr\u00edstup k \u00fa\u010dtu \u2014 2026\" \/>\n<meta property=\"og:description\" content=\"Prihl\u00e1ste sa do Bet Label, aby ste mali pr\u00edstup k svojmu \u00fa\u010dtu, mohli spravova\u0165 st\u00e1vky, prezera\u0165 si bonusy, sledova\u0165 aktivitu a vyu\u017e\u00edva\u0165 r\u00fdchly, bezpe\u010dn\u00fd a plynul\u00fd chod platformy.\" \/>\n<meta property=\"og:url\" content=\"https:\/\/betlabel.games\/sk\/login\/\" \/>\n<meta property=\"og:site_name\" content=\"Betlabel sk\" \/>\n<meta property=\"article:modified_time\" content=\"2026-04-20T19:08:39+00:00\" \/>\n<meta name=\"twitter:card\" content=\"summary_large_image\" \/>\n<script type=\"application\/ld+json\" class=\"yoast-schema-graph\">{\"@context\":\"https:\\\/\\\/schema.org\",\"@graph\":[{\"@type\":\"WebPage\",\"@id\":\"https:\\\/\\\/betlabel.games\\\/sk\\\/login\\\/\",\"url\":\"https:\\\/\\\/betlabel.games\\\/sk\\\/login\\\/\",\"name\":\"Prihl\u00e1senie do BetLabel\u2122 \u2014 Bezpe\u010dn\u00fd pr\u00edstup k \u00fa\u010dtu \u2014 2026\",\"isPartOf\":{\"@id\":\"https:\\\/\\\/betlabel.games\\\/sk\\\/#website\"},\"datePublished\":\"2024-10-10T12:51:51+00:00\",\"dateModified\":\"2026-04-20T19:08:39+00:00\",\"description\":\"Prihl\u00e1ste sa do Bet Label, aby ste mali pr\u00edstup k svojmu \u00fa\u010dtu, mohli spravova\u0165 st\u00e1vky, prezera\u0165 si bonusy, sledova\u0165 aktivitu a vyu\u017e\u00edva\u0165 r\u00fdchly, bezpe\u010dn\u00fd a plynul\u00fd chod platformy.\",\"breadcrumb\":{\"@id\":\"https:\\\/\\\/betlabel.games\\\/sk\\\/login\\\/#breadcrumb\"},\"inLanguage\":\"sl-SI\",\"potentialAction\":[{\"@type\":\"ReadAction\",\"target\":[\"https:\\\/\\\/betlabel.games\\\/sk\\\/login\\\/\"]}]},{\"@type\":\"BreadcrumbList\",\"@id\":\"https:\\\/\\\/betlabel.games\\\/sk\\\/login\\\/#breadcrumb\",\"itemListElement\":[{\"@type\":\"ListItem\",\"position\":1,\"name\":\"Home\",\"item\":\"https:\\\/\\\/betlabel.games\\\/sk\\\/\"},{\"@type\":\"ListItem\",\"position\":2,\"name\":\"Prihl\u00e1senie\"}]},{\"@type\":\"WebSite\",\"@id\":\"https:\\\/\\\/betlabel.games\\\/sk\\\/#website\",\"url\":\"https:\\\/\\\/betlabel.games\\\/sk\\\/\",\"name\":\"Betlabel sk\",\"description\":\"My WordPress Blog\",\"potentialAction\":[{\"@type\":\"SearchAction\",\"target\":{\"@type\":\"EntryPoint\",\"urlTemplate\":\"https:\\\/\\\/betlabel.games\\\/sk\\\/?s={search_term_string}\"},\"query-input\":{\"@type\":\"PropertyValueSpecification\",\"valueRequired\":true,\"valueName\":\"search_term_string\"}}],\"inLanguage\":\"sl-SI\"}]}<\/script>\n<!-- \/ Yoast SEO plugin. -->","yoast_head_json":{"title":"Prihl\u00e1senie do BetLabel\u2122 \u2014 Bezpe\u010dn\u00fd pr\u00edstup k \u00fa\u010dtu \u2014 2026","description":"Prihl\u00e1ste sa do Bet Label, aby ste mali pr\u00edstup k svojmu \u00fa\u010dtu, mohli spravova\u0165 st\u00e1vky, prezera\u0165 si bonusy, sledova\u0165 aktivitu a vyu\u017e\u00edva\u0165 r\u00fdchly, bezpe\u010dn\u00fd a plynul\u00fd chod platformy.","robots":{"index":"index","follow":"follow","max-snippet":"max-snippet:-1","max-image-preview":"max-image-preview:large","max-video-preview":"max-video-preview:-1"},"og_locale":"sl_SI","og_type":"article","og_title":"Prihl\u00e1senie do BetLabel\u2122 \u2014 Bezpe\u010dn\u00fd pr\u00edstup k \u00fa\u010dtu \u2014 2026","og_description":"Prihl\u00e1ste sa do Bet Label, aby ste mali pr\u00edstup k svojmu \u00fa\u010dtu, mohli spravova\u0165 st\u00e1vky, prezera\u0165 si bonusy, sledova\u0165 aktivitu a vyu\u017e\u00edva\u0165 r\u00fdchly, bezpe\u010dn\u00fd a plynul\u00fd chod platformy.","og_url":"https:\/\/betlabel.games\/sk\/login\/","og_site_name":"Betlabel sk","article_modified_time":"2026-04-20T19:08:39+00:00","twitter_card":"summary_large_image","schema":{"@context":"https:\/\/schema.org","@graph":[{"@type":"WebPage","@id":"https:\/\/betlabel.games\/sk\/login\/","url":"https:\/\/betlabel.games\/sk\/login\/","name":"Prihl\u00e1senie do BetLabel\u2122 \u2014 Bezpe\u010dn\u00fd pr\u00edstup k \u00fa\u010dtu \u2014 2026","isPartOf":{"@id":"https:\/\/betlabel.games\/sk\/#website"},"datePublished":"2024-10-10T12:51:51+00:00","dateModified":"2026-04-20T19:08:39+00:00","description":"Prihl\u00e1ste sa do Bet Label, aby ste mali pr\u00edstup k svojmu \u00fa\u010dtu, mohli spravova\u0165 st\u00e1vky, prezera\u0165 si bonusy, sledova\u0165 aktivitu a vyu\u017e\u00edva\u0165 r\u00fdchly, bezpe\u010dn\u00fd a plynul\u00fd chod platformy.","breadcrumb":{"@id":"https:\/\/betlabel.games\/sk\/login\/#breadcrumb"},"inLanguage":"sl-SI","potentialAction":[{"@type":"ReadAction","target":["https:\/\/betlabel.games\/sk\/login\/"]}]},{"@type":"BreadcrumbList","@id":"https:\/\/betlabel.games\/sk\/login\/#breadcrumb","itemListElement":[{"@type":"ListItem","position":1,"name":"Home","item":"https:\/\/betlabel.games\/sk\/"},{"@type":"ListItem","position":2,"name":"Prihl\u00e1senie"}]},{"@type":"WebSite","@id":"https:\/\/betlabel.games\/sk\/#website","url":"https:\/\/betlabel.games\/sk\/","name":"Betlabel sk","description":"My WordPress Blog","potentialAction":[{"@type":"SearchAction","target":{"@type":"EntryPoint","urlTemplate":"https:\/\/betlabel.games\/sk\/?s={search_term_string}"},"query-input":{"@type":"PropertyValueSpecification","valueRequired":true,"valueName":"search_term_string"}}],"inLanguage":"sl-SI"}]}},"_links":{"self":[{"href":"https:\/\/betlabel.games\/sk\/wp-json\/wp\/v2\/pages\/270","targetHints":{"allow":["GET"]}}],"collection":[{"href":"https:\/\/betlabel.games\/sk\/wp-json\/wp\/v2\/pages"}],"about":[{"href":"https:\/\/betlabel.games\/sk\/wp-json\/wp\/v2\/types\/page"}],"author":[{"embeddable":true,"href":"https:\/\/betlabel.games\/sk\/wp-json\/wp\/v2\/users\/1"}],"replies":[{"embeddable":true,"href":"https:\/\/betlabel.games\/sk\/wp-json\/wp\/v2\/comments?post=270"}],"version-history":[{"count":5,"href":"https:\/\/betlabel.games\/sk\/wp-json\/wp\/v2\/pages\/270\/revisions"}],"predecessor-version":[{"id":1220,"href":"https:\/\/betlabel.games\/sk\/wp-json\/wp\/v2\/pages\/270\/revisions\/1220"}],"wp:attachment":[{"href":"https:\/\/betlabel.games\/sk\/wp-json\/wp\/v2\/media?parent=270"}],"curies":[{"name":"wp","href":"https:\/\/api.w.org\/{rel}","templated":true}]}}