{"id":275,"date":"2024-10-10T12:58:51","date_gmt":"2024-10-10T12:58:51","guid":{"rendered":"https:\/\/betlabel.games\/sk\/?page_id=275"},"modified":"2025-03-26T19:10:21","modified_gmt":"2025-03-26T19:10:21","slug":"affiliate","status":"publish","type":"page","link":"https:\/\/betlabel.games\/sk\/affiliate\/","title":{"rendered":"Affiliate"},"content":{"rendered":"","protected":false},"excerpt":{"rendered":"","protected":false},"author":1,"featured_media":0,"parent":0,"menu_order":0,"comment_status":"closed","ping_status":"closed","template":"","meta":{"footnotes":""},"class_list":["post-275","page","type-page","status-publish","hentry"],"yoast_head":"<!-- This site is optimized with the Yoast SEO plugin v26.6 - https:\/\/yoast.com\/wordpress\/plugins\/seo\/ -->\n<title>BetLabel Partneri | Affiliate program pre st\u00e1vkovanie a kas\u00edna<\/title>\n<meta name=\"description\" content=\"Affiliate program BetLabel Slovensko pon\u00faka podiel na zisku vo v\u00fd\u0161ke 30 % s pohodln\u00fdmi reportovac\u00edmi a marketingov\u00fdmi n\u00e1strojmi. Zdie\u013eajte svoj osobn\u00fd odkaz BetLabel a z\u00edskajte prov\u00edziu za ka\u017ed\u00e9ho pou\u017e\u00edvate\u013ea, ktor\u00fd sa zaregistruje a stav\u00ed peniaze\" \/>\n<meta name=\"robots\" content=\"index, follow, max-snippet:-1, max-image-preview:large, max-video-preview:-1\" \/>\n<meta property=\"og:locale\" content=\"sk_SK\" \/>\n<meta property=\"og:type\" content=\"article\" \/>\n<meta property=\"og:title\" content=\"BetLabel Partneri | Affiliate program pre st\u00e1vkovanie a kas\u00edna\" \/>\n<meta property=\"og:description\" content=\"Affiliate program BetLabel Slovensko pon\u00faka podiel na zisku vo v\u00fd\u0161ke 30 % s pohodln\u00fdmi reportovac\u00edmi a marketingov\u00fdmi n\u00e1strojmi. Zdie\u013eajte svoj osobn\u00fd odkaz BetLabel a z\u00edskajte prov\u00edziu za ka\u017ed\u00e9ho pou\u017e\u00edvate\u013ea, ktor\u00fd sa zaregistruje a stav\u00ed peniaze\" \/>\n<meta property=\"og:url\" content=\"https:\/\/betlabel.games\/sk\/affiliate\/\" \/>\n<meta property=\"og:site_name\" content=\"Betlabel sk\" \/>\n<meta property=\"article:modified_time\" content=\"2025-03-26T19:10:21+00:00\" \/>\n<meta name=\"twitter:card\" content=\"summary_large_image\" \/>\n<script type=\"application\/ld+json\" class=\"yoast-schema-graph\">{\"@context\":\"https:\/\/schema.org\",\"@graph\":[{\"@type\":\"WebPage\",\"@id\":\"https:\/\/betlabel.games\/sk\/affiliate\/\",\"url\":\"https:\/\/betlabel.games\/sk\/affiliate\/\",\"name\":\"BetLabel Partneri | Affiliate program pre st\u00e1vkovanie a kas\u00edna\",\"isPartOf\":{\"@id\":\"https:\/\/betlabel.games\/sk\/#website\"},\"datePublished\":\"2024-10-10T12:58:51+00:00\",\"dateModified\":\"2025-03-26T19:10:21+00:00\",\"description\":\"Affiliate program BetLabel Slovensko pon\u00faka podiel na zisku vo v\u00fd\u0161ke 30 % s pohodln\u00fdmi reportovac\u00edmi a marketingov\u00fdmi n\u00e1strojmi. Zdie\u013eajte svoj osobn\u00fd odkaz BetLabel a z\u00edskajte prov\u00edziu za ka\u017ed\u00e9ho pou\u017e\u00edvate\u013ea, ktor\u00fd sa zaregistruje a stav\u00ed peniaze\",\"breadcrumb\":{\"@id\":\"https:\/\/betlabel.games\/sk\/affiliate\/#breadcrumb\"},\"inLanguage\":\"sk-SK\",\"potentialAction\":[{\"@type\":\"ReadAction\",\"target\":[\"https:\/\/betlabel.games\/sk\/affiliate\/\"]}]},{\"@type\":\"BreadcrumbList\",\"@id\":\"https:\/\/betlabel.games\/sk\/affiliate\/#breadcrumb\",\"itemListElement\":[{\"@type\":\"ListItem\",\"position\":1,\"name\":\"Home\",\"item\":\"https:\/\/betlabel.games\/sk\/\"},{\"@type\":\"ListItem\",\"position\":2,\"name\":\"Affiliate\"}]},{\"@type\":\"WebSite\",\"@id\":\"https:\/\/betlabel.games\/sk\/#website\",\"url\":\"https:\/\/betlabel.games\/sk\/\",\"name\":\"Betlabel sk\",\"description\":\"My WordPress Blog\",\"potentialAction\":[{\"@type\":\"SearchAction\",\"target\":{\"@type\":\"EntryPoint\",\"urlTemplate\":\"https:\/\/betlabel.games\/sk\/?s={search_term_string}\"},\"query-input\":{\"@type\":\"PropertyValueSpecification\",\"valueRequired\":true,\"valueName\":\"search_term_string\"}}],\"inLanguage\":\"sk-SK\"}]}<\/script>\n<!-- \/ Yoast SEO plugin. -->","yoast_head_json":{"title":"BetLabel Partneri | Affiliate program pre st\u00e1vkovanie a kas\u00edna","description":"Affiliate program BetLabel Slovensko pon\u00faka podiel na zisku vo v\u00fd\u0161ke 30 % s pohodln\u00fdmi reportovac\u00edmi a marketingov\u00fdmi n\u00e1strojmi. Zdie\u013eajte svoj osobn\u00fd odkaz BetLabel a z\u00edskajte prov\u00edziu za ka\u017ed\u00e9ho pou\u017e\u00edvate\u013ea, ktor\u00fd sa zaregistruje a stav\u00ed peniaze","robots":{"index":"index","follow":"follow","max-snippet":"max-snippet:-1","max-image-preview":"max-image-preview:large","max-video-preview":"max-video-preview:-1"},"og_locale":"sk_SK","og_type":"article","og_title":"BetLabel Partneri | Affiliate program pre st\u00e1vkovanie a kas\u00edna","og_description":"Affiliate program BetLabel Slovensko pon\u00faka podiel na zisku vo v\u00fd\u0161ke 30 % s pohodln\u00fdmi reportovac\u00edmi a marketingov\u00fdmi n\u00e1strojmi. Zdie\u013eajte svoj osobn\u00fd odkaz BetLabel a z\u00edskajte prov\u00edziu za ka\u017ed\u00e9ho pou\u017e\u00edvate\u013ea, ktor\u00fd sa zaregistruje a stav\u00ed peniaze","og_url":"https:\/\/betlabel.games\/sk\/affiliate\/","og_site_name":"Betlabel sk","article_modified_time":"2025-03-26T19:10:21+00:00","twitter_card":"summary_large_image","schema":{"@context":"https:\/\/schema.org","@graph":[{"@type":"WebPage","@id":"https:\/\/betlabel.games\/sk\/affiliate\/","url":"https:\/\/betlabel.games\/sk\/affiliate\/","name":"BetLabel Partneri | Affiliate program pre st\u00e1vkovanie a kas\u00edna","isPartOf":{"@id":"https:\/\/betlabel.games\/sk\/#website"},"datePublished":"2024-10-10T12:58:51+00:00","dateModified":"2025-03-26T19:10:21+00:00","description":"Affiliate program BetLabel Slovensko pon\u00faka podiel na zisku vo v\u00fd\u0161ke 30 % s pohodln\u00fdmi reportovac\u00edmi a marketingov\u00fdmi n\u00e1strojmi. Zdie\u013eajte svoj osobn\u00fd odkaz BetLabel a z\u00edskajte prov\u00edziu za ka\u017ed\u00e9ho pou\u017e\u00edvate\u013ea, ktor\u00fd sa zaregistruje a stav\u00ed peniaze","breadcrumb":{"@id":"https:\/\/betlabel.games\/sk\/affiliate\/#breadcrumb"},"inLanguage":"sk-SK","potentialAction":[{"@type":"ReadAction","target":["https:\/\/betlabel.games\/sk\/affiliate\/"]}]},{"@type":"BreadcrumbList","@id":"https:\/\/betlabel.games\/sk\/affiliate\/#breadcrumb","itemListElement":[{"@type":"ListItem","position":1,"name":"Home","item":"https:\/\/betlabel.games\/sk\/"},{"@type":"ListItem","position":2,"name":"Affiliate"}]},{"@type":"WebSite","@id":"https:\/\/betlabel.games\/sk\/#website","url":"https:\/\/betlabel.games\/sk\/","name":"Betlabel sk","description":"My WordPress Blog","potentialAction":[{"@type":"SearchAction","target":{"@type":"EntryPoint","urlTemplate":"https:\/\/betlabel.games\/sk\/?s={search_term_string}"},"query-input":{"@type":"PropertyValueSpecification","valueRequired":true,"valueName":"search_term_string"}}],"inLanguage":"sk-SK"}]}},"_links":{"self":[{"href":"https:\/\/betlabel.games\/sk\/wp-json\/wp\/v2\/pages\/275","targetHints":{"allow":["GET"]}}],"collection":[{"href":"https:\/\/betlabel.games\/sk\/wp-json\/wp\/v2\/pages"}],"about":[{"href":"https:\/\/betlabel.games\/sk\/wp-json\/wp\/v2\/types\/page"}],"author":[{"embeddable":true,"href":"https:\/\/betlabel.games\/sk\/wp-json\/wp\/v2\/users\/1"}],"replies":[{"embeddable":true,"href":"https:\/\/betlabel.games\/sk\/wp-json\/wp\/v2\/comments?post=275"}],"version-history":[{"count":1,"href":"https:\/\/betlabel.games\/sk\/wp-json\/wp\/v2\/pages\/275\/revisions"}],"predecessor-version":[{"id":433,"href":"https:\/\/betlabel.games\/sk\/wp-json\/wp\/v2\/pages\/275\/revisions\/433"}],"wp:attachment":[{"href":"https:\/\/betlabel.games\/sk\/wp-json\/wp\/v2\/media?parent=275"}],"curies":[{"name":"wp","href":"https:\/\/api.w.org\/{rel}","templated":true}]}}