{"id":447,"date":"2025-06-13T07:40:56","date_gmt":"2025-06-13T07:40:56","guid":{"rendered":"https:\/\/betlabel.games\/?page_id=447"},"modified":"2025-11-10T06:02:15","modified_gmt":"2025-11-10T06:02:15","slug":"sports-cashback","status":"publish","type":"page","link":"https:\/\/betlabel.games\/sk\/bonuses\/sports-cashback\/","title":{"rendered":"Cashback za \u0161port"},"content":{"rendered":"","protected":false},"excerpt":{"rendered":"","protected":false},"author":1,"featured_media":0,"parent":201,"menu_order":0,"comment_status":"closed","ping_status":"closed","template":"","meta":{"footnotes":""},"class_list":["post-447","page","type-page","status-publish","hentry"],"yoast_head":"<!-- This site is optimized with the Yoast SEO plugin v26.6 - https:\/\/yoast.com\/wordpress\/plugins\/seo\/ -->\n<title>\u0160portov\u00fd cashback od BetLabel | Z\u00edskajte sp\u00e4\u0165 3 % zo svojich str\u00e1t<\/title>\n<meta name=\"description\" content=\"Nenechajte si ujs\u0165 \u0161ancu z\u00edska\u0165 sp\u00e4\u0165 \u010das\u0165 svojich str\u00e1t v\u010faka cashbacku od BetLabel! Z\u00edskajte sp\u00e4\u0165 3 % zo svojich st\u00e1vok ka\u017ed\u00fd t\u00fd\u017ede\u0148 bez nutnosti \u010fal\u0161\u00edch vkladov.\" \/>\n<meta name=\"robots\" content=\"index, follow, max-snippet:-1, max-image-preview:large, max-video-preview:-1\" \/>\n<meta property=\"og:locale\" content=\"sk_SK\" \/>\n<meta property=\"og:type\" content=\"article\" \/>\n<meta property=\"og:title\" content=\"\u0160portov\u00fd cashback od BetLabel | Z\u00edskajte sp\u00e4\u0165 3 % zo svojich str\u00e1t\" \/>\n<meta property=\"og:description\" content=\"Nenechajte si ujs\u0165 \u0161ancu z\u00edska\u0165 sp\u00e4\u0165 \u010das\u0165 svojich str\u00e1t v\u010faka cashbacku od BetLabel! Z\u00edskajte sp\u00e4\u0165 3 % zo svojich st\u00e1vok ka\u017ed\u00fd t\u00fd\u017ede\u0148 bez nutnosti \u010fal\u0161\u00edch vkladov.\" \/>\n<meta property=\"og:url\" content=\"https:\/\/betlabel.games\/sk\/bonuses\/sports-cashback\/\" \/>\n<meta property=\"og:site_name\" content=\"Betlabel sk\" \/>\n<meta property=\"article:modified_time\" content=\"2025-11-10T06:02:15+00:00\" \/>\n<meta name=\"twitter:card\" content=\"summary_large_image\" \/>\n<script type=\"application\/ld+json\" class=\"yoast-schema-graph\">{\"@context\":\"https:\/\/schema.org\",\"@graph\":[{\"@type\":\"WebPage\",\"@id\":\"https:\/\/betlabel.games\/sk\/bonuses\/sports-cashback\/\",\"url\":\"https:\/\/betlabel.games\/sk\/bonuses\/sports-cashback\/\",\"name\":\"\u0160portov\u00fd cashback od BetLabel | Z\u00edskajte sp\u00e4\u0165 3 % zo svojich str\u00e1t\",\"isPartOf\":{\"@id\":\"https:\/\/betlabel.games\/sk\/#website\"},\"datePublished\":\"2025-06-13T07:40:56+00:00\",\"dateModified\":\"2025-11-10T06:02:15+00:00\",\"description\":\"Nenechajte si ujs\u0165 \u0161ancu z\u00edska\u0165 sp\u00e4\u0165 \u010das\u0165 svojich str\u00e1t v\u010faka cashbacku od BetLabel! Z\u00edskajte sp\u00e4\u0165 3 % zo svojich st\u00e1vok ka\u017ed\u00fd t\u00fd\u017ede\u0148 bez nutnosti \u010fal\u0161\u00edch vkladov.\",\"breadcrumb\":{\"@id\":\"https:\/\/betlabel.games\/sk\/bonuses\/sports-cashback\/#breadcrumb\"},\"inLanguage\":\"sk-SK\",\"potentialAction\":[{\"@type\":\"ReadAction\",\"target\":[\"https:\/\/betlabel.games\/sk\/bonuses\/sports-cashback\/\"]}]},{\"@type\":\"BreadcrumbList\",\"@id\":\"https:\/\/betlabel.games\/sk\/bonuses\/sports-cashback\/#breadcrumb\",\"itemListElement\":[{\"@type\":\"ListItem\",\"position\":1,\"name\":\"Home\",\"item\":\"https:\/\/betlabel.games\/sk\/\"},{\"@type\":\"ListItem\",\"position\":2,\"name\":\"Bonusy\",\"item\":\"https:\/\/betlabel.games\/sk\/bonuses\/\"},{\"@type\":\"ListItem\",\"position\":3,\"name\":\"Cashback za \u0161port\"}]},{\"@type\":\"WebSite\",\"@id\":\"https:\/\/betlabel.games\/sk\/#website\",\"url\":\"https:\/\/betlabel.games\/sk\/\",\"name\":\"Betlabel sk\",\"description\":\"My WordPress Blog\",\"potentialAction\":[{\"@type\":\"SearchAction\",\"target\":{\"@type\":\"EntryPoint\",\"urlTemplate\":\"https:\/\/betlabel.games\/sk\/?s={search_term_string}\"},\"query-input\":{\"@type\":\"PropertyValueSpecification\",\"valueRequired\":true,\"valueName\":\"search_term_string\"}}],\"inLanguage\":\"sk-SK\"}]}<\/script>\n<!-- \/ Yoast SEO plugin. -->","yoast_head_json":{"title":"\u0160portov\u00fd cashback od BetLabel | Z\u00edskajte sp\u00e4\u0165 3 % zo svojich str\u00e1t","description":"Nenechajte si ujs\u0165 \u0161ancu z\u00edska\u0165 sp\u00e4\u0165 \u010das\u0165 svojich str\u00e1t v\u010faka cashbacku od BetLabel! Z\u00edskajte sp\u00e4\u0165 3 % zo svojich st\u00e1vok ka\u017ed\u00fd t\u00fd\u017ede\u0148 bez nutnosti \u010fal\u0161\u00edch vkladov.","robots":{"index":"index","follow":"follow","max-snippet":"max-snippet:-1","max-image-preview":"max-image-preview:large","max-video-preview":"max-video-preview:-1"},"og_locale":"sk_SK","og_type":"article","og_title":"\u0160portov\u00fd cashback od BetLabel | Z\u00edskajte sp\u00e4\u0165 3 % zo svojich str\u00e1t","og_description":"Nenechajte si ujs\u0165 \u0161ancu z\u00edska\u0165 sp\u00e4\u0165 \u010das\u0165 svojich str\u00e1t v\u010faka cashbacku od BetLabel! Z\u00edskajte sp\u00e4\u0165 3 % zo svojich st\u00e1vok ka\u017ed\u00fd t\u00fd\u017ede\u0148 bez nutnosti \u010fal\u0161\u00edch vkladov.","og_url":"https:\/\/betlabel.games\/sk\/bonuses\/sports-cashback\/","og_site_name":"Betlabel sk","article_modified_time":"2025-11-10T06:02:15+00:00","twitter_card":"summary_large_image","schema":{"@context":"https:\/\/schema.org","@graph":[{"@type":"WebPage","@id":"https:\/\/betlabel.games\/sk\/bonuses\/sports-cashback\/","url":"https:\/\/betlabel.games\/sk\/bonuses\/sports-cashback\/","name":"\u0160portov\u00fd cashback od BetLabel | Z\u00edskajte sp\u00e4\u0165 3 % zo svojich str\u00e1t","isPartOf":{"@id":"https:\/\/betlabel.games\/sk\/#website"},"datePublished":"2025-06-13T07:40:56+00:00","dateModified":"2025-11-10T06:02:15+00:00","description":"Nenechajte si ujs\u0165 \u0161ancu z\u00edska\u0165 sp\u00e4\u0165 \u010das\u0165 svojich str\u00e1t v\u010faka cashbacku od BetLabel! Z\u00edskajte sp\u00e4\u0165 3 % zo svojich st\u00e1vok ka\u017ed\u00fd t\u00fd\u017ede\u0148 bez nutnosti \u010fal\u0161\u00edch vkladov.","breadcrumb":{"@id":"https:\/\/betlabel.games\/sk\/bonuses\/sports-cashback\/#breadcrumb"},"inLanguage":"sk-SK","potentialAction":[{"@type":"ReadAction","target":["https:\/\/betlabel.games\/sk\/bonuses\/sports-cashback\/"]}]},{"@type":"BreadcrumbList","@id":"https:\/\/betlabel.games\/sk\/bonuses\/sports-cashback\/#breadcrumb","itemListElement":[{"@type":"ListItem","position":1,"name":"Home","item":"https:\/\/betlabel.games\/sk\/"},{"@type":"ListItem","position":2,"name":"Bonusy","item":"https:\/\/betlabel.games\/sk\/bonuses\/"},{"@type":"ListItem","position":3,"name":"Cashback za \u0161port"}]},{"@type":"WebSite","@id":"https:\/\/betlabel.games\/sk\/#website","url":"https:\/\/betlabel.games\/sk\/","name":"Betlabel sk","description":"My WordPress Blog","potentialAction":[{"@type":"SearchAction","target":{"@type":"EntryPoint","urlTemplate":"https:\/\/betlabel.games\/sk\/?s={search_term_string}"},"query-input":{"@type":"PropertyValueSpecification","valueRequired":true,"valueName":"search_term_string"}}],"inLanguage":"sk-SK"}]}},"_links":{"self":[{"href":"https:\/\/betlabel.games\/sk\/wp-json\/wp\/v2\/pages\/447","targetHints":{"allow":["GET"]}}],"collection":[{"href":"https:\/\/betlabel.games\/sk\/wp-json\/wp\/v2\/pages"}],"about":[{"href":"https:\/\/betlabel.games\/sk\/wp-json\/wp\/v2\/types\/page"}],"author":[{"embeddable":true,"href":"https:\/\/betlabel.games\/sk\/wp-json\/wp\/v2\/users\/1"}],"replies":[{"embeddable":true,"href":"https:\/\/betlabel.games\/sk\/wp-json\/wp\/v2\/comments?post=447"}],"version-history":[{"count":3,"href":"https:\/\/betlabel.games\/sk\/wp-json\/wp\/v2\/pages\/447\/revisions"}],"predecessor-version":[{"id":462,"href":"https:\/\/betlabel.games\/sk\/wp-json\/wp\/v2\/pages\/447\/revisions\/462"}],"up":[{"embeddable":true,"href":"https:\/\/betlabel.games\/sk\/wp-json\/wp\/v2\/pages\/201"}],"wp:attachment":[{"href":"https:\/\/betlabel.games\/sk\/wp-json\/wp\/v2\/media?parent=447"}],"curies":[{"name":"wp","href":"https:\/\/api.w.org\/{rel}","templated":true}]}}