{"id":716,"date":"2025-12-24T12:19:05","date_gmt":"2025-12-24T12:19:05","guid":{"rendered":"https:\/\/betlabel.games\/sk\/?page_id=716"},"modified":"2026-04-20T18:56:52","modified_gmt":"2026-04-20T18:56:52","slug":"ice-hockey-betting","status":"publish","type":"page","link":"https:\/\/betlabel.games\/sk\/ice-hockey-betting\/","title":{"rendered":"\u013dadov\u00fd hokej"},"content":{"rendered":"","protected":false},"excerpt":{"rendered":"","protected":false},"author":1,"featured_media":0,"parent":0,"menu_order":0,"comment_status":"closed","ping_status":"closed","template":"","meta":{"footnotes":""},"class_list":["post-716","page","type-page","status-publish","hentry"],"yoast_head":"<!-- This site is optimized with the Yoast SEO plugin v27.4 - https:\/\/yoast.com\/product\/yoast-seo-wordpress\/ -->\n<title>BetLabel \u2013 St\u00e1vky na hokej \u1409 NHL, KHL, live st\u00e1vky a vysok\u00e9 kurzy<\/title>\n<meta name=\"description\" content=\"St\u00e1vky na hokej na BetLabel \u1409 NHL, KHL, majstrovstv\u00e1 sveta s viac ako 1000 st\u00e1vkov\u00fdmi trhmi. Vysok\u00e9 kurzy na handicapy, celkov\u00e9 sk\u00f3re a tretiny. Priame prenosy, \u0161tatistiky a 100 % bonus k prv\u00e9mu vkladu!\" \/>\n<meta name=\"robots\" content=\"index, follow, max-snippet:-1, max-image-preview:large, max-video-preview:-1\" \/>\n<meta property=\"og:locale\" content=\"sl_SI\" \/>\n<meta property=\"og:type\" content=\"article\" \/>\n<meta property=\"og:title\" content=\"BetLabel \u2013 St\u00e1vky na hokej \u1409 NHL, KHL, live st\u00e1vky a vysok\u00e9 kurzy\" \/>\n<meta property=\"og:description\" content=\"St\u00e1vky na hokej na BetLabel \u1409 NHL, KHL, majstrovstv\u00e1 sveta s viac ako 1000 st\u00e1vkov\u00fdmi trhmi. Vysok\u00e9 kurzy na handicapy, celkov\u00e9 sk\u00f3re a tretiny. Priame prenosy, \u0161tatistiky a 100 % bonus k prv\u00e9mu vkladu!\" \/>\n<meta property=\"og:url\" content=\"https:\/\/betlabel.games\/sk\/ice-hockey-betting\/\" \/>\n<meta property=\"og:site_name\" content=\"Betlabel sk\" \/>\n<meta property=\"article:modified_time\" content=\"2026-04-20T18:56:52+00:00\" \/>\n<meta name=\"twitter:card\" content=\"summary_large_image\" \/>\n<script type=\"application\/ld+json\" class=\"yoast-schema-graph\">{\"@context\":\"https:\\\/\\\/schema.org\",\"@graph\":[{\"@type\":\"WebPage\",\"@id\":\"https:\\\/\\\/betlabel.games\\\/sk\\\/ice-hockey-betting\\\/\",\"url\":\"https:\\\/\\\/betlabel.games\\\/sk\\\/ice-hockey-betting\\\/\",\"name\":\"BetLabel \u2013 St\u00e1vky na hokej \u1409 NHL, KHL, live st\u00e1vky a vysok\u00e9 kurzy\",\"isPartOf\":{\"@id\":\"https:\\\/\\\/betlabel.games\\\/sk\\\/#website\"},\"datePublished\":\"2025-12-24T12:19:05+00:00\",\"dateModified\":\"2026-04-20T18:56:52+00:00\",\"description\":\"St\u00e1vky na hokej na BetLabel \u1409 NHL, KHL, majstrovstv\u00e1 sveta s viac ako 1000 st\u00e1vkov\u00fdmi trhmi. Vysok\u00e9 kurzy na handicapy, celkov\u00e9 sk\u00f3re a tretiny. Priame prenosy, \u0161tatistiky a 100 % bonus k prv\u00e9mu vkladu!\",\"breadcrumb\":{\"@id\":\"https:\\\/\\\/betlabel.games\\\/sk\\\/ice-hockey-betting\\\/#breadcrumb\"},\"inLanguage\":\"sl-SI\",\"potentialAction\":[{\"@type\":\"ReadAction\",\"target\":[\"https:\\\/\\\/betlabel.games\\\/sk\\\/ice-hockey-betting\\\/\"]}]},{\"@type\":\"BreadcrumbList\",\"@id\":\"https:\\\/\\\/betlabel.games\\\/sk\\\/ice-hockey-betting\\\/#breadcrumb\",\"itemListElement\":[{\"@type\":\"ListItem\",\"position\":1,\"name\":\"Home\",\"item\":\"https:\\\/\\\/betlabel.games\\\/sk\\\/\"},{\"@type\":\"ListItem\",\"position\":2,\"name\":\"\u013dadov\u00fd hokej\"}]},{\"@type\":\"WebSite\",\"@id\":\"https:\\\/\\\/betlabel.games\\\/sk\\\/#website\",\"url\":\"https:\\\/\\\/betlabel.games\\\/sk\\\/\",\"name\":\"Betlabel sk\",\"description\":\"My WordPress Blog\",\"potentialAction\":[{\"@type\":\"SearchAction\",\"target\":{\"@type\":\"EntryPoint\",\"urlTemplate\":\"https:\\\/\\\/betlabel.games\\\/sk\\\/?s={search_term_string}\"},\"query-input\":{\"@type\":\"PropertyValueSpecification\",\"valueRequired\":true,\"valueName\":\"search_term_string\"}}],\"inLanguage\":\"sl-SI\"}]}<\/script>\n<!-- \/ Yoast SEO plugin. -->","yoast_head_json":{"title":"BetLabel \u2013 St\u00e1vky na hokej \u1409 NHL, KHL, live st\u00e1vky a vysok\u00e9 kurzy","description":"St\u00e1vky na hokej na BetLabel \u1409 NHL, KHL, majstrovstv\u00e1 sveta s viac ako 1000 st\u00e1vkov\u00fdmi trhmi. Vysok\u00e9 kurzy na handicapy, celkov\u00e9 sk\u00f3re a tretiny. Priame prenosy, \u0161tatistiky a 100 % bonus k prv\u00e9mu vkladu!","robots":{"index":"index","follow":"follow","max-snippet":"max-snippet:-1","max-image-preview":"max-image-preview:large","max-video-preview":"max-video-preview:-1"},"og_locale":"sl_SI","og_type":"article","og_title":"BetLabel \u2013 St\u00e1vky na hokej \u1409 NHL, KHL, live st\u00e1vky a vysok\u00e9 kurzy","og_description":"St\u00e1vky na hokej na BetLabel \u1409 NHL, KHL, majstrovstv\u00e1 sveta s viac ako 1000 st\u00e1vkov\u00fdmi trhmi. Vysok\u00e9 kurzy na handicapy, celkov\u00e9 sk\u00f3re a tretiny. Priame prenosy, \u0161tatistiky a 100 % bonus k prv\u00e9mu vkladu!","og_url":"https:\/\/betlabel.games\/sk\/ice-hockey-betting\/","og_site_name":"Betlabel sk","article_modified_time":"2026-04-20T18:56:52+00:00","twitter_card":"summary_large_image","schema":{"@context":"https:\/\/schema.org","@graph":[{"@type":"WebPage","@id":"https:\/\/betlabel.games\/sk\/ice-hockey-betting\/","url":"https:\/\/betlabel.games\/sk\/ice-hockey-betting\/","name":"BetLabel \u2013 St\u00e1vky na hokej \u1409 NHL, KHL, live st\u00e1vky a vysok\u00e9 kurzy","isPartOf":{"@id":"https:\/\/betlabel.games\/sk\/#website"},"datePublished":"2025-12-24T12:19:05+00:00","dateModified":"2026-04-20T18:56:52+00:00","description":"St\u00e1vky na hokej na BetLabel \u1409 NHL, KHL, majstrovstv\u00e1 sveta s viac ako 1000 st\u00e1vkov\u00fdmi trhmi. Vysok\u00e9 kurzy na handicapy, celkov\u00e9 sk\u00f3re a tretiny. Priame prenosy, \u0161tatistiky a 100 % bonus k prv\u00e9mu vkladu!","breadcrumb":{"@id":"https:\/\/betlabel.games\/sk\/ice-hockey-betting\/#breadcrumb"},"inLanguage":"sl-SI","potentialAction":[{"@type":"ReadAction","target":["https:\/\/betlabel.games\/sk\/ice-hockey-betting\/"]}]},{"@type":"BreadcrumbList","@id":"https:\/\/betlabel.games\/sk\/ice-hockey-betting\/#breadcrumb","itemListElement":[{"@type":"ListItem","position":1,"name":"Home","item":"https:\/\/betlabel.games\/sk\/"},{"@type":"ListItem","position":2,"name":"\u013dadov\u00fd hokej"}]},{"@type":"WebSite","@id":"https:\/\/betlabel.games\/sk\/#website","url":"https:\/\/betlabel.games\/sk\/","name":"Betlabel sk","description":"My WordPress Blog","potentialAction":[{"@type":"SearchAction","target":{"@type":"EntryPoint","urlTemplate":"https:\/\/betlabel.games\/sk\/?s={search_term_string}"},"query-input":{"@type":"PropertyValueSpecification","valueRequired":true,"valueName":"search_term_string"}}],"inLanguage":"sl-SI"}]}},"_links":{"self":[{"href":"https:\/\/betlabel.games\/sk\/wp-json\/wp\/v2\/pages\/716","targetHints":{"allow":["GET"]}}],"collection":[{"href":"https:\/\/betlabel.games\/sk\/wp-json\/wp\/v2\/pages"}],"about":[{"href":"https:\/\/betlabel.games\/sk\/wp-json\/wp\/v2\/types\/page"}],"author":[{"embeddable":true,"href":"https:\/\/betlabel.games\/sk\/wp-json\/wp\/v2\/users\/1"}],"replies":[{"embeddable":true,"href":"https:\/\/betlabel.games\/sk\/wp-json\/wp\/v2\/comments?post=716"}],"version-history":[{"count":5,"href":"https:\/\/betlabel.games\/sk\/wp-json\/wp\/v2\/pages\/716\/revisions"}],"predecessor-version":[{"id":1217,"href":"https:\/\/betlabel.games\/sk\/wp-json\/wp\/v2\/pages\/716\/revisions\/1217"}],"wp:attachment":[{"href":"https:\/\/betlabel.games\/sk\/wp-json\/wp\/v2\/media?parent=716"}],"curies":[{"name":"wp","href":"https:\/\/api.w.org\/{rel}","templated":true}]}}