{"id":733,"date":"2025-12-29T05:52:48","date_gmt":"2025-12-29T05:52:48","guid":{"rendered":"https:\/\/betlabel.games\/sk\/?page_id=733"},"modified":"2026-04-20T19:56:11","modified_gmt":"2026-04-20T19:56:11","slug":"tennis-betting","status":"publish","type":"page","link":"https:\/\/betlabel.games\/sk\/tennis-betting\/","title":{"rendered":"St\u00e1vky na tenis"},"content":{"rendered":"","protected":false},"excerpt":{"rendered":"","protected":false},"author":1,"featured_media":0,"parent":0,"menu_order":0,"comment_status":"closed","ping_status":"closed","template":"","meta":{"footnotes":""},"class_list":["post-733","page","type-page","status-publish","hentry"],"yoast_head":"<!-- This site is optimized with the Yoast SEO plugin v27.4 - https:\/\/yoast.com\/product\/yoast-seo-wordpress\/ -->\n<title>Tenisov\u00e9 st\u00e1vky v BetLabel \u2013 najlep\u0161ie kurzy na turnaje ATP a WTA<\/title>\n<meta name=\"description\" content=\"Stavte na tenis na BetLabel \u2013 vysok\u00e9 kurzy na turnaje ATP a WTA, preh\u013eadn\u00e1 ponuka, live st\u00e1vky a podrobn\u00e9 \u0161tatistiky. Hrajte z po\u010d\u00edta\u010da alebo mobilu a zbierajte tikety bez zbyto\u010dn\u00fdch krokov.\" \/>\n<meta name=\"robots\" content=\"index, follow, max-snippet:-1, max-image-preview:large, max-video-preview:-1\" \/>\n<meta property=\"og:locale\" content=\"sl_SI\" \/>\n<meta property=\"og:type\" content=\"article\" \/>\n<meta property=\"og:title\" content=\"Tenisov\u00e9 st\u00e1vky v BetLabel \u2013 najlep\u0161ie kurzy na turnaje ATP a WTA\" \/>\n<meta property=\"og:description\" content=\"Stavte na tenis na BetLabel \u2013 vysok\u00e9 kurzy na turnaje ATP a WTA, preh\u013eadn\u00e1 ponuka, live st\u00e1vky a podrobn\u00e9 \u0161tatistiky. Hrajte z po\u010d\u00edta\u010da alebo mobilu a zbierajte tikety bez zbyto\u010dn\u00fdch krokov.\" \/>\n<meta property=\"og:url\" content=\"https:\/\/betlabel.games\/sk\/tennis-betting\/\" \/>\n<meta property=\"og:site_name\" content=\"Betlabel sk\" \/>\n<meta property=\"article:modified_time\" content=\"2026-04-20T19:56:11+00:00\" \/>\n<meta name=\"twitter:card\" content=\"summary_large_image\" \/>\n<script type=\"application\/ld+json\" class=\"yoast-schema-graph\">{\"@context\":\"https:\\\/\\\/schema.org\",\"@graph\":[{\"@type\":\"WebPage\",\"@id\":\"https:\\\/\\\/betlabel.games\\\/sk\\\/tennis-betting\\\/\",\"url\":\"https:\\\/\\\/betlabel.games\\\/sk\\\/tennis-betting\\\/\",\"name\":\"Tenisov\u00e9 st\u00e1vky v BetLabel \u2013 najlep\u0161ie kurzy na turnaje ATP a WTA\",\"isPartOf\":{\"@id\":\"https:\\\/\\\/betlabel.games\\\/sk\\\/#website\"},\"datePublished\":\"2025-12-29T05:52:48+00:00\",\"dateModified\":\"2026-04-20T19:56:11+00:00\",\"description\":\"Stavte na tenis na BetLabel \u2013 vysok\u00e9 kurzy na turnaje ATP a WTA, preh\u013eadn\u00e1 ponuka, live st\u00e1vky a podrobn\u00e9 \u0161tatistiky. Hrajte z po\u010d\u00edta\u010da alebo mobilu a zbierajte tikety bez zbyto\u010dn\u00fdch krokov.\",\"breadcrumb\":{\"@id\":\"https:\\\/\\\/betlabel.games\\\/sk\\\/tennis-betting\\\/#breadcrumb\"},\"inLanguage\":\"sl-SI\",\"potentialAction\":[{\"@type\":\"ReadAction\",\"target\":[\"https:\\\/\\\/betlabel.games\\\/sk\\\/tennis-betting\\\/\"]}]},{\"@type\":\"BreadcrumbList\",\"@id\":\"https:\\\/\\\/betlabel.games\\\/sk\\\/tennis-betting\\\/#breadcrumb\",\"itemListElement\":[{\"@type\":\"ListItem\",\"position\":1,\"name\":\"Home\",\"item\":\"https:\\\/\\\/betlabel.games\\\/sk\\\/\"},{\"@type\":\"ListItem\",\"position\":2,\"name\":\"St\u00e1vky na tenis\"}]},{\"@type\":\"WebSite\",\"@id\":\"https:\\\/\\\/betlabel.games\\\/sk\\\/#website\",\"url\":\"https:\\\/\\\/betlabel.games\\\/sk\\\/\",\"name\":\"Betlabel sk\",\"description\":\"My WordPress Blog\",\"potentialAction\":[{\"@type\":\"SearchAction\",\"target\":{\"@type\":\"EntryPoint\",\"urlTemplate\":\"https:\\\/\\\/betlabel.games\\\/sk\\\/?s={search_term_string}\"},\"query-input\":{\"@type\":\"PropertyValueSpecification\",\"valueRequired\":true,\"valueName\":\"search_term_string\"}}],\"inLanguage\":\"sl-SI\"}]}<\/script>\n<!-- \/ Yoast SEO plugin. -->","yoast_head_json":{"title":"Tenisov\u00e9 st\u00e1vky v BetLabel \u2013 najlep\u0161ie kurzy na turnaje ATP a WTA","description":"Stavte na tenis na BetLabel \u2013 vysok\u00e9 kurzy na turnaje ATP a WTA, preh\u013eadn\u00e1 ponuka, live st\u00e1vky a podrobn\u00e9 \u0161tatistiky. Hrajte z po\u010d\u00edta\u010da alebo mobilu a zbierajte tikety bez zbyto\u010dn\u00fdch krokov.","robots":{"index":"index","follow":"follow","max-snippet":"max-snippet:-1","max-image-preview":"max-image-preview:large","max-video-preview":"max-video-preview:-1"},"og_locale":"sl_SI","og_type":"article","og_title":"Tenisov\u00e9 st\u00e1vky v BetLabel \u2013 najlep\u0161ie kurzy na turnaje ATP a WTA","og_description":"Stavte na tenis na BetLabel \u2013 vysok\u00e9 kurzy na turnaje ATP a WTA, preh\u013eadn\u00e1 ponuka, live st\u00e1vky a podrobn\u00e9 \u0161tatistiky. Hrajte z po\u010d\u00edta\u010da alebo mobilu a zbierajte tikety bez zbyto\u010dn\u00fdch krokov.","og_url":"https:\/\/betlabel.games\/sk\/tennis-betting\/","og_site_name":"Betlabel sk","article_modified_time":"2026-04-20T19:56:11+00:00","twitter_card":"summary_large_image","schema":{"@context":"https:\/\/schema.org","@graph":[{"@type":"WebPage","@id":"https:\/\/betlabel.games\/sk\/tennis-betting\/","url":"https:\/\/betlabel.games\/sk\/tennis-betting\/","name":"Tenisov\u00e9 st\u00e1vky v BetLabel \u2013 najlep\u0161ie kurzy na turnaje ATP a WTA","isPartOf":{"@id":"https:\/\/betlabel.games\/sk\/#website"},"datePublished":"2025-12-29T05:52:48+00:00","dateModified":"2026-04-20T19:56:11+00:00","description":"Stavte na tenis na BetLabel \u2013 vysok\u00e9 kurzy na turnaje ATP a WTA, preh\u013eadn\u00e1 ponuka, live st\u00e1vky a podrobn\u00e9 \u0161tatistiky. Hrajte z po\u010d\u00edta\u010da alebo mobilu a zbierajte tikety bez zbyto\u010dn\u00fdch krokov.","breadcrumb":{"@id":"https:\/\/betlabel.games\/sk\/tennis-betting\/#breadcrumb"},"inLanguage":"sl-SI","potentialAction":[{"@type":"ReadAction","target":["https:\/\/betlabel.games\/sk\/tennis-betting\/"]}]},{"@type":"BreadcrumbList","@id":"https:\/\/betlabel.games\/sk\/tennis-betting\/#breadcrumb","itemListElement":[{"@type":"ListItem","position":1,"name":"Home","item":"https:\/\/betlabel.games\/sk\/"},{"@type":"ListItem","position":2,"name":"St\u00e1vky na tenis"}]},{"@type":"WebSite","@id":"https:\/\/betlabel.games\/sk\/#website","url":"https:\/\/betlabel.games\/sk\/","name":"Betlabel sk","description":"My WordPress Blog","potentialAction":[{"@type":"SearchAction","target":{"@type":"EntryPoint","urlTemplate":"https:\/\/betlabel.games\/sk\/?s={search_term_string}"},"query-input":{"@type":"PropertyValueSpecification","valueRequired":true,"valueName":"search_term_string"}}],"inLanguage":"sl-SI"}]}},"_links":{"self":[{"href":"https:\/\/betlabel.games\/sk\/wp-json\/wp\/v2\/pages\/733","targetHints":{"allow":["GET"]}}],"collection":[{"href":"https:\/\/betlabel.games\/sk\/wp-json\/wp\/v2\/pages"}],"about":[{"href":"https:\/\/betlabel.games\/sk\/wp-json\/wp\/v2\/types\/page"}],"author":[{"embeddable":true,"href":"https:\/\/betlabel.games\/sk\/wp-json\/wp\/v2\/users\/1"}],"replies":[{"embeddable":true,"href":"https:\/\/betlabel.games\/sk\/wp-json\/wp\/v2\/comments?post=733"}],"version-history":[{"count":5,"href":"https:\/\/betlabel.games\/sk\/wp-json\/wp\/v2\/pages\/733\/revisions"}],"predecessor-version":[{"id":1242,"href":"https:\/\/betlabel.games\/sk\/wp-json\/wp\/v2\/pages\/733\/revisions\/1242"}],"wp:attachment":[{"href":"https:\/\/betlabel.games\/sk\/wp-json\/wp\/v2\/media?parent=733"}],"curies":[{"name":"wp","href":"https:\/\/api.w.org\/{rel}","templated":true}]}}