{"id":772,"date":"2026-01-02T06:51:52","date_gmt":"2026-01-02T06:51:52","guid":{"rendered":"https:\/\/betlabel.games\/sk\/?page_id=772"},"modified":"2026-04-20T17:57:42","modified_gmt":"2026-04-20T17:57:42","slug":"chicken-road","status":"publish","type":"page","link":"https:\/\/betlabel.games\/sk\/chicken-road\/","title":{"rendered":"Chicken Road"},"content":{"rendered":"","protected":false},"excerpt":{"rendered":"","protected":false},"author":1,"featured_media":0,"parent":0,"menu_order":0,"comment_status":"closed","ping_status":"closed","template":"","meta":{"footnotes":""},"class_list":["post-772","page","type-page","status-publish","hentry"],"yoast_head":"<!-- This site is optimized with the Yoast SEO plugin v27.4 - https:\/\/yoast.com\/product\/yoast-seo-wordpress\/ -->\n<title>Zahrajte si Chicken Road na BetLabel \u2014 crash hru s vysok\u00fdm RTP<\/title>\n<meta name=\"description\" content=\"Chicken Road v kas\u00edne BetLabel \u2014 je dynamick\u00e1 crash hra s vysok\u00fdm RTP. Umiestnite svoju st\u00e1vku, sledujte, ako rastie n\u00e1sobite\u013e, a v\u010das si vyberte v\u00fdhru. Ide\u00e1lna pre r\u00fdchle a vzru\u0161uj\u00face hern\u00e9 seansy.\" \/>\n<meta name=\"robots\" content=\"index, follow, max-snippet:-1, max-image-preview:large, max-video-preview:-1\" \/>\n<meta property=\"og:locale\" content=\"sl_SI\" \/>\n<meta property=\"og:type\" content=\"article\" \/>\n<meta property=\"og:title\" content=\"Zahrajte si Chicken Road na BetLabel \u2014 crash hru s vysok\u00fdm RTP\" \/>\n<meta property=\"og:description\" content=\"Chicken Road v kas\u00edne BetLabel \u2014 je dynamick\u00e1 crash hra s vysok\u00fdm RTP. Umiestnite svoju st\u00e1vku, sledujte, ako rastie n\u00e1sobite\u013e, a v\u010das si vyberte v\u00fdhru. Ide\u00e1lna pre r\u00fdchle a vzru\u0161uj\u00face hern\u00e9 seansy.\" \/>\n<meta property=\"og:url\" content=\"https:\/\/betlabel.games\/sk\/chicken-road\/\" \/>\n<meta property=\"og:site_name\" content=\"Betlabel sk\" \/>\n<meta property=\"article:modified_time\" content=\"2026-04-20T17:57:42+00:00\" \/>\n<meta name=\"twitter:card\" content=\"summary_large_image\" \/>\n<script type=\"application\/ld+json\" class=\"yoast-schema-graph\">{\"@context\":\"https:\\\/\\\/schema.org\",\"@graph\":[{\"@type\":\"WebPage\",\"@id\":\"https:\\\/\\\/betlabel.games\\\/sk\\\/chicken-road\\\/\",\"url\":\"https:\\\/\\\/betlabel.games\\\/sk\\\/chicken-road\\\/\",\"name\":\"Zahrajte si Chicken Road na BetLabel \u2014 crash hru s vysok\u00fdm RTP\",\"isPartOf\":{\"@id\":\"https:\\\/\\\/betlabel.games\\\/sk\\\/#website\"},\"datePublished\":\"2026-01-02T06:51:52+00:00\",\"dateModified\":\"2026-04-20T17:57:42+00:00\",\"description\":\"Chicken Road v kas\u00edne BetLabel \u2014 je dynamick\u00e1 crash hra s vysok\u00fdm RTP. Umiestnite svoju st\u00e1vku, sledujte, ako rastie n\u00e1sobite\u013e, a v\u010das si vyberte v\u00fdhru. Ide\u00e1lna pre r\u00fdchle a vzru\u0161uj\u00face hern\u00e9 seansy.\",\"breadcrumb\":{\"@id\":\"https:\\\/\\\/betlabel.games\\\/sk\\\/chicken-road\\\/#breadcrumb\"},\"inLanguage\":\"sl-SI\",\"potentialAction\":[{\"@type\":\"ReadAction\",\"target\":[\"https:\\\/\\\/betlabel.games\\\/sk\\\/chicken-road\\\/\"]}]},{\"@type\":\"BreadcrumbList\",\"@id\":\"https:\\\/\\\/betlabel.games\\\/sk\\\/chicken-road\\\/#breadcrumb\",\"itemListElement\":[{\"@type\":\"ListItem\",\"position\":1,\"name\":\"Home\",\"item\":\"https:\\\/\\\/betlabel.games\\\/sk\\\/\"},{\"@type\":\"ListItem\",\"position\":2,\"name\":\"Chicken Road\"}]},{\"@type\":\"WebSite\",\"@id\":\"https:\\\/\\\/betlabel.games\\\/sk\\\/#website\",\"url\":\"https:\\\/\\\/betlabel.games\\\/sk\\\/\",\"name\":\"Betlabel sk\",\"description\":\"My WordPress Blog\",\"potentialAction\":[{\"@type\":\"SearchAction\",\"target\":{\"@type\":\"EntryPoint\",\"urlTemplate\":\"https:\\\/\\\/betlabel.games\\\/sk\\\/?s={search_term_string}\"},\"query-input\":{\"@type\":\"PropertyValueSpecification\",\"valueRequired\":true,\"valueName\":\"search_term_string\"}}],\"inLanguage\":\"sl-SI\"}]}<\/script>\n<!-- \/ Yoast SEO plugin. -->","yoast_head_json":{"title":"Zahrajte si Chicken Road na BetLabel \u2014 crash hru s vysok\u00fdm RTP","description":"Chicken Road v kas\u00edne BetLabel \u2014 je dynamick\u00e1 crash hra s vysok\u00fdm RTP. Umiestnite svoju st\u00e1vku, sledujte, ako rastie n\u00e1sobite\u013e, a v\u010das si vyberte v\u00fdhru. Ide\u00e1lna pre r\u00fdchle a vzru\u0161uj\u00face hern\u00e9 seansy.","robots":{"index":"index","follow":"follow","max-snippet":"max-snippet:-1","max-image-preview":"max-image-preview:large","max-video-preview":"max-video-preview:-1"},"og_locale":"sl_SI","og_type":"article","og_title":"Zahrajte si Chicken Road na BetLabel \u2014 crash hru s vysok\u00fdm RTP","og_description":"Chicken Road v kas\u00edne BetLabel \u2014 je dynamick\u00e1 crash hra s vysok\u00fdm RTP. Umiestnite svoju st\u00e1vku, sledujte, ako rastie n\u00e1sobite\u013e, a v\u010das si vyberte v\u00fdhru. Ide\u00e1lna pre r\u00fdchle a vzru\u0161uj\u00face hern\u00e9 seansy.","og_url":"https:\/\/betlabel.games\/sk\/chicken-road\/","og_site_name":"Betlabel sk","article_modified_time":"2026-04-20T17:57:42+00:00","twitter_card":"summary_large_image","schema":{"@context":"https:\/\/schema.org","@graph":[{"@type":"WebPage","@id":"https:\/\/betlabel.games\/sk\/chicken-road\/","url":"https:\/\/betlabel.games\/sk\/chicken-road\/","name":"Zahrajte si Chicken Road na BetLabel \u2014 crash hru s vysok\u00fdm RTP","isPartOf":{"@id":"https:\/\/betlabel.games\/sk\/#website"},"datePublished":"2026-01-02T06:51:52+00:00","dateModified":"2026-04-20T17:57:42+00:00","description":"Chicken Road v kas\u00edne BetLabel \u2014 je dynamick\u00e1 crash hra s vysok\u00fdm RTP. Umiestnite svoju st\u00e1vku, sledujte, ako rastie n\u00e1sobite\u013e, a v\u010das si vyberte v\u00fdhru. Ide\u00e1lna pre r\u00fdchle a vzru\u0161uj\u00face hern\u00e9 seansy.","breadcrumb":{"@id":"https:\/\/betlabel.games\/sk\/chicken-road\/#breadcrumb"},"inLanguage":"sl-SI","potentialAction":[{"@type":"ReadAction","target":["https:\/\/betlabel.games\/sk\/chicken-road\/"]}]},{"@type":"BreadcrumbList","@id":"https:\/\/betlabel.games\/sk\/chicken-road\/#breadcrumb","itemListElement":[{"@type":"ListItem","position":1,"name":"Home","item":"https:\/\/betlabel.games\/sk\/"},{"@type":"ListItem","position":2,"name":"Chicken Road"}]},{"@type":"WebSite","@id":"https:\/\/betlabel.games\/sk\/#website","url":"https:\/\/betlabel.games\/sk\/","name":"Betlabel sk","description":"My WordPress Blog","potentialAction":[{"@type":"SearchAction","target":{"@type":"EntryPoint","urlTemplate":"https:\/\/betlabel.games\/sk\/?s={search_term_string}"},"query-input":{"@type":"PropertyValueSpecification","valueRequired":true,"valueName":"search_term_string"}}],"inLanguage":"sl-SI"}]}},"_links":{"self":[{"href":"https:\/\/betlabel.games\/sk\/wp-json\/wp\/v2\/pages\/772","targetHints":{"allow":["GET"]}}],"collection":[{"href":"https:\/\/betlabel.games\/sk\/wp-json\/wp\/v2\/pages"}],"about":[{"href":"https:\/\/betlabel.games\/sk\/wp-json\/wp\/v2\/types\/page"}],"author":[{"embeddable":true,"href":"https:\/\/betlabel.games\/sk\/wp-json\/wp\/v2\/users\/1"}],"replies":[{"embeddable":true,"href":"https:\/\/betlabel.games\/sk\/wp-json\/wp\/v2\/comments?post=772"}],"version-history":[{"count":5,"href":"https:\/\/betlabel.games\/sk\/wp-json\/wp\/v2\/pages\/772\/revisions"}],"predecessor-version":[{"id":1203,"href":"https:\/\/betlabel.games\/sk\/wp-json\/wp\/v2\/pages\/772\/revisions\/1203"}],"wp:attachment":[{"href":"https:\/\/betlabel.games\/sk\/wp-json\/wp\/v2\/media?parent=772"}],"curies":[{"name":"wp","href":"https:\/\/api.w.org\/{rel}","templated":true}]}}