{"id":777,"date":"2026-01-02T07:26:08","date_gmt":"2026-01-02T07:26:08","guid":{"rendered":"https:\/\/betlabel.games\/sk\/?page_id=777"},"modified":"2026-04-20T19:30:08","modified_gmt":"2026-04-20T19:30:08","slug":"plinko","status":"publish","type":"page","link":"https:\/\/betlabel.games\/sk\/plinko\/","title":{"rendered":"Plinko"},"content":{"rendered":"","protected":false},"excerpt":{"rendered":"","protected":false},"author":1,"featured_media":0,"parent":0,"menu_order":0,"comment_status":"closed","ping_status":"closed","template":"","meta":{"footnotes":""},"class_list":["post-777","page","type-page","status-publish","hentry"],"yoast_head":"<!-- This site is optimized with the Yoast SEO plugin v27.4 - https:\/\/yoast.com\/product\/yoast-seo-wordpress\/ -->\n<title>Hrajte Plinko v kas\u00edne BetLabel \u27a4 Jednoduch\u00e1 hra s n\u00e1sobite\u013emi<\/title>\n<meta name=\"description\" content=\"Plinko na BetLabel \u27a4 je r\u00fdchla a jednoduch\u00e1 hra s padaj\u00facimi guli\u010dkami a n\u00e1sobite\u013emi. Minim\u00e1lne st\u00e1vky, kontrola rizika, kr\u00e1tke kol\u00e1 a pohodln\u00e9 hranie z po\u010d\u00edta\u010da alebo mobilu.\" \/>\n<meta name=\"robots\" content=\"index, follow, max-snippet:-1, max-image-preview:large, max-video-preview:-1\" \/>\n<meta property=\"og:locale\" content=\"sl_SI\" \/>\n<meta property=\"og:type\" content=\"article\" \/>\n<meta property=\"og:title\" content=\"Hrajte Plinko v kas\u00edne BetLabel \u27a4 Jednoduch\u00e1 hra s n\u00e1sobite\u013emi\" \/>\n<meta property=\"og:description\" content=\"Plinko na BetLabel \u27a4 je r\u00fdchla a jednoduch\u00e1 hra s padaj\u00facimi guli\u010dkami a n\u00e1sobite\u013emi. Minim\u00e1lne st\u00e1vky, kontrola rizika, kr\u00e1tke kol\u00e1 a pohodln\u00e9 hranie z po\u010d\u00edta\u010da alebo mobilu.\" \/>\n<meta property=\"og:url\" content=\"https:\/\/betlabel.games\/sk\/plinko\/\" \/>\n<meta property=\"og:site_name\" content=\"Betlabel sk\" \/>\n<meta property=\"article:modified_time\" content=\"2026-04-20T19:30:08+00:00\" \/>\n<meta name=\"twitter:card\" content=\"summary_large_image\" \/>\n<script type=\"application\/ld+json\" class=\"yoast-schema-graph\">{\"@context\":\"https:\\\/\\\/schema.org\",\"@graph\":[{\"@type\":\"WebPage\",\"@id\":\"https:\\\/\\\/betlabel.games\\\/sk\\\/plinko\\\/\",\"url\":\"https:\\\/\\\/betlabel.games\\\/sk\\\/plinko\\\/\",\"name\":\"Hrajte Plinko v kas\u00edne BetLabel \u27a4 Jednoduch\u00e1 hra s n\u00e1sobite\u013emi\",\"isPartOf\":{\"@id\":\"https:\\\/\\\/betlabel.games\\\/sk\\\/#website\"},\"datePublished\":\"2026-01-02T07:26:08+00:00\",\"dateModified\":\"2026-04-20T19:30:08+00:00\",\"description\":\"Plinko na BetLabel \u27a4 je r\u00fdchla a jednoduch\u00e1 hra s padaj\u00facimi guli\u010dkami a n\u00e1sobite\u013emi. Minim\u00e1lne st\u00e1vky, kontrola rizika, kr\u00e1tke kol\u00e1 a pohodln\u00e9 hranie z po\u010d\u00edta\u010da alebo mobilu.\",\"breadcrumb\":{\"@id\":\"https:\\\/\\\/betlabel.games\\\/sk\\\/plinko\\\/#breadcrumb\"},\"inLanguage\":\"sl-SI\",\"potentialAction\":[{\"@type\":\"ReadAction\",\"target\":[\"https:\\\/\\\/betlabel.games\\\/sk\\\/plinko\\\/\"]}]},{\"@type\":\"BreadcrumbList\",\"@id\":\"https:\\\/\\\/betlabel.games\\\/sk\\\/plinko\\\/#breadcrumb\",\"itemListElement\":[{\"@type\":\"ListItem\",\"position\":1,\"name\":\"Home\",\"item\":\"https:\\\/\\\/betlabel.games\\\/sk\\\/\"},{\"@type\":\"ListItem\",\"position\":2,\"name\":\"Plinko\"}]},{\"@type\":\"WebSite\",\"@id\":\"https:\\\/\\\/betlabel.games\\\/sk\\\/#website\",\"url\":\"https:\\\/\\\/betlabel.games\\\/sk\\\/\",\"name\":\"Betlabel sk\",\"description\":\"My WordPress Blog\",\"potentialAction\":[{\"@type\":\"SearchAction\",\"target\":{\"@type\":\"EntryPoint\",\"urlTemplate\":\"https:\\\/\\\/betlabel.games\\\/sk\\\/?s={search_term_string}\"},\"query-input\":{\"@type\":\"PropertyValueSpecification\",\"valueRequired\":true,\"valueName\":\"search_term_string\"}}],\"inLanguage\":\"sl-SI\"}]}<\/script>\n<!-- \/ Yoast SEO plugin. -->","yoast_head_json":{"title":"Hrajte Plinko v kas\u00edne BetLabel \u27a4 Jednoduch\u00e1 hra s n\u00e1sobite\u013emi","description":"Plinko na BetLabel \u27a4 je r\u00fdchla a jednoduch\u00e1 hra s padaj\u00facimi guli\u010dkami a n\u00e1sobite\u013emi. Minim\u00e1lne st\u00e1vky, kontrola rizika, kr\u00e1tke kol\u00e1 a pohodln\u00e9 hranie z po\u010d\u00edta\u010da alebo mobilu.","robots":{"index":"index","follow":"follow","max-snippet":"max-snippet:-1","max-image-preview":"max-image-preview:large","max-video-preview":"max-video-preview:-1"},"og_locale":"sl_SI","og_type":"article","og_title":"Hrajte Plinko v kas\u00edne BetLabel \u27a4 Jednoduch\u00e1 hra s n\u00e1sobite\u013emi","og_description":"Plinko na BetLabel \u27a4 je r\u00fdchla a jednoduch\u00e1 hra s padaj\u00facimi guli\u010dkami a n\u00e1sobite\u013emi. Minim\u00e1lne st\u00e1vky, kontrola rizika, kr\u00e1tke kol\u00e1 a pohodln\u00e9 hranie z po\u010d\u00edta\u010da alebo mobilu.","og_url":"https:\/\/betlabel.games\/sk\/plinko\/","og_site_name":"Betlabel sk","article_modified_time":"2026-04-20T19:30:08+00:00","twitter_card":"summary_large_image","schema":{"@context":"https:\/\/schema.org","@graph":[{"@type":"WebPage","@id":"https:\/\/betlabel.games\/sk\/plinko\/","url":"https:\/\/betlabel.games\/sk\/plinko\/","name":"Hrajte Plinko v kas\u00edne BetLabel \u27a4 Jednoduch\u00e1 hra s n\u00e1sobite\u013emi","isPartOf":{"@id":"https:\/\/betlabel.games\/sk\/#website"},"datePublished":"2026-01-02T07:26:08+00:00","dateModified":"2026-04-20T19:30:08+00:00","description":"Plinko na BetLabel \u27a4 je r\u00fdchla a jednoduch\u00e1 hra s padaj\u00facimi guli\u010dkami a n\u00e1sobite\u013emi. Minim\u00e1lne st\u00e1vky, kontrola rizika, kr\u00e1tke kol\u00e1 a pohodln\u00e9 hranie z po\u010d\u00edta\u010da alebo mobilu.","breadcrumb":{"@id":"https:\/\/betlabel.games\/sk\/plinko\/#breadcrumb"},"inLanguage":"sl-SI","potentialAction":[{"@type":"ReadAction","target":["https:\/\/betlabel.games\/sk\/plinko\/"]}]},{"@type":"BreadcrumbList","@id":"https:\/\/betlabel.games\/sk\/plinko\/#breadcrumb","itemListElement":[{"@type":"ListItem","position":1,"name":"Home","item":"https:\/\/betlabel.games\/sk\/"},{"@type":"ListItem","position":2,"name":"Plinko"}]},{"@type":"WebSite","@id":"https:\/\/betlabel.games\/sk\/#website","url":"https:\/\/betlabel.games\/sk\/","name":"Betlabel sk","description":"My WordPress Blog","potentialAction":[{"@type":"SearchAction","target":{"@type":"EntryPoint","urlTemplate":"https:\/\/betlabel.games\/sk\/?s={search_term_string}"},"query-input":{"@type":"PropertyValueSpecification","valueRequired":true,"valueName":"search_term_string"}}],"inLanguage":"sl-SI"}]}},"_links":{"self":[{"href":"https:\/\/betlabel.games\/sk\/wp-json\/wp\/v2\/pages\/777","targetHints":{"allow":["GET"]}}],"collection":[{"href":"https:\/\/betlabel.games\/sk\/wp-json\/wp\/v2\/pages"}],"about":[{"href":"https:\/\/betlabel.games\/sk\/wp-json\/wp\/v2\/types\/page"}],"author":[{"embeddable":true,"href":"https:\/\/betlabel.games\/sk\/wp-json\/wp\/v2\/users\/1"}],"replies":[{"embeddable":true,"href":"https:\/\/betlabel.games\/sk\/wp-json\/wp\/v2\/comments?post=777"}],"version-history":[{"count":4,"href":"https:\/\/betlabel.games\/sk\/wp-json\/wp\/v2\/pages\/777\/revisions"}],"predecessor-version":[{"id":1226,"href":"https:\/\/betlabel.games\/sk\/wp-json\/wp\/v2\/pages\/777\/revisions\/1226"}],"wp:attachment":[{"href":"https:\/\/betlabel.games\/sk\/wp-json\/wp\/v2\/media?parent=777"}],"curies":[{"name":"wp","href":"https:\/\/api.w.org\/{rel}","templated":true}]}}