{"id":782,"date":"2026-01-02T08:42:26","date_gmt":"2026-01-02T08:42:26","guid":{"rendered":"https:\/\/betlabel.games\/sk\/?page_id=782"},"modified":"2026-04-20T19:43:15","modified_gmt":"2026-04-20T19:43:15","slug":"sweet-bonanza","status":"publish","type":"page","link":"https:\/\/betlabel.games\/sk\/sweet-bonanza\/","title":{"rendered":"Sweet Bonanza"},"content":{"rendered":"","protected":false},"excerpt":{"rendered":"","protected":false},"author":1,"featured_media":0,"parent":0,"menu_order":0,"comment_status":"closed","ping_status":"closed","template":"","meta":{"footnotes":""},"class_list":["post-782","page","type-page","status-publish","hentry"],"yoast_head":"<!-- This site is optimized with the Yoast SEO plugin v27.4 - https:\/\/yoast.com\/product\/yoast-seo-wordpress\/ -->\n<title>Sweet Bonanza v BetLabel \u27a4 Automat od Pragmatic Play s bonusmi<\/title>\n<meta name=\"description\" content=\"Zahrajte si hru Sweet Bonanza od Pragmatic Play v kas\u00edne BetLabel \u27a4 \u017eiv\u00fd ovocn\u00fd automat s kask\u00e1dov\u00fdmi v\u00fdhrami, bezplatn\u00fdmi oto\u010deniami a n\u00e1sobite\u013emi. R\u00fdchla hra a bonusov\u00e9 kol\u00e1 bez zlo\u017eit\u00fdch pravidiel.\" \/>\n<meta name=\"robots\" content=\"index, follow, max-snippet:-1, max-image-preview:large, max-video-preview:-1\" \/>\n<meta property=\"og:locale\" content=\"sl_SI\" \/>\n<meta property=\"og:type\" content=\"article\" \/>\n<meta property=\"og:title\" content=\"Sweet Bonanza v BetLabel \u27a4 Automat od Pragmatic Play s bonusmi\" \/>\n<meta property=\"og:description\" content=\"Zahrajte si hru Sweet Bonanza od Pragmatic Play v kas\u00edne BetLabel \u27a4 \u017eiv\u00fd ovocn\u00fd automat s kask\u00e1dov\u00fdmi v\u00fdhrami, bezplatn\u00fdmi oto\u010deniami a n\u00e1sobite\u013emi. R\u00fdchla hra a bonusov\u00e9 kol\u00e1 bez zlo\u017eit\u00fdch pravidiel.\" \/>\n<meta property=\"og:url\" content=\"https:\/\/betlabel.games\/sk\/sweet-bonanza\/\" \/>\n<meta property=\"og:site_name\" content=\"Betlabel sk\" \/>\n<meta property=\"article:modified_time\" content=\"2026-04-20T19:43:15+00:00\" \/>\n<meta name=\"twitter:card\" content=\"summary_large_image\" \/>\n<script type=\"application\/ld+json\" class=\"yoast-schema-graph\">{\"@context\":\"https:\\\/\\\/schema.org\",\"@graph\":[{\"@type\":\"WebPage\",\"@id\":\"https:\\\/\\\/betlabel.games\\\/sk\\\/sweet-bonanza\\\/\",\"url\":\"https:\\\/\\\/betlabel.games\\\/sk\\\/sweet-bonanza\\\/\",\"name\":\"Sweet Bonanza v BetLabel \u27a4 Automat od Pragmatic Play s bonusmi\",\"isPartOf\":{\"@id\":\"https:\\\/\\\/betlabel.games\\\/sk\\\/#website\"},\"datePublished\":\"2026-01-02T08:42:26+00:00\",\"dateModified\":\"2026-04-20T19:43:15+00:00\",\"description\":\"Zahrajte si hru Sweet Bonanza od Pragmatic Play v kas\u00edne BetLabel \u27a4 \u017eiv\u00fd ovocn\u00fd automat s kask\u00e1dov\u00fdmi v\u00fdhrami, bezplatn\u00fdmi oto\u010deniami a n\u00e1sobite\u013emi. R\u00fdchla hra a bonusov\u00e9 kol\u00e1 bez zlo\u017eit\u00fdch pravidiel.\",\"breadcrumb\":{\"@id\":\"https:\\\/\\\/betlabel.games\\\/sk\\\/sweet-bonanza\\\/#breadcrumb\"},\"inLanguage\":\"sl-SI\",\"potentialAction\":[{\"@type\":\"ReadAction\",\"target\":[\"https:\\\/\\\/betlabel.games\\\/sk\\\/sweet-bonanza\\\/\"]}]},{\"@type\":\"BreadcrumbList\",\"@id\":\"https:\\\/\\\/betlabel.games\\\/sk\\\/sweet-bonanza\\\/#breadcrumb\",\"itemListElement\":[{\"@type\":\"ListItem\",\"position\":1,\"name\":\"Home\",\"item\":\"https:\\\/\\\/betlabel.games\\\/sk\\\/\"},{\"@type\":\"ListItem\",\"position\":2,\"name\":\"Sweet Bonanza\"}]},{\"@type\":\"WebSite\",\"@id\":\"https:\\\/\\\/betlabel.games\\\/sk\\\/#website\",\"url\":\"https:\\\/\\\/betlabel.games\\\/sk\\\/\",\"name\":\"Betlabel sk\",\"description\":\"My WordPress Blog\",\"potentialAction\":[{\"@type\":\"SearchAction\",\"target\":{\"@type\":\"EntryPoint\",\"urlTemplate\":\"https:\\\/\\\/betlabel.games\\\/sk\\\/?s={search_term_string}\"},\"query-input\":{\"@type\":\"PropertyValueSpecification\",\"valueRequired\":true,\"valueName\":\"search_term_string\"}}],\"inLanguage\":\"sl-SI\"}]}<\/script>\n<!-- \/ Yoast SEO plugin. -->","yoast_head_json":{"title":"Sweet Bonanza v BetLabel \u27a4 Automat od Pragmatic Play s bonusmi","description":"Zahrajte si hru Sweet Bonanza od Pragmatic Play v kas\u00edne BetLabel \u27a4 \u017eiv\u00fd ovocn\u00fd automat s kask\u00e1dov\u00fdmi v\u00fdhrami, bezplatn\u00fdmi oto\u010deniami a n\u00e1sobite\u013emi. R\u00fdchla hra a bonusov\u00e9 kol\u00e1 bez zlo\u017eit\u00fdch pravidiel.","robots":{"index":"index","follow":"follow","max-snippet":"max-snippet:-1","max-image-preview":"max-image-preview:large","max-video-preview":"max-video-preview:-1"},"og_locale":"sl_SI","og_type":"article","og_title":"Sweet Bonanza v BetLabel \u27a4 Automat od Pragmatic Play s bonusmi","og_description":"Zahrajte si hru Sweet Bonanza od Pragmatic Play v kas\u00edne BetLabel \u27a4 \u017eiv\u00fd ovocn\u00fd automat s kask\u00e1dov\u00fdmi v\u00fdhrami, bezplatn\u00fdmi oto\u010deniami a n\u00e1sobite\u013emi. R\u00fdchla hra a bonusov\u00e9 kol\u00e1 bez zlo\u017eit\u00fdch pravidiel.","og_url":"https:\/\/betlabel.games\/sk\/sweet-bonanza\/","og_site_name":"Betlabel sk","article_modified_time":"2026-04-20T19:43:15+00:00","twitter_card":"summary_large_image","schema":{"@context":"https:\/\/schema.org","@graph":[{"@type":"WebPage","@id":"https:\/\/betlabel.games\/sk\/sweet-bonanza\/","url":"https:\/\/betlabel.games\/sk\/sweet-bonanza\/","name":"Sweet Bonanza v BetLabel \u27a4 Automat od Pragmatic Play s bonusmi","isPartOf":{"@id":"https:\/\/betlabel.games\/sk\/#website"},"datePublished":"2026-01-02T08:42:26+00:00","dateModified":"2026-04-20T19:43:15+00:00","description":"Zahrajte si hru Sweet Bonanza od Pragmatic Play v kas\u00edne BetLabel \u27a4 \u017eiv\u00fd ovocn\u00fd automat s kask\u00e1dov\u00fdmi v\u00fdhrami, bezplatn\u00fdmi oto\u010deniami a n\u00e1sobite\u013emi. R\u00fdchla hra a bonusov\u00e9 kol\u00e1 bez zlo\u017eit\u00fdch pravidiel.","breadcrumb":{"@id":"https:\/\/betlabel.games\/sk\/sweet-bonanza\/#breadcrumb"},"inLanguage":"sl-SI","potentialAction":[{"@type":"ReadAction","target":["https:\/\/betlabel.games\/sk\/sweet-bonanza\/"]}]},{"@type":"BreadcrumbList","@id":"https:\/\/betlabel.games\/sk\/sweet-bonanza\/#breadcrumb","itemListElement":[{"@type":"ListItem","position":1,"name":"Home","item":"https:\/\/betlabel.games\/sk\/"},{"@type":"ListItem","position":2,"name":"Sweet Bonanza"}]},{"@type":"WebSite","@id":"https:\/\/betlabel.games\/sk\/#website","url":"https:\/\/betlabel.games\/sk\/","name":"Betlabel sk","description":"My WordPress Blog","potentialAction":[{"@type":"SearchAction","target":{"@type":"EntryPoint","urlTemplate":"https:\/\/betlabel.games\/sk\/?s={search_term_string}"},"query-input":{"@type":"PropertyValueSpecification","valueRequired":true,"valueName":"search_term_string"}}],"inLanguage":"sl-SI"}]}},"_links":{"self":[{"href":"https:\/\/betlabel.games\/sk\/wp-json\/wp\/v2\/pages\/782","targetHints":{"allow":["GET"]}}],"collection":[{"href":"https:\/\/betlabel.games\/sk\/wp-json\/wp\/v2\/pages"}],"about":[{"href":"https:\/\/betlabel.games\/sk\/wp-json\/wp\/v2\/types\/page"}],"author":[{"embeddable":true,"href":"https:\/\/betlabel.games\/sk\/wp-json\/wp\/v2\/users\/1"}],"replies":[{"embeddable":true,"href":"https:\/\/betlabel.games\/sk\/wp-json\/wp\/v2\/comments?post=782"}],"version-history":[{"count":5,"href":"https:\/\/betlabel.games\/sk\/wp-json\/wp\/v2\/pages\/782\/revisions"}],"predecessor-version":[{"id":1232,"href":"https:\/\/betlabel.games\/sk\/wp-json\/wp\/v2\/pages\/782\/revisions\/1232"}],"wp:attachment":[{"href":"https:\/\/betlabel.games\/sk\/wp-json\/wp\/v2\/media?parent=782"}],"curies":[{"name":"wp","href":"https:\/\/api.w.org\/{rel}","templated":true}]}}