{"id":801,"date":"2026-01-02T16:35:26","date_gmt":"2026-01-02T16:35:26","guid":{"rendered":"https:\/\/betlabel.games\/sk\/?page_id=801"},"modified":"2026-04-20T18:27:44","modified_gmt":"2026-04-20T18:27:44","slug":"gates-of-olympus","status":"publish","type":"page","link":"https:\/\/betlabel.games\/sk\/gates-of-olympus\/","title":{"rendered":"Gates of Olympus"},"content":{"rendered":"","protected":false},"excerpt":{"rendered":"","protected":false},"author":1,"featured_media":0,"parent":0,"menu_order":0,"comment_status":"closed","ping_status":"closed","template":"","meta":{"footnotes":""},"class_list":["post-801","page","type-page","status-publish","hentry"],"yoast_head":"<!-- This site is optimized with the Yoast SEO plugin v27.4 - https:\/\/yoast.com\/product\/yoast-seo-wordpress\/ -->\n<title>Gates of Olympus v BetLabel \u1409 automat s n\u00e1sobite\u013emi a\u017e 500x<\/title>\n<meta name=\"description\" content=\"Zahrajte si hru Gates of Olympus v kas\u00edne BetLabel \u1409 Ob\u013e\u00faben\u00fd automat od Pragmatic Play s kask\u00e1dov\u00fdmi valcami, mo\u017enos\u0165ou zak\u00fapenia bonusu a n\u00e1sobite\u013emi a\u017e do 500x. Preh\u013ead hern\u00e9ho mechanizmu, volatility a mo\u017enost\u00ed na ve\u013ek\u00e9 v\u00fdhry.\" \/>\n<meta name=\"robots\" content=\"index, follow, max-snippet:-1, max-image-preview:large, max-video-preview:-1\" \/>\n<meta property=\"og:locale\" content=\"sl_SI\" \/>\n<meta property=\"og:type\" content=\"article\" \/>\n<meta property=\"og:title\" content=\"Gates of Olympus v BetLabel \u1409 automat s n\u00e1sobite\u013emi a\u017e 500x\" \/>\n<meta property=\"og:description\" content=\"Zahrajte si hru Gates of Olympus v kas\u00edne BetLabel \u1409 Ob\u013e\u00faben\u00fd automat od Pragmatic Play s kask\u00e1dov\u00fdmi valcami, mo\u017enos\u0165ou zak\u00fapenia bonusu a n\u00e1sobite\u013emi a\u017e do 500x. Preh\u013ead hern\u00e9ho mechanizmu, volatility a mo\u017enost\u00ed na ve\u013ek\u00e9 v\u00fdhry.\" \/>\n<meta property=\"og:url\" content=\"https:\/\/betlabel.games\/sk\/gates-of-olympus\/\" \/>\n<meta property=\"og:site_name\" content=\"Betlabel sk\" \/>\n<meta property=\"article:modified_time\" content=\"2026-04-20T18:27:44+00:00\" \/>\n<meta name=\"twitter:card\" content=\"summary_large_image\" \/>\n<script type=\"application\/ld+json\" class=\"yoast-schema-graph\">{\"@context\":\"https:\\\/\\\/schema.org\",\"@graph\":[{\"@type\":\"WebPage\",\"@id\":\"https:\\\/\\\/betlabel.games\\\/sk\\\/gates-of-olympus\\\/\",\"url\":\"https:\\\/\\\/betlabel.games\\\/sk\\\/gates-of-olympus\\\/\",\"name\":\"Gates of Olympus v BetLabel \u1409 automat s n\u00e1sobite\u013emi a\u017e 500x\",\"isPartOf\":{\"@id\":\"https:\\\/\\\/betlabel.games\\\/sk\\\/#website\"},\"datePublished\":\"2026-01-02T16:35:26+00:00\",\"dateModified\":\"2026-04-20T18:27:44+00:00\",\"description\":\"Zahrajte si hru Gates of Olympus v kas\u00edne BetLabel \u1409 Ob\u013e\u00faben\u00fd automat od Pragmatic Play s kask\u00e1dov\u00fdmi valcami, mo\u017enos\u0165ou zak\u00fapenia bonusu a n\u00e1sobite\u013emi a\u017e do 500x. Preh\u013ead hern\u00e9ho mechanizmu, volatility a mo\u017enost\u00ed na ve\u013ek\u00e9 v\u00fdhry.\",\"breadcrumb\":{\"@id\":\"https:\\\/\\\/betlabel.games\\\/sk\\\/gates-of-olympus\\\/#breadcrumb\"},\"inLanguage\":\"sl-SI\",\"potentialAction\":[{\"@type\":\"ReadAction\",\"target\":[\"https:\\\/\\\/betlabel.games\\\/sk\\\/gates-of-olympus\\\/\"]}]},{\"@type\":\"BreadcrumbList\",\"@id\":\"https:\\\/\\\/betlabel.games\\\/sk\\\/gates-of-olympus\\\/#breadcrumb\",\"itemListElement\":[{\"@type\":\"ListItem\",\"position\":1,\"name\":\"Home\",\"item\":\"https:\\\/\\\/betlabel.games\\\/sk\\\/\"},{\"@type\":\"ListItem\",\"position\":2,\"name\":\"Gates of Olympus\"}]},{\"@type\":\"WebSite\",\"@id\":\"https:\\\/\\\/betlabel.games\\\/sk\\\/#website\",\"url\":\"https:\\\/\\\/betlabel.games\\\/sk\\\/\",\"name\":\"Betlabel sk\",\"description\":\"My WordPress Blog\",\"potentialAction\":[{\"@type\":\"SearchAction\",\"target\":{\"@type\":\"EntryPoint\",\"urlTemplate\":\"https:\\\/\\\/betlabel.games\\\/sk\\\/?s={search_term_string}\"},\"query-input\":{\"@type\":\"PropertyValueSpecification\",\"valueRequired\":true,\"valueName\":\"search_term_string\"}}],\"inLanguage\":\"sl-SI\"}]}<\/script>\n<!-- \/ Yoast SEO plugin. -->","yoast_head_json":{"title":"Gates of Olympus v BetLabel \u1409 automat s n\u00e1sobite\u013emi a\u017e 500x","description":"Zahrajte si hru Gates of Olympus v kas\u00edne BetLabel \u1409 Ob\u013e\u00faben\u00fd automat od Pragmatic Play s kask\u00e1dov\u00fdmi valcami, mo\u017enos\u0165ou zak\u00fapenia bonusu a n\u00e1sobite\u013emi a\u017e do 500x. Preh\u013ead hern\u00e9ho mechanizmu, volatility a mo\u017enost\u00ed na ve\u013ek\u00e9 v\u00fdhry.","robots":{"index":"index","follow":"follow","max-snippet":"max-snippet:-1","max-image-preview":"max-image-preview:large","max-video-preview":"max-video-preview:-1"},"og_locale":"sl_SI","og_type":"article","og_title":"Gates of Olympus v BetLabel \u1409 automat s n\u00e1sobite\u013emi a\u017e 500x","og_description":"Zahrajte si hru Gates of Olympus v kas\u00edne BetLabel \u1409 Ob\u013e\u00faben\u00fd automat od Pragmatic Play s kask\u00e1dov\u00fdmi valcami, mo\u017enos\u0165ou zak\u00fapenia bonusu a n\u00e1sobite\u013emi a\u017e do 500x. Preh\u013ead hern\u00e9ho mechanizmu, volatility a mo\u017enost\u00ed na ve\u013ek\u00e9 v\u00fdhry.","og_url":"https:\/\/betlabel.games\/sk\/gates-of-olympus\/","og_site_name":"Betlabel sk","article_modified_time":"2026-04-20T18:27:44+00:00","twitter_card":"summary_large_image","schema":{"@context":"https:\/\/schema.org","@graph":[{"@type":"WebPage","@id":"https:\/\/betlabel.games\/sk\/gates-of-olympus\/","url":"https:\/\/betlabel.games\/sk\/gates-of-olympus\/","name":"Gates of Olympus v BetLabel \u1409 automat s n\u00e1sobite\u013emi a\u017e 500x","isPartOf":{"@id":"https:\/\/betlabel.games\/sk\/#website"},"datePublished":"2026-01-02T16:35:26+00:00","dateModified":"2026-04-20T18:27:44+00:00","description":"Zahrajte si hru Gates of Olympus v kas\u00edne BetLabel \u1409 Ob\u013e\u00faben\u00fd automat od Pragmatic Play s kask\u00e1dov\u00fdmi valcami, mo\u017enos\u0165ou zak\u00fapenia bonusu a n\u00e1sobite\u013emi a\u017e do 500x. Preh\u013ead hern\u00e9ho mechanizmu, volatility a mo\u017enost\u00ed na ve\u013ek\u00e9 v\u00fdhry.","breadcrumb":{"@id":"https:\/\/betlabel.games\/sk\/gates-of-olympus\/#breadcrumb"},"inLanguage":"sl-SI","potentialAction":[{"@type":"ReadAction","target":["https:\/\/betlabel.games\/sk\/gates-of-olympus\/"]}]},{"@type":"BreadcrumbList","@id":"https:\/\/betlabel.games\/sk\/gates-of-olympus\/#breadcrumb","itemListElement":[{"@type":"ListItem","position":1,"name":"Home","item":"https:\/\/betlabel.games\/sk\/"},{"@type":"ListItem","position":2,"name":"Gates of Olympus"}]},{"@type":"WebSite","@id":"https:\/\/betlabel.games\/sk\/#website","url":"https:\/\/betlabel.games\/sk\/","name":"Betlabel sk","description":"My WordPress Blog","potentialAction":[{"@type":"SearchAction","target":{"@type":"EntryPoint","urlTemplate":"https:\/\/betlabel.games\/sk\/?s={search_term_string}"},"query-input":{"@type":"PropertyValueSpecification","valueRequired":true,"valueName":"search_term_string"}}],"inLanguage":"sl-SI"}]}},"_links":{"self":[{"href":"https:\/\/betlabel.games\/sk\/wp-json\/wp\/v2\/pages\/801","targetHints":{"allow":["GET"]}}],"collection":[{"href":"https:\/\/betlabel.games\/sk\/wp-json\/wp\/v2\/pages"}],"about":[{"href":"https:\/\/betlabel.games\/sk\/wp-json\/wp\/v2\/types\/page"}],"author":[{"embeddable":true,"href":"https:\/\/betlabel.games\/sk\/wp-json\/wp\/v2\/users\/1"}],"replies":[{"embeddable":true,"href":"https:\/\/betlabel.games\/sk\/wp-json\/wp\/v2\/comments?post=801"}],"version-history":[{"count":5,"href":"https:\/\/betlabel.games\/sk\/wp-json\/wp\/v2\/pages\/801\/revisions"}],"predecessor-version":[{"id":1213,"href":"https:\/\/betlabel.games\/sk\/wp-json\/wp\/v2\/pages\/801\/revisions\/1213"}],"wp:attachment":[{"href":"https:\/\/betlabel.games\/sk\/wp-json\/wp\/v2\/media?parent=801"}],"curies":[{"name":"wp","href":"https:\/\/api.w.org\/{rel}","templated":true}]}}