{"id":808,"date":"2026-01-02T16:57:08","date_gmt":"2026-01-02T16:57:08","guid":{"rendered":"https:\/\/betlabel.games\/sk\/?page_id=808"},"modified":"2026-04-20T19:13:09","modified_gmt":"2026-04-20T19:13:09","slug":"mines","status":"publish","type":"page","link":"https:\/\/betlabel.games\/sk\/mines\/","title":{"rendered":"Mines"},"content":{"rendered":"","protected":false},"excerpt":{"rendered":"","protected":false},"author":1,"featured_media":0,"parent":0,"menu_order":0,"comment_status":"closed","ping_status":"closed","template":"","meta":{"footnotes":""},"class_list":["post-808","page","type-page","status-publish","hentry"],"yoast_head":"<!-- This site is optimized with the Yoast SEO plugin v27.4 - https:\/\/yoast.com\/product\/yoast-seo-wordpress\/ -->\n<title>St\u00e1vky na BetLabel \u27a4 hra s kontrolou rizika a r\u00fdchlymi v\u00fdhrami<\/title>\n<meta name=\"description\" content=\"Zahrajte si hru Mines v kas\u00edne BetLabel \u27a4 dynamick\u00fa okam\u017eit\u00fa hru s nastavite\u013enou mierou rizika. Vyberte si po\u010det m\u00edn, ovplyv\u0148ujte \u0161ance na v\u00fdhru a svoje v\u00fdhry si vyberte kedyko\u013evek.\" \/>\n<meta name=\"robots\" content=\"index, follow, max-snippet:-1, max-image-preview:large, max-video-preview:-1\" \/>\n<meta property=\"og:locale\" content=\"sl_SI\" \/>\n<meta property=\"og:type\" content=\"article\" \/>\n<meta property=\"og:title\" content=\"St\u00e1vky na BetLabel \u27a4 hra s kontrolou rizika a r\u00fdchlymi v\u00fdhrami\" \/>\n<meta property=\"og:description\" content=\"Zahrajte si hru Mines v kas\u00edne BetLabel \u27a4 dynamick\u00fa okam\u017eit\u00fa hru s nastavite\u013enou mierou rizika. Vyberte si po\u010det m\u00edn, ovplyv\u0148ujte \u0161ance na v\u00fdhru a svoje v\u00fdhry si vyberte kedyko\u013evek.\" \/>\n<meta property=\"og:url\" content=\"https:\/\/betlabel.games\/sk\/mines\/\" \/>\n<meta property=\"og:site_name\" content=\"Betlabel sk\" \/>\n<meta property=\"article:modified_time\" content=\"2026-04-20T19:13:09+00:00\" \/>\n<meta name=\"twitter:card\" content=\"summary_large_image\" \/>\n<script type=\"application\/ld+json\" class=\"yoast-schema-graph\">{\"@context\":\"https:\\\/\\\/schema.org\",\"@graph\":[{\"@type\":\"WebPage\",\"@id\":\"https:\\\/\\\/betlabel.games\\\/sk\\\/mines\\\/\",\"url\":\"https:\\\/\\\/betlabel.games\\\/sk\\\/mines\\\/\",\"name\":\"St\u00e1vky na BetLabel \u27a4 hra s kontrolou rizika a r\u00fdchlymi v\u00fdhrami\",\"isPartOf\":{\"@id\":\"https:\\\/\\\/betlabel.games\\\/sk\\\/#website\"},\"datePublished\":\"2026-01-02T16:57:08+00:00\",\"dateModified\":\"2026-04-20T19:13:09+00:00\",\"description\":\"Zahrajte si hru Mines v kas\u00edne BetLabel \u27a4 dynamick\u00fa okam\u017eit\u00fa hru s nastavite\u013enou mierou rizika. Vyberte si po\u010det m\u00edn, ovplyv\u0148ujte \u0161ance na v\u00fdhru a svoje v\u00fdhry si vyberte kedyko\u013evek.\",\"breadcrumb\":{\"@id\":\"https:\\\/\\\/betlabel.games\\\/sk\\\/mines\\\/#breadcrumb\"},\"inLanguage\":\"sl-SI\",\"potentialAction\":[{\"@type\":\"ReadAction\",\"target\":[\"https:\\\/\\\/betlabel.games\\\/sk\\\/mines\\\/\"]}]},{\"@type\":\"BreadcrumbList\",\"@id\":\"https:\\\/\\\/betlabel.games\\\/sk\\\/mines\\\/#breadcrumb\",\"itemListElement\":[{\"@type\":\"ListItem\",\"position\":1,\"name\":\"Home\",\"item\":\"https:\\\/\\\/betlabel.games\\\/sk\\\/\"},{\"@type\":\"ListItem\",\"position\":2,\"name\":\"Mines\"}]},{\"@type\":\"WebSite\",\"@id\":\"https:\\\/\\\/betlabel.games\\\/sk\\\/#website\",\"url\":\"https:\\\/\\\/betlabel.games\\\/sk\\\/\",\"name\":\"Betlabel sk\",\"description\":\"My WordPress Blog\",\"potentialAction\":[{\"@type\":\"SearchAction\",\"target\":{\"@type\":\"EntryPoint\",\"urlTemplate\":\"https:\\\/\\\/betlabel.games\\\/sk\\\/?s={search_term_string}\"},\"query-input\":{\"@type\":\"PropertyValueSpecification\",\"valueRequired\":true,\"valueName\":\"search_term_string\"}}],\"inLanguage\":\"sl-SI\"}]}<\/script>\n<!-- \/ Yoast SEO plugin. -->","yoast_head_json":{"title":"St\u00e1vky na BetLabel \u27a4 hra s kontrolou rizika a r\u00fdchlymi v\u00fdhrami","description":"Zahrajte si hru Mines v kas\u00edne BetLabel \u27a4 dynamick\u00fa okam\u017eit\u00fa hru s nastavite\u013enou mierou rizika. Vyberte si po\u010det m\u00edn, ovplyv\u0148ujte \u0161ance na v\u00fdhru a svoje v\u00fdhry si vyberte kedyko\u013evek.","robots":{"index":"index","follow":"follow","max-snippet":"max-snippet:-1","max-image-preview":"max-image-preview:large","max-video-preview":"max-video-preview:-1"},"og_locale":"sl_SI","og_type":"article","og_title":"St\u00e1vky na BetLabel \u27a4 hra s kontrolou rizika a r\u00fdchlymi v\u00fdhrami","og_description":"Zahrajte si hru Mines v kas\u00edne BetLabel \u27a4 dynamick\u00fa okam\u017eit\u00fa hru s nastavite\u013enou mierou rizika. Vyberte si po\u010det m\u00edn, ovplyv\u0148ujte \u0161ance na v\u00fdhru a svoje v\u00fdhry si vyberte kedyko\u013evek.","og_url":"https:\/\/betlabel.games\/sk\/mines\/","og_site_name":"Betlabel sk","article_modified_time":"2026-04-20T19:13:09+00:00","twitter_card":"summary_large_image","schema":{"@context":"https:\/\/schema.org","@graph":[{"@type":"WebPage","@id":"https:\/\/betlabel.games\/sk\/mines\/","url":"https:\/\/betlabel.games\/sk\/mines\/","name":"St\u00e1vky na BetLabel \u27a4 hra s kontrolou rizika a r\u00fdchlymi v\u00fdhrami","isPartOf":{"@id":"https:\/\/betlabel.games\/sk\/#website"},"datePublished":"2026-01-02T16:57:08+00:00","dateModified":"2026-04-20T19:13:09+00:00","description":"Zahrajte si hru Mines v kas\u00edne BetLabel \u27a4 dynamick\u00fa okam\u017eit\u00fa hru s nastavite\u013enou mierou rizika. Vyberte si po\u010det m\u00edn, ovplyv\u0148ujte \u0161ance na v\u00fdhru a svoje v\u00fdhry si vyberte kedyko\u013evek.","breadcrumb":{"@id":"https:\/\/betlabel.games\/sk\/mines\/#breadcrumb"},"inLanguage":"sl-SI","potentialAction":[{"@type":"ReadAction","target":["https:\/\/betlabel.games\/sk\/mines\/"]}]},{"@type":"BreadcrumbList","@id":"https:\/\/betlabel.games\/sk\/mines\/#breadcrumb","itemListElement":[{"@type":"ListItem","position":1,"name":"Home","item":"https:\/\/betlabel.games\/sk\/"},{"@type":"ListItem","position":2,"name":"Mines"}]},{"@type":"WebSite","@id":"https:\/\/betlabel.games\/sk\/#website","url":"https:\/\/betlabel.games\/sk\/","name":"Betlabel sk","description":"My WordPress Blog","potentialAction":[{"@type":"SearchAction","target":{"@type":"EntryPoint","urlTemplate":"https:\/\/betlabel.games\/sk\/?s={search_term_string}"},"query-input":{"@type":"PropertyValueSpecification","valueRequired":true,"valueName":"search_term_string"}}],"inLanguage":"sl-SI"}]}},"_links":{"self":[{"href":"https:\/\/betlabel.games\/sk\/wp-json\/wp\/v2\/pages\/808","targetHints":{"allow":["GET"]}}],"collection":[{"href":"https:\/\/betlabel.games\/sk\/wp-json\/wp\/v2\/pages"}],"about":[{"href":"https:\/\/betlabel.games\/sk\/wp-json\/wp\/v2\/types\/page"}],"author":[{"embeddable":true,"href":"https:\/\/betlabel.games\/sk\/wp-json\/wp\/v2\/users\/1"}],"replies":[{"embeddable":true,"href":"https:\/\/betlabel.games\/sk\/wp-json\/wp\/v2\/comments?post=808"}],"version-history":[{"count":5,"href":"https:\/\/betlabel.games\/sk\/wp-json\/wp\/v2\/pages\/808\/revisions"}],"predecessor-version":[{"id":1223,"href":"https:\/\/betlabel.games\/sk\/wp-json\/wp\/v2\/pages\/808\/revisions\/1223"}],"wp:attachment":[{"href":"https:\/\/betlabel.games\/sk\/wp-json\/wp\/v2\/media?parent=808"}],"curies":[{"name":"wp","href":"https:\/\/api.w.org\/{rel}","templated":true}]}}