{"id":834,"date":"2026-01-03T13:29:26","date_gmt":"2026-01-03T13:29:26","guid":{"rendered":"https:\/\/betlabel.games\/sk\/?page_id=834"},"modified":"2026-04-20T17:54:35","modified_gmt":"2026-04-20T17:54:35","slug":"casino-games","status":"publish","type":"page","link":"https:\/\/betlabel.games\/sk\/casino-games\/","title":{"rendered":"Kas\u00ednov\u00e9 hry"},"content":{"rendered":"","protected":false},"excerpt":{"rendered":"","protected":false},"author":1,"featured_media":0,"parent":0,"menu_order":0,"comment_status":"closed","ping_status":"closed","template":"","meta":{"footnotes":""},"class_list":["post-834","page","type-page","status-publish","hentry"],"yoast_head":"<!-- This site is optimized with the Yoast SEO plugin v27.4 - https:\/\/yoast.com\/product\/yoast-seo-wordpress\/ -->\n<title>Hry v kas\u00edne BetLabel \u2014 automaty, crash hry a okam\u017eit\u00e9 hry<\/title>\n<meta name=\"description\" content=\"Objavte kas\u00ednov\u00e9 hry BetLabel \u2014 modern\u00e9 automaty, ob\u013e\u00faben\u00e9 crash hry a hry s okam\u017eit\u00fdm v\u00fdsledkom. Preh\u013eadn\u00e9 rozhranie, r\u00fdchle spustenie hier a pohodln\u00e9 hranie na po\u010d\u00edta\u010di alebo smartf\u00f3ne.\" \/>\n<meta name=\"robots\" content=\"index, follow, max-snippet:-1, max-image-preview:large, max-video-preview:-1\" \/>\n<meta property=\"og:locale\" content=\"sl_SI\" \/>\n<meta property=\"og:type\" content=\"article\" \/>\n<meta property=\"og:title\" content=\"Hry v kas\u00edne BetLabel \u2014 automaty, crash hry a okam\u017eit\u00e9 hry\" \/>\n<meta property=\"og:description\" content=\"Objavte kas\u00ednov\u00e9 hry BetLabel \u2014 modern\u00e9 automaty, ob\u013e\u00faben\u00e9 crash hry a hry s okam\u017eit\u00fdm v\u00fdsledkom. Preh\u013eadn\u00e9 rozhranie, r\u00fdchle spustenie hier a pohodln\u00e9 hranie na po\u010d\u00edta\u010di alebo smartf\u00f3ne.\" \/>\n<meta property=\"og:url\" content=\"https:\/\/betlabel.games\/sk\/casino-games\/\" \/>\n<meta property=\"og:site_name\" content=\"Betlabel sk\" \/>\n<meta property=\"article:modified_time\" content=\"2026-04-20T17:54:35+00:00\" \/>\n<meta name=\"twitter:card\" content=\"summary_large_image\" \/>\n<script type=\"application\/ld+json\" class=\"yoast-schema-graph\">{\"@context\":\"https:\\\/\\\/schema.org\",\"@graph\":[{\"@type\":\"WebPage\",\"@id\":\"https:\\\/\\\/betlabel.games\\\/sk\\\/casino-games\\\/\",\"url\":\"https:\\\/\\\/betlabel.games\\\/sk\\\/casino-games\\\/\",\"name\":\"Hry v kas\u00edne BetLabel \u2014 automaty, crash hry a okam\u017eit\u00e9 hry\",\"isPartOf\":{\"@id\":\"https:\\\/\\\/betlabel.games\\\/sk\\\/#website\"},\"datePublished\":\"2026-01-03T13:29:26+00:00\",\"dateModified\":\"2026-04-20T17:54:35+00:00\",\"description\":\"Objavte kas\u00ednov\u00e9 hry BetLabel \u2014 modern\u00e9 automaty, ob\u013e\u00faben\u00e9 crash hry a hry s okam\u017eit\u00fdm v\u00fdsledkom. Preh\u013eadn\u00e9 rozhranie, r\u00fdchle spustenie hier a pohodln\u00e9 hranie na po\u010d\u00edta\u010di alebo smartf\u00f3ne.\",\"breadcrumb\":{\"@id\":\"https:\\\/\\\/betlabel.games\\\/sk\\\/casino-games\\\/#breadcrumb\"},\"inLanguage\":\"sl-SI\",\"potentialAction\":[{\"@type\":\"ReadAction\",\"target\":[\"https:\\\/\\\/betlabel.games\\\/sk\\\/casino-games\\\/\"]}]},{\"@type\":\"BreadcrumbList\",\"@id\":\"https:\\\/\\\/betlabel.games\\\/sk\\\/casino-games\\\/#breadcrumb\",\"itemListElement\":[{\"@type\":\"ListItem\",\"position\":1,\"name\":\"Home\",\"item\":\"https:\\\/\\\/betlabel.games\\\/sk\\\/\"},{\"@type\":\"ListItem\",\"position\":2,\"name\":\"Kas\u00ednov\u00e9 hry\"}]},{\"@type\":\"WebSite\",\"@id\":\"https:\\\/\\\/betlabel.games\\\/sk\\\/#website\",\"url\":\"https:\\\/\\\/betlabel.games\\\/sk\\\/\",\"name\":\"Betlabel sk\",\"description\":\"My WordPress Blog\",\"potentialAction\":[{\"@type\":\"SearchAction\",\"target\":{\"@type\":\"EntryPoint\",\"urlTemplate\":\"https:\\\/\\\/betlabel.games\\\/sk\\\/?s={search_term_string}\"},\"query-input\":{\"@type\":\"PropertyValueSpecification\",\"valueRequired\":true,\"valueName\":\"search_term_string\"}}],\"inLanguage\":\"sl-SI\"}]}<\/script>\n<!-- \/ Yoast SEO plugin. -->","yoast_head_json":{"title":"Hry v kas\u00edne BetLabel \u2014 automaty, crash hry a okam\u017eit\u00e9 hry","description":"Objavte kas\u00ednov\u00e9 hry BetLabel \u2014 modern\u00e9 automaty, ob\u013e\u00faben\u00e9 crash hry a hry s okam\u017eit\u00fdm v\u00fdsledkom. Preh\u013eadn\u00e9 rozhranie, r\u00fdchle spustenie hier a pohodln\u00e9 hranie na po\u010d\u00edta\u010di alebo smartf\u00f3ne.","robots":{"index":"index","follow":"follow","max-snippet":"max-snippet:-1","max-image-preview":"max-image-preview:large","max-video-preview":"max-video-preview:-1"},"og_locale":"sl_SI","og_type":"article","og_title":"Hry v kas\u00edne BetLabel \u2014 automaty, crash hry a okam\u017eit\u00e9 hry","og_description":"Objavte kas\u00ednov\u00e9 hry BetLabel \u2014 modern\u00e9 automaty, ob\u013e\u00faben\u00e9 crash hry a hry s okam\u017eit\u00fdm v\u00fdsledkom. Preh\u013eadn\u00e9 rozhranie, r\u00fdchle spustenie hier a pohodln\u00e9 hranie na po\u010d\u00edta\u010di alebo smartf\u00f3ne.","og_url":"https:\/\/betlabel.games\/sk\/casino-games\/","og_site_name":"Betlabel sk","article_modified_time":"2026-04-20T17:54:35+00:00","twitter_card":"summary_large_image","schema":{"@context":"https:\/\/schema.org","@graph":[{"@type":"WebPage","@id":"https:\/\/betlabel.games\/sk\/casino-games\/","url":"https:\/\/betlabel.games\/sk\/casino-games\/","name":"Hry v kas\u00edne BetLabel \u2014 automaty, crash hry a okam\u017eit\u00e9 hry","isPartOf":{"@id":"https:\/\/betlabel.games\/sk\/#website"},"datePublished":"2026-01-03T13:29:26+00:00","dateModified":"2026-04-20T17:54:35+00:00","description":"Objavte kas\u00ednov\u00e9 hry BetLabel \u2014 modern\u00e9 automaty, ob\u013e\u00faben\u00e9 crash hry a hry s okam\u017eit\u00fdm v\u00fdsledkom. Preh\u013eadn\u00e9 rozhranie, r\u00fdchle spustenie hier a pohodln\u00e9 hranie na po\u010d\u00edta\u010di alebo smartf\u00f3ne.","breadcrumb":{"@id":"https:\/\/betlabel.games\/sk\/casino-games\/#breadcrumb"},"inLanguage":"sl-SI","potentialAction":[{"@type":"ReadAction","target":["https:\/\/betlabel.games\/sk\/casino-games\/"]}]},{"@type":"BreadcrumbList","@id":"https:\/\/betlabel.games\/sk\/casino-games\/#breadcrumb","itemListElement":[{"@type":"ListItem","position":1,"name":"Home","item":"https:\/\/betlabel.games\/sk\/"},{"@type":"ListItem","position":2,"name":"Kas\u00ednov\u00e9 hry"}]},{"@type":"WebSite","@id":"https:\/\/betlabel.games\/sk\/#website","url":"https:\/\/betlabel.games\/sk\/","name":"Betlabel sk","description":"My WordPress Blog","potentialAction":[{"@type":"SearchAction","target":{"@type":"EntryPoint","urlTemplate":"https:\/\/betlabel.games\/sk\/?s={search_term_string}"},"query-input":{"@type":"PropertyValueSpecification","valueRequired":true,"valueName":"search_term_string"}}],"inLanguage":"sl-SI"}]}},"_links":{"self":[{"href":"https:\/\/betlabel.games\/sk\/wp-json\/wp\/v2\/pages\/834","targetHints":{"allow":["GET"]}}],"collection":[{"href":"https:\/\/betlabel.games\/sk\/wp-json\/wp\/v2\/pages"}],"about":[{"href":"https:\/\/betlabel.games\/sk\/wp-json\/wp\/v2\/types\/page"}],"author":[{"embeddable":true,"href":"https:\/\/betlabel.games\/sk\/wp-json\/wp\/v2\/users\/1"}],"replies":[{"embeddable":true,"href":"https:\/\/betlabel.games\/sk\/wp-json\/wp\/v2\/comments?post=834"}],"version-history":[{"count":5,"href":"https:\/\/betlabel.games\/sk\/wp-json\/wp\/v2\/pages\/834\/revisions"}],"predecessor-version":[{"id":1202,"href":"https:\/\/betlabel.games\/sk\/wp-json\/wp\/v2\/pages\/834\/revisions\/1202"}],"wp:attachment":[{"href":"https:\/\/betlabel.games\/sk\/wp-json\/wp\/v2\/media?parent=834"}],"curies":[{"name":"wp","href":"https:\/\/api.w.org\/{rel}","templated":true}]}}