{"id":258,"date":"2024-10-09T14:42:29","date_gmt":"2024-10-09T14:42:29","guid":{"rendered":"https:\/\/betlabel.games\/sl\/?page_id=258"},"modified":"2025-11-10T04:19:07","modified_gmt":"2025-11-10T04:19:07","slug":"promo-code","status":"publish","type":"page","link":"https:\/\/betlabel.games\/sl\/promo-code\/","title":{"rendered":"Promocijska koda"},"content":{"rendered":"","protected":false},"excerpt":{"rendered":"","protected":false},"author":1,"featured_media":0,"parent":0,"menu_order":0,"comment_status":"closed","ping_status":"closed","template":"","meta":{"footnotes":""},"class_list":["post-258","page","type-page","status-publish","hentry"],"yoast_head":"<!-- This site is optimized with the Yoast SEO plugin v26.6 - https:\/\/yoast.com\/wordpress\/plugins\/seo\/ -->\n<title>BetLabel promocijska koda 2026 \ud83c\udf81 Uporabite za 100% bonus<\/title>\n<meta name=\"description\" content=\"Dobite dobrodo\u0161lico z BetLabel promo kodo med registracijo. Nau\u010dite se, kako izkoristiti dejanske BetLabel promo kode za stave na va\u0161e najljub\u0161e \u0161porte in igre. Kako aktivirati BetLabel bonus kodo\" \/>\n<meta name=\"robots\" content=\"index, follow, max-snippet:-1, max-image-preview:large, max-video-preview:-1\" \/>\n<meta property=\"og:locale\" content=\"sl_SI\" \/>\n<meta property=\"og:type\" content=\"article\" \/>\n<meta property=\"og:title\" content=\"BetLabel promocijska koda 2026 \ud83c\udf81 Uporabite za 100% bonus\" \/>\n<meta property=\"og:description\" content=\"Dobite dobrodo\u0161lico z BetLabel promo kodo med registracijo. Nau\u010dite se, kako izkoristiti dejanske BetLabel promo kode za stave na va\u0161e najljub\u0161e \u0161porte in igre. Kako aktivirati BetLabel bonus kodo\" \/>\n<meta property=\"og:url\" content=\"https:\/\/betlabel.games\/sl\/promo-code\/\" \/>\n<meta property=\"og:site_name\" content=\"Betlabel sl\" \/>\n<meta property=\"article:modified_time\" content=\"2025-11-10T04:19:07+00:00\" \/>\n<meta name=\"twitter:card\" content=\"summary_large_image\" \/>\n<script type=\"application\/ld+json\" class=\"yoast-schema-graph\">{\"@context\":\"https:\/\/schema.org\",\"@graph\":[{\"@type\":\"WebPage\",\"@id\":\"https:\/\/betlabel.games\/sl\/promo-code\/\",\"url\":\"https:\/\/betlabel.games\/sl\/promo-code\/\",\"name\":\"BetLabel promocijska koda 2026 \ud83c\udf81 Uporabite za 100% bonus\",\"isPartOf\":{\"@id\":\"https:\/\/betlabel.games\/sl\/#website\"},\"datePublished\":\"2024-10-09T14:42:29+00:00\",\"dateModified\":\"2025-11-10T04:19:07+00:00\",\"description\":\"Dobite dobrodo\u0161lico z BetLabel promo kodo med registracijo. Nau\u010dite se, kako izkoristiti dejanske BetLabel promo kode za stave na va\u0161e najljub\u0161e \u0161porte in igre. Kako aktivirati BetLabel bonus kodo\",\"breadcrumb\":{\"@id\":\"https:\/\/betlabel.games\/sl\/promo-code\/#breadcrumb\"},\"inLanguage\":\"sl-SI\",\"potentialAction\":[{\"@type\":\"ReadAction\",\"target\":[\"https:\/\/betlabel.games\/sl\/promo-code\/\"]}]},{\"@type\":\"BreadcrumbList\",\"@id\":\"https:\/\/betlabel.games\/sl\/promo-code\/#breadcrumb\",\"itemListElement\":[{\"@type\":\"ListItem\",\"position\":1,\"name\":\"Home\",\"item\":\"https:\/\/betlabel.games\/sl\/\"},{\"@type\":\"ListItem\",\"position\":2,\"name\":\"Promocijska koda\"}]},{\"@type\":\"WebSite\",\"@id\":\"https:\/\/betlabel.games\/sl\/#website\",\"url\":\"https:\/\/betlabel.games\/sl\/\",\"name\":\"Betlabel sl\",\"description\":\"My WordPress Blog\",\"potentialAction\":[{\"@type\":\"SearchAction\",\"target\":{\"@type\":\"EntryPoint\",\"urlTemplate\":\"https:\/\/betlabel.games\/sl\/?s={search_term_string}\"},\"query-input\":{\"@type\":\"PropertyValueSpecification\",\"valueRequired\":true,\"valueName\":\"search_term_string\"}}],\"inLanguage\":\"sl-SI\"}]}<\/script>\n<!-- \/ Yoast SEO plugin. -->","yoast_head_json":{"title":"BetLabel promocijska koda 2026 \ud83c\udf81 Uporabite za 100% bonus","description":"Dobite dobrodo\u0161lico z BetLabel promo kodo med registracijo. Nau\u010dite se, kako izkoristiti dejanske BetLabel promo kode za stave na va\u0161e najljub\u0161e \u0161porte in igre. Kako aktivirati BetLabel bonus kodo","robots":{"index":"index","follow":"follow","max-snippet":"max-snippet:-1","max-image-preview":"max-image-preview:large","max-video-preview":"max-video-preview:-1"},"og_locale":"sl_SI","og_type":"article","og_title":"BetLabel promocijska koda 2026 \ud83c\udf81 Uporabite za 100% bonus","og_description":"Dobite dobrodo\u0161lico z BetLabel promo kodo med registracijo. Nau\u010dite se, kako izkoristiti dejanske BetLabel promo kode za stave na va\u0161e najljub\u0161e \u0161porte in igre. Kako aktivirati BetLabel bonus kodo","og_url":"https:\/\/betlabel.games\/sl\/promo-code\/","og_site_name":"Betlabel sl","article_modified_time":"2025-11-10T04:19:07+00:00","twitter_card":"summary_large_image","schema":{"@context":"https:\/\/schema.org","@graph":[{"@type":"WebPage","@id":"https:\/\/betlabel.games\/sl\/promo-code\/","url":"https:\/\/betlabel.games\/sl\/promo-code\/","name":"BetLabel promocijska koda 2026 \ud83c\udf81 Uporabite za 100% bonus","isPartOf":{"@id":"https:\/\/betlabel.games\/sl\/#website"},"datePublished":"2024-10-09T14:42:29+00:00","dateModified":"2025-11-10T04:19:07+00:00","description":"Dobite dobrodo\u0161lico z BetLabel promo kodo med registracijo. Nau\u010dite se, kako izkoristiti dejanske BetLabel promo kode za stave na va\u0161e najljub\u0161e \u0161porte in igre. Kako aktivirati BetLabel bonus kodo","breadcrumb":{"@id":"https:\/\/betlabel.games\/sl\/promo-code\/#breadcrumb"},"inLanguage":"sl-SI","potentialAction":[{"@type":"ReadAction","target":["https:\/\/betlabel.games\/sl\/promo-code\/"]}]},{"@type":"BreadcrumbList","@id":"https:\/\/betlabel.games\/sl\/promo-code\/#breadcrumb","itemListElement":[{"@type":"ListItem","position":1,"name":"Home","item":"https:\/\/betlabel.games\/sl\/"},{"@type":"ListItem","position":2,"name":"Promocijska koda"}]},{"@type":"WebSite","@id":"https:\/\/betlabel.games\/sl\/#website","url":"https:\/\/betlabel.games\/sl\/","name":"Betlabel sl","description":"My WordPress Blog","potentialAction":[{"@type":"SearchAction","target":{"@type":"EntryPoint","urlTemplate":"https:\/\/betlabel.games\/sl\/?s={search_term_string}"},"query-input":{"@type":"PropertyValueSpecification","valueRequired":true,"valueName":"search_term_string"}}],"inLanguage":"sl-SI"}]}},"_links":{"self":[{"href":"https:\/\/betlabel.games\/sl\/wp-json\/wp\/v2\/pages\/258","targetHints":{"allow":["GET"]}}],"collection":[{"href":"https:\/\/betlabel.games\/sl\/wp-json\/wp\/v2\/pages"}],"about":[{"href":"https:\/\/betlabel.games\/sl\/wp-json\/wp\/v2\/types\/page"}],"author":[{"embeddable":true,"href":"https:\/\/betlabel.games\/sl\/wp-json\/wp\/v2\/users\/1"}],"replies":[{"embeddable":true,"href":"https:\/\/betlabel.games\/sl\/wp-json\/wp\/v2\/comments?post=258"}],"version-history":[{"count":3,"href":"https:\/\/betlabel.games\/sl\/wp-json\/wp\/v2\/pages\/258\/revisions"}],"predecessor-version":[{"id":434,"href":"https:\/\/betlabel.games\/sl\/wp-json\/wp\/v2\/pages\/258\/revisions\/434"}],"wp:attachment":[{"href":"https:\/\/betlabel.games\/sl\/wp-json\/wp\/v2\/media?parent=258"}],"curies":[{"name":"wp","href":"https:\/\/api.w.org\/{rel}","templated":true}]}}