{"id":275,"date":"2024-10-10T12:58:51","date_gmt":"2024-10-10T12:58:51","guid":{"rendered":"https:\/\/betlabel.games\/sl\/?page_id=275"},"modified":"2025-03-26T19:00:41","modified_gmt":"2025-03-26T19:00:41","slug":"affiliate","status":"publish","type":"page","link":"https:\/\/betlabel.games\/sl\/affiliate\/","title":{"rendered":"Podru\u017enica"},"content":{"rendered":"","protected":false},"excerpt":{"rendered":"","protected":false},"author":1,"featured_media":0,"parent":0,"menu_order":0,"comment_status":"closed","ping_status":"closed","template":"","meta":{"footnotes":""},"class_list":["post-275","page","type-page","status-publish","hentry"],"yoast_head":"<!-- This site is optimized with the Yoast SEO plugin v26.6 - https:\/\/yoast.com\/wordpress\/plugins\/seo\/ -->\n<title>Partnerji BetLabel | Partnerski program za stave in igralnice<\/title>\n<meta name=\"description\" content=\"Partnerski program BetLabel ponuja 30-odstotne provizije z dele\u017eem prihodkov ter priro\u010dna orodja za poro\u010danje in tr\u017eenje. Delite svojo osebno povezavo BetLabel in zaslu\u017eite provizijo za vsakega uporabnika, ki se registrira in stavi denar.\" \/>\n<meta name=\"robots\" content=\"index, follow, max-snippet:-1, max-image-preview:large, max-video-preview:-1\" \/>\n<meta property=\"og:locale\" content=\"sl_SI\" \/>\n<meta property=\"og:type\" content=\"article\" \/>\n<meta property=\"og:title\" content=\"Partnerji BetLabel | Partnerski program za stave in igralnice\" \/>\n<meta property=\"og:description\" content=\"Partnerski program BetLabel ponuja 30-odstotne provizije z dele\u017eem prihodkov ter priro\u010dna orodja za poro\u010danje in tr\u017eenje. Delite svojo osebno povezavo BetLabel in zaslu\u017eite provizijo za vsakega uporabnika, ki se registrira in stavi denar.\" \/>\n<meta property=\"og:url\" content=\"https:\/\/betlabel.games\/sl\/affiliate\/\" \/>\n<meta property=\"og:site_name\" content=\"Betlabel sl\" \/>\n<meta property=\"article:modified_time\" content=\"2025-03-26T19:00:41+00:00\" \/>\n<meta name=\"twitter:card\" content=\"summary_large_image\" \/>\n<script type=\"application\/ld+json\" class=\"yoast-schema-graph\">{\"@context\":\"https:\/\/schema.org\",\"@graph\":[{\"@type\":\"WebPage\",\"@id\":\"https:\/\/betlabel.games\/sl\/affiliate\/\",\"url\":\"https:\/\/betlabel.games\/sl\/affiliate\/\",\"name\":\"Partnerji BetLabel | Partnerski program za stave in igralnice\",\"isPartOf\":{\"@id\":\"https:\/\/betlabel.games\/sl\/#website\"},\"datePublished\":\"2024-10-10T12:58:51+00:00\",\"dateModified\":\"2025-03-26T19:00:41+00:00\",\"description\":\"Partnerski program BetLabel ponuja 30-odstotne provizije z dele\u017eem prihodkov ter priro\u010dna orodja za poro\u010danje in tr\u017eenje. Delite svojo osebno povezavo BetLabel in zaslu\u017eite provizijo za vsakega uporabnika, ki se registrira in stavi denar.\",\"breadcrumb\":{\"@id\":\"https:\/\/betlabel.games\/sl\/affiliate\/#breadcrumb\"},\"inLanguage\":\"sl-SI\",\"potentialAction\":[{\"@type\":\"ReadAction\",\"target\":[\"https:\/\/betlabel.games\/sl\/affiliate\/\"]}]},{\"@type\":\"BreadcrumbList\",\"@id\":\"https:\/\/betlabel.games\/sl\/affiliate\/#breadcrumb\",\"itemListElement\":[{\"@type\":\"ListItem\",\"position\":1,\"name\":\"Home\",\"item\":\"https:\/\/betlabel.games\/sl\/\"},{\"@type\":\"ListItem\",\"position\":2,\"name\":\"Podru\u017enica\"}]},{\"@type\":\"WebSite\",\"@id\":\"https:\/\/betlabel.games\/sl\/#website\",\"url\":\"https:\/\/betlabel.games\/sl\/\",\"name\":\"Betlabel sl\",\"description\":\"My WordPress Blog\",\"potentialAction\":[{\"@type\":\"SearchAction\",\"target\":{\"@type\":\"EntryPoint\",\"urlTemplate\":\"https:\/\/betlabel.games\/sl\/?s={search_term_string}\"},\"query-input\":{\"@type\":\"PropertyValueSpecification\",\"valueRequired\":true,\"valueName\":\"search_term_string\"}}],\"inLanguage\":\"sl-SI\"}]}<\/script>\n<!-- \/ Yoast SEO plugin. -->","yoast_head_json":{"title":"Partnerji BetLabel | Partnerski program za stave in igralnice","description":"Partnerski program BetLabel ponuja 30-odstotne provizije z dele\u017eem prihodkov ter priro\u010dna orodja za poro\u010danje in tr\u017eenje. Delite svojo osebno povezavo BetLabel in zaslu\u017eite provizijo za vsakega uporabnika, ki se registrira in stavi denar.","robots":{"index":"index","follow":"follow","max-snippet":"max-snippet:-1","max-image-preview":"max-image-preview:large","max-video-preview":"max-video-preview:-1"},"og_locale":"sl_SI","og_type":"article","og_title":"Partnerji BetLabel | Partnerski program za stave in igralnice","og_description":"Partnerski program BetLabel ponuja 30-odstotne provizije z dele\u017eem prihodkov ter priro\u010dna orodja za poro\u010danje in tr\u017eenje. Delite svojo osebno povezavo BetLabel in zaslu\u017eite provizijo za vsakega uporabnika, ki se registrira in stavi denar.","og_url":"https:\/\/betlabel.games\/sl\/affiliate\/","og_site_name":"Betlabel sl","article_modified_time":"2025-03-26T19:00:41+00:00","twitter_card":"summary_large_image","schema":{"@context":"https:\/\/schema.org","@graph":[{"@type":"WebPage","@id":"https:\/\/betlabel.games\/sl\/affiliate\/","url":"https:\/\/betlabel.games\/sl\/affiliate\/","name":"Partnerji BetLabel | Partnerski program za stave in igralnice","isPartOf":{"@id":"https:\/\/betlabel.games\/sl\/#website"},"datePublished":"2024-10-10T12:58:51+00:00","dateModified":"2025-03-26T19:00:41+00:00","description":"Partnerski program BetLabel ponuja 30-odstotne provizije z dele\u017eem prihodkov ter priro\u010dna orodja za poro\u010danje in tr\u017eenje. Delite svojo osebno povezavo BetLabel in zaslu\u017eite provizijo za vsakega uporabnika, ki se registrira in stavi denar.","breadcrumb":{"@id":"https:\/\/betlabel.games\/sl\/affiliate\/#breadcrumb"},"inLanguage":"sl-SI","potentialAction":[{"@type":"ReadAction","target":["https:\/\/betlabel.games\/sl\/affiliate\/"]}]},{"@type":"BreadcrumbList","@id":"https:\/\/betlabel.games\/sl\/affiliate\/#breadcrumb","itemListElement":[{"@type":"ListItem","position":1,"name":"Home","item":"https:\/\/betlabel.games\/sl\/"},{"@type":"ListItem","position":2,"name":"Podru\u017enica"}]},{"@type":"WebSite","@id":"https:\/\/betlabel.games\/sl\/#website","url":"https:\/\/betlabel.games\/sl\/","name":"Betlabel sl","description":"My WordPress Blog","potentialAction":[{"@type":"SearchAction","target":{"@type":"EntryPoint","urlTemplate":"https:\/\/betlabel.games\/sl\/?s={search_term_string}"},"query-input":{"@type":"PropertyValueSpecification","valueRequired":true,"valueName":"search_term_string"}}],"inLanguage":"sl-SI"}]}},"_links":{"self":[{"href":"https:\/\/betlabel.games\/sl\/wp-json\/wp\/v2\/pages\/275","targetHints":{"allow":["GET"]}}],"collection":[{"href":"https:\/\/betlabel.games\/sl\/wp-json\/wp\/v2\/pages"}],"about":[{"href":"https:\/\/betlabel.games\/sl\/wp-json\/wp\/v2\/types\/page"}],"author":[{"embeddable":true,"href":"https:\/\/betlabel.games\/sl\/wp-json\/wp\/v2\/users\/1"}],"replies":[{"embeddable":true,"href":"https:\/\/betlabel.games\/sl\/wp-json\/wp\/v2\/comments?post=275"}],"version-history":[{"count":2,"href":"https:\/\/betlabel.games\/sl\/wp-json\/wp\/v2\/pages\/275\/revisions"}],"predecessor-version":[{"id":429,"href":"https:\/\/betlabel.games\/sl\/wp-json\/wp\/v2\/pages\/275\/revisions\/429"}],"wp:attachment":[{"href":"https:\/\/betlabel.games\/sl\/wp-json\/wp\/v2\/media?parent=275"}],"curies":[{"name":"wp","href":"https:\/\/api.w.org\/{rel}","templated":true}]}}