{"id":447,"date":"2025-06-13T07:40:56","date_gmt":"2025-06-13T07:40:56","guid":{"rendered":"https:\/\/betlabel.games\/?page_id=447"},"modified":"2025-11-10T04:53:17","modified_gmt":"2025-11-10T04:53:17","slug":"sports-cashback","status":"publish","type":"page","link":"https:\/\/betlabel.games\/sl\/bonuses\/sports-cashback\/","title":{"rendered":"\u0160portni cashback"},"content":{"rendered":"","protected":false},"excerpt":{"rendered":"","protected":false},"author":1,"featured_media":0,"parent":201,"menu_order":0,"comment_status":"closed","ping_status":"closed","template":"","meta":{"footnotes":""},"class_list":["post-447","page","type-page","status-publish","hentry"],"yoast_head":"<!-- This site is optimized with the Yoast SEO plugin v26.6 - https:\/\/yoast.com\/wordpress\/plugins\/seo\/ -->\n<title>\u0160portni cashback od BetLabel | Pridobite 3 % svojih izgub nazaj<\/title>\n<meta name=\"description\" content=\"Ne zamudite prilo\u017enosti, da si z denarnim povra\u010dilom od BetLabel povrnete del izgub! Vsak teden dobite nazaj 3 % svojih stav, brez dodatnih vpla\u010dil.\" \/>\n<meta name=\"robots\" content=\"index, follow, max-snippet:-1, max-image-preview:large, max-video-preview:-1\" \/>\n<meta property=\"og:locale\" content=\"sl_SI\" \/>\n<meta property=\"og:type\" content=\"article\" \/>\n<meta property=\"og:title\" content=\"\u0160portni cashback od BetLabel | Pridobite 3 % svojih izgub nazaj\" \/>\n<meta property=\"og:description\" content=\"Ne zamudite prilo\u017enosti, da si z denarnim povra\u010dilom od BetLabel povrnete del izgub! Vsak teden dobite nazaj 3 % svojih stav, brez dodatnih vpla\u010dil.\" \/>\n<meta property=\"og:url\" content=\"https:\/\/betlabel.games\/sl\/bonuses\/sports-cashback\/\" \/>\n<meta property=\"og:site_name\" content=\"Betlabel sl\" \/>\n<meta property=\"article:modified_time\" content=\"2025-11-10T04:53:17+00:00\" \/>\n<meta name=\"twitter:card\" content=\"summary_large_image\" \/>\n<script type=\"application\/ld+json\" class=\"yoast-schema-graph\">{\"@context\":\"https:\/\/schema.org\",\"@graph\":[{\"@type\":\"WebPage\",\"@id\":\"https:\/\/betlabel.games\/sl\/bonuses\/sports-cashback\/\",\"url\":\"https:\/\/betlabel.games\/sl\/bonuses\/sports-cashback\/\",\"name\":\"\u0160portni cashback od BetLabel | Pridobite 3 % svojih izgub nazaj\",\"isPartOf\":{\"@id\":\"https:\/\/betlabel.games\/sl\/#website\"},\"datePublished\":\"2025-06-13T07:40:56+00:00\",\"dateModified\":\"2025-11-10T04:53:17+00:00\",\"description\":\"Ne zamudite prilo\u017enosti, da si z denarnim povra\u010dilom od BetLabel povrnete del izgub! Vsak teden dobite nazaj 3 % svojih stav, brez dodatnih vpla\u010dil.\",\"breadcrumb\":{\"@id\":\"https:\/\/betlabel.games\/sl\/bonuses\/sports-cashback\/#breadcrumb\"},\"inLanguage\":\"sl-SI\",\"potentialAction\":[{\"@type\":\"ReadAction\",\"target\":[\"https:\/\/betlabel.games\/sl\/bonuses\/sports-cashback\/\"]}]},{\"@type\":\"BreadcrumbList\",\"@id\":\"https:\/\/betlabel.games\/sl\/bonuses\/sports-cashback\/#breadcrumb\",\"itemListElement\":[{\"@type\":\"ListItem\",\"position\":1,\"name\":\"Home\",\"item\":\"https:\/\/betlabel.games\/sl\/\"},{\"@type\":\"ListItem\",\"position\":2,\"name\":\"Bonusi\",\"item\":\"https:\/\/betlabel.games\/sl\/bonuses\/\"},{\"@type\":\"ListItem\",\"position\":3,\"name\":\"\u0160portni cashback\"}]},{\"@type\":\"WebSite\",\"@id\":\"https:\/\/betlabel.games\/sl\/#website\",\"url\":\"https:\/\/betlabel.games\/sl\/\",\"name\":\"Betlabel sl\",\"description\":\"My WordPress Blog\",\"potentialAction\":[{\"@type\":\"SearchAction\",\"target\":{\"@type\":\"EntryPoint\",\"urlTemplate\":\"https:\/\/betlabel.games\/sl\/?s={search_term_string}\"},\"query-input\":{\"@type\":\"PropertyValueSpecification\",\"valueRequired\":true,\"valueName\":\"search_term_string\"}}],\"inLanguage\":\"sl-SI\"}]}<\/script>\n<!-- \/ Yoast SEO plugin. -->","yoast_head_json":{"title":"\u0160portni cashback od BetLabel | Pridobite 3 % svojih izgub nazaj","description":"Ne zamudite prilo\u017enosti, da si z denarnim povra\u010dilom od BetLabel povrnete del izgub! Vsak teden dobite nazaj 3 % svojih stav, brez dodatnih vpla\u010dil.","robots":{"index":"index","follow":"follow","max-snippet":"max-snippet:-1","max-image-preview":"max-image-preview:large","max-video-preview":"max-video-preview:-1"},"og_locale":"sl_SI","og_type":"article","og_title":"\u0160portni cashback od BetLabel | Pridobite 3 % svojih izgub nazaj","og_description":"Ne zamudite prilo\u017enosti, da si z denarnim povra\u010dilom od BetLabel povrnete del izgub! Vsak teden dobite nazaj 3 % svojih stav, brez dodatnih vpla\u010dil.","og_url":"https:\/\/betlabel.games\/sl\/bonuses\/sports-cashback\/","og_site_name":"Betlabel sl","article_modified_time":"2025-11-10T04:53:17+00:00","twitter_card":"summary_large_image","schema":{"@context":"https:\/\/schema.org","@graph":[{"@type":"WebPage","@id":"https:\/\/betlabel.games\/sl\/bonuses\/sports-cashback\/","url":"https:\/\/betlabel.games\/sl\/bonuses\/sports-cashback\/","name":"\u0160portni cashback od BetLabel | Pridobite 3 % svojih izgub nazaj","isPartOf":{"@id":"https:\/\/betlabel.games\/sl\/#website"},"datePublished":"2025-06-13T07:40:56+00:00","dateModified":"2025-11-10T04:53:17+00:00","description":"Ne zamudite prilo\u017enosti, da si z denarnim povra\u010dilom od BetLabel povrnete del izgub! Vsak teden dobite nazaj 3 % svojih stav, brez dodatnih vpla\u010dil.","breadcrumb":{"@id":"https:\/\/betlabel.games\/sl\/bonuses\/sports-cashback\/#breadcrumb"},"inLanguage":"sl-SI","potentialAction":[{"@type":"ReadAction","target":["https:\/\/betlabel.games\/sl\/bonuses\/sports-cashback\/"]}]},{"@type":"BreadcrumbList","@id":"https:\/\/betlabel.games\/sl\/bonuses\/sports-cashback\/#breadcrumb","itemListElement":[{"@type":"ListItem","position":1,"name":"Home","item":"https:\/\/betlabel.games\/sl\/"},{"@type":"ListItem","position":2,"name":"Bonusi","item":"https:\/\/betlabel.games\/sl\/bonuses\/"},{"@type":"ListItem","position":3,"name":"\u0160portni cashback"}]},{"@type":"WebSite","@id":"https:\/\/betlabel.games\/sl\/#website","url":"https:\/\/betlabel.games\/sl\/","name":"Betlabel sl","description":"My WordPress Blog","potentialAction":[{"@type":"SearchAction","target":{"@type":"EntryPoint","urlTemplate":"https:\/\/betlabel.games\/sl\/?s={search_term_string}"},"query-input":{"@type":"PropertyValueSpecification","valueRequired":true,"valueName":"search_term_string"}}],"inLanguage":"sl-SI"}]}},"_links":{"self":[{"href":"https:\/\/betlabel.games\/sl\/wp-json\/wp\/v2\/pages\/447","targetHints":{"allow":["GET"]}}],"collection":[{"href":"https:\/\/betlabel.games\/sl\/wp-json\/wp\/v2\/pages"}],"about":[{"href":"https:\/\/betlabel.games\/sl\/wp-json\/wp\/v2\/types\/page"}],"author":[{"embeddable":true,"href":"https:\/\/betlabel.games\/sl\/wp-json\/wp\/v2\/users\/1"}],"replies":[{"embeddable":true,"href":"https:\/\/betlabel.games\/sl\/wp-json\/wp\/v2\/comments?post=447"}],"version-history":[{"count":2,"href":"https:\/\/betlabel.games\/sl\/wp-json\/wp\/v2\/pages\/447\/revisions"}],"predecessor-version":[{"id":460,"href":"https:\/\/betlabel.games\/sl\/wp-json\/wp\/v2\/pages\/447\/revisions\/460"}],"up":[{"embeddable":true,"href":"https:\/\/betlabel.games\/sl\/wp-json\/wp\/v2\/pages\/201"}],"wp:attachment":[{"href":"https:\/\/betlabel.games\/sl\/wp-json\/wp\/v2\/media?parent=447"}],"curies":[{"name":"wp","href":"https:\/\/api.w.org\/{rel}","templated":true}]}}