{"id":1019,"date":"2026-02-12T14:54:40","date_gmt":"2026-02-12T14:54:40","guid":{"rendered":"https:\/\/betlabel.games\/tr\/?page_id=1019"},"modified":"2026-05-01T08:51:05","modified_gmt":"2026-05-01T08:51:05","slug":"telegram","status":"publish","type":"page","link":"https:\/\/betlabel.games\/tr\/telegram\/","title":{"rendered":"Telegram"},"content":{"rendered":"","protected":false},"excerpt":{"rendered":"","protected":false},"author":1,"featured_media":0,"parent":0,"menu_order":0,"comment_status":"closed","ping_status":"closed","template":"","meta":{"footnotes":""},"class_list":["post-1019","page","type-page","status-publish","hentry"],"yoast_head":"<!-- This site is optimized with the Yoast SEO plugin v27.4 - https:\/\/yoast.com\/product\/yoast-seo-wordpress\/ -->\n<title>BetLabel Telegram kanal \u2014 G\u00fcncel Bonuslar, Promosyon Kodlar\u0131<\/title>\n<meta name=\"description\" content=\"BetLabel&#039;in resmi Telegram kanal\u0131 \u2014 en son promosyonlar, ge\u00e7erli promosyon kodlar\u0131, \u00f6zel bonuslar ve spor tahminleri. Harika f\u0131rsatlar\u0131 ka\u00e7\u0131rmamak i\u00e7in abone olun.\" \/>\n<meta name=\"robots\" content=\"index, follow, max-snippet:-1, max-image-preview:large, max-video-preview:-1\" \/>\n<meta property=\"og:locale\" content=\"tr_TR\" \/>\n<meta property=\"og:type\" content=\"article\" \/>\n<meta property=\"og:title\" content=\"BetLabel Telegram kanal \u2014 G\u00fcncel Bonuslar, Promosyon Kodlar\u0131\" \/>\n<meta property=\"og:description\" content=\"BetLabel&#039;in resmi Telegram kanal\u0131 \u2014 en son promosyonlar, ge\u00e7erli promosyon kodlar\u0131, \u00f6zel bonuslar ve spor tahminleri. Harika f\u0131rsatlar\u0131 ka\u00e7\u0131rmamak i\u00e7in abone olun.\" \/>\n<meta property=\"og:url\" content=\"https:\/\/betlabel.games\/tr\/telegram\/\" \/>\n<meta property=\"og:site_name\" content=\"Betlabel tr\" \/>\n<meta property=\"article:modified_time\" content=\"2026-05-01T08:51:05+00:00\" \/>\n<meta name=\"twitter:card\" content=\"summary_large_image\" \/>\n<script type=\"application\/ld+json\" class=\"yoast-schema-graph\">{\"@context\":\"https:\\\/\\\/schema.org\",\"@graph\":[{\"@type\":\"WebPage\",\"@id\":\"https:\\\/\\\/betlabel.games\\\/tr\\\/telegram\\\/\",\"url\":\"https:\\\/\\\/betlabel.games\\\/tr\\\/telegram\\\/\",\"name\":\"BetLabel Telegram kanal \u2014 G\u00fcncel Bonuslar, Promosyon Kodlar\u0131\",\"isPartOf\":{\"@id\":\"https:\\\/\\\/betlabel.games\\\/tr\\\/#website\"},\"datePublished\":\"2026-02-12T14:54:40+00:00\",\"dateModified\":\"2026-05-01T08:51:05+00:00\",\"description\":\"BetLabel'in resmi Telegram kanal\u0131 \u2014 en son promosyonlar, ge\u00e7erli promosyon kodlar\u0131, \u00f6zel bonuslar ve spor tahminleri. Harika f\u0131rsatlar\u0131 ka\u00e7\u0131rmamak i\u00e7in abone olun.\",\"breadcrumb\":{\"@id\":\"https:\\\/\\\/betlabel.games\\\/tr\\\/telegram\\\/#breadcrumb\"},\"inLanguage\":\"tr\",\"potentialAction\":[{\"@type\":\"ReadAction\",\"target\":[\"https:\\\/\\\/betlabel.games\\\/tr\\\/telegram\\\/\"]}]},{\"@type\":\"BreadcrumbList\",\"@id\":\"https:\\\/\\\/betlabel.games\\\/tr\\\/telegram\\\/#breadcrumb\",\"itemListElement\":[{\"@type\":\"ListItem\",\"position\":1,\"name\":\"Home\",\"item\":\"https:\\\/\\\/betlabel.games\\\/tr\\\/\"},{\"@type\":\"ListItem\",\"position\":2,\"name\":\"Telegram\"}]},{\"@type\":\"WebSite\",\"@id\":\"https:\\\/\\\/betlabel.games\\\/tr\\\/#website\",\"url\":\"https:\\\/\\\/betlabel.games\\\/tr\\\/\",\"name\":\"Betlabel tr\",\"description\":\"My WordPress Blog\",\"potentialAction\":[{\"@type\":\"SearchAction\",\"target\":{\"@type\":\"EntryPoint\",\"urlTemplate\":\"https:\\\/\\\/betlabel.games\\\/tr\\\/?s={search_term_string}\"},\"query-input\":{\"@type\":\"PropertyValueSpecification\",\"valueRequired\":true,\"valueName\":\"search_term_string\"}}],\"inLanguage\":\"tr\"}]}<\/script>\n<!-- \/ Yoast SEO plugin. -->","yoast_head_json":{"title":"BetLabel Telegram kanal \u2014 G\u00fcncel Bonuslar, Promosyon Kodlar\u0131","description":"BetLabel'in resmi Telegram kanal\u0131 \u2014 en son promosyonlar, ge\u00e7erli promosyon kodlar\u0131, \u00f6zel bonuslar ve spor tahminleri. Harika f\u0131rsatlar\u0131 ka\u00e7\u0131rmamak i\u00e7in abone olun.","robots":{"index":"index","follow":"follow","max-snippet":"max-snippet:-1","max-image-preview":"max-image-preview:large","max-video-preview":"max-video-preview:-1"},"og_locale":"tr_TR","og_type":"article","og_title":"BetLabel Telegram kanal \u2014 G\u00fcncel Bonuslar, Promosyon Kodlar\u0131","og_description":"BetLabel'in resmi Telegram kanal\u0131 \u2014 en son promosyonlar, ge\u00e7erli promosyon kodlar\u0131, \u00f6zel bonuslar ve spor tahminleri. Harika f\u0131rsatlar\u0131 ka\u00e7\u0131rmamak i\u00e7in abone olun.","og_url":"https:\/\/betlabel.games\/tr\/telegram\/","og_site_name":"Betlabel tr","article_modified_time":"2026-05-01T08:51:05+00:00","twitter_card":"summary_large_image","schema":{"@context":"https:\/\/schema.org","@graph":[{"@type":"WebPage","@id":"https:\/\/betlabel.games\/tr\/telegram\/","url":"https:\/\/betlabel.games\/tr\/telegram\/","name":"BetLabel Telegram kanal \u2014 G\u00fcncel Bonuslar, Promosyon Kodlar\u0131","isPartOf":{"@id":"https:\/\/betlabel.games\/tr\/#website"},"datePublished":"2026-02-12T14:54:40+00:00","dateModified":"2026-05-01T08:51:05+00:00","description":"BetLabel'in resmi Telegram kanal\u0131 \u2014 en son promosyonlar, ge\u00e7erli promosyon kodlar\u0131, \u00f6zel bonuslar ve spor tahminleri. Harika f\u0131rsatlar\u0131 ka\u00e7\u0131rmamak i\u00e7in abone olun.","breadcrumb":{"@id":"https:\/\/betlabel.games\/tr\/telegram\/#breadcrumb"},"inLanguage":"tr","potentialAction":[{"@type":"ReadAction","target":["https:\/\/betlabel.games\/tr\/telegram\/"]}]},{"@type":"BreadcrumbList","@id":"https:\/\/betlabel.games\/tr\/telegram\/#breadcrumb","itemListElement":[{"@type":"ListItem","position":1,"name":"Home","item":"https:\/\/betlabel.games\/tr\/"},{"@type":"ListItem","position":2,"name":"Telegram"}]},{"@type":"WebSite","@id":"https:\/\/betlabel.games\/tr\/#website","url":"https:\/\/betlabel.games\/tr\/","name":"Betlabel tr","description":"My WordPress Blog","potentialAction":[{"@type":"SearchAction","target":{"@type":"EntryPoint","urlTemplate":"https:\/\/betlabel.games\/tr\/?s={search_term_string}"},"query-input":{"@type":"PropertyValueSpecification","valueRequired":true,"valueName":"search_term_string"}}],"inLanguage":"tr"}]}},"_links":{"self":[{"href":"https:\/\/betlabel.games\/tr\/wp-json\/wp\/v2\/pages\/1019","targetHints":{"allow":["GET"]}}],"collection":[{"href":"https:\/\/betlabel.games\/tr\/wp-json\/wp\/v2\/pages"}],"about":[{"href":"https:\/\/betlabel.games\/tr\/wp-json\/wp\/v2\/types\/page"}],"author":[{"embeddable":true,"href":"https:\/\/betlabel.games\/tr\/wp-json\/wp\/v2\/users\/1"}],"replies":[{"embeddable":true,"href":"https:\/\/betlabel.games\/tr\/wp-json\/wp\/v2\/comments?post=1019"}],"version-history":[{"count":3,"href":"https:\/\/betlabel.games\/tr\/wp-json\/wp\/v2\/pages\/1019\/revisions"}],"predecessor-version":[{"id":1246,"href":"https:\/\/betlabel.games\/tr\/wp-json\/wp\/v2\/pages\/1019\/revisions\/1246"}],"wp:attachment":[{"href":"https:\/\/betlabel.games\/tr\/wp-json\/wp\/v2\/media?parent=1019"}],"curies":[{"name":"wp","href":"https:\/\/api.w.org\/{rel}","templated":true}]}}