{"id":1091,"date":"2026-03-19T06:28:57","date_gmt":"2026-03-19T06:28:57","guid":{"rendered":"https:\/\/betlabel.games\/tr\/?page_id=1091"},"modified":"2026-04-30T16:17:46","modified_gmt":"2026-04-30T16:17:46","slug":"first-deposit-bonus","status":"publish","type":"page","link":"https:\/\/betlabel.games\/tr\/first-deposit-bonus\/","title":{"rendered":"\u0130lk Para Yat\u0131rma Bonusu"},"content":{"rendered":"","protected":false},"excerpt":{"rendered":"","protected":false},"author":1,"featured_media":0,"parent":0,"menu_order":0,"comment_status":"closed","ping_status":"closed","template":"","meta":{"footnotes":""},"class_list":["post-1091","page","type-page","status-publish","hentry"],"yoast_head":"<!-- This site is optimized with the Yoast SEO plugin v27.4 - https:\/\/yoast.com\/product\/yoast-seo-wordpress\/ -->\n<title>BetLabel 0 \u0130lk Para Yat\u0131rma Bonusu, 5000 TL&#039;ye kadar<\/title>\n<meta name=\"description\" content=\"BetLabel&#039;e \u00fcye olun ve ilk para yat\u0131rma i\u015fleminizde 5000 TL&#039;ye kadar 0 bonus kazan\u0131n. Kolay aktivasyon ad\u0131mlar\u0131 ve an\u0131nda para yat\u0131rma.\" \/>\n<meta name=\"robots\" content=\"index, follow, max-snippet:-1, max-image-preview:large, max-video-preview:-1\" \/>\n<meta property=\"og:locale\" content=\"tr_TR\" \/>\n<meta property=\"og:type\" content=\"article\" \/>\n<meta property=\"og:title\" content=\"BetLabel 0 \u0130lk Para Yat\u0131rma Bonusu, 5000 TL&#039;ye kadar\" \/>\n<meta property=\"og:description\" content=\"BetLabel&#039;e \u00fcye olun ve ilk para yat\u0131rma i\u015fleminizde 5000 TL&#039;ye kadar 0 bonus kazan\u0131n. Kolay aktivasyon ad\u0131mlar\u0131 ve an\u0131nda para yat\u0131rma.\" \/>\n<meta property=\"og:url\" content=\"https:\/\/betlabel.games\/tr\/first-deposit-bonus\/\" \/>\n<meta property=\"og:site_name\" content=\"Betlabel tr\" \/>\n<meta property=\"article:modified_time\" content=\"2026-04-30T16:17:46+00:00\" \/>\n<meta name=\"twitter:card\" content=\"summary_large_image\" \/>\n<script type=\"application\/ld+json\" class=\"yoast-schema-graph\">{\"@context\":\"https:\\\/\\\/schema.org\",\"@graph\":[{\"@type\":\"WebPage\",\"@id\":\"https:\\\/\\\/betlabel.games\\\/tr\\\/first-deposit-bonus\\\/\",\"url\":\"https:\\\/\\\/betlabel.games\\\/tr\\\/first-deposit-bonus\\\/\",\"name\":\"BetLabel 0 \u0130lk Para Yat\u0131rma Bonusu, 5000 TL'ye kadar\",\"isPartOf\":{\"@id\":\"https:\\\/\\\/betlabel.games\\\/tr\\\/#website\"},\"datePublished\":\"2026-03-19T06:28:57+00:00\",\"dateModified\":\"2026-04-30T16:17:46+00:00\",\"description\":\"BetLabel'e \u00fcye olun ve ilk para yat\u0131rma i\u015fleminizde 5000 TL'ye kadar 0 bonus kazan\u0131n. Kolay aktivasyon ad\u0131mlar\u0131 ve an\u0131nda para yat\u0131rma.\",\"breadcrumb\":{\"@id\":\"https:\\\/\\\/betlabel.games\\\/tr\\\/first-deposit-bonus\\\/#breadcrumb\"},\"inLanguage\":\"tr\",\"potentialAction\":[{\"@type\":\"ReadAction\",\"target\":[\"https:\\\/\\\/betlabel.games\\\/tr\\\/first-deposit-bonus\\\/\"]}]},{\"@type\":\"BreadcrumbList\",\"@id\":\"https:\\\/\\\/betlabel.games\\\/tr\\\/first-deposit-bonus\\\/#breadcrumb\",\"itemListElement\":[{\"@type\":\"ListItem\",\"position\":1,\"name\":\"Home\",\"item\":\"https:\\\/\\\/betlabel.games\\\/tr\\\/\"},{\"@type\":\"ListItem\",\"position\":2,\"name\":\"\u0130lk Para Yat\u0131rma Bonusu\"}]},{\"@type\":\"WebSite\",\"@id\":\"https:\\\/\\\/betlabel.games\\\/tr\\\/#website\",\"url\":\"https:\\\/\\\/betlabel.games\\\/tr\\\/\",\"name\":\"Betlabel tr\",\"description\":\"My WordPress Blog\",\"potentialAction\":[{\"@type\":\"SearchAction\",\"target\":{\"@type\":\"EntryPoint\",\"urlTemplate\":\"https:\\\/\\\/betlabel.games\\\/tr\\\/?s={search_term_string}\"},\"query-input\":{\"@type\":\"PropertyValueSpecification\",\"valueRequired\":true,\"valueName\":\"search_term_string\"}}],\"inLanguage\":\"tr\"}]}<\/script>\n<!-- \/ Yoast SEO plugin. -->","yoast_head_json":{"title":"BetLabel 0 \u0130lk Para Yat\u0131rma Bonusu, 5000 TL'ye kadar","description":"BetLabel'e \u00fcye olun ve ilk para yat\u0131rma i\u015fleminizde 5000 TL'ye kadar 0 bonus kazan\u0131n. Kolay aktivasyon ad\u0131mlar\u0131 ve an\u0131nda para yat\u0131rma.","robots":{"index":"index","follow":"follow","max-snippet":"max-snippet:-1","max-image-preview":"max-image-preview:large","max-video-preview":"max-video-preview:-1"},"og_locale":"tr_TR","og_type":"article","og_title":"BetLabel 0 \u0130lk Para Yat\u0131rma Bonusu, 5000 TL'ye kadar","og_description":"BetLabel'e \u00fcye olun ve ilk para yat\u0131rma i\u015fleminizde 5000 TL'ye kadar 0 bonus kazan\u0131n. Kolay aktivasyon ad\u0131mlar\u0131 ve an\u0131nda para yat\u0131rma.","og_url":"https:\/\/betlabel.games\/tr\/first-deposit-bonus\/","og_site_name":"Betlabel tr","article_modified_time":"2026-04-30T16:17:46+00:00","twitter_card":"summary_large_image","schema":{"@context":"https:\/\/schema.org","@graph":[{"@type":"WebPage","@id":"https:\/\/betlabel.games\/tr\/first-deposit-bonus\/","url":"https:\/\/betlabel.games\/tr\/first-deposit-bonus\/","name":"BetLabel 0 \u0130lk Para Yat\u0131rma Bonusu, 5000 TL'ye kadar","isPartOf":{"@id":"https:\/\/betlabel.games\/tr\/#website"},"datePublished":"2026-03-19T06:28:57+00:00","dateModified":"2026-04-30T16:17:46+00:00","description":"BetLabel'e \u00fcye olun ve ilk para yat\u0131rma i\u015fleminizde 5000 TL'ye kadar 0 bonus kazan\u0131n. Kolay aktivasyon ad\u0131mlar\u0131 ve an\u0131nda para yat\u0131rma.","breadcrumb":{"@id":"https:\/\/betlabel.games\/tr\/first-deposit-bonus\/#breadcrumb"},"inLanguage":"tr","potentialAction":[{"@type":"ReadAction","target":["https:\/\/betlabel.games\/tr\/first-deposit-bonus\/"]}]},{"@type":"BreadcrumbList","@id":"https:\/\/betlabel.games\/tr\/first-deposit-bonus\/#breadcrumb","itemListElement":[{"@type":"ListItem","position":1,"name":"Home","item":"https:\/\/betlabel.games\/tr\/"},{"@type":"ListItem","position":2,"name":"\u0130lk Para Yat\u0131rma Bonusu"}]},{"@type":"WebSite","@id":"https:\/\/betlabel.games\/tr\/#website","url":"https:\/\/betlabel.games\/tr\/","name":"Betlabel tr","description":"My WordPress Blog","potentialAction":[{"@type":"SearchAction","target":{"@type":"EntryPoint","urlTemplate":"https:\/\/betlabel.games\/tr\/?s={search_term_string}"},"query-input":{"@type":"PropertyValueSpecification","valueRequired":true,"valueName":"search_term_string"}}],"inLanguage":"tr"}]}},"_links":{"self":[{"href":"https:\/\/betlabel.games\/tr\/wp-json\/wp\/v2\/pages\/1091","targetHints":{"allow":["GET"]}}],"collection":[{"href":"https:\/\/betlabel.games\/tr\/wp-json\/wp\/v2\/pages"}],"about":[{"href":"https:\/\/betlabel.games\/tr\/wp-json\/wp\/v2\/types\/page"}],"author":[{"embeddable":true,"href":"https:\/\/betlabel.games\/tr\/wp-json\/wp\/v2\/users\/1"}],"replies":[{"embeddable":true,"href":"https:\/\/betlabel.games\/tr\/wp-json\/wp\/v2\/comments?post=1091"}],"version-history":[{"count":5,"href":"https:\/\/betlabel.games\/tr\/wp-json\/wp\/v2\/pages\/1091\/revisions"}],"predecessor-version":[{"id":1221,"href":"https:\/\/betlabel.games\/tr\/wp-json\/wp\/v2\/pages\/1091\/revisions\/1221"}],"wp:attachment":[{"href":"https:\/\/betlabel.games\/tr\/wp-json\/wp\/v2\/media?parent=1091"}],"curies":[{"name":"wp","href":"https:\/\/api.w.org\/{rel}","templated":true}]}}