{"id":1115,"date":"2026-03-19T08:20:01","date_gmt":"2026-03-19T08:20:01","guid":{"rendered":"https:\/\/betlabel.games\/tr\/?page_id=1115"},"modified":"2026-05-01T09:02:15","modified_gmt":"2026-05-01T09:02:15","slug":"wednesday-bonus","status":"publish","type":"page","link":"https:\/\/betlabel.games\/tr\/wednesday-bonus\/","title":{"rendered":"\u00c7ar\u015famba bonusu"},"content":{"rendered":"","protected":false},"excerpt":{"rendered":"","protected":false},"author":1,"featured_media":0,"parent":0,"menu_order":0,"comment_status":"closed","ping_status":"closed","template":"","meta":{"footnotes":""},"class_list":["post-1115","page","type-page","status-publish","hentry"],"yoast_head":"<!-- This site is optimized with the Yoast SEO plugin v27.4 - https:\/\/yoast.com\/product\/yoast-seo-wordpress\/ -->\n<title>BetLabel \u00c7ar\u015famba bonusu \u2014 , maksimum 15.000 TL<\/title>\n<meta name=\"description\" content=\"BetLabel&#039;da her \u00e7ar\u015famba 15.000 TL&#039;ye kadar bonus kazan\u0131n. 250 TL veya \u00fczeri para yat\u0131r\u0131n, bonusunuz hesab\u0131n\u0131za otomatik olarak eklenecektir.\" \/>\n<meta name=\"robots\" content=\"index, follow, max-snippet:-1, max-image-preview:large, max-video-preview:-1\" \/>\n<meta property=\"og:locale\" content=\"tr_TR\" \/>\n<meta property=\"og:type\" content=\"article\" \/>\n<meta property=\"og:title\" content=\"BetLabel \u00c7ar\u015famba bonusu \u2014 , maksimum 15.000 TL\" \/>\n<meta property=\"og:description\" content=\"BetLabel&#039;da her \u00e7ar\u015famba 15.000 TL&#039;ye kadar bonus kazan\u0131n. 250 TL veya \u00fczeri para yat\u0131r\u0131n, bonusunuz hesab\u0131n\u0131za otomatik olarak eklenecektir.\" \/>\n<meta property=\"og:url\" content=\"https:\/\/betlabel.games\/tr\/wednesday-bonus\/\" \/>\n<meta property=\"og:site_name\" content=\"Betlabel tr\" \/>\n<meta property=\"article:modified_time\" content=\"2026-05-01T09:02:15+00:00\" \/>\n<meta name=\"twitter:card\" content=\"summary_large_image\" \/>\n<script type=\"application\/ld+json\" class=\"yoast-schema-graph\">{\"@context\":\"https:\\\/\\\/schema.org\",\"@graph\":[{\"@type\":\"WebPage\",\"@id\":\"https:\\\/\\\/betlabel.games\\\/tr\\\/wednesday-bonus\\\/\",\"url\":\"https:\\\/\\\/betlabel.games\\\/tr\\\/wednesday-bonus\\\/\",\"name\":\"BetLabel \u00c7ar\u015famba bonusu \u2014 , maksimum 15.000 TL\",\"isPartOf\":{\"@id\":\"https:\\\/\\\/betlabel.games\\\/tr\\\/#website\"},\"datePublished\":\"2026-03-19T08:20:01+00:00\",\"dateModified\":\"2026-05-01T09:02:15+00:00\",\"description\":\"BetLabel'da her \u00e7ar\u015famba 15.000 TL'ye kadar bonus kazan\u0131n. 250 TL veya \u00fczeri para yat\u0131r\u0131n, bonusunuz hesab\u0131n\u0131za otomatik olarak eklenecektir.\",\"breadcrumb\":{\"@id\":\"https:\\\/\\\/betlabel.games\\\/tr\\\/wednesday-bonus\\\/#breadcrumb\"},\"inLanguage\":\"tr\",\"potentialAction\":[{\"@type\":\"ReadAction\",\"target\":[\"https:\\\/\\\/betlabel.games\\\/tr\\\/wednesday-bonus\\\/\"]}]},{\"@type\":\"BreadcrumbList\",\"@id\":\"https:\\\/\\\/betlabel.games\\\/tr\\\/wednesday-bonus\\\/#breadcrumb\",\"itemListElement\":[{\"@type\":\"ListItem\",\"position\":1,\"name\":\"Home\",\"item\":\"https:\\\/\\\/betlabel.games\\\/tr\\\/\"},{\"@type\":\"ListItem\",\"position\":2,\"name\":\"\u00c7ar\u015famba bonusu\"}]},{\"@type\":\"WebSite\",\"@id\":\"https:\\\/\\\/betlabel.games\\\/tr\\\/#website\",\"url\":\"https:\\\/\\\/betlabel.games\\\/tr\\\/\",\"name\":\"Betlabel tr\",\"description\":\"My WordPress Blog\",\"potentialAction\":[{\"@type\":\"SearchAction\",\"target\":{\"@type\":\"EntryPoint\",\"urlTemplate\":\"https:\\\/\\\/betlabel.games\\\/tr\\\/?s={search_term_string}\"},\"query-input\":{\"@type\":\"PropertyValueSpecification\",\"valueRequired\":true,\"valueName\":\"search_term_string\"}}],\"inLanguage\":\"tr\"}]}<\/script>\n<!-- \/ Yoast SEO plugin. -->","yoast_head_json":{"title":"BetLabel \u00c7ar\u015famba bonusu \u2014 , maksimum 15.000 TL","description":"BetLabel'da her \u00e7ar\u015famba 15.000 TL'ye kadar bonus kazan\u0131n. 250 TL veya \u00fczeri para yat\u0131r\u0131n, bonusunuz hesab\u0131n\u0131za otomatik olarak eklenecektir.","robots":{"index":"index","follow":"follow","max-snippet":"max-snippet:-1","max-image-preview":"max-image-preview:large","max-video-preview":"max-video-preview:-1"},"og_locale":"tr_TR","og_type":"article","og_title":"BetLabel \u00c7ar\u015famba bonusu \u2014 , maksimum 15.000 TL","og_description":"BetLabel'da her \u00e7ar\u015famba 15.000 TL'ye kadar bonus kazan\u0131n. 250 TL veya \u00fczeri para yat\u0131r\u0131n, bonusunuz hesab\u0131n\u0131za otomatik olarak eklenecektir.","og_url":"https:\/\/betlabel.games\/tr\/wednesday-bonus\/","og_site_name":"Betlabel tr","article_modified_time":"2026-05-01T09:02:15+00:00","twitter_card":"summary_large_image","schema":{"@context":"https:\/\/schema.org","@graph":[{"@type":"WebPage","@id":"https:\/\/betlabel.games\/tr\/wednesday-bonus\/","url":"https:\/\/betlabel.games\/tr\/wednesday-bonus\/","name":"BetLabel \u00c7ar\u015famba bonusu \u2014 , maksimum 15.000 TL","isPartOf":{"@id":"https:\/\/betlabel.games\/tr\/#website"},"datePublished":"2026-03-19T08:20:01+00:00","dateModified":"2026-05-01T09:02:15+00:00","description":"BetLabel'da her \u00e7ar\u015famba 15.000 TL'ye kadar bonus kazan\u0131n. 250 TL veya \u00fczeri para yat\u0131r\u0131n, bonusunuz hesab\u0131n\u0131za otomatik olarak eklenecektir.","breadcrumb":{"@id":"https:\/\/betlabel.games\/tr\/wednesday-bonus\/#breadcrumb"},"inLanguage":"tr","potentialAction":[{"@type":"ReadAction","target":["https:\/\/betlabel.games\/tr\/wednesday-bonus\/"]}]},{"@type":"BreadcrumbList","@id":"https:\/\/betlabel.games\/tr\/wednesday-bonus\/#breadcrumb","itemListElement":[{"@type":"ListItem","position":1,"name":"Home","item":"https:\/\/betlabel.games\/tr\/"},{"@type":"ListItem","position":2,"name":"\u00c7ar\u015famba bonusu"}]},{"@type":"WebSite","@id":"https:\/\/betlabel.games\/tr\/#website","url":"https:\/\/betlabel.games\/tr\/","name":"Betlabel tr","description":"My WordPress Blog","potentialAction":[{"@type":"SearchAction","target":{"@type":"EntryPoint","urlTemplate":"https:\/\/betlabel.games\/tr\/?s={search_term_string}"},"query-input":{"@type":"PropertyValueSpecification","valueRequired":true,"valueName":"search_term_string"}}],"inLanguage":"tr"}]}},"_links":{"self":[{"href":"https:\/\/betlabel.games\/tr\/wp-json\/wp\/v2\/pages\/1115","targetHints":{"allow":["GET"]}}],"collection":[{"href":"https:\/\/betlabel.games\/tr\/wp-json\/wp\/v2\/pages"}],"about":[{"href":"https:\/\/betlabel.games\/tr\/wp-json\/wp\/v2\/types\/page"}],"author":[{"embeddable":true,"href":"https:\/\/betlabel.games\/tr\/wp-json\/wp\/v2\/users\/1"}],"replies":[{"embeddable":true,"href":"https:\/\/betlabel.games\/tr\/wp-json\/wp\/v2\/comments?post=1115"}],"version-history":[{"count":4,"href":"https:\/\/betlabel.games\/tr\/wp-json\/wp\/v2\/pages\/1115\/revisions"}],"predecessor-version":[{"id":1253,"href":"https:\/\/betlabel.games\/tr\/wp-json\/wp\/v2\/pages\/1115\/revisions\/1253"}],"wp:attachment":[{"href":"https:\/\/betlabel.games\/tr\/wp-json\/wp\/v2\/media?parent=1115"}],"curies":[{"name":"wp","href":"https:\/\/api.w.org\/{rel}","templated":true}]}}