{"id":1119,"date":"2026-03-19T08:36:40","date_gmt":"2026-03-19T08:36:40","guid":{"rendered":"https:\/\/betlabel.games\/tr\/?page_id=1119"},"modified":"2026-04-30T07:26:18","modified_gmt":"2026-04-30T07:26:18","slug":"accumulator-insurance","status":"publish","type":"page","link":"https:\/\/betlabel.games\/tr\/accumulator-insurance\/","title":{"rendered":"Ak\u00fc Sigortas\u0131"},"content":{"rendered":"","protected":false},"excerpt":{"rendered":"","protected":false},"author":1,"featured_media":0,"parent":0,"menu_order":0,"comment_status":"closed","ping_status":"closed","template":"","meta":{"footnotes":""},"class_list":["post-1119","page","type-page","status-publish","hentry"],"yoast_head":"<!-- This site is optimized with the Yoast SEO plugin v27.4 - https:\/\/yoast.com\/product\/yoast-seo-wordpress\/ -->\n<title>BetLabel Kombine Bahis Sigortas\u0131 \u2013 0 Ekspres Sigorta<\/title>\n<meta name=\"description\" content=\"BetLabel&#039;da Kombine Bahis Sigortas\u0131 \u2013 Se\u00e7imlerinizden sadece biri kaybederse, bahis tutar\u0131n\u0131z\u0131n 0&#039;\u00fcn\u00fc geri al\u0131n. Kombine Bahis Sigortas\u0131&#039;n\u0131n \u015fart ve ko\u015fullar\u0131n\u0131 ve nas\u0131l kat\u0131labilece\u011finizi \u00f6\u011frenin.\" \/>\n<meta name=\"robots\" content=\"index, follow, max-snippet:-1, max-image-preview:large, max-video-preview:-1\" \/>\n<meta property=\"og:locale\" content=\"tr_TR\" \/>\n<meta property=\"og:type\" content=\"article\" \/>\n<meta property=\"og:title\" content=\"BetLabel Kombine Bahis Sigortas\u0131 \u2013 0 Ekspres Sigorta\" \/>\n<meta property=\"og:description\" content=\"BetLabel&#039;da Kombine Bahis Sigortas\u0131 \u2013 Se\u00e7imlerinizden sadece biri kaybederse, bahis tutar\u0131n\u0131z\u0131n 0&#039;\u00fcn\u00fc geri al\u0131n. Kombine Bahis Sigortas\u0131&#039;n\u0131n \u015fart ve ko\u015fullar\u0131n\u0131 ve nas\u0131l kat\u0131labilece\u011finizi \u00f6\u011frenin.\" \/>\n<meta property=\"og:url\" content=\"https:\/\/betlabel.games\/tr\/accumulator-insurance\/\" \/>\n<meta property=\"og:site_name\" content=\"Betlabel tr\" \/>\n<meta property=\"article:modified_time\" content=\"2026-04-30T07:26:18+00:00\" \/>\n<meta name=\"twitter:card\" content=\"summary_large_image\" \/>\n<script type=\"application\/ld+json\" class=\"yoast-schema-graph\">{\"@context\":\"https:\\\/\\\/schema.org\",\"@graph\":[{\"@type\":\"WebPage\",\"@id\":\"https:\\\/\\\/betlabel.games\\\/tr\\\/accumulator-insurance\\\/\",\"url\":\"https:\\\/\\\/betlabel.games\\\/tr\\\/accumulator-insurance\\\/\",\"name\":\"BetLabel Kombine Bahis Sigortas\u0131 \u2013 0 Ekspres Sigorta\",\"isPartOf\":{\"@id\":\"https:\\\/\\\/betlabel.games\\\/tr\\\/#website\"},\"datePublished\":\"2026-03-19T08:36:40+00:00\",\"dateModified\":\"2026-04-30T07:26:18+00:00\",\"description\":\"BetLabel'da Kombine Bahis Sigortas\u0131 \u2013 Se\u00e7imlerinizden sadece biri kaybederse, bahis tutar\u0131n\u0131z\u0131n 0'\u00fcn\u00fc geri al\u0131n. Kombine Bahis Sigortas\u0131'n\u0131n \u015fart ve ko\u015fullar\u0131n\u0131 ve nas\u0131l kat\u0131labilece\u011finizi \u00f6\u011frenin.\",\"breadcrumb\":{\"@id\":\"https:\\\/\\\/betlabel.games\\\/tr\\\/accumulator-insurance\\\/#breadcrumb\"},\"inLanguage\":\"tr\",\"potentialAction\":[{\"@type\":\"ReadAction\",\"target\":[\"https:\\\/\\\/betlabel.games\\\/tr\\\/accumulator-insurance\\\/\"]}]},{\"@type\":\"BreadcrumbList\",\"@id\":\"https:\\\/\\\/betlabel.games\\\/tr\\\/accumulator-insurance\\\/#breadcrumb\",\"itemListElement\":[{\"@type\":\"ListItem\",\"position\":1,\"name\":\"Home\",\"item\":\"https:\\\/\\\/betlabel.games\\\/tr\\\/\"},{\"@type\":\"ListItem\",\"position\":2,\"name\":\"Ak\u00fc Sigortas\u0131\"}]},{\"@type\":\"WebSite\",\"@id\":\"https:\\\/\\\/betlabel.games\\\/tr\\\/#website\",\"url\":\"https:\\\/\\\/betlabel.games\\\/tr\\\/\",\"name\":\"Betlabel tr\",\"description\":\"My WordPress Blog\",\"potentialAction\":[{\"@type\":\"SearchAction\",\"target\":{\"@type\":\"EntryPoint\",\"urlTemplate\":\"https:\\\/\\\/betlabel.games\\\/tr\\\/?s={search_term_string}\"},\"query-input\":{\"@type\":\"PropertyValueSpecification\",\"valueRequired\":true,\"valueName\":\"search_term_string\"}}],\"inLanguage\":\"tr\"}]}<\/script>\n<!-- \/ Yoast SEO plugin. -->","yoast_head_json":{"title":"BetLabel Kombine Bahis Sigortas\u0131 \u2013 0 Ekspres Sigorta","description":"BetLabel'da Kombine Bahis Sigortas\u0131 \u2013 Se\u00e7imlerinizden sadece biri kaybederse, bahis tutar\u0131n\u0131z\u0131n 0'\u00fcn\u00fc geri al\u0131n. Kombine Bahis Sigortas\u0131'n\u0131n \u015fart ve ko\u015fullar\u0131n\u0131 ve nas\u0131l kat\u0131labilece\u011finizi \u00f6\u011frenin.","robots":{"index":"index","follow":"follow","max-snippet":"max-snippet:-1","max-image-preview":"max-image-preview:large","max-video-preview":"max-video-preview:-1"},"og_locale":"tr_TR","og_type":"article","og_title":"BetLabel Kombine Bahis Sigortas\u0131 \u2013 0 Ekspres Sigorta","og_description":"BetLabel'da Kombine Bahis Sigortas\u0131 \u2013 Se\u00e7imlerinizden sadece biri kaybederse, bahis tutar\u0131n\u0131z\u0131n 0'\u00fcn\u00fc geri al\u0131n. Kombine Bahis Sigortas\u0131'n\u0131n \u015fart ve ko\u015fullar\u0131n\u0131 ve nas\u0131l kat\u0131labilece\u011finizi \u00f6\u011frenin.","og_url":"https:\/\/betlabel.games\/tr\/accumulator-insurance\/","og_site_name":"Betlabel tr","article_modified_time":"2026-04-30T07:26:18+00:00","twitter_card":"summary_large_image","schema":{"@context":"https:\/\/schema.org","@graph":[{"@type":"WebPage","@id":"https:\/\/betlabel.games\/tr\/accumulator-insurance\/","url":"https:\/\/betlabel.games\/tr\/accumulator-insurance\/","name":"BetLabel Kombine Bahis Sigortas\u0131 \u2013 0 Ekspres Sigorta","isPartOf":{"@id":"https:\/\/betlabel.games\/tr\/#website"},"datePublished":"2026-03-19T08:36:40+00:00","dateModified":"2026-04-30T07:26:18+00:00","description":"BetLabel'da Kombine Bahis Sigortas\u0131 \u2013 Se\u00e7imlerinizden sadece biri kaybederse, bahis tutar\u0131n\u0131z\u0131n 0'\u00fcn\u00fc geri al\u0131n. Kombine Bahis Sigortas\u0131'n\u0131n \u015fart ve ko\u015fullar\u0131n\u0131 ve nas\u0131l kat\u0131labilece\u011finizi \u00f6\u011frenin.","breadcrumb":{"@id":"https:\/\/betlabel.games\/tr\/accumulator-insurance\/#breadcrumb"},"inLanguage":"tr","potentialAction":[{"@type":"ReadAction","target":["https:\/\/betlabel.games\/tr\/accumulator-insurance\/"]}]},{"@type":"BreadcrumbList","@id":"https:\/\/betlabel.games\/tr\/accumulator-insurance\/#breadcrumb","itemListElement":[{"@type":"ListItem","position":1,"name":"Home","item":"https:\/\/betlabel.games\/tr\/"},{"@type":"ListItem","position":2,"name":"Ak\u00fc Sigortas\u0131"}]},{"@type":"WebSite","@id":"https:\/\/betlabel.games\/tr\/#website","url":"https:\/\/betlabel.games\/tr\/","name":"Betlabel tr","description":"My WordPress Blog","potentialAction":[{"@type":"SearchAction","target":{"@type":"EntryPoint","urlTemplate":"https:\/\/betlabel.games\/tr\/?s={search_term_string}"},"query-input":{"@type":"PropertyValueSpecification","valueRequired":true,"valueName":"search_term_string"}}],"inLanguage":"tr"}]}},"_links":{"self":[{"href":"https:\/\/betlabel.games\/tr\/wp-json\/wp\/v2\/pages\/1119","targetHints":{"allow":["GET"]}}],"collection":[{"href":"https:\/\/betlabel.games\/tr\/wp-json\/wp\/v2\/pages"}],"about":[{"href":"https:\/\/betlabel.games\/tr\/wp-json\/wp\/v2\/types\/page"}],"author":[{"embeddable":true,"href":"https:\/\/betlabel.games\/tr\/wp-json\/wp\/v2\/users\/1"}],"replies":[{"embeddable":true,"href":"https:\/\/betlabel.games\/tr\/wp-json\/wp\/v2\/comments?post=1119"}],"version-history":[{"count":4,"href":"https:\/\/betlabel.games\/tr\/wp-json\/wp\/v2\/pages\/1119\/revisions"}],"predecessor-version":[{"id":1186,"href":"https:\/\/betlabel.games\/tr\/wp-json\/wp\/v2\/pages\/1119\/revisions\/1186"}],"wp:attachment":[{"href":"https:\/\/betlabel.games\/tr\/wp-json\/wp\/v2\/media?parent=1119"}],"curies":[{"name":"wp","href":"https:\/\/api.w.org\/{rel}","templated":true}]}}