{"id":1126,"date":"2026-03-19T10:23:17","date_gmt":"2026-03-19T10:23:17","guid":{"rendered":"https:\/\/betlabel.games\/tr\/?page_id=1126"},"modified":"2026-05-01T04:20:24","modified_gmt":"2026-05-01T04:20:24","slug":"losing-bets","status":"publish","type":"page","link":"https:\/\/betlabel.games\/tr\/losing-bets\/","title":{"rendered":"Kaybedilen Bahisler"},"content":{"rendered":"","protected":false},"excerpt":{"rendered":"","protected":false},"author":1,"featured_media":0,"parent":0,"menu_order":0,"comment_status":"closed","ping_status":"closed","template":"","meta":{"footnotes":""},"class_list":["post-1126","page","type-page","status-publish","hentry"],"yoast_head":"<!-- This site is optimized with the Yoast SEO plugin v27.4 - https:\/\/yoast.com\/product\/yoast-seo-wordpress\/ -->\n<title>BetLabel Kaybedilen Bahisler Bonusu \u2013 20.000 TL&#039;ye kadar<\/title>\n<meta name=\"description\" content=\"BetLabel&#039;da \u00fcst \u00fcste kaybetti\u011finiz bahisler i\u00e7in bonus kazan\u0131n. 100 TL, 250 TL veya 500 TL tutar\u0131ndaki 20 kaybeden bahis i\u00e7in 20.000 TL&#039;ye kadar bonus. M\u00fc\u015fteri deste\u011fi ve an\u0131nda para yat\u0131rma.\" \/>\n<meta name=\"robots\" content=\"index, follow, max-snippet:-1, max-image-preview:large, max-video-preview:-1\" \/>\n<meta property=\"og:locale\" content=\"tr_TR\" \/>\n<meta property=\"og:type\" content=\"article\" \/>\n<meta property=\"og:title\" content=\"BetLabel Kaybedilen Bahisler Bonusu \u2013 20.000 TL&#039;ye kadar\" \/>\n<meta property=\"og:description\" content=\"BetLabel&#039;da \u00fcst \u00fcste kaybetti\u011finiz bahisler i\u00e7in bonus kazan\u0131n. 100 TL, 250 TL veya 500 TL tutar\u0131ndaki 20 kaybeden bahis i\u00e7in 20.000 TL&#039;ye kadar bonus. M\u00fc\u015fteri deste\u011fi ve an\u0131nda para yat\u0131rma.\" \/>\n<meta property=\"og:url\" content=\"https:\/\/betlabel.games\/tr\/losing-bets\/\" \/>\n<meta property=\"og:site_name\" content=\"Betlabel tr\" \/>\n<meta property=\"article:modified_time\" content=\"2026-05-01T04:20:24+00:00\" \/>\n<meta name=\"twitter:card\" content=\"summary_large_image\" \/>\n<script type=\"application\/ld+json\" class=\"yoast-schema-graph\">{\"@context\":\"https:\\\/\\\/schema.org\",\"@graph\":[{\"@type\":\"WebPage\",\"@id\":\"https:\\\/\\\/betlabel.games\\\/tr\\\/losing-bets\\\/\",\"url\":\"https:\\\/\\\/betlabel.games\\\/tr\\\/losing-bets\\\/\",\"name\":\"BetLabel Kaybedilen Bahisler Bonusu \u2013 20.000 TL'ye kadar\",\"isPartOf\":{\"@id\":\"https:\\\/\\\/betlabel.games\\\/tr\\\/#website\"},\"datePublished\":\"2026-03-19T10:23:17+00:00\",\"dateModified\":\"2026-05-01T04:20:24+00:00\",\"description\":\"BetLabel'da \u00fcst \u00fcste kaybetti\u011finiz bahisler i\u00e7in bonus kazan\u0131n. 100 TL, 250 TL veya 500 TL tutar\u0131ndaki 20 kaybeden bahis i\u00e7in 20.000 TL'ye kadar bonus. M\u00fc\u015fteri deste\u011fi ve an\u0131nda para yat\u0131rma.\",\"breadcrumb\":{\"@id\":\"https:\\\/\\\/betlabel.games\\\/tr\\\/losing-bets\\\/#breadcrumb\"},\"inLanguage\":\"tr\",\"potentialAction\":[{\"@type\":\"ReadAction\",\"target\":[\"https:\\\/\\\/betlabel.games\\\/tr\\\/losing-bets\\\/\"]}]},{\"@type\":\"BreadcrumbList\",\"@id\":\"https:\\\/\\\/betlabel.games\\\/tr\\\/losing-bets\\\/#breadcrumb\",\"itemListElement\":[{\"@type\":\"ListItem\",\"position\":1,\"name\":\"Home\",\"item\":\"https:\\\/\\\/betlabel.games\\\/tr\\\/\"},{\"@type\":\"ListItem\",\"position\":2,\"name\":\"Kaybedilen Bahisler\"}]},{\"@type\":\"WebSite\",\"@id\":\"https:\\\/\\\/betlabel.games\\\/tr\\\/#website\",\"url\":\"https:\\\/\\\/betlabel.games\\\/tr\\\/\",\"name\":\"Betlabel tr\",\"description\":\"My WordPress Blog\",\"potentialAction\":[{\"@type\":\"SearchAction\",\"target\":{\"@type\":\"EntryPoint\",\"urlTemplate\":\"https:\\\/\\\/betlabel.games\\\/tr\\\/?s={search_term_string}\"},\"query-input\":{\"@type\":\"PropertyValueSpecification\",\"valueRequired\":true,\"valueName\":\"search_term_string\"}}],\"inLanguage\":\"tr\"}]}<\/script>\n<!-- \/ Yoast SEO plugin. -->","yoast_head_json":{"title":"BetLabel Kaybedilen Bahisler Bonusu \u2013 20.000 TL'ye kadar","description":"BetLabel'da \u00fcst \u00fcste kaybetti\u011finiz bahisler i\u00e7in bonus kazan\u0131n. 100 TL, 250 TL veya 500 TL tutar\u0131ndaki 20 kaybeden bahis i\u00e7in 20.000 TL'ye kadar bonus. M\u00fc\u015fteri deste\u011fi ve an\u0131nda para yat\u0131rma.","robots":{"index":"index","follow":"follow","max-snippet":"max-snippet:-1","max-image-preview":"max-image-preview:large","max-video-preview":"max-video-preview:-1"},"og_locale":"tr_TR","og_type":"article","og_title":"BetLabel Kaybedilen Bahisler Bonusu \u2013 20.000 TL'ye kadar","og_description":"BetLabel'da \u00fcst \u00fcste kaybetti\u011finiz bahisler i\u00e7in bonus kazan\u0131n. 100 TL, 250 TL veya 500 TL tutar\u0131ndaki 20 kaybeden bahis i\u00e7in 20.000 TL'ye kadar bonus. M\u00fc\u015fteri deste\u011fi ve an\u0131nda para yat\u0131rma.","og_url":"https:\/\/betlabel.games\/tr\/losing-bets\/","og_site_name":"Betlabel tr","article_modified_time":"2026-05-01T04:20:24+00:00","twitter_card":"summary_large_image","schema":{"@context":"https:\/\/schema.org","@graph":[{"@type":"WebPage","@id":"https:\/\/betlabel.games\/tr\/losing-bets\/","url":"https:\/\/betlabel.games\/tr\/losing-bets\/","name":"BetLabel Kaybedilen Bahisler Bonusu \u2013 20.000 TL'ye kadar","isPartOf":{"@id":"https:\/\/betlabel.games\/tr\/#website"},"datePublished":"2026-03-19T10:23:17+00:00","dateModified":"2026-05-01T04:20:24+00:00","description":"BetLabel'da \u00fcst \u00fcste kaybetti\u011finiz bahisler i\u00e7in bonus kazan\u0131n. 100 TL, 250 TL veya 500 TL tutar\u0131ndaki 20 kaybeden bahis i\u00e7in 20.000 TL'ye kadar bonus. M\u00fc\u015fteri deste\u011fi ve an\u0131nda para yat\u0131rma.","breadcrumb":{"@id":"https:\/\/betlabel.games\/tr\/losing-bets\/#breadcrumb"},"inLanguage":"tr","potentialAction":[{"@type":"ReadAction","target":["https:\/\/betlabel.games\/tr\/losing-bets\/"]}]},{"@type":"BreadcrumbList","@id":"https:\/\/betlabel.games\/tr\/losing-bets\/#breadcrumb","itemListElement":[{"@type":"ListItem","position":1,"name":"Home","item":"https:\/\/betlabel.games\/tr\/"},{"@type":"ListItem","position":2,"name":"Kaybedilen Bahisler"}]},{"@type":"WebSite","@id":"https:\/\/betlabel.games\/tr\/#website","url":"https:\/\/betlabel.games\/tr\/","name":"Betlabel tr","description":"My WordPress Blog","potentialAction":[{"@type":"SearchAction","target":{"@type":"EntryPoint","urlTemplate":"https:\/\/betlabel.games\/tr\/?s={search_term_string}"},"query-input":{"@type":"PropertyValueSpecification","valueRequired":true,"valueName":"search_term_string"}}],"inLanguage":"tr"}]}},"_links":{"self":[{"href":"https:\/\/betlabel.games\/tr\/wp-json\/wp\/v2\/pages\/1126","targetHints":{"allow":["GET"]}}],"collection":[{"href":"https:\/\/betlabel.games\/tr\/wp-json\/wp\/v2\/pages"}],"about":[{"href":"https:\/\/betlabel.games\/tr\/wp-json\/wp\/v2\/types\/page"}],"author":[{"embeddable":true,"href":"https:\/\/betlabel.games\/tr\/wp-json\/wp\/v2\/users\/1"}],"replies":[{"embeddable":true,"href":"https:\/\/betlabel.games\/tr\/wp-json\/wp\/v2\/comments?post=1126"}],"version-history":[{"count":3,"href":"https:\/\/betlabel.games\/tr\/wp-json\/wp\/v2\/pages\/1126\/revisions"}],"predecessor-version":[{"id":1228,"href":"https:\/\/betlabel.games\/tr\/wp-json\/wp\/v2\/pages\/1126\/revisions\/1228"}],"wp:attachment":[{"href":"https:\/\/betlabel.games\/tr\/wp-json\/wp\/v2\/media?parent=1126"}],"curies":[{"name":"wp","href":"https:\/\/api.w.org\/{rel}","templated":true}]}}