{"id":1129,"date":"2026-03-19T10:38:31","date_gmt":"2026-03-19T10:38:31","guid":{"rendered":"https:\/\/betlabel.games\/tr\/?page_id=1129"},"modified":"2026-04-30T07:27:55","modified_gmt":"2026-04-30T07:27:55","slug":"accumulator-of-the-day","status":"publish","type":"page","link":"https:\/\/betlabel.games\/tr\/accumulator-of-the-day\/","title":{"rendered":"G\u00fcn\u00fcn Ak\u00fcs\u00fc"},"content":{"rendered":"","protected":false},"excerpt":{"rendered":"","protected":false},"author":1,"featured_media":0,"parent":0,"menu_order":0,"comment_status":"closed","ping_status":"closed","template":"","meta":{"footnotes":""},"class_list":["post-1129","page","type-page","status-publish","hentry"],"yoast_head":"<!-- This site is optimized with the Yoast SEO plugin v27.4 - https:\/\/yoast.com\/product\/yoast-seo-wordpress\/ -->\n<title>BetLabel&#039;\u0131n G\u00fcn\u00fcn Kombine Bahsi \u2013 Oranlarda art\u0131\u015f<\/title>\n<meta name=\"description\" content=\"BetLabel&#039;da &quot;G\u00fcn\u00fcn Kombine Bahisi&quot;ni se\u00e7in ve oranlara ek bonus kazan\u0131n. H\u0131zl\u0131 se\u00e7im \u00f6zelli\u011fi ve kazan\u00e7lar\u0131n\u0131z\u0131 art\u0131rma f\u0131rsat\u0131yla ma\u00e7 \u00f6ncesi ve canl\u0131 ma\u00e7lara bahis yap\u0131n.\" \/>\n<meta name=\"robots\" content=\"index, follow, max-snippet:-1, max-image-preview:large, max-video-preview:-1\" \/>\n<meta property=\"og:locale\" content=\"tr_TR\" \/>\n<meta property=\"og:type\" content=\"article\" \/>\n<meta property=\"og:title\" content=\"BetLabel&#039;\u0131n G\u00fcn\u00fcn Kombine Bahsi \u2013 Oranlarda art\u0131\u015f\" \/>\n<meta property=\"og:description\" content=\"BetLabel&#039;da &quot;G\u00fcn\u00fcn Kombine Bahisi&quot;ni se\u00e7in ve oranlara ek bonus kazan\u0131n. H\u0131zl\u0131 se\u00e7im \u00f6zelli\u011fi ve kazan\u00e7lar\u0131n\u0131z\u0131 art\u0131rma f\u0131rsat\u0131yla ma\u00e7 \u00f6ncesi ve canl\u0131 ma\u00e7lara bahis yap\u0131n.\" \/>\n<meta property=\"og:url\" content=\"https:\/\/betlabel.games\/tr\/accumulator-of-the-day\/\" \/>\n<meta property=\"og:site_name\" content=\"Betlabel tr\" \/>\n<meta property=\"article:modified_time\" content=\"2026-04-30T07:27:55+00:00\" \/>\n<meta name=\"twitter:card\" content=\"summary_large_image\" \/>\n<script type=\"application\/ld+json\" class=\"yoast-schema-graph\">{\"@context\":\"https:\\\/\\\/schema.org\",\"@graph\":[{\"@type\":\"WebPage\",\"@id\":\"https:\\\/\\\/betlabel.games\\\/tr\\\/accumulator-of-the-day\\\/\",\"url\":\"https:\\\/\\\/betlabel.games\\\/tr\\\/accumulator-of-the-day\\\/\",\"name\":\"BetLabel'\u0131n G\u00fcn\u00fcn Kombine Bahsi \u2013 Oranlarda art\u0131\u015f\",\"isPartOf\":{\"@id\":\"https:\\\/\\\/betlabel.games\\\/tr\\\/#website\"},\"datePublished\":\"2026-03-19T10:38:31+00:00\",\"dateModified\":\"2026-04-30T07:27:55+00:00\",\"description\":\"BetLabel'da \\\"G\u00fcn\u00fcn Kombine Bahisi\\\"ni se\u00e7in ve oranlara ek bonus kazan\u0131n. H\u0131zl\u0131 se\u00e7im \u00f6zelli\u011fi ve kazan\u00e7lar\u0131n\u0131z\u0131 art\u0131rma f\u0131rsat\u0131yla ma\u00e7 \u00f6ncesi ve canl\u0131 ma\u00e7lara bahis yap\u0131n.\",\"breadcrumb\":{\"@id\":\"https:\\\/\\\/betlabel.games\\\/tr\\\/accumulator-of-the-day\\\/#breadcrumb\"},\"inLanguage\":\"tr\",\"potentialAction\":[{\"@type\":\"ReadAction\",\"target\":[\"https:\\\/\\\/betlabel.games\\\/tr\\\/accumulator-of-the-day\\\/\"]}]},{\"@type\":\"BreadcrumbList\",\"@id\":\"https:\\\/\\\/betlabel.games\\\/tr\\\/accumulator-of-the-day\\\/#breadcrumb\",\"itemListElement\":[{\"@type\":\"ListItem\",\"position\":1,\"name\":\"Home\",\"item\":\"https:\\\/\\\/betlabel.games\\\/tr\\\/\"},{\"@type\":\"ListItem\",\"position\":2,\"name\":\"G\u00fcn\u00fcn Ak\u00fcs\u00fc\"}]},{\"@type\":\"WebSite\",\"@id\":\"https:\\\/\\\/betlabel.games\\\/tr\\\/#website\",\"url\":\"https:\\\/\\\/betlabel.games\\\/tr\\\/\",\"name\":\"Betlabel tr\",\"description\":\"My WordPress Blog\",\"potentialAction\":[{\"@type\":\"SearchAction\",\"target\":{\"@type\":\"EntryPoint\",\"urlTemplate\":\"https:\\\/\\\/betlabel.games\\\/tr\\\/?s={search_term_string}\"},\"query-input\":{\"@type\":\"PropertyValueSpecification\",\"valueRequired\":true,\"valueName\":\"search_term_string\"}}],\"inLanguage\":\"tr\"}]}<\/script>\n<!-- \/ Yoast SEO plugin. -->","yoast_head_json":{"title":"BetLabel'\u0131n G\u00fcn\u00fcn Kombine Bahsi \u2013 Oranlarda art\u0131\u015f","description":"BetLabel'da \"G\u00fcn\u00fcn Kombine Bahisi\"ni se\u00e7in ve oranlara ek bonus kazan\u0131n. H\u0131zl\u0131 se\u00e7im \u00f6zelli\u011fi ve kazan\u00e7lar\u0131n\u0131z\u0131 art\u0131rma f\u0131rsat\u0131yla ma\u00e7 \u00f6ncesi ve canl\u0131 ma\u00e7lara bahis yap\u0131n.","robots":{"index":"index","follow":"follow","max-snippet":"max-snippet:-1","max-image-preview":"max-image-preview:large","max-video-preview":"max-video-preview:-1"},"og_locale":"tr_TR","og_type":"article","og_title":"BetLabel'\u0131n G\u00fcn\u00fcn Kombine Bahsi \u2013 Oranlarda art\u0131\u015f","og_description":"BetLabel'da \"G\u00fcn\u00fcn Kombine Bahisi\"ni se\u00e7in ve oranlara ek bonus kazan\u0131n. H\u0131zl\u0131 se\u00e7im \u00f6zelli\u011fi ve kazan\u00e7lar\u0131n\u0131z\u0131 art\u0131rma f\u0131rsat\u0131yla ma\u00e7 \u00f6ncesi ve canl\u0131 ma\u00e7lara bahis yap\u0131n.","og_url":"https:\/\/betlabel.games\/tr\/accumulator-of-the-day\/","og_site_name":"Betlabel tr","article_modified_time":"2026-04-30T07:27:55+00:00","twitter_card":"summary_large_image","schema":{"@context":"https:\/\/schema.org","@graph":[{"@type":"WebPage","@id":"https:\/\/betlabel.games\/tr\/accumulator-of-the-day\/","url":"https:\/\/betlabel.games\/tr\/accumulator-of-the-day\/","name":"BetLabel'\u0131n G\u00fcn\u00fcn Kombine Bahsi \u2013 Oranlarda art\u0131\u015f","isPartOf":{"@id":"https:\/\/betlabel.games\/tr\/#website"},"datePublished":"2026-03-19T10:38:31+00:00","dateModified":"2026-04-30T07:27:55+00:00","description":"BetLabel'da \"G\u00fcn\u00fcn Kombine Bahisi\"ni se\u00e7in ve oranlara ek bonus kazan\u0131n. H\u0131zl\u0131 se\u00e7im \u00f6zelli\u011fi ve kazan\u00e7lar\u0131n\u0131z\u0131 art\u0131rma f\u0131rsat\u0131yla ma\u00e7 \u00f6ncesi ve canl\u0131 ma\u00e7lara bahis yap\u0131n.","breadcrumb":{"@id":"https:\/\/betlabel.games\/tr\/accumulator-of-the-day\/#breadcrumb"},"inLanguage":"tr","potentialAction":[{"@type":"ReadAction","target":["https:\/\/betlabel.games\/tr\/accumulator-of-the-day\/"]}]},{"@type":"BreadcrumbList","@id":"https:\/\/betlabel.games\/tr\/accumulator-of-the-day\/#breadcrumb","itemListElement":[{"@type":"ListItem","position":1,"name":"Home","item":"https:\/\/betlabel.games\/tr\/"},{"@type":"ListItem","position":2,"name":"G\u00fcn\u00fcn Ak\u00fcs\u00fc"}]},{"@type":"WebSite","@id":"https:\/\/betlabel.games\/tr\/#website","url":"https:\/\/betlabel.games\/tr\/","name":"Betlabel tr","description":"My WordPress Blog","potentialAction":[{"@type":"SearchAction","target":{"@type":"EntryPoint","urlTemplate":"https:\/\/betlabel.games\/tr\/?s={search_term_string}"},"query-input":{"@type":"PropertyValueSpecification","valueRequired":true,"valueName":"search_term_string"}}],"inLanguage":"tr"}]}},"_links":{"self":[{"href":"https:\/\/betlabel.games\/tr\/wp-json\/wp\/v2\/pages\/1129","targetHints":{"allow":["GET"]}}],"collection":[{"href":"https:\/\/betlabel.games\/tr\/wp-json\/wp\/v2\/pages"}],"about":[{"href":"https:\/\/betlabel.games\/tr\/wp-json\/wp\/v2\/types\/page"}],"author":[{"embeddable":true,"href":"https:\/\/betlabel.games\/tr\/wp-json\/wp\/v2\/users\/1"}],"replies":[{"embeddable":true,"href":"https:\/\/betlabel.games\/tr\/wp-json\/wp\/v2\/comments?post=1129"}],"version-history":[{"count":3,"href":"https:\/\/betlabel.games\/tr\/wp-json\/wp\/v2\/pages\/1129\/revisions"}],"predecessor-version":[{"id":1188,"href":"https:\/\/betlabel.games\/tr\/wp-json\/wp\/v2\/pages\/1129\/revisions\/1188"}],"wp:attachment":[{"href":"https:\/\/betlabel.games\/tr\/wp-json\/wp\/v2\/media?parent=1129"}],"curies":[{"name":"wp","href":"https:\/\/api.w.org\/{rel}","templated":true}]}}