{"id":1161,"date":"2026-04-13T11:25:54","date_gmt":"2026-04-13T11:25:54","guid":{"rendered":"https:\/\/betlabel.games\/tr\/?page_id=1161"},"modified":"2026-05-01T08:48:54","modified_gmt":"2026-05-01T08:48:54","slug":"table-tennis","status":"publish","type":"page","link":"https:\/\/betlabel.games\/tr\/table-tennis\/","title":{"rendered":"Masa tenisi"},"content":{"rendered":"","protected":false},"excerpt":{"rendered":"","protected":false},"author":1,"featured_media":0,"parent":0,"menu_order":0,"comment_status":"closed","ping_status":"closed","template":"","meta":{"footnotes":""},"class_list":["post-1161","page","type-page","status-publish","hentry"],"yoast_head":"<!-- This site is optimized with the Yoast SEO plugin v27.4 - https:\/\/yoast.com\/product\/yoast-seo-wordpress\/ -->\n<title>Betlabel Masa Tenisi \u2014 Canl\u0131 Bahis, Tahminler ve Y\u00fcksek Oranlar<\/title>\n<meta name=\"description\" content=\"Betlabel, canl\u0131 bahis, set bahisleri, handikap ve toplam bahis se\u00e7eneklerinin yan\u0131 s\u0131ra h\u0131zl\u0131 \u00f6deme ve kullan\u0131c\u0131 dostu bir canl\u0131 bahis deneyimi gibi \u00e7ok \u00e7e\u015fitli masa tenisi bahis se\u00e7enekleri sunar. Tahminleri ve istatistikleri kullanarak en heyecan verici ma\u00e7larda karl\u0131 bahis f\u0131rsatlar\u0131n\u0131 ke\u015ffedin.\" \/>\n<meta name=\"robots\" content=\"index, follow, max-snippet:-1, max-image-preview:large, max-video-preview:-1\" \/>\n<meta property=\"og:locale\" content=\"tr_TR\" \/>\n<meta property=\"og:type\" content=\"article\" \/>\n<meta property=\"og:title\" content=\"Betlabel Masa Tenisi \u2014 Canl\u0131 Bahis, Tahminler ve Y\u00fcksek Oranlar\" \/>\n<meta property=\"og:description\" content=\"Betlabel, canl\u0131 bahis, set bahisleri, handikap ve toplam bahis se\u00e7eneklerinin yan\u0131 s\u0131ra h\u0131zl\u0131 \u00f6deme ve kullan\u0131c\u0131 dostu bir canl\u0131 bahis deneyimi gibi \u00e7ok \u00e7e\u015fitli masa tenisi bahis se\u00e7enekleri sunar. Tahminleri ve istatistikleri kullanarak en heyecan verici ma\u00e7larda karl\u0131 bahis f\u0131rsatlar\u0131n\u0131 ke\u015ffedin.\" \/>\n<meta property=\"og:url\" content=\"https:\/\/betlabel.games\/tr\/table-tennis\/\" \/>\n<meta property=\"og:site_name\" content=\"Betlabel tr\" \/>\n<meta property=\"article:modified_time\" content=\"2026-05-01T08:48:54+00:00\" \/>\n<meta name=\"twitter:card\" content=\"summary_large_image\" \/>\n<script type=\"application\/ld+json\" class=\"yoast-schema-graph\">{\"@context\":\"https:\\\/\\\/schema.org\",\"@graph\":[{\"@type\":\"WebPage\",\"@id\":\"https:\\\/\\\/betlabel.games\\\/tr\\\/table-tennis\\\/\",\"url\":\"https:\\\/\\\/betlabel.games\\\/tr\\\/table-tennis\\\/\",\"name\":\"Betlabel Masa Tenisi \u2014 Canl\u0131 Bahis, Tahminler ve Y\u00fcksek Oranlar\",\"isPartOf\":{\"@id\":\"https:\\\/\\\/betlabel.games\\\/tr\\\/#website\"},\"datePublished\":\"2026-04-13T11:25:54+00:00\",\"dateModified\":\"2026-05-01T08:48:54+00:00\",\"description\":\"Betlabel, canl\u0131 bahis, set bahisleri, handikap ve toplam bahis se\u00e7eneklerinin yan\u0131 s\u0131ra h\u0131zl\u0131 \u00f6deme ve kullan\u0131c\u0131 dostu bir canl\u0131 bahis deneyimi gibi \u00e7ok \u00e7e\u015fitli masa tenisi bahis se\u00e7enekleri sunar. Tahminleri ve istatistikleri kullanarak en heyecan verici ma\u00e7larda karl\u0131 bahis f\u0131rsatlar\u0131n\u0131 ke\u015ffedin.\",\"breadcrumb\":{\"@id\":\"https:\\\/\\\/betlabel.games\\\/tr\\\/table-tennis\\\/#breadcrumb\"},\"inLanguage\":\"tr\",\"potentialAction\":[{\"@type\":\"ReadAction\",\"target\":[\"https:\\\/\\\/betlabel.games\\\/tr\\\/table-tennis\\\/\"]}]},{\"@type\":\"BreadcrumbList\",\"@id\":\"https:\\\/\\\/betlabel.games\\\/tr\\\/table-tennis\\\/#breadcrumb\",\"itemListElement\":[{\"@type\":\"ListItem\",\"position\":1,\"name\":\"Home\",\"item\":\"https:\\\/\\\/betlabel.games\\\/tr\\\/\"},{\"@type\":\"ListItem\",\"position\":2,\"name\":\"Masa tenisi\"}]},{\"@type\":\"WebSite\",\"@id\":\"https:\\\/\\\/betlabel.games\\\/tr\\\/#website\",\"url\":\"https:\\\/\\\/betlabel.games\\\/tr\\\/\",\"name\":\"Betlabel tr\",\"description\":\"My WordPress Blog\",\"potentialAction\":[{\"@type\":\"SearchAction\",\"target\":{\"@type\":\"EntryPoint\",\"urlTemplate\":\"https:\\\/\\\/betlabel.games\\\/tr\\\/?s={search_term_string}\"},\"query-input\":{\"@type\":\"PropertyValueSpecification\",\"valueRequired\":true,\"valueName\":\"search_term_string\"}}],\"inLanguage\":\"tr\"}]}<\/script>\n<!-- \/ Yoast SEO plugin. -->","yoast_head_json":{"title":"Betlabel Masa Tenisi \u2014 Canl\u0131 Bahis, Tahminler ve Y\u00fcksek Oranlar","description":"Betlabel, canl\u0131 bahis, set bahisleri, handikap ve toplam bahis se\u00e7eneklerinin yan\u0131 s\u0131ra h\u0131zl\u0131 \u00f6deme ve kullan\u0131c\u0131 dostu bir canl\u0131 bahis deneyimi gibi \u00e7ok \u00e7e\u015fitli masa tenisi bahis se\u00e7enekleri sunar. Tahminleri ve istatistikleri kullanarak en heyecan verici ma\u00e7larda karl\u0131 bahis f\u0131rsatlar\u0131n\u0131 ke\u015ffedin.","robots":{"index":"index","follow":"follow","max-snippet":"max-snippet:-1","max-image-preview":"max-image-preview:large","max-video-preview":"max-video-preview:-1"},"og_locale":"tr_TR","og_type":"article","og_title":"Betlabel Masa Tenisi \u2014 Canl\u0131 Bahis, Tahminler ve Y\u00fcksek Oranlar","og_description":"Betlabel, canl\u0131 bahis, set bahisleri, handikap ve toplam bahis se\u00e7eneklerinin yan\u0131 s\u0131ra h\u0131zl\u0131 \u00f6deme ve kullan\u0131c\u0131 dostu bir canl\u0131 bahis deneyimi gibi \u00e7ok \u00e7e\u015fitli masa tenisi bahis se\u00e7enekleri sunar. Tahminleri ve istatistikleri kullanarak en heyecan verici ma\u00e7larda karl\u0131 bahis f\u0131rsatlar\u0131n\u0131 ke\u015ffedin.","og_url":"https:\/\/betlabel.games\/tr\/table-tennis\/","og_site_name":"Betlabel tr","article_modified_time":"2026-05-01T08:48:54+00:00","twitter_card":"summary_large_image","schema":{"@context":"https:\/\/schema.org","@graph":[{"@type":"WebPage","@id":"https:\/\/betlabel.games\/tr\/table-tennis\/","url":"https:\/\/betlabel.games\/tr\/table-tennis\/","name":"Betlabel Masa Tenisi \u2014 Canl\u0131 Bahis, Tahminler ve Y\u00fcksek Oranlar","isPartOf":{"@id":"https:\/\/betlabel.games\/tr\/#website"},"datePublished":"2026-04-13T11:25:54+00:00","dateModified":"2026-05-01T08:48:54+00:00","description":"Betlabel, canl\u0131 bahis, set bahisleri, handikap ve toplam bahis se\u00e7eneklerinin yan\u0131 s\u0131ra h\u0131zl\u0131 \u00f6deme ve kullan\u0131c\u0131 dostu bir canl\u0131 bahis deneyimi gibi \u00e7ok \u00e7e\u015fitli masa tenisi bahis se\u00e7enekleri sunar. Tahminleri ve istatistikleri kullanarak en heyecan verici ma\u00e7larda karl\u0131 bahis f\u0131rsatlar\u0131n\u0131 ke\u015ffedin.","breadcrumb":{"@id":"https:\/\/betlabel.games\/tr\/table-tennis\/#breadcrumb"},"inLanguage":"tr","potentialAction":[{"@type":"ReadAction","target":["https:\/\/betlabel.games\/tr\/table-tennis\/"]}]},{"@type":"BreadcrumbList","@id":"https:\/\/betlabel.games\/tr\/table-tennis\/#breadcrumb","itemListElement":[{"@type":"ListItem","position":1,"name":"Home","item":"https:\/\/betlabel.games\/tr\/"},{"@type":"ListItem","position":2,"name":"Masa tenisi"}]},{"@type":"WebSite","@id":"https:\/\/betlabel.games\/tr\/#website","url":"https:\/\/betlabel.games\/tr\/","name":"Betlabel tr","description":"My WordPress Blog","potentialAction":[{"@type":"SearchAction","target":{"@type":"EntryPoint","urlTemplate":"https:\/\/betlabel.games\/tr\/?s={search_term_string}"},"query-input":{"@type":"PropertyValueSpecification","valueRequired":true,"valueName":"search_term_string"}}],"inLanguage":"tr"}]}},"_links":{"self":[{"href":"https:\/\/betlabel.games\/tr\/wp-json\/wp\/v2\/pages\/1161","targetHints":{"allow":["GET"]}}],"collection":[{"href":"https:\/\/betlabel.games\/tr\/wp-json\/wp\/v2\/pages"}],"about":[{"href":"https:\/\/betlabel.games\/tr\/wp-json\/wp\/v2\/types\/page"}],"author":[{"embeddable":true,"href":"https:\/\/betlabel.games\/tr\/wp-json\/wp\/v2\/users\/1"}],"replies":[{"embeddable":true,"href":"https:\/\/betlabel.games\/tr\/wp-json\/wp\/v2\/comments?post=1161"}],"version-history":[{"count":5,"href":"https:\/\/betlabel.games\/tr\/wp-json\/wp\/v2\/pages\/1161\/revisions"}],"predecessor-version":[{"id":1245,"href":"https:\/\/betlabel.games\/tr\/wp-json\/wp\/v2\/pages\/1161\/revisions\/1245"}],"wp:attachment":[{"href":"https:\/\/betlabel.games\/tr\/wp-json\/wp\/v2\/media?parent=1161"}],"curies":[{"name":"wp","href":"https:\/\/api.w.org\/{rel}","templated":true}]}}