{"id":201,"date":"2024-10-03T12:45:57","date_gmt":"2024-10-03T12:45:57","guid":{"rendered":"https:\/\/betlabel.games\/tr\/?page_id=201"},"modified":"2025-10-21T09:03:59","modified_gmt":"2025-10-21T09:03:59","slug":"bonuses","status":"publish","type":"page","link":"https:\/\/betlabel.games\/tr\/bonuses\/","title":{"rendered":"Bonus"},"content":{"rendered":"","protected":false},"excerpt":{"rendered":"","protected":false},"author":1,"featured_media":0,"parent":0,"menu_order":0,"comment_status":"closed","ping_status":"closed","template":"","meta":{"footnotes":""},"class_list":["post-201","page","type-page","status-publish","hentry"],"yoast_head":"<!-- This site is optimized with the Yoast SEO plugin v27.4 - https:\/\/yoast.com\/product\/yoast-seo-wordpress\/ -->\n<title>BetLabel Bonus \u1409 Spor ve Kumarhane i\u00e7in Teklifler<\/title>\n<meta name=\"description\" content=\"BetLabel&#039;de 73000\u20ba ho\u015f geldin paketi ve 150 bedava d\u00f6n\u00fc\u015f kazan\u0131n - T\u00fcm Kumarhane Bonuslar\u0131n\u0131 ve Bahis Promosyonlar\u0131n\u0131 ke\u015ffedin - VIP Cashback - Bedava Bahisler - Haftal\u0131k Teklifler - BetLabel&#039;e kat\u0131l\u0131n ve her g\u00fcn \u00f6zel bonuslar kazan\u0131n\" \/>\n<meta name=\"robots\" content=\"index, follow, max-snippet:-1, max-image-preview:large, max-video-preview:-1\" \/>\n<meta property=\"og:locale\" content=\"tr_TR\" \/>\n<meta property=\"og:type\" content=\"article\" \/>\n<meta property=\"og:title\" content=\"BetLabel Bonus \u1409 Spor ve Kumarhane i\u00e7in Teklifler\" \/>\n<meta property=\"og:description\" content=\"BetLabel&#039;de 73000\u20ba ho\u015f geldin paketi ve 150 bedava d\u00f6n\u00fc\u015f kazan\u0131n - T\u00fcm Kumarhane Bonuslar\u0131n\u0131 ve Bahis Promosyonlar\u0131n\u0131 ke\u015ffedin - VIP Cashback - Bedava Bahisler - Haftal\u0131k Teklifler - BetLabel&#039;e kat\u0131l\u0131n ve her g\u00fcn \u00f6zel bonuslar kazan\u0131n\" \/>\n<meta property=\"og:url\" content=\"https:\/\/betlabel.games\/tr\/bonuses\/\" \/>\n<meta property=\"og:site_name\" content=\"BetLabel tr\" \/>\n<meta property=\"article:modified_time\" content=\"2025-10-21T09:03:59+00:00\" \/>\n<meta name=\"twitter:card\" content=\"summary_large_image\" \/>\n<script type=\"application\/ld+json\" class=\"yoast-schema-graph\">{\"@context\":\"https:\\\/\\\/schema.org\",\"@graph\":[{\"@type\":\"WebPage\",\"@id\":\"https:\\\/\\\/betlabel.games\\\/tr\\\/bonuses\\\/\",\"url\":\"https:\\\/\\\/betlabel.games\\\/tr\\\/bonuses\\\/\",\"name\":\"BetLabel Bonus \u1409 Spor ve Kumarhane i\u00e7in Teklifler\",\"isPartOf\":{\"@id\":\"https:\\\/\\\/betlabel.games\\\/tr\\\/#website\"},\"datePublished\":\"2024-10-03T12:45:57+00:00\",\"dateModified\":\"2025-10-21T09:03:59+00:00\",\"description\":\"BetLabel'de 73000\u20ba ho\u015f geldin paketi ve 150 bedava d\u00f6n\u00fc\u015f kazan\u0131n - T\u00fcm Kumarhane Bonuslar\u0131n\u0131 ve Bahis Promosyonlar\u0131n\u0131 ke\u015ffedin - VIP Cashback - Bedava Bahisler - Haftal\u0131k Teklifler - BetLabel'e kat\u0131l\u0131n ve her g\u00fcn \u00f6zel bonuslar kazan\u0131n\",\"breadcrumb\":{\"@id\":\"https:\\\/\\\/betlabel.games\\\/tr\\\/bonuses\\\/#breadcrumb\"},\"inLanguage\":\"tr\",\"potentialAction\":[{\"@type\":\"ReadAction\",\"target\":[\"https:\\\/\\\/betlabel.games\\\/tr\\\/bonuses\\\/\"]}]},{\"@type\":\"BreadcrumbList\",\"@id\":\"https:\\\/\\\/betlabel.games\\\/tr\\\/bonuses\\\/#breadcrumb\",\"itemListElement\":[{\"@type\":\"ListItem\",\"position\":1,\"name\":\"Home\",\"item\":\"https:\\\/\\\/betlabel.games\\\/tr\\\/\"},{\"@type\":\"ListItem\",\"position\":2,\"name\":\"Bonus\"}]},{\"@type\":\"WebSite\",\"@id\":\"https:\\\/\\\/betlabel.games\\\/tr\\\/#website\",\"url\":\"https:\\\/\\\/betlabel.games\\\/tr\\\/\",\"name\":\"BetLabel tr\",\"description\":\"My WordPress Blog\",\"potentialAction\":[{\"@type\":\"SearchAction\",\"target\":{\"@type\":\"EntryPoint\",\"urlTemplate\":\"https:\\\/\\\/betlabel.games\\\/tr\\\/?s={search_term_string}\"},\"query-input\":{\"@type\":\"PropertyValueSpecification\",\"valueRequired\":true,\"valueName\":\"search_term_string\"}}],\"inLanguage\":\"tr\"}]}<\/script>\n<!-- \/ Yoast SEO plugin. -->","yoast_head_json":{"title":"BetLabel Bonus \u1409 Spor ve Kumarhane i\u00e7in Teklifler","description":"BetLabel'de 73000\u20ba ho\u015f geldin paketi ve 150 bedava d\u00f6n\u00fc\u015f kazan\u0131n - T\u00fcm Kumarhane Bonuslar\u0131n\u0131 ve Bahis Promosyonlar\u0131n\u0131 ke\u015ffedin - VIP Cashback - Bedava Bahisler - Haftal\u0131k Teklifler - BetLabel'e kat\u0131l\u0131n ve her g\u00fcn \u00f6zel bonuslar kazan\u0131n","robots":{"index":"index","follow":"follow","max-snippet":"max-snippet:-1","max-image-preview":"max-image-preview:large","max-video-preview":"max-video-preview:-1"},"og_locale":"tr_TR","og_type":"article","og_title":"BetLabel Bonus \u1409 Spor ve Kumarhane i\u00e7in Teklifler","og_description":"BetLabel'de 73000\u20ba ho\u015f geldin paketi ve 150 bedava d\u00f6n\u00fc\u015f kazan\u0131n - T\u00fcm Kumarhane Bonuslar\u0131n\u0131 ve Bahis Promosyonlar\u0131n\u0131 ke\u015ffedin - VIP Cashback - Bedava Bahisler - Haftal\u0131k Teklifler - BetLabel'e kat\u0131l\u0131n ve her g\u00fcn \u00f6zel bonuslar kazan\u0131n","og_url":"https:\/\/betlabel.games\/tr\/bonuses\/","og_site_name":"BetLabel tr","article_modified_time":"2025-10-21T09:03:59+00:00","twitter_card":"summary_large_image","schema":{"@context":"https:\/\/schema.org","@graph":[{"@type":"WebPage","@id":"https:\/\/betlabel.games\/tr\/bonuses\/","url":"https:\/\/betlabel.games\/tr\/bonuses\/","name":"BetLabel Bonus \u1409 Spor ve Kumarhane i\u00e7in Teklifler","isPartOf":{"@id":"https:\/\/betlabel.games\/tr\/#website"},"datePublished":"2024-10-03T12:45:57+00:00","dateModified":"2025-10-21T09:03:59+00:00","description":"BetLabel'de 73000\u20ba ho\u015f geldin paketi ve 150 bedava d\u00f6n\u00fc\u015f kazan\u0131n - T\u00fcm Kumarhane Bonuslar\u0131n\u0131 ve Bahis Promosyonlar\u0131n\u0131 ke\u015ffedin - VIP Cashback - Bedava Bahisler - Haftal\u0131k Teklifler - BetLabel'e kat\u0131l\u0131n ve her g\u00fcn \u00f6zel bonuslar kazan\u0131n","breadcrumb":{"@id":"https:\/\/betlabel.games\/tr\/bonuses\/#breadcrumb"},"inLanguage":"tr","potentialAction":[{"@type":"ReadAction","target":["https:\/\/betlabel.games\/tr\/bonuses\/"]}]},{"@type":"BreadcrumbList","@id":"https:\/\/betlabel.games\/tr\/bonuses\/#breadcrumb","itemListElement":[{"@type":"ListItem","position":1,"name":"Home","item":"https:\/\/betlabel.games\/tr\/"},{"@type":"ListItem","position":2,"name":"Bonus"}]},{"@type":"WebSite","@id":"https:\/\/betlabel.games\/tr\/#website","url":"https:\/\/betlabel.games\/tr\/","name":"BetLabel tr","description":"My WordPress Blog","potentialAction":[{"@type":"SearchAction","target":{"@type":"EntryPoint","urlTemplate":"https:\/\/betlabel.games\/tr\/?s={search_term_string}"},"query-input":{"@type":"PropertyValueSpecification","valueRequired":true,"valueName":"search_term_string"}}],"inLanguage":"tr"}]}},"_links":{"self":[{"href":"https:\/\/betlabel.games\/tr\/wp-json\/wp\/v2\/pages\/201","targetHints":{"allow":["GET"]}}],"collection":[{"href":"https:\/\/betlabel.games\/tr\/wp-json\/wp\/v2\/pages"}],"about":[{"href":"https:\/\/betlabel.games\/tr\/wp-json\/wp\/v2\/types\/page"}],"author":[{"embeddable":true,"href":"https:\/\/betlabel.games\/tr\/wp-json\/wp\/v2\/users\/1"}],"replies":[{"embeddable":true,"href":"https:\/\/betlabel.games\/tr\/wp-json\/wp\/v2\/comments?post=201"}],"version-history":[{"count":13,"href":"https:\/\/betlabel.games\/tr\/wp-json\/wp\/v2\/pages\/201\/revisions"}],"predecessor-version":[{"id":720,"href":"https:\/\/betlabel.games\/tr\/wp-json\/wp\/v2\/pages\/201\/revisions\/720"}],"wp:attachment":[{"href":"https:\/\/betlabel.games\/tr\/wp-json\/wp\/v2\/media?parent=201"}],"curies":[{"name":"wp","href":"https:\/\/api.w.org\/{rel}","templated":true}]}}