{"id":204,"date":"2024-10-03T12:46:23","date_gmt":"2024-10-03T12:46:23","guid":{"rendered":"https:\/\/betlabel.games\/tr\/?page_id=204"},"modified":"2025-10-21T09:20:41","modified_gmt":"2025-10-21T09:20:41","slug":"mobile","status":"publish","type":"page","link":"https:\/\/betlabel.games\/tr\/mobile\/","title":{"rendered":"Mobil"},"content":{"rendered":"","protected":false},"excerpt":{"rendered":"","protected":false},"author":1,"featured_media":0,"parent":0,"menu_order":0,"comment_status":"closed","ping_status":"closed","template":"","meta":{"footnotes":""},"class_list":["post-204","page","type-page","status-publish","hentry"],"yoast_head":"<!-- This site is optimized with the Yoast SEO plugin v27.4 - https:\/\/yoast.com\/product\/yoast-seo-wordpress\/ -->\n<title>BetLabel Uygulamas\u0131 \u1409 Android ve iOS i\u00e7in \u0130ndirme Rehberi<\/title>\n<meta name=\"description\" content=\"Android ve iOS cihazlar i\u00e7in BetLabel Uygulamas\u0131n\u0131 indirin \u2714\ufe0f\ufe0f Cep telefonunuzda istedi\u011finiz zaman en iyi oranlar\u0131n ve bonuslar\u0131n tad\u0131n\u0131 \u00e7\u0131kar\u0131n \u2b50\ufe0f BetLabel Mobil Uygulamas\u0131 modern bir tasar\u0131ma ve sezgisel bir aray\u00fcze sahiptir\" \/>\n<meta name=\"robots\" content=\"index, follow, max-snippet:-1, max-image-preview:large, max-video-preview:-1\" \/>\n<meta property=\"og:locale\" content=\"tr_TR\" \/>\n<meta property=\"og:type\" content=\"article\" \/>\n<meta property=\"og:title\" content=\"BetLabel Uygulamas\u0131 \u1409 Android ve iOS i\u00e7in \u0130ndirme Rehberi\" \/>\n<meta property=\"og:description\" content=\"Android ve iOS cihazlar i\u00e7in BetLabel Uygulamas\u0131n\u0131 indirin \u2714\ufe0f\ufe0f Cep telefonunuzda istedi\u011finiz zaman en iyi oranlar\u0131n ve bonuslar\u0131n tad\u0131n\u0131 \u00e7\u0131kar\u0131n \u2b50\ufe0f BetLabel Mobil Uygulamas\u0131 modern bir tasar\u0131ma ve sezgisel bir aray\u00fcze sahiptir\" \/>\n<meta property=\"og:url\" content=\"https:\/\/betlabel.games\/tr\/mobile\/\" \/>\n<meta property=\"og:site_name\" content=\"BetLabel tr\" \/>\n<meta property=\"article:modified_time\" content=\"2025-10-21T09:20:41+00:00\" \/>\n<meta name=\"twitter:card\" content=\"summary_large_image\" \/>\n<script type=\"application\/ld+json\" class=\"yoast-schema-graph\">{\"@context\":\"https:\\\/\\\/schema.org\",\"@graph\":[{\"@type\":\"WebPage\",\"@id\":\"https:\\\/\\\/betlabel.games\\\/tr\\\/mobile\\\/\",\"url\":\"https:\\\/\\\/betlabel.games\\\/tr\\\/mobile\\\/\",\"name\":\"BetLabel Uygulamas\u0131 \u1409 Android ve iOS i\u00e7in \u0130ndirme Rehberi\",\"isPartOf\":{\"@id\":\"https:\\\/\\\/betlabel.games\\\/tr\\\/#website\"},\"datePublished\":\"2024-10-03T12:46:23+00:00\",\"dateModified\":\"2025-10-21T09:20:41+00:00\",\"description\":\"Android ve iOS cihazlar i\u00e7in BetLabel Uygulamas\u0131n\u0131 indirin \u2714\ufe0f\ufe0f Cep telefonunuzda istedi\u011finiz zaman en iyi oranlar\u0131n ve bonuslar\u0131n tad\u0131n\u0131 \u00e7\u0131kar\u0131n \u2b50\ufe0f BetLabel Mobil Uygulamas\u0131 modern bir tasar\u0131ma ve sezgisel bir aray\u00fcze sahiptir\",\"breadcrumb\":{\"@id\":\"https:\\\/\\\/betlabel.games\\\/tr\\\/mobile\\\/#breadcrumb\"},\"inLanguage\":\"tr\",\"potentialAction\":[{\"@type\":\"ReadAction\",\"target\":[\"https:\\\/\\\/betlabel.games\\\/tr\\\/mobile\\\/\"]}]},{\"@type\":\"BreadcrumbList\",\"@id\":\"https:\\\/\\\/betlabel.games\\\/tr\\\/mobile\\\/#breadcrumb\",\"itemListElement\":[{\"@type\":\"ListItem\",\"position\":1,\"name\":\"Home\",\"item\":\"https:\\\/\\\/betlabel.games\\\/tr\\\/\"},{\"@type\":\"ListItem\",\"position\":2,\"name\":\"Mobil\"}]},{\"@type\":\"WebSite\",\"@id\":\"https:\\\/\\\/betlabel.games\\\/tr\\\/#website\",\"url\":\"https:\\\/\\\/betlabel.games\\\/tr\\\/\",\"name\":\"BetLabel tr\",\"description\":\"My WordPress Blog\",\"potentialAction\":[{\"@type\":\"SearchAction\",\"target\":{\"@type\":\"EntryPoint\",\"urlTemplate\":\"https:\\\/\\\/betlabel.games\\\/tr\\\/?s={search_term_string}\"},\"query-input\":{\"@type\":\"PropertyValueSpecification\",\"valueRequired\":true,\"valueName\":\"search_term_string\"}}],\"inLanguage\":\"tr\"}]}<\/script>\n<!-- \/ Yoast SEO plugin. -->","yoast_head_json":{"title":"BetLabel Uygulamas\u0131 \u1409 Android ve iOS i\u00e7in \u0130ndirme Rehberi","description":"Android ve iOS cihazlar i\u00e7in BetLabel Uygulamas\u0131n\u0131 indirin \u2714\ufe0f\ufe0f Cep telefonunuzda istedi\u011finiz zaman en iyi oranlar\u0131n ve bonuslar\u0131n tad\u0131n\u0131 \u00e7\u0131kar\u0131n \u2b50\ufe0f BetLabel Mobil Uygulamas\u0131 modern bir tasar\u0131ma ve sezgisel bir aray\u00fcze sahiptir","robots":{"index":"index","follow":"follow","max-snippet":"max-snippet:-1","max-image-preview":"max-image-preview:large","max-video-preview":"max-video-preview:-1"},"og_locale":"tr_TR","og_type":"article","og_title":"BetLabel Uygulamas\u0131 \u1409 Android ve iOS i\u00e7in \u0130ndirme Rehberi","og_description":"Android ve iOS cihazlar i\u00e7in BetLabel Uygulamas\u0131n\u0131 indirin \u2714\ufe0f\ufe0f Cep telefonunuzda istedi\u011finiz zaman en iyi oranlar\u0131n ve bonuslar\u0131n tad\u0131n\u0131 \u00e7\u0131kar\u0131n \u2b50\ufe0f BetLabel Mobil Uygulamas\u0131 modern bir tasar\u0131ma ve sezgisel bir aray\u00fcze sahiptir","og_url":"https:\/\/betlabel.games\/tr\/mobile\/","og_site_name":"BetLabel tr","article_modified_time":"2025-10-21T09:20:41+00:00","twitter_card":"summary_large_image","schema":{"@context":"https:\/\/schema.org","@graph":[{"@type":"WebPage","@id":"https:\/\/betlabel.games\/tr\/mobile\/","url":"https:\/\/betlabel.games\/tr\/mobile\/","name":"BetLabel Uygulamas\u0131 \u1409 Android ve iOS i\u00e7in \u0130ndirme Rehberi","isPartOf":{"@id":"https:\/\/betlabel.games\/tr\/#website"},"datePublished":"2024-10-03T12:46:23+00:00","dateModified":"2025-10-21T09:20:41+00:00","description":"Android ve iOS cihazlar i\u00e7in BetLabel Uygulamas\u0131n\u0131 indirin \u2714\ufe0f\ufe0f Cep telefonunuzda istedi\u011finiz zaman en iyi oranlar\u0131n ve bonuslar\u0131n tad\u0131n\u0131 \u00e7\u0131kar\u0131n \u2b50\ufe0f BetLabel Mobil Uygulamas\u0131 modern bir tasar\u0131ma ve sezgisel bir aray\u00fcze sahiptir","breadcrumb":{"@id":"https:\/\/betlabel.games\/tr\/mobile\/#breadcrumb"},"inLanguage":"tr","potentialAction":[{"@type":"ReadAction","target":["https:\/\/betlabel.games\/tr\/mobile\/"]}]},{"@type":"BreadcrumbList","@id":"https:\/\/betlabel.games\/tr\/mobile\/#breadcrumb","itemListElement":[{"@type":"ListItem","position":1,"name":"Home","item":"https:\/\/betlabel.games\/tr\/"},{"@type":"ListItem","position":2,"name":"Mobil"}]},{"@type":"WebSite","@id":"https:\/\/betlabel.games\/tr\/#website","url":"https:\/\/betlabel.games\/tr\/","name":"BetLabel tr","description":"My WordPress Blog","potentialAction":[{"@type":"SearchAction","target":{"@type":"EntryPoint","urlTemplate":"https:\/\/betlabel.games\/tr\/?s={search_term_string}"},"query-input":{"@type":"PropertyValueSpecification","valueRequired":true,"valueName":"search_term_string"}}],"inLanguage":"tr"}]}},"_links":{"self":[{"href":"https:\/\/betlabel.games\/tr\/wp-json\/wp\/v2\/pages\/204","targetHints":{"allow":["GET"]}}],"collection":[{"href":"https:\/\/betlabel.games\/tr\/wp-json\/wp\/v2\/pages"}],"about":[{"href":"https:\/\/betlabel.games\/tr\/wp-json\/wp\/v2\/types\/page"}],"author":[{"embeddable":true,"href":"https:\/\/betlabel.games\/tr\/wp-json\/wp\/v2\/users\/1"}],"replies":[{"embeddable":true,"href":"https:\/\/betlabel.games\/tr\/wp-json\/wp\/v2\/comments?post=204"}],"version-history":[{"count":10,"href":"https:\/\/betlabel.games\/tr\/wp-json\/wp\/v2\/pages\/204\/revisions"}],"predecessor-version":[{"id":721,"href":"https:\/\/betlabel.games\/tr\/wp-json\/wp\/v2\/pages\/204\/revisions\/721"}],"wp:attachment":[{"href":"https:\/\/betlabel.games\/tr\/wp-json\/wp\/v2\/media?parent=204"}],"curies":[{"name":"wp","href":"https:\/\/api.w.org\/{rel}","templated":true}]}}