{"id":258,"date":"2024-10-09T14:42:29","date_gmt":"2024-10-09T14:42:29","guid":{"rendered":"https:\/\/betlabel.games\/tr\/?page_id=258"},"modified":"2025-10-21T09:22:20","modified_gmt":"2025-10-21T09:22:20","slug":"promo-code","status":"publish","type":"page","link":"https:\/\/betlabel.games\/tr\/promo-code\/","title":{"rendered":"Promosyon Kodu"},"content":{"rendered":"","protected":false},"excerpt":{"rendered":"","protected":false},"author":1,"featured_media":0,"parent":0,"menu_order":0,"comment_status":"closed","ping_status":"closed","template":"","meta":{"footnotes":""},"class_list":["post-258","page","type-page","status-publish","hentry"],"yoast_head":"<!-- This site is optimized with the Yoast SEO plugin v27.4 - https:\/\/yoast.com\/product\/yoast-seo-wordpress\/ -->\n<title>BetLabel Promosyon Kodu 2026 \ud83c\udf81 0 Bonus i\u00e7in kullan\u0131n<\/title>\n<meta name=\"description\" content=\"Kayd\u0131n\u0131z s\u0131ras\u0131nda BetLabel T\u00fcrkiye promosyon kodu ile ho\u015fgeldin bonusunu al\u0131n. En sevdi\u011finiz sporlara ve oyunlara bahis yapmak i\u00e7in ger\u00e7ek BetLabel promosyon kodlar\u0131n\u0131 nas\u0131l talep edece\u011finizi \u00f6\u011frenin. BetLabel bonus kodu nas\u0131l etkinle\u015ftirilir\" \/>\n<meta name=\"robots\" content=\"index, follow, max-snippet:-1, max-image-preview:large, max-video-preview:-1\" \/>\n<meta property=\"og:locale\" content=\"tr_TR\" \/>\n<meta property=\"og:type\" content=\"article\" \/>\n<meta property=\"og:title\" content=\"BetLabel Promosyon Kodu 2026 \ud83c\udf81 0 Bonus i\u00e7in kullan\u0131n\" \/>\n<meta property=\"og:description\" content=\"Kayd\u0131n\u0131z s\u0131ras\u0131nda BetLabel T\u00fcrkiye promosyon kodu ile ho\u015fgeldin bonusunu al\u0131n. En sevdi\u011finiz sporlara ve oyunlara bahis yapmak i\u00e7in ger\u00e7ek BetLabel promosyon kodlar\u0131n\u0131 nas\u0131l talep edece\u011finizi \u00f6\u011frenin. BetLabel bonus kodu nas\u0131l etkinle\u015ftirilir\" \/>\n<meta property=\"og:url\" content=\"https:\/\/betlabel.games\/tr\/promo-code\/\" \/>\n<meta property=\"og:site_name\" content=\"BetLabel tr\" \/>\n<meta property=\"article:modified_time\" content=\"2025-10-21T09:22:20+00:00\" \/>\n<meta name=\"twitter:card\" content=\"summary_large_image\" \/>\n<script type=\"application\/ld+json\" class=\"yoast-schema-graph\">{\"@context\":\"https:\\\/\\\/schema.org\",\"@graph\":[{\"@type\":\"WebPage\",\"@id\":\"https:\\\/\\\/betlabel.games\\\/tr\\\/promo-code\\\/\",\"url\":\"https:\\\/\\\/betlabel.games\\\/tr\\\/promo-code\\\/\",\"name\":\"BetLabel Promosyon Kodu 2026 \ud83c\udf81 0 Bonus i\u00e7in kullan\u0131n\",\"isPartOf\":{\"@id\":\"https:\\\/\\\/betlabel.games\\\/tr\\\/#website\"},\"datePublished\":\"2024-10-09T14:42:29+00:00\",\"dateModified\":\"2025-10-21T09:22:20+00:00\",\"description\":\"Kayd\u0131n\u0131z s\u0131ras\u0131nda BetLabel T\u00fcrkiye promosyon kodu ile ho\u015fgeldin bonusunu al\u0131n. En sevdi\u011finiz sporlara ve oyunlara bahis yapmak i\u00e7in ger\u00e7ek BetLabel promosyon kodlar\u0131n\u0131 nas\u0131l talep edece\u011finizi \u00f6\u011frenin. BetLabel bonus kodu nas\u0131l etkinle\u015ftirilir\",\"breadcrumb\":{\"@id\":\"https:\\\/\\\/betlabel.games\\\/tr\\\/promo-code\\\/#breadcrumb\"},\"inLanguage\":\"tr\",\"potentialAction\":[{\"@type\":\"ReadAction\",\"target\":[\"https:\\\/\\\/betlabel.games\\\/tr\\\/promo-code\\\/\"]}]},{\"@type\":\"BreadcrumbList\",\"@id\":\"https:\\\/\\\/betlabel.games\\\/tr\\\/promo-code\\\/#breadcrumb\",\"itemListElement\":[{\"@type\":\"ListItem\",\"position\":1,\"name\":\"Home\",\"item\":\"https:\\\/\\\/betlabel.games\\\/tr\\\/\"},{\"@type\":\"ListItem\",\"position\":2,\"name\":\"Promosyon Kodu\"}]},{\"@type\":\"WebSite\",\"@id\":\"https:\\\/\\\/betlabel.games\\\/tr\\\/#website\",\"url\":\"https:\\\/\\\/betlabel.games\\\/tr\\\/\",\"name\":\"BetLabel tr\",\"description\":\"My WordPress Blog\",\"potentialAction\":[{\"@type\":\"SearchAction\",\"target\":{\"@type\":\"EntryPoint\",\"urlTemplate\":\"https:\\\/\\\/betlabel.games\\\/tr\\\/?s={search_term_string}\"},\"query-input\":{\"@type\":\"PropertyValueSpecification\",\"valueRequired\":true,\"valueName\":\"search_term_string\"}}],\"inLanguage\":\"tr\"}]}<\/script>\n<!-- \/ Yoast SEO plugin. -->","yoast_head_json":{"title":"BetLabel Promosyon Kodu 2026 \ud83c\udf81 0 Bonus i\u00e7in kullan\u0131n","description":"Kayd\u0131n\u0131z s\u0131ras\u0131nda BetLabel T\u00fcrkiye promosyon kodu ile ho\u015fgeldin bonusunu al\u0131n. En sevdi\u011finiz sporlara ve oyunlara bahis yapmak i\u00e7in ger\u00e7ek BetLabel promosyon kodlar\u0131n\u0131 nas\u0131l talep edece\u011finizi \u00f6\u011frenin. BetLabel bonus kodu nas\u0131l etkinle\u015ftirilir","robots":{"index":"index","follow":"follow","max-snippet":"max-snippet:-1","max-image-preview":"max-image-preview:large","max-video-preview":"max-video-preview:-1"},"og_locale":"tr_TR","og_type":"article","og_title":"BetLabel Promosyon Kodu 2026 \ud83c\udf81 0 Bonus i\u00e7in kullan\u0131n","og_description":"Kayd\u0131n\u0131z s\u0131ras\u0131nda BetLabel T\u00fcrkiye promosyon kodu ile ho\u015fgeldin bonusunu al\u0131n. En sevdi\u011finiz sporlara ve oyunlara bahis yapmak i\u00e7in ger\u00e7ek BetLabel promosyon kodlar\u0131n\u0131 nas\u0131l talep edece\u011finizi \u00f6\u011frenin. BetLabel bonus kodu nas\u0131l etkinle\u015ftirilir","og_url":"https:\/\/betlabel.games\/tr\/promo-code\/","og_site_name":"BetLabel tr","article_modified_time":"2025-10-21T09:22:20+00:00","twitter_card":"summary_large_image","schema":{"@context":"https:\/\/schema.org","@graph":[{"@type":"WebPage","@id":"https:\/\/betlabel.games\/tr\/promo-code\/","url":"https:\/\/betlabel.games\/tr\/promo-code\/","name":"BetLabel Promosyon Kodu 2026 \ud83c\udf81 0 Bonus i\u00e7in kullan\u0131n","isPartOf":{"@id":"https:\/\/betlabel.games\/tr\/#website"},"datePublished":"2024-10-09T14:42:29+00:00","dateModified":"2025-10-21T09:22:20+00:00","description":"Kayd\u0131n\u0131z s\u0131ras\u0131nda BetLabel T\u00fcrkiye promosyon kodu ile ho\u015fgeldin bonusunu al\u0131n. En sevdi\u011finiz sporlara ve oyunlara bahis yapmak i\u00e7in ger\u00e7ek BetLabel promosyon kodlar\u0131n\u0131 nas\u0131l talep edece\u011finizi \u00f6\u011frenin. BetLabel bonus kodu nas\u0131l etkinle\u015ftirilir","breadcrumb":{"@id":"https:\/\/betlabel.games\/tr\/promo-code\/#breadcrumb"},"inLanguage":"tr","potentialAction":[{"@type":"ReadAction","target":["https:\/\/betlabel.games\/tr\/promo-code\/"]}]},{"@type":"BreadcrumbList","@id":"https:\/\/betlabel.games\/tr\/promo-code\/#breadcrumb","itemListElement":[{"@type":"ListItem","position":1,"name":"Home","item":"https:\/\/betlabel.games\/tr\/"},{"@type":"ListItem","position":2,"name":"Promosyon Kodu"}]},{"@type":"WebSite","@id":"https:\/\/betlabel.games\/tr\/#website","url":"https:\/\/betlabel.games\/tr\/","name":"BetLabel tr","description":"My WordPress Blog","potentialAction":[{"@type":"SearchAction","target":{"@type":"EntryPoint","urlTemplate":"https:\/\/betlabel.games\/tr\/?s={search_term_string}"},"query-input":{"@type":"PropertyValueSpecification","valueRequired":true,"valueName":"search_term_string"}}],"inLanguage":"tr"}]}},"_links":{"self":[{"href":"https:\/\/betlabel.games\/tr\/wp-json\/wp\/v2\/pages\/258","targetHints":{"allow":["GET"]}}],"collection":[{"href":"https:\/\/betlabel.games\/tr\/wp-json\/wp\/v2\/pages"}],"about":[{"href":"https:\/\/betlabel.games\/tr\/wp-json\/wp\/v2\/types\/page"}],"author":[{"embeddable":true,"href":"https:\/\/betlabel.games\/tr\/wp-json\/wp\/v2\/users\/1"}],"replies":[{"embeddable":true,"href":"https:\/\/betlabel.games\/tr\/wp-json\/wp\/v2\/comments?post=258"}],"version-history":[{"count":11,"href":"https:\/\/betlabel.games\/tr\/wp-json\/wp\/v2\/pages\/258\/revisions"}],"predecessor-version":[{"id":706,"href":"https:\/\/betlabel.games\/tr\/wp-json\/wp\/v2\/pages\/258\/revisions\/706"}],"wp:attachment":[{"href":"https:\/\/betlabel.games\/tr\/wp-json\/wp\/v2\/media?parent=258"}],"curies":[{"name":"wp","href":"https:\/\/api.w.org\/{rel}","templated":true}]}}