{"id":270,"date":"2024-10-10T12:51:51","date_gmt":"2024-10-10T12:51:51","guid":{"rendered":"https:\/\/betlabel.games\/tr\/?page_id=270"},"modified":"2025-10-21T09:16:45","modified_gmt":"2025-10-21T09:16:45","slug":"login","status":"publish","type":"page","link":"https:\/\/betlabel.games\/tr\/login\/","title":{"rendered":"Giri\u015f"},"content":{"rendered":"","protected":false},"excerpt":{"rendered":"","protected":false},"author":1,"featured_media":0,"parent":0,"menu_order":0,"comment_status":"closed","ping_status":"closed","template":"","meta":{"footnotes":""},"class_list":["post-270","page","type-page","status-publish","hentry"],"yoast_head":"<!-- This site is optimized with the Yoast SEO plugin v27.4 - https:\/\/yoast.com\/product\/yoast-seo-wordpress\/ -->\n<title>BetLabel | Resmi Bahis Web Sitesine Giri\u015f Yap\u0131n<\/title>\n<meta name=\"description\" content=\"Resmi BetLabel Sitesine Giri\u015f Yap\u0131n \u2713 BetLabel giri\u015finizi nas\u0131l tamamlars\u0131n\u0131z ve bahis yapmaya nas\u0131l ba\u015flars\u0131n\u0131z \u279c BetLabel Giri\u015fi i\u00e7in BetLabel Sportsbook&#039;a gidin ve kullan\u0131c\u0131 ad\u0131n\u0131z\u0131 ve \u015fifrenizi girin\" \/>\n<meta name=\"robots\" content=\"index, follow, max-snippet:-1, max-image-preview:large, max-video-preview:-1\" \/>\n<meta property=\"og:locale\" content=\"tr_TR\" \/>\n<meta property=\"og:type\" content=\"article\" \/>\n<meta property=\"og:title\" content=\"BetLabel | Resmi Bahis Web Sitesine Giri\u015f Yap\u0131n\" \/>\n<meta property=\"og:description\" content=\"Resmi BetLabel Sitesine Giri\u015f Yap\u0131n \u2713 BetLabel giri\u015finizi nas\u0131l tamamlars\u0131n\u0131z ve bahis yapmaya nas\u0131l ba\u015flars\u0131n\u0131z \u279c BetLabel Giri\u015fi i\u00e7in BetLabel Sportsbook&#039;a gidin ve kullan\u0131c\u0131 ad\u0131n\u0131z\u0131 ve \u015fifrenizi girin\" \/>\n<meta property=\"og:url\" content=\"https:\/\/betlabel.games\/tr\/login\/\" \/>\n<meta property=\"og:site_name\" content=\"BetLabel tr\" \/>\n<meta property=\"article:modified_time\" content=\"2025-10-21T09:16:45+00:00\" \/>\n<meta name=\"twitter:card\" content=\"summary_large_image\" \/>\n<script type=\"application\/ld+json\" class=\"yoast-schema-graph\">{\"@context\":\"https:\\\/\\\/schema.org\",\"@graph\":[{\"@type\":\"WebPage\",\"@id\":\"https:\\\/\\\/betlabel.games\\\/tr\\\/login\\\/\",\"url\":\"https:\\\/\\\/betlabel.games\\\/tr\\\/login\\\/\",\"name\":\"BetLabel | Resmi Bahis Web Sitesine Giri\u015f Yap\u0131n\",\"isPartOf\":{\"@id\":\"https:\\\/\\\/betlabel.games\\\/tr\\\/#website\"},\"datePublished\":\"2024-10-10T12:51:51+00:00\",\"dateModified\":\"2025-10-21T09:16:45+00:00\",\"description\":\"Resmi BetLabel Sitesine Giri\u015f Yap\u0131n \u2713 BetLabel giri\u015finizi nas\u0131l tamamlars\u0131n\u0131z ve bahis yapmaya nas\u0131l ba\u015flars\u0131n\u0131z \u279c BetLabel Giri\u015fi i\u00e7in BetLabel Sportsbook'a gidin ve kullan\u0131c\u0131 ad\u0131n\u0131z\u0131 ve \u015fifrenizi girin\",\"breadcrumb\":{\"@id\":\"https:\\\/\\\/betlabel.games\\\/tr\\\/login\\\/#breadcrumb\"},\"inLanguage\":\"tr\",\"potentialAction\":[{\"@type\":\"ReadAction\",\"target\":[\"https:\\\/\\\/betlabel.games\\\/tr\\\/login\\\/\"]}]},{\"@type\":\"BreadcrumbList\",\"@id\":\"https:\\\/\\\/betlabel.games\\\/tr\\\/login\\\/#breadcrumb\",\"itemListElement\":[{\"@type\":\"ListItem\",\"position\":1,\"name\":\"Home\",\"item\":\"https:\\\/\\\/betlabel.games\\\/tr\\\/\"},{\"@type\":\"ListItem\",\"position\":2,\"name\":\"Giri\u015f\"}]},{\"@type\":\"WebSite\",\"@id\":\"https:\\\/\\\/betlabel.games\\\/tr\\\/#website\",\"url\":\"https:\\\/\\\/betlabel.games\\\/tr\\\/\",\"name\":\"BetLabel tr\",\"description\":\"My WordPress Blog\",\"potentialAction\":[{\"@type\":\"SearchAction\",\"target\":{\"@type\":\"EntryPoint\",\"urlTemplate\":\"https:\\\/\\\/betlabel.games\\\/tr\\\/?s={search_term_string}\"},\"query-input\":{\"@type\":\"PropertyValueSpecification\",\"valueRequired\":true,\"valueName\":\"search_term_string\"}}],\"inLanguage\":\"tr\"}]}<\/script>\n<!-- \/ Yoast SEO plugin. -->","yoast_head_json":{"title":"BetLabel | Resmi Bahis Web Sitesine Giri\u015f Yap\u0131n","description":"Resmi BetLabel Sitesine Giri\u015f Yap\u0131n \u2713 BetLabel giri\u015finizi nas\u0131l tamamlars\u0131n\u0131z ve bahis yapmaya nas\u0131l ba\u015flars\u0131n\u0131z \u279c BetLabel Giri\u015fi i\u00e7in BetLabel Sportsbook'a gidin ve kullan\u0131c\u0131 ad\u0131n\u0131z\u0131 ve \u015fifrenizi girin","robots":{"index":"index","follow":"follow","max-snippet":"max-snippet:-1","max-image-preview":"max-image-preview:large","max-video-preview":"max-video-preview:-1"},"og_locale":"tr_TR","og_type":"article","og_title":"BetLabel | Resmi Bahis Web Sitesine Giri\u015f Yap\u0131n","og_description":"Resmi BetLabel Sitesine Giri\u015f Yap\u0131n \u2713 BetLabel giri\u015finizi nas\u0131l tamamlars\u0131n\u0131z ve bahis yapmaya nas\u0131l ba\u015flars\u0131n\u0131z \u279c BetLabel Giri\u015fi i\u00e7in BetLabel Sportsbook'a gidin ve kullan\u0131c\u0131 ad\u0131n\u0131z\u0131 ve \u015fifrenizi girin","og_url":"https:\/\/betlabel.games\/tr\/login\/","og_site_name":"BetLabel tr","article_modified_time":"2025-10-21T09:16:45+00:00","twitter_card":"summary_large_image","schema":{"@context":"https:\/\/schema.org","@graph":[{"@type":"WebPage","@id":"https:\/\/betlabel.games\/tr\/login\/","url":"https:\/\/betlabel.games\/tr\/login\/","name":"BetLabel | Resmi Bahis Web Sitesine Giri\u015f Yap\u0131n","isPartOf":{"@id":"https:\/\/betlabel.games\/tr\/#website"},"datePublished":"2024-10-10T12:51:51+00:00","dateModified":"2025-10-21T09:16:45+00:00","description":"Resmi BetLabel Sitesine Giri\u015f Yap\u0131n \u2713 BetLabel giri\u015finizi nas\u0131l tamamlars\u0131n\u0131z ve bahis yapmaya nas\u0131l ba\u015flars\u0131n\u0131z \u279c BetLabel Giri\u015fi i\u00e7in BetLabel Sportsbook'a gidin ve kullan\u0131c\u0131 ad\u0131n\u0131z\u0131 ve \u015fifrenizi girin","breadcrumb":{"@id":"https:\/\/betlabel.games\/tr\/login\/#breadcrumb"},"inLanguage":"tr","potentialAction":[{"@type":"ReadAction","target":["https:\/\/betlabel.games\/tr\/login\/"]}]},{"@type":"BreadcrumbList","@id":"https:\/\/betlabel.games\/tr\/login\/#breadcrumb","itemListElement":[{"@type":"ListItem","position":1,"name":"Home","item":"https:\/\/betlabel.games\/tr\/"},{"@type":"ListItem","position":2,"name":"Giri\u015f"}]},{"@type":"WebSite","@id":"https:\/\/betlabel.games\/tr\/#website","url":"https:\/\/betlabel.games\/tr\/","name":"BetLabel tr","description":"My WordPress Blog","potentialAction":[{"@type":"SearchAction","target":{"@type":"EntryPoint","urlTemplate":"https:\/\/betlabel.games\/tr\/?s={search_term_string}"},"query-input":{"@type":"PropertyValueSpecification","valueRequired":true,"valueName":"search_term_string"}}],"inLanguage":"tr"}]}},"_links":{"self":[{"href":"https:\/\/betlabel.games\/tr\/wp-json\/wp\/v2\/pages\/270","targetHints":{"allow":["GET"]}}],"collection":[{"href":"https:\/\/betlabel.games\/tr\/wp-json\/wp\/v2\/pages"}],"about":[{"href":"https:\/\/betlabel.games\/tr\/wp-json\/wp\/v2\/types\/page"}],"author":[{"embeddable":true,"href":"https:\/\/betlabel.games\/tr\/wp-json\/wp\/v2\/users\/1"}],"replies":[{"embeddable":true,"href":"https:\/\/betlabel.games\/tr\/wp-json\/wp\/v2\/comments?post=270"}],"version-history":[{"count":7,"href":"https:\/\/betlabel.games\/tr\/wp-json\/wp\/v2\/pages\/270\/revisions"}],"predecessor-version":[{"id":728,"href":"https:\/\/betlabel.games\/tr\/wp-json\/wp\/v2\/pages\/270\/revisions\/728"}],"wp:attachment":[{"href":"https:\/\/betlabel.games\/tr\/wp-json\/wp\/v2\/media?parent=270"}],"curies":[{"name":"wp","href":"https:\/\/api.w.org\/{rel}","templated":true}]}}