{"id":275,"date":"2024-10-10T12:58:51","date_gmt":"2024-10-10T12:58:51","guid":{"rendered":"https:\/\/betlabel.games\/tr\/?page_id=275"},"modified":"2025-10-21T09:17:33","modified_gmt":"2025-10-21T09:17:33","slug":"bagli-kurulus","status":"publish","type":"page","link":"https:\/\/betlabel.games\/tr\/bagli-kurulus\/","title":{"rendered":"\u0130\u015ftirak"},"content":{"rendered":"","protected":false},"excerpt":{"rendered":"","protected":false},"author":1,"featured_media":0,"parent":0,"menu_order":0,"comment_status":"closed","ping_status":"closed","template":"","meta":{"footnotes":""},"class_list":["post-275","page","type-page","status-publish","hentry"],"yoast_head":"<!-- This site is optimized with the Yoast SEO plugin v27.4 - https:\/\/yoast.com\/product\/yoast-seo-wordpress\/ -->\n<title>BetLabel Ortaklar\u0131 | Bahis ve Casino Ortakl\u0131k Program\u0131<\/title>\n<meta name=\"description\" content=\"BetLabel ortakl\u0131k program\u0131, uygun raporlama ve pazarlama ara\u00e7lar\u0131 ile gelir pay\u0131 komisyonu sunar. Ki\u015fisel BetLabel ba\u011flant\u0131n\u0131z\u0131 payla\u015f\u0131n ve kay\u0131t olan ve bahis yapan her kullan\u0131c\u0131 i\u00e7in komisyon kazan\u0131n\" \/>\n<meta name=\"robots\" content=\"index, follow, max-snippet:-1, max-image-preview:large, max-video-preview:-1\" \/>\n<meta property=\"og:locale\" content=\"tr_TR\" \/>\n<meta property=\"og:type\" content=\"article\" \/>\n<meta property=\"og:title\" content=\"BetLabel Ortaklar\u0131 | Bahis ve Casino Ortakl\u0131k Program\u0131\" \/>\n<meta property=\"og:description\" content=\"BetLabel ortakl\u0131k program\u0131, uygun raporlama ve pazarlama ara\u00e7lar\u0131 ile gelir pay\u0131 komisyonu sunar. Ki\u015fisel BetLabel ba\u011flant\u0131n\u0131z\u0131 payla\u015f\u0131n ve kay\u0131t olan ve bahis yapan her kullan\u0131c\u0131 i\u00e7in komisyon kazan\u0131n\" \/>\n<meta property=\"og:url\" content=\"https:\/\/betlabel.games\/tr\/bagli-kurulus\/\" \/>\n<meta property=\"og:site_name\" content=\"BetLabel tr\" \/>\n<meta property=\"article:modified_time\" content=\"2025-10-21T09:17:33+00:00\" \/>\n<meta name=\"twitter:card\" content=\"summary_large_image\" \/>\n<script type=\"application\/ld+json\" class=\"yoast-schema-graph\">{\"@context\":\"https:\\\/\\\/schema.org\",\"@graph\":[{\"@type\":\"WebPage\",\"@id\":\"https:\\\/\\\/betlabel.games\\\/tr\\\/bagli-kurulus\\\/\",\"url\":\"https:\\\/\\\/betlabel.games\\\/tr\\\/bagli-kurulus\\\/\",\"name\":\"BetLabel Ortaklar\u0131 | Bahis ve Casino Ortakl\u0131k Program\u0131\",\"isPartOf\":{\"@id\":\"https:\\\/\\\/betlabel.games\\\/tr\\\/#website\"},\"datePublished\":\"2024-10-10T12:58:51+00:00\",\"dateModified\":\"2025-10-21T09:17:33+00:00\",\"description\":\"BetLabel ortakl\u0131k program\u0131, uygun raporlama ve pazarlama ara\u00e7lar\u0131 ile gelir pay\u0131 komisyonu sunar. Ki\u015fisel BetLabel ba\u011flant\u0131n\u0131z\u0131 payla\u015f\u0131n ve kay\u0131t olan ve bahis yapan her kullan\u0131c\u0131 i\u00e7in komisyon kazan\u0131n\",\"breadcrumb\":{\"@id\":\"https:\\\/\\\/betlabel.games\\\/tr\\\/bagli-kurulus\\\/#breadcrumb\"},\"inLanguage\":\"tr\",\"potentialAction\":[{\"@type\":\"ReadAction\",\"target\":[\"https:\\\/\\\/betlabel.games\\\/tr\\\/bagli-kurulus\\\/\"]}]},{\"@type\":\"BreadcrumbList\",\"@id\":\"https:\\\/\\\/betlabel.games\\\/tr\\\/bagli-kurulus\\\/#breadcrumb\",\"itemListElement\":[{\"@type\":\"ListItem\",\"position\":1,\"name\":\"Home\",\"item\":\"https:\\\/\\\/betlabel.games\\\/tr\\\/\"},{\"@type\":\"ListItem\",\"position\":2,\"name\":\"\u0130\u015ftirak\"}]},{\"@type\":\"WebSite\",\"@id\":\"https:\\\/\\\/betlabel.games\\\/tr\\\/#website\",\"url\":\"https:\\\/\\\/betlabel.games\\\/tr\\\/\",\"name\":\"BetLabel tr\",\"description\":\"My WordPress Blog\",\"potentialAction\":[{\"@type\":\"SearchAction\",\"target\":{\"@type\":\"EntryPoint\",\"urlTemplate\":\"https:\\\/\\\/betlabel.games\\\/tr\\\/?s={search_term_string}\"},\"query-input\":{\"@type\":\"PropertyValueSpecification\",\"valueRequired\":true,\"valueName\":\"search_term_string\"}}],\"inLanguage\":\"tr\"}]}<\/script>\n<!-- \/ Yoast SEO plugin. -->","yoast_head_json":{"title":"BetLabel Ortaklar\u0131 | Bahis ve Casino Ortakl\u0131k Program\u0131","description":"BetLabel ortakl\u0131k program\u0131, uygun raporlama ve pazarlama ara\u00e7lar\u0131 ile gelir pay\u0131 komisyonu sunar. Ki\u015fisel BetLabel ba\u011flant\u0131n\u0131z\u0131 payla\u015f\u0131n ve kay\u0131t olan ve bahis yapan her kullan\u0131c\u0131 i\u00e7in komisyon kazan\u0131n","robots":{"index":"index","follow":"follow","max-snippet":"max-snippet:-1","max-image-preview":"max-image-preview:large","max-video-preview":"max-video-preview:-1"},"og_locale":"tr_TR","og_type":"article","og_title":"BetLabel Ortaklar\u0131 | Bahis ve Casino Ortakl\u0131k Program\u0131","og_description":"BetLabel ortakl\u0131k program\u0131, uygun raporlama ve pazarlama ara\u00e7lar\u0131 ile gelir pay\u0131 komisyonu sunar. Ki\u015fisel BetLabel ba\u011flant\u0131n\u0131z\u0131 payla\u015f\u0131n ve kay\u0131t olan ve bahis yapan her kullan\u0131c\u0131 i\u00e7in komisyon kazan\u0131n","og_url":"https:\/\/betlabel.games\/tr\/bagli-kurulus\/","og_site_name":"BetLabel tr","article_modified_time":"2025-10-21T09:17:33+00:00","twitter_card":"summary_large_image","schema":{"@context":"https:\/\/schema.org","@graph":[{"@type":"WebPage","@id":"https:\/\/betlabel.games\/tr\/bagli-kurulus\/","url":"https:\/\/betlabel.games\/tr\/bagli-kurulus\/","name":"BetLabel Ortaklar\u0131 | Bahis ve Casino Ortakl\u0131k Program\u0131","isPartOf":{"@id":"https:\/\/betlabel.games\/tr\/#website"},"datePublished":"2024-10-10T12:58:51+00:00","dateModified":"2025-10-21T09:17:33+00:00","description":"BetLabel ortakl\u0131k program\u0131, uygun raporlama ve pazarlama ara\u00e7lar\u0131 ile gelir pay\u0131 komisyonu sunar. Ki\u015fisel BetLabel ba\u011flant\u0131n\u0131z\u0131 payla\u015f\u0131n ve kay\u0131t olan ve bahis yapan her kullan\u0131c\u0131 i\u00e7in komisyon kazan\u0131n","breadcrumb":{"@id":"https:\/\/betlabel.games\/tr\/bagli-kurulus\/#breadcrumb"},"inLanguage":"tr","potentialAction":[{"@type":"ReadAction","target":["https:\/\/betlabel.games\/tr\/bagli-kurulus\/"]}]},{"@type":"BreadcrumbList","@id":"https:\/\/betlabel.games\/tr\/bagli-kurulus\/#breadcrumb","itemListElement":[{"@type":"ListItem","position":1,"name":"Home","item":"https:\/\/betlabel.games\/tr\/"},{"@type":"ListItem","position":2,"name":"\u0130\u015ftirak"}]},{"@type":"WebSite","@id":"https:\/\/betlabel.games\/tr\/#website","url":"https:\/\/betlabel.games\/tr\/","name":"BetLabel tr","description":"My WordPress Blog","potentialAction":[{"@type":"SearchAction","target":{"@type":"EntryPoint","urlTemplate":"https:\/\/betlabel.games\/tr\/?s={search_term_string}"},"query-input":{"@type":"PropertyValueSpecification","valueRequired":true,"valueName":"search_term_string"}}],"inLanguage":"tr"}]}},"_links":{"self":[{"href":"https:\/\/betlabel.games\/tr\/wp-json\/wp\/v2\/pages\/275","targetHints":{"allow":["GET"]}}],"collection":[{"href":"https:\/\/betlabel.games\/tr\/wp-json\/wp\/v2\/pages"}],"about":[{"href":"https:\/\/betlabel.games\/tr\/wp-json\/wp\/v2\/types\/page"}],"author":[{"embeddable":true,"href":"https:\/\/betlabel.games\/tr\/wp-json\/wp\/v2\/users\/1"}],"replies":[{"embeddable":true,"href":"https:\/\/betlabel.games\/tr\/wp-json\/wp\/v2\/comments?post=275"}],"version-history":[{"count":14,"href":"https:\/\/betlabel.games\/tr\/wp-json\/wp\/v2\/pages\/275\/revisions"}],"predecessor-version":[{"id":736,"href":"https:\/\/betlabel.games\/tr\/wp-json\/wp\/v2\/pages\/275\/revisions\/736"}],"wp:attachment":[{"href":"https:\/\/betlabel.games\/tr\/wp-json\/wp\/v2\/media?parent=275"}],"curies":[{"name":"wp","href":"https:\/\/api.w.org\/{rel}","templated":true}]}}