{"id":279,"date":"2024-10-10T13:11:39","date_gmt":"2024-10-10T13:11:39","guid":{"rendered":"https:\/\/betlabel.games\/tr\/?page_id=279"},"modified":"2025-10-21T09:19:10","modified_gmt":"2025-10-21T09:19:10","slug":"casino","status":"publish","type":"page","link":"https:\/\/betlabel.games\/tr\/casino\/","title":{"rendered":"Kumarhane"},"content":{"rendered":"","protected":false},"excerpt":{"rendered":"","protected":false},"author":1,"featured_media":0,"parent":0,"menu_order":0,"comment_status":"closed","ping_status":"closed","template":"","meta":{"footnotes":""},"class_list":["post-279","page","type-page","status-publish","hentry"],"yoast_head":"<!-- This site is optimized with the Yoast SEO plugin v27.4 - https:\/\/yoast.com\/product\/yoast-seo-wordpress\/ -->\n<title>BetLabel Kumarhane | Slotlar ve Oyunlar Oynay\u0131n<\/title>\n<meta name=\"description\" content=\"BetLabel Kumarhane, y\u00fczlerce oyun, slot ve ola\u011fan\u00fcst\u00fc bir bonus yelpazesi sunan \u00f6d\u00fcll\u00fc bir Kumarhane sitesidir. BetLabel ile G\u00fcvenli ve Emniyetli Kumarhane Deneyiminin Tad\u0131n\u0131 \u00c7\u0131kar\u0131n\" \/>\n<meta name=\"robots\" content=\"index, follow, max-snippet:-1, max-image-preview:large, max-video-preview:-1\" \/>\n<meta property=\"og:locale\" content=\"tr_TR\" \/>\n<meta property=\"og:type\" content=\"article\" \/>\n<meta property=\"og:title\" content=\"BetLabel Kumarhane | Slotlar ve Oyunlar Oynay\u0131n\" \/>\n<meta property=\"og:description\" content=\"BetLabel Kumarhane, y\u00fczlerce oyun, slot ve ola\u011fan\u00fcst\u00fc bir bonus yelpazesi sunan \u00f6d\u00fcll\u00fc bir Kumarhane sitesidir. BetLabel ile G\u00fcvenli ve Emniyetli Kumarhane Deneyiminin Tad\u0131n\u0131 \u00c7\u0131kar\u0131n\" \/>\n<meta property=\"og:url\" content=\"https:\/\/betlabel.games\/tr\/casino\/\" \/>\n<meta property=\"og:site_name\" content=\"BetLabel tr\" \/>\n<meta property=\"article:modified_time\" content=\"2025-10-21T09:19:10+00:00\" \/>\n<meta name=\"twitter:card\" content=\"summary_large_image\" \/>\n<script type=\"application\/ld+json\" class=\"yoast-schema-graph\">{\"@context\":\"https:\\\/\\\/schema.org\",\"@graph\":[{\"@type\":\"WebPage\",\"@id\":\"https:\\\/\\\/betlabel.games\\\/tr\\\/casino\\\/\",\"url\":\"https:\\\/\\\/betlabel.games\\\/tr\\\/casino\\\/\",\"name\":\"BetLabel Kumarhane | Slotlar ve Oyunlar Oynay\u0131n\",\"isPartOf\":{\"@id\":\"https:\\\/\\\/betlabel.games\\\/tr\\\/#website\"},\"datePublished\":\"2024-10-10T13:11:39+00:00\",\"dateModified\":\"2025-10-21T09:19:10+00:00\",\"description\":\"BetLabel Kumarhane, y\u00fczlerce oyun, slot ve ola\u011fan\u00fcst\u00fc bir bonus yelpazesi sunan \u00f6d\u00fcll\u00fc bir Kumarhane sitesidir. BetLabel ile G\u00fcvenli ve Emniyetli Kumarhane Deneyiminin Tad\u0131n\u0131 \u00c7\u0131kar\u0131n\",\"breadcrumb\":{\"@id\":\"https:\\\/\\\/betlabel.games\\\/tr\\\/casino\\\/#breadcrumb\"},\"inLanguage\":\"tr\",\"potentialAction\":[{\"@type\":\"ReadAction\",\"target\":[\"https:\\\/\\\/betlabel.games\\\/tr\\\/casino\\\/\"]}]},{\"@type\":\"BreadcrumbList\",\"@id\":\"https:\\\/\\\/betlabel.games\\\/tr\\\/casino\\\/#breadcrumb\",\"itemListElement\":[{\"@type\":\"ListItem\",\"position\":1,\"name\":\"Home\",\"item\":\"https:\\\/\\\/betlabel.games\\\/tr\\\/\"},{\"@type\":\"ListItem\",\"position\":2,\"name\":\"Kumarhane\"}]},{\"@type\":\"WebSite\",\"@id\":\"https:\\\/\\\/betlabel.games\\\/tr\\\/#website\",\"url\":\"https:\\\/\\\/betlabel.games\\\/tr\\\/\",\"name\":\"BetLabel tr\",\"description\":\"My WordPress Blog\",\"potentialAction\":[{\"@type\":\"SearchAction\",\"target\":{\"@type\":\"EntryPoint\",\"urlTemplate\":\"https:\\\/\\\/betlabel.games\\\/tr\\\/?s={search_term_string}\"},\"query-input\":{\"@type\":\"PropertyValueSpecification\",\"valueRequired\":true,\"valueName\":\"search_term_string\"}}],\"inLanguage\":\"tr\"}]}<\/script>\n<!-- \/ Yoast SEO plugin. -->","yoast_head_json":{"title":"BetLabel Kumarhane | Slotlar ve Oyunlar Oynay\u0131n","description":"BetLabel Kumarhane, y\u00fczlerce oyun, slot ve ola\u011fan\u00fcst\u00fc bir bonus yelpazesi sunan \u00f6d\u00fcll\u00fc bir Kumarhane sitesidir. BetLabel ile G\u00fcvenli ve Emniyetli Kumarhane Deneyiminin Tad\u0131n\u0131 \u00c7\u0131kar\u0131n","robots":{"index":"index","follow":"follow","max-snippet":"max-snippet:-1","max-image-preview":"max-image-preview:large","max-video-preview":"max-video-preview:-1"},"og_locale":"tr_TR","og_type":"article","og_title":"BetLabel Kumarhane | Slotlar ve Oyunlar Oynay\u0131n","og_description":"BetLabel Kumarhane, y\u00fczlerce oyun, slot ve ola\u011fan\u00fcst\u00fc bir bonus yelpazesi sunan \u00f6d\u00fcll\u00fc bir Kumarhane sitesidir. BetLabel ile G\u00fcvenli ve Emniyetli Kumarhane Deneyiminin Tad\u0131n\u0131 \u00c7\u0131kar\u0131n","og_url":"https:\/\/betlabel.games\/tr\/casino\/","og_site_name":"BetLabel tr","article_modified_time":"2025-10-21T09:19:10+00:00","twitter_card":"summary_large_image","schema":{"@context":"https:\/\/schema.org","@graph":[{"@type":"WebPage","@id":"https:\/\/betlabel.games\/tr\/casino\/","url":"https:\/\/betlabel.games\/tr\/casino\/","name":"BetLabel Kumarhane | Slotlar ve Oyunlar Oynay\u0131n","isPartOf":{"@id":"https:\/\/betlabel.games\/tr\/#website"},"datePublished":"2024-10-10T13:11:39+00:00","dateModified":"2025-10-21T09:19:10+00:00","description":"BetLabel Kumarhane, y\u00fczlerce oyun, slot ve ola\u011fan\u00fcst\u00fc bir bonus yelpazesi sunan \u00f6d\u00fcll\u00fc bir Kumarhane sitesidir. BetLabel ile G\u00fcvenli ve Emniyetli Kumarhane Deneyiminin Tad\u0131n\u0131 \u00c7\u0131kar\u0131n","breadcrumb":{"@id":"https:\/\/betlabel.games\/tr\/casino\/#breadcrumb"},"inLanguage":"tr","potentialAction":[{"@type":"ReadAction","target":["https:\/\/betlabel.games\/tr\/casino\/"]}]},{"@type":"BreadcrumbList","@id":"https:\/\/betlabel.games\/tr\/casino\/#breadcrumb","itemListElement":[{"@type":"ListItem","position":1,"name":"Home","item":"https:\/\/betlabel.games\/tr\/"},{"@type":"ListItem","position":2,"name":"Kumarhane"}]},{"@type":"WebSite","@id":"https:\/\/betlabel.games\/tr\/#website","url":"https:\/\/betlabel.games\/tr\/","name":"BetLabel tr","description":"My WordPress Blog","potentialAction":[{"@type":"SearchAction","target":{"@type":"EntryPoint","urlTemplate":"https:\/\/betlabel.games\/tr\/?s={search_term_string}"},"query-input":{"@type":"PropertyValueSpecification","valueRequired":true,"valueName":"search_term_string"}}],"inLanguage":"tr"}]}},"_links":{"self":[{"href":"https:\/\/betlabel.games\/tr\/wp-json\/wp\/v2\/pages\/279","targetHints":{"allow":["GET"]}}],"collection":[{"href":"https:\/\/betlabel.games\/tr\/wp-json\/wp\/v2\/pages"}],"about":[{"href":"https:\/\/betlabel.games\/tr\/wp-json\/wp\/v2\/types\/page"}],"author":[{"embeddable":true,"href":"https:\/\/betlabel.games\/tr\/wp-json\/wp\/v2\/users\/1"}],"replies":[{"embeddable":true,"href":"https:\/\/betlabel.games\/tr\/wp-json\/wp\/v2\/comments?post=279"}],"version-history":[{"count":10,"href":"https:\/\/betlabel.games\/tr\/wp-json\/wp\/v2\/pages\/279\/revisions"}],"predecessor-version":[{"id":727,"href":"https:\/\/betlabel.games\/tr\/wp-json\/wp\/v2\/pages\/279\/revisions\/727"}],"wp:attachment":[{"href":"https:\/\/betlabel.games\/tr\/wp-json\/wp\/v2\/media?parent=279"}],"curies":[{"name":"wp","href":"https:\/\/api.w.org\/{rel}","templated":true}]}}